{"id":5409,"date":"2017-12-01T12:41:33","date_gmt":"2017-12-01T14:41:33","guid":{"rendered":"http:\/\/www.morrodesaopaulobahiabrasil.com\/cms\/hospedagem-em-morro-de-sao-paulo\/"},"modified":"2020-12-10T14:51:50","modified_gmt":"2020-12-10T17:51:50","slug":"unterkunft-in-morro-de-sao-paulo","status":"publish","type":"page","link":"https:\/\/www.morrodesaopaulobahiabrasil.com\/de\/unterkunft-in-morro-de-sao-paulo\/","title":{"rendered":"Unterkunft in Morro de Sao Paulo"},"content":{"rendered":"<p><img loading=\"lazy\" decoding=\"async\" class=\"alignleft\" src=\"http:\/\/www.morrodesaopaulobahiabrasil.com\/imagens\/sobre-morro-sao-paulo\/pousadas-hoteis\/pousadas-hoteis-morro-de-sao-paulo.jpg\" alt=\"Alles \u00fcber Pousadas und Hotels in Morro de Sao Paulo\" width=\"290\" height=\"280\" \/>Zur Bew\u00e4ltigung der grossen touristischen Nachfrage, die derzeit herrscht, bietet\u00a0Morro de Sao Paulo\u00a0eine breite Auswahl an Pousadas und Hotels f\u00fcr seine Besucher. Das Angebot reicht von Luxushotels bis zu Jugendherbergen und die Einfachheit der Campingpl\u00e4tze und Herbergen, sowie g\u00fcnstigeren Hotels. Viele dieser Hotels sind an den Str\u00e4nden von Morro de Sao Paulo gelegen, aber wir finden auch Unterkunft im Zentrum und in den kleineren Stra\u00dfen rund um das Dorf. Sie m\u00fcssen nur wissen, welcher Strand f\u00fcr Ihren Urlaub am geeignesten ist, zum Beispiel, sind die Vierte und F\u00fcnfte Strand geeignet f\u00fcr diejenigen, die Entspannung, Komfort und Privatsph\u00e4re von halb verlassenen Str\u00e4nden suchen. Und das Dorf-Zentrum, erster, zweiter und dritter Strand f\u00fcr diejenigen, die ein bisschen mehr Action wollen. Der zweite Strand ist f\u00fcr die Party Liebhaber am geeignesten!<\/p>\n<p><img loading=\"lazy\" decoding=\"async\" class=\"alignright\" src=\"http:\/\/www.morrodesaopaulobahiabrasil.com\/imagens\/sobre-morro-sao-paulo\/pousadas-hoteis\/pousadas-hoteis-morro-de-sao-paulo-beira-mar.jpg\" alt=\"Pousadas und Hotels am Strand von Morro de Sao Paulo\" width=\"290\" height=\"235\" \/>Bei so vielen Optionen ist das am besten geeignete immer Ihre Reservierungen fr\u00fch zu machen, vor allem in der Hochsaison von Dezember bis M\u00e4rz und von Juli bis September, sowie an den verl\u00e4ngerten Feiertagen. Selbst in der Nebensaison, ist es wichtig, um sich \u00fcber das, was die verschiedenen Str\u00e4nde und Pousadas oder Hotels bieten, im Voraus zu informieren. Zuerst ist es sehr wichtig zu wissen, was Sie in Ihrem Urlaub suchen. Es gibt ausgezeichnete Unterkunften auf der ganzen Insel, sowohl im Zentrum mit sch\u00f6nem Ausblick, als auch direkt mit Strand vor der T\u00fcre, bis hin zum Ende des vierten Strandes.<\/p>\n<h2 align=\"center\"><\/h2>\n<h2 align=\"center\">Pousadas und Hotels im Zentrum von Morro de Sao Paulo<\/h2>\n<p><img loading=\"lazy\" decoding=\"async\" class=\"alignleft\" src=\"http:\/\/www.morrodesaopaulobahiabrasil.com\/imagens\/sobre-morro-sao-paulo\/pousadas-hoteis\/pousadas-hoteis-charme-hidro-morro-de-sao-paulo.jpg\" alt=\"Pousada Charme im Zentrum von Morro de Sao Paulo\" width=\"290\" height=\"250\" \/>Das Zentrum von Morro de Sao Paulo ist sehr gesch\u00e4ftig und besteht so gut wie nur aus der Hauptstra\u00dfe, bekannt als Caminho da Praia (Strasse zum Strand). Hier finden Sie den gr\u00f6\u00dften Teil der Restaurants, Hotels, Pousadas und Handel im allgemeinen. Hier sind folgende Pousadas und Hotels zu finden: Pousada Caminho da Praia,\u00a0Pousada Mareia,\u00a0Pousada Charme, Pousada Mediterraneo, Pousada Estev\u00e3o, Pousada do Ga\u00facho, Pousada Natal und Pousada Casa Blanca. Eine andere Strasse des Zentrums ist die Rua da Biquinha welche an der Rua da Fonte Grande beginnt und an der Rua da Prainha endet. Es ist eine sehr ruhige und kleine Gasse, die weniger von Touristen frequentiert wird. Hier finden Sie die Pousada Uma Janela para o Sol, Pousada dos P\u00e1ssaros, Pousada Passarte II, Pousada Safira do Morro, Pousada Bela Vista, Pousada Toca da Arraia und die\u00a0Pousada P\u00e9rola do Morro.<\/p>\n<p><img loading=\"lazy\" decoding=\"async\" class=\"alignright\" src=\"http:\/\/www.morrodesaopaulobahiabrasil.com\/imagens\/sobre-morro-sao-paulo\/pousadas-hoteis\/pousadas-hoteis-portalo-amendoeira-morro-de-sao-paulo.jpg\" alt=\"Die hotels Portal\u00f3 und Amendoeira am Hafen von Morro de Sao Paulo\" width=\"290\" height=\"240\" \/>Bei der Ankunft am Pier sehen wir als erstes das\u00a0Hotel Portal\u00f3\u00a0welches seinen Namen dem dem historischen Monument verdankt. Dann, nur einen H\u00fcgel hinauf, sind wir schon am Anfang des Zentrums, zu unserer Rechten sehen wir die Igreja da Nossa Senhora da Luz (katholische Kirche Morro&#8217;s) und der Pra\u00e7a vor einem riesen Amendoeira (Mandelbaum) zu unserer Linken. Hier finden wir ausgezeichnete Hotels und Pousadas wie das\u00a0Hotel Pousada Natureza\u00a0und\u00a0Pousada Pass\u00e1rgada, beide mit wundersch\u00f6nem Blick auf das Meer. Neben der Pousada Xer\u00edfe (Sheriff) und dem\u00a0Hotel Amendoeira\u00a0welche eher der g\u00fcnstigeren Kategorie zuzuordnen sind. Nach der Pra\u00e7a da Amendoeira kommen wir zur Pra\u00e7a Aureliano Lima, wo wir ebenfalls sehr gute und traditionelle Pousadas, wie\u00a0Pousada O Casar\u00e3o,\u00a0Pousada Solar das Artes, Pousada Tia Gloria, Pousada da Pra\u00e7a und die Pousada do Joe, finden.<\/p>\n<p><img loading=\"lazy\" decoding=\"async\" class=\"alignleft\" src=\"http:\/\/www.morrodesaopaulobahiabrasil.com\/imagens\/sobre-morro-sao-paulo\/pousadas-hoteis\/pousadas-hoteis-fonte-grande-morro-de-sao-paulo.jpg\" alt=\"Pousadas and hotels at the Fonte Grande de Morro de Sao Paulo\" width=\"290\" height=\"175\" \/>Die letzte Stra\u00dfe, die Teil der Vila (Zentrum) in Morro de Sao Paulo ist, ist die Rua da Fonte Grande, welche auch eine Menge Gesch\u00e4fte, H\u00e4user und nat\u00fcrlich, Pousadas und Hotels hat. Die meisten Inselbewohner gelangen durch diese Strasse zu ihren H\u00e4usern. Hier finden wir g\u00fcnstigere Unterk\u00fcnfte, aber dadurch nicht weniger charmante. Wie die Pousada da Fonte Grande, Hostel Ch\u00e9 Lagarto, Pousada Fonte do Imperador, Pousada Tinhar\u00e9, Pousada Escorregue no Reggae, Pousada Aconchego, Pousada Caravelas, Pousada Tia Preta, Pousada Camping Dona Amerika und Pousada Volta Grande.<br \/>\nAm Anfang der Rua da Praia do Porto de Cima finden Sie, Pousada Aquarela, Pousada Colibri, Areia Branca Apart Hotel und die charmante-g\u00fcnstige\u00a0Pousada Porto de Cima.<\/p>\n<p>&nbsp;<\/p>\n<h2 align=\"center\">Pousadas und Hotels am Ersten Strand<\/h2>\n<p><img loading=\"lazy\" decoding=\"async\" class=\"alignright\" src=\"http:\/\/www.morrodesaopaulobahiabrasil.com\/imagens\/sobre-morro-sao-paulo\/pousadas-hoteis\/pousada-morena-morro-de-sao-paulo.jpg\" alt=\"Pousada Morena am ersten Strand Morro de Sao Paulo's\" width=\"290\" height=\"160\" \/>Am Ersten Strand in Morro de Sao Paulo finden wir\u00a0<span id=\"result_box\" lang=\"de\"><span title=\"\">eine Vielzahl von Gesch\u00e4ften, Drogerien, Pousadas, Hotels, Restaurants, sowie Fast-Food Restaurants<\/span><\/span>. Seine Lage ist ideal, um das Schlafen in einer ruhigen Gegend und zur gleichen Zeit die N\u00e4he am Tumult genie\u00dfen zu k\u00f6nnen. Es liegt zwischen dem Zentrum und dem zweiten Strand. Es gibt sowohl Hotels am Meer als auch auf der anderen Stra\u00dfenseite parallel zum Meer. Hier finden wir: Pousada Ilha das Flores, Pousada Ilha da Saudade, Pousada Ilha do Sol, Pousada Brisa Mar (Sea Breeze), Pousada Lua Cheia (Vollmond),\u00a0Pousada Morena, Pousada Palmeira, Pousada Kasa de Praia, Pousada Via Brasil, Pousada Porto dos Milagres,\u00a0Pousada Farol do Morro, Pousada Nativo und Aroeira Beach Hotel.<\/p>\n<p>&nbsp;<\/p>\n<h2 align=\"center\">Pousadas und Hotels am Zweiten Strand<\/h2>\n<p><img loading=\"lazy\" decoding=\"async\" class=\"alignleft\" src=\"http:\/\/www.morrodesaopaulobahiabrasil.com\/imagens\/sobre-morro-sao-paulo\/pousadas-hoteis\/pousada-da-torre-morro-de-sao-paulo.jpg\" alt=\"Pousada da Torre at Segunda Praia of Morro de Sao Paulo\" width=\"290\" height=\"140\" \/>Der Zweiter Strand ist die verkehrsreichste am Tag und in der Nacht. Er ist ideal f\u00fcr Touristen, die auf der Suche nach Spa\u00df kommen, Party und Bewegung von einem fast \u00fcberf\u00fcllten Strand. Hier gibt es viele Restaurants direkt am Meer mit Sonnenschirmen und St\u00fchlen f\u00fcr seine Besucher. Kleine Gesch\u00e4fte, Internet-Caf\u00e9, Reiseb\u00fcros, Superm\u00e4rkte und etliche Hotels und Pousadas.<\/p>\n<p><img loading=\"lazy\" decoding=\"async\" class=\"alignright\" src=\"http:\/\/www.morrodesaopaulobahiabrasil.com\/imagens\/sobre-morro-sao-paulo\/pousadas-hoteis\/pousadas-hoteis-segunda-praia-morro-de-sao-paulo.jpg\" alt=\"Pousadas und hotels am zweiten Strand Morro's\" width=\"290\" height=\"110\" \/>Direkt am Strand finden wir die Hotels und Pousadas: Pousada Bahia Bella, Pousada Sol de Ver\u00e3o,\u00a0Pousada Villa das Pedras,\u00a0Pousada da Torre, Pousada Tapirandu, Clube do Balan\u00e7o, Pousada Estrela do Mar, Pousada do Funny.<br \/>\nDie Pousadas in den Gassen hinter dem Zweiten Strand sind: Pousada Timbalada, Pousada Michele, Pousada Girassol (Sunflower), Pousada Encanto da Lua, Varanda do Sol, Le Terrace Beach Hotel, Pousada Sambass,Urucum, Millennium II, Pousada Fantasia do Morro und Pousada Portal do Sol II.<\/p>\n<h2 align=\"center\">Pousadas und Hotels am Dritten Strand<\/h2>\n<p><img loading=\"lazy\" decoding=\"async\" class=\"alignleft\" src=\"http:\/\/www.morrodesaopaulobahiabrasil.com\/imagens\/sobre-morro-sao-paulo\/pousadas-hoteis\/pousadas-hoteis-terceira-beira-mar-morro-de-sao-paulo.jpg\" alt=\"Pousadas und Hotels am Strand des Dritten Strandes\" width=\"290\" height=\"150\" \/>Der Dritte Strand von Morro de Sao Paulo liegt zwischen dem bewegten Zweiten Strand und dem paradiesichen Vierten Strand. Mit einfachem Zugang und nur 15 Minuten von der Vila entfernt(Zentrum von Morro de Sao Paulo). Er hat eine kleine Struktur mit einigen Gesch\u00e4ften, kleinen M\u00e4rkten, Restaurants und ein paar Hotels und Pousadas. Einige der Hotels, welche ein eigenes Restaurant haben, \u00f6ffnen auch f\u00fcr die \u00d6ffentlichkeit im Allgemeinen. Der Strand ist von Riffen umgeben, hat warmes Wasser und ist nicht so voll von Touristen wie der Zweite Strand.<\/p>\n<p><img loading=\"lazy\" decoding=\"async\" class=\"alignright\" src=\"http:\/\/www.morrodesaopaulobahiabrasil.com\/imagens\/sobre-morro-sao-paulo\/pousadas-hoteis\/pousadas-hoteis-terceira-praia-morro-de-sao-paulo.jpg\" alt=\"Pousadas und hotels am 3. Strand von Morro de Sao Paulo\" width=\"290\" height=\"150\" \/>Hotels und Pousadas am Strand:\u00a0Pousada Minha Louca Paix\u00e3o, Pousada Aradhia, Pousada Kanzu\u00e1 do Marujo,\u00a0Pousada Para\u00edso do Morro, Pousada \u00c1gua Viva, Pousada Aparecida do Mar, Pousada Chez Max, Pousada Farol da Estrelas, P. Grau\u00e7\u00e1, Pousada Paradise, Hotel Fazenda Caeira, Hotel Villa dos Corais,\u00a0Hotel Village Para\u00edso Tropical\u00a0und Pousada Villa Guaiamu.<br \/>\nWeitere Optionen allerdings in zweiter Reihe sind: Pousada Coqueiro do Cait\u00e1, Pousada G\u00eanova, Pousada Encanto do Morro, Pousada Albatroz, P. Barra Vento, P. Tranq\u00fcila, Pousada Maria do P\u00e3o, Pousada Tia Rita, Samba no Morro und Pousada Sol e Mar.<\/p>\n<h2 align=\"center\">Pousadas und Hotels am Vierten Strand<\/h2>\n<p><img loading=\"lazy\" decoding=\"async\" class=\"alignleft\" src=\"http:\/\/www.morrodesaopaulobahiabrasil.com\/imagens\/sobre-morro-sao-paulo\/pousadas-hoteis\/patachocas-eco-resort-morro-de-sao-paulo.jpg\" alt=\"Patachocas \u00caco Resort\" width=\"290\" height=\"160\" \/>The Vierter Strand ist der l\u00e4ngsten von allen, und wurde von der Zeitschrift &#8220;Terra&#8221; als einer der zehn sch\u00f6nsten Str\u00e4nde in Brasilien tituliert. Er wird nicht viel von Touristen besucht, aber seine Besucher k\u00f6nnen die herrliche Landschaft des halb verlassenen Strand mit gro\u00dfen Palmen und Ruhe im kristallklarem Wasser genie\u00dfen. Er ist nicht sehr kommerziell genutzt, Restaurants und Hotels bieten Komfort, Freizeit und Transport zum Zweiten Strand f\u00fcr seine G\u00e4ste.<\/p>\n<p><img loading=\"lazy\" decoding=\"async\" class=\"alignright\" src=\"http:\/\/www.morrodesaopaulobahiabrasil.com\/imagens\/sobre-morro-sao-paulo\/pousadas-hoteis\/patachocas-eco-resort-quarta-praia-morro-de-sao-paulo.jpg\" alt=\"Patachocas \u00caco Resort am vierten Strand von Morro de Sao Paulo\" width=\"290\" height=\"100\" \/>Pousadas des Vierten Strandes sind: Pousada Aymor\u00e9s, Pousada do Coqueiro, Pousada Tatiba, Pousada Marraro, Vila Mato Verde, Pousada Vila do C\u00f4co und Pousada \u00c1guas do Morro.<br \/>\nHotels am Strand:\u00a0Hotel Catavento,\u00a0Hotel Porto do Zimbo, Hotel Puerto Beach und\u00a0Patachocas Eco Resort.<\/p>\n<h2 align=\"center\">Pousadas und Hotels am F\u00fcnten Strand \/ Praia do Encanto<\/h2>\n<p><img loading=\"lazy\" decoding=\"async\" class=\"alignleft\" src=\"http:\/\/www.morrodesaopaulobahiabrasil.com\/imagens\/sobre-morro-sao-paulo\/pousadas-hoteis\/pousadas-hoteis-quinta-morro-de-sao-paulo.jpg\" alt=\"Pousadas und hotels am f\u00fcnften strand von Morro de Sao Paulo\" width=\"290\" height=\"160\" \/>Der F\u00fcnfte Strand, oder Praia do Encanto, ist der letzte Strand von Morro de Sao Paulo und ist von dem Vierten Strand von einem dichten Mangrovenwald getrennt. Es ist der perfekte Ort f\u00fcr diejenigen, die Privatsph\u00e4re und Komfort, charmante und liebevolle Hotels lieben. Diese Hotels haben komplette Infrastruktur mit einer Fl\u00e4che von Freizeit-, Restaurants und viel Komfort durch Luxus-Suiten f\u00fcr die G\u00e4ste. Sie bieten auch den Transport zum Zweuten Strand an.<\/p>\n<p class=\"style20\"><img loading=\"lazy\" decoding=\"async\" class=\"alignright\" src=\"http:\/\/www.morrodesaopaulobahiabrasil.com\/imagens\/sobre-morro-sao-paulo\/pousadas-hoteis\/pousadas-hoteis-quinta-praia-morro-de-sao-paulo.jpg\" alt=\"Pousadas und hotels am Praia do Encanto von Morro of Sao Paulo\" width=\"290\" height=\"100\" \/>Hier gibt es nur Hotels, wie folgt:.<\/p>\n<p>Hotels am Strand:\u00a0Hotel Praia do Encanto\u00a0\u2013 das \u00e4lteste,\u00a0Anima Hotel, Hotel Karapitangui und\u00a0Hotel Vila dos Orix\u00e1s\u00a0\u2013 das neueste.<\/p>\n","protected":false},"excerpt":{"rendered":"<p>Zur Bew\u00e4ltigung der grossen touristischen Nachfrage, die derzeit herrscht, bietet\u00a0Morro de Sao Paulo\u00a0eine breite Auswahl an Pousadas und Hotels f\u00fcr seine Besucher. Das Angebot reicht von Luxushotels bis zu Jugendherbergen <\/p>\n","protected":false},"author":1,"featured_media":0,"parent":0,"menu_order":0,"comment_status":"closed","ping_status":"closed","template":"","meta":{"footnotes":""},"class_list":["post-5409","page","type-page","status-publish","hentry"],"yoast_head":"<!-- This site is optimized with the Yoast SEO plugin v26.9 - https:\/\/yoast.com\/product\/yoast-seo-wordpress\/ -->\n<title>Unterkunft in Morro de Sao Paulo - Morro de S\u00e3o Paulo<\/title>\n<meta name=\"description\" content=\"Informationen \u00fcber Unterkunft in Pousadas und Hotels in Morro de Sao Paulo. Alles \u00fcber Morro de Sao Paulo.\" \/>\n<meta name=\"robots\" content=\"index, follow, max-snippet:-1, max-image-preview:large, max-video-preview:-1\" \/>\n<link rel=\"canonical\" href=\"https:\/\/www.morrodesaopaulobahiabrasil.com\/de\/unterkunft-in-morro-de-sao-paulo\/\" \/>\n<meta property=\"og:locale\" content=\"de_DE\" \/>\n<meta property=\"og:type\" content=\"article\" \/>\n<meta property=\"og:title\" content=\"Unterkunft in Morro de Sao Paulo - Morro de S\u00e3o Paulo\" \/>\n<meta property=\"og:description\" content=\"Informationen \u00fcber Unterkunft in Pousadas und Hotels in Morro de Sao Paulo. Alles \u00fcber Morro de Sao Paulo.\" \/>\n<meta property=\"og:url\" content=\"https:\/\/www.morrodesaopaulobahiabrasil.com\/de\/unterkunft-in-morro-de-sao-paulo\/\" \/>\n<meta property=\"og:site_name\" content=\"Morro de S\u00e3o Paulo\" \/>\n<meta property=\"article:modified_time\" content=\"2020-12-10T17:51:50+00:00\" \/>\n<meta property=\"og:image\" content=\"http:\/\/www.morrodesaopaulobahiabrasil.com\/imagens\/sobre-morro-sao-paulo\/pousadas-hoteis\/pousadas-hoteis-morro-de-sao-paulo.jpg\" \/>\n<meta name=\"twitter:card\" content=\"summary_large_image\" \/>\n<meta name=\"twitter:label1\" content=\"Gesch\u00e4tzte Lesezeit\" \/>\n\t<meta name=\"twitter:data1\" content=\"7\u00a0Minuten\" \/>\n<script type=\"application\/ld+json\" class=\"yoast-schema-graph\">{\"@context\":\"https:\/\/schema.org\",\"@graph\":[{\"@type\":\"WebPage\",\"@id\":\"https:\/\/www.morrodesaopaulobahiabrasil.com\/de\/unterkunft-in-morro-de-sao-paulo\/\",\"url\":\"https:\/\/www.morrodesaopaulobahiabrasil.com\/de\/unterkunft-in-morro-de-sao-paulo\/\",\"name\":\"Unterkunft in Morro de Sao Paulo - Morro de S\u00e3o Paulo\",\"isPartOf\":{\"@id\":\"https:\/\/www.morrodesaopaulobahiabrasil.com\/de\/#website\"},\"primaryImageOfPage\":{\"@id\":\"https:\/\/www.morrodesaopaulobahiabrasil.com\/de\/unterkunft-in-morro-de-sao-paulo\/#primaryimage\"},\"image\":{\"@id\":\"https:\/\/www.morrodesaopaulobahiabrasil.com\/de\/unterkunft-in-morro-de-sao-paulo\/#primaryimage\"},\"thumbnailUrl\":\"http:\/\/www.morrodesaopaulobahiabrasil.com\/imagens\/sobre-morro-sao-paulo\/pousadas-hoteis\/pousadas-hoteis-morro-de-sao-paulo.jpg\",\"datePublished\":\"2017-12-01T14:41:33+00:00\",\"dateModified\":\"2020-12-10T17:51:50+00:00\",\"description\":\"Informationen \u00fcber Unterkunft in Pousadas und Hotels in Morro de Sao Paulo. Alles \u00fcber Morro de Sao Paulo.\",\"breadcrumb\":{\"@id\":\"https:\/\/www.morrodesaopaulobahiabrasil.com\/de\/unterkunft-in-morro-de-sao-paulo\/#breadcrumb\"},\"inLanguage\":\"de\",\"potentialAction\":[{\"@type\":\"ReadAction\",\"target\":[\"https:\/\/www.morrodesaopaulobahiabrasil.com\/de\/unterkunft-in-morro-de-sao-paulo\/\"]}]},{\"@type\":\"ImageObject\",\"inLanguage\":\"de\",\"@id\":\"https:\/\/www.morrodesaopaulobahiabrasil.com\/de\/unterkunft-in-morro-de-sao-paulo\/#primaryimage\",\"url\":\"http:\/\/www.morrodesaopaulobahiabrasil.com\/imagens\/sobre-morro-sao-paulo\/pousadas-hoteis\/pousadas-hoteis-morro-de-sao-paulo.jpg\",\"contentUrl\":\"http:\/\/www.morrodesaopaulobahiabrasil.com\/imagens\/sobre-morro-sao-paulo\/pousadas-hoteis\/pousadas-hoteis-morro-de-sao-paulo.jpg\"},{\"@type\":\"BreadcrumbList\",\"@id\":\"https:\/\/www.morrodesaopaulobahiabrasil.com\/de\/unterkunft-in-morro-de-sao-paulo\/#breadcrumb\",\"itemListElement\":[{\"@type\":\"ListItem\",\"position\":1,\"name\":\"In\u00edcio\",\"item\":\"https:\/\/www.morrodesaopaulobahiabrasil.com\/de\/\"},{\"@type\":\"ListItem\",\"position\":2,\"name\":\"Unterkunft in Morro de Sao Paulo\"}]},{\"@type\":\"WebSite\",\"@id\":\"https:\/\/www.morrodesaopaulobahiabrasil.com\/de\/#website\",\"url\":\"https:\/\/www.morrodesaopaulobahiabrasil.com\/de\/\",\"name\":\"Morro de S\u00e3o Paulo\",\"description\":\"As melhores ofertas de Pousadas, Hot\u00e9is, Passeios e Transfer Salvador Morro de S\u00e3o Paulo.\",\"potentialAction\":[{\"@type\":\"SearchAction\",\"target\":{\"@type\":\"EntryPoint\",\"urlTemplate\":\"https:\/\/www.morrodesaopaulobahiabrasil.com\/de\/?s={search_term_string}\"},\"query-input\":{\"@type\":\"PropertyValueSpecification\",\"valueRequired\":true,\"valueName\":\"search_term_string\"}}],\"inLanguage\":\"de\"}]}<\/script>\n<!-- \/ Yoast SEO plugin. -->","yoast_head_json":{"title":"Unterkunft in Morro de Sao Paulo - Morro de S\u00e3o Paulo","description":"Informationen \u00fcber Unterkunft in Pousadas und Hotels in Morro de Sao Paulo. Alles \u00fcber Morro de Sao Paulo.","robots":{"index":"index","follow":"follow","max-snippet":"max-snippet:-1","max-image-preview":"max-image-preview:large","max-video-preview":"max-video-preview:-1"},"canonical":"https:\/\/www.morrodesaopaulobahiabrasil.com\/de\/unterkunft-in-morro-de-sao-paulo\/","og_locale":"de_DE","og_type":"article","og_title":"Unterkunft in Morro de Sao Paulo - Morro de S\u00e3o Paulo","og_description":"Informationen \u00fcber Unterkunft in Pousadas und Hotels in Morro de Sao Paulo. Alles \u00fcber Morro de Sao Paulo.","og_url":"https:\/\/www.morrodesaopaulobahiabrasil.com\/de\/unterkunft-in-morro-de-sao-paulo\/","og_site_name":"Morro de S\u00e3o Paulo","article_modified_time":"2020-12-10T17:51:50+00:00","og_image":[{"url":"http:\/\/www.morrodesaopaulobahiabrasil.com\/imagens\/sobre-morro-sao-paulo\/pousadas-hoteis\/pousadas-hoteis-morro-de-sao-paulo.jpg","type":"","width":"","height":""}],"twitter_card":"summary_large_image","twitter_misc":{"Gesch\u00e4tzte Lesezeit":"7\u00a0Minuten"},"schema":{"@context":"https:\/\/schema.org","@graph":[{"@type":"WebPage","@id":"https:\/\/www.morrodesaopaulobahiabrasil.com\/de\/unterkunft-in-morro-de-sao-paulo\/","url":"https:\/\/www.morrodesaopaulobahiabrasil.com\/de\/unterkunft-in-morro-de-sao-paulo\/","name":"Unterkunft in Morro de Sao Paulo - Morro de S\u00e3o Paulo","isPartOf":{"@id":"https:\/\/www.morrodesaopaulobahiabrasil.com\/de\/#website"},"primaryImageOfPage":{"@id":"https:\/\/www.morrodesaopaulobahiabrasil.com\/de\/unterkunft-in-morro-de-sao-paulo\/#primaryimage"},"image":{"@id":"https:\/\/www.morrodesaopaulobahiabrasil.com\/de\/unterkunft-in-morro-de-sao-paulo\/#primaryimage"},"thumbnailUrl":"http:\/\/www.morrodesaopaulobahiabrasil.com\/imagens\/sobre-morro-sao-paulo\/pousadas-hoteis\/pousadas-hoteis-morro-de-sao-paulo.jpg","datePublished":"2017-12-01T14:41:33+00:00","dateModified":"2020-12-10T17:51:50+00:00","description":"Informationen \u00fcber Unterkunft in Pousadas und Hotels in Morro de Sao Paulo. Alles \u00fcber Morro de Sao Paulo.","breadcrumb":{"@id":"https:\/\/www.morrodesaopaulobahiabrasil.com\/de\/unterkunft-in-morro-de-sao-paulo\/#breadcrumb"},"inLanguage":"de","potentialAction":[{"@type":"ReadAction","target":["https:\/\/www.morrodesaopaulobahiabrasil.com\/de\/unterkunft-in-morro-de-sao-paulo\/"]}]},{"@type":"ImageObject","inLanguage":"de","@id":"https:\/\/www.morrodesaopaulobahiabrasil.com\/de\/unterkunft-in-morro-de-sao-paulo\/#primaryimage","url":"http:\/\/www.morrodesaopaulobahiabrasil.com\/imagens\/sobre-morro-sao-paulo\/pousadas-hoteis\/pousadas-hoteis-morro-de-sao-paulo.jpg","contentUrl":"http:\/\/www.morrodesaopaulobahiabrasil.com\/imagens\/sobre-morro-sao-paulo\/pousadas-hoteis\/pousadas-hoteis-morro-de-sao-paulo.jpg"},{"@type":"BreadcrumbList","@id":"https:\/\/www.morrodesaopaulobahiabrasil.com\/de\/unterkunft-in-morro-de-sao-paulo\/#breadcrumb","itemListElement":[{"@type":"ListItem","position":1,"name":"In\u00edcio","item":"https:\/\/www.morrodesaopaulobahiabrasil.com\/de\/"},{"@type":"ListItem","position":2,"name":"Unterkunft in Morro de Sao Paulo"}]},{"@type":"WebSite","@id":"https:\/\/www.morrodesaopaulobahiabrasil.com\/de\/#website","url":"https:\/\/www.morrodesaopaulobahiabrasil.com\/de\/","name":"Morro de S\u00e3o Paulo","description":"As melhores ofertas de Pousadas, Hot\u00e9is, Passeios e Transfer Salvador Morro de S\u00e3o Paulo.","potentialAction":[{"@type":"SearchAction","target":{"@type":"EntryPoint","urlTemplate":"https:\/\/www.morrodesaopaulobahiabrasil.com\/de\/?s={search_term_string}"},"query-input":{"@type":"PropertyValueSpecification","valueRequired":true,"valueName":"search_term_string"}}],"inLanguage":"de"}]}},"_links":{"self":[{"href":"https:\/\/www.morrodesaopaulobahiabrasil.com\/de\/wp-json\/wp\/v2\/pages\/5409","targetHints":{"allow":["GET"]}}],"collection":[{"href":"https:\/\/www.morrodesaopaulobahiabrasil.com\/de\/wp-json\/wp\/v2\/pages"}],"about":[{"href":"https:\/\/www.morrodesaopaulobahiabrasil.com\/de\/wp-json\/wp\/v2\/types\/page"}],"author":[{"embeddable":true,"href":"https:\/\/www.morrodesaopaulobahiabrasil.com\/de\/wp-json\/wp\/v2\/users\/1"}],"replies":[{"embeddable":true,"href":"https:\/\/www.morrodesaopaulobahiabrasil.com\/de\/wp-json\/wp\/v2\/comments?post=5409"}],"version-history":[{"count":6,"href":"https:\/\/www.morrodesaopaulobahiabrasil.com\/de\/wp-json\/wp\/v2\/pages\/5409\/revisions"}],"predecessor-version":[{"id":7378,"href":"https:\/\/www.morrodesaopaulobahiabrasil.com\/de\/wp-json\/wp\/v2\/pages\/5409\/revisions\/7378"}],"wp:attachment":[{"href":"https:\/\/www.morrodesaopaulobahiabrasil.com\/de\/wp-json\/wp\/v2\/media?parent=5409"}],"curies":[{"name":"wp","href":"https:\/\/api.w.org\/{rel}","templated":true}]}}