{"id":5625,"date":"2016-09-09T08:54:35","date_gmt":"2016-09-09T08:54:35","guid":{"rendered":"http:\/\/www.morrodesaopaulobahiabrasil.com\/cms\/home-page-2\/"},"modified":"2020-12-23T18:39:21","modified_gmt":"2020-12-23T21:39:21","slug":"home-page-2","status":"publish","type":"page","link":"https:\/\/www.morrodesaopaulobahiabrasil.com\/de\/","title":{"rendered":"Morro de S\u00e3o Paulo"},"content":{"rendered":"<div class=\"wpb-content-wrapper\"><p>[vc_row full_width=&#8221;stretch_row_content_no_spaces&#8221;][vc_column][vc_single_image image=&#8221;4950&#8243; img_size=&#8221;1900&#215;590&#8243; add_caption=&#8221;yes&#8221; alignment=&#8221;center&#8221; css_animation=&#8221;bounceInUp&#8221;][\/vc_column][\/vc_row][vc_row][vc_column][vc_empty_space height=&#8221;60px&#8221;]<div class=\"shortcode_title shortcode-title-style_1\"><h3 class=\"title_primary\">\u00dcberfahrt Salvador - Morro de S\u00e3o Paulo<\/h3><span class=\"line_after_title\"><\/span><\/div>[\/vc_column][\/vc_row][vc_row el_class=&#8221;two-column-respon&#8221;][vc_column width=&#8221;1\/3&#8243;]<div class=\"widget-icon-box widget-icon-box-base iconbox-center\"><a href=\"https:\/\/www.morrodesaopaulobahiabrasil.com\/de\/ueberfahrt-mit-dem-bus\/\" target=\"_self\"><div class=\"boxes-icon circle\" style=\"font-size:30px;width:80px; height:80px;line-height:80px\"><span class=\"inner-icon\"><i class=\"vc_icon_element-icon flaticon-people\"><\/i><\/span><\/div><div class=\"content-inner\" ><div class=\"sc-heading article_heading\"><h4 class=\"heading__primary\">\u00dcberfahrt mit dem Bus<\/h4><\/div><div class=\"desc-icon-box\" ><div>Die g\u00fcnstigste Option<\/div><\/div><\/div><\/a><\/div>[\/vc_column][vc_column width=&#8221;1\/3&#8243;]<div class=\"widget-icon-box widget-icon-box-base iconbox-center\"><a href=\"https:\/\/www.morrodesaopaulobahiabrasil.com\/de\/ueberfahrt-mit-dem-boot\/\" target=\"_self\"><div class=\"boxes-icon \" style=\"font-size:30px;width:80px; height:80px;line-height:80px\"><span class=\"inner-icon\"><i class=\"vc_icon_element-icon flaticon-yacht\"><\/i><\/span><\/div><div class=\"content-inner\" ><div class=\"sc-heading article_heading\"><h4 class=\"heading__primary\">\u00dcberfahrt mit dem Boot<\/h4><\/div><div class=\"desc-icon-box\" ><div>Direkte Verbindung Salvador &#8211; Morro de S\u00e3o Paulo<\/div><\/div><\/div><\/a><\/div>[\/vc_column][vc_column width=&#8221;1\/3&#8243;]<div class=\"widget-icon-box widget-icon-box-base iconbox-center\"><a href=\"https:\/\/www.morrodesaopaulobahiabrasil.com\/de\/air-taxi\/\" target=\"_self\"><div class=\"boxes-icon circle\" style=\"font-size:30px;width:80px; height:80px;line-height:80px\"><span class=\"inner-icon\"><i class=\"vc_icon_element-icon flaticon-airplane-1\"><\/i><\/span><\/div><div class=\"content-inner\" ><div class=\"sc-heading article_heading\"><h4 class=\"heading__primary\">Air Taxi<\/h4><\/div><div class=\"desc-icon-box\" ><div>SSA &#8211; MSP in nur 30 Minuten!<\/div><\/div><\/div><\/a><\/div>[\/vc_column][\/vc_row][vc_row][vc_column][vc_empty_space height=&#8221;80px&#8221;][\/vc_column][\/vc_row][vc_row full_width=&#8221;stretch_row&#8221; parallax=&#8221;content-moving&#8221; parallax_image=&#8221;291&#8243;][vc_column][vc_empty_space height=&#8221;30px&#8221;][vc_custom_heading text=&#8221;Ausfl\u00fcge in Morro de S\u00e3o Paulo&#8221; font_container=&#8221;tag:h2|text_align:center|color:%23ffffff&#8221; link=&#8221;url:http%3A%2F%2Fwww.morrodesaopaulobahiabrasil.com%2Fde%2Fausfluege%2F|title:Ausfl%C3%BCge%20in%20Morro%20de%20S%C3%A3o%20Paulo||&#8221;][vc_raw_html]JTNDaDMlMjBzdHlsZSUzRCUyMmNvbG9yJTNBJTIzZmZmJTNCJTIwdGV4dC1hbGlnbiUzQWNlbnRlciUzQiUyMiUzRURpZSUyMGJlc3RlbiUyMEF1c2ZsJUMzJUJDZ2UlMjBpbiUyME1vcnJvJTIwZGUlMjBTJUMzJUEzbyUyMFBhdWxvJTIwZmluZGVuJTIwU2llJTIwaGllciUyMSUzQyUyRmgzJTNFJTBBJTNDcCUyMHN0eWxlJTNEJTIyY29sb3IlM0ElMjNmZmYlM0IlMjB0ZXh0LWFsaWduJTNBY2VudGVyJTNCJTIyJTNFU2Nobm9yY2hlbG4lMjBTaWUlMjBpbm1pdHRlbiUyMHZvbiUyMGtyaXN0YWxsa2xhcmVtJTIwQmVja2VuJTIwaW4lMjBnYW56ZW4lMjBGYXJicGFsZXR0ZW4lMjB2b24lMjBGaXNjaGVuLiUwQVZlcnMlQzMlQTR1bWVuJTIwU2llJTIwbmljaHQlMkMlMjBkaWUlMjBhbmRlcmVuJTIwSW5zZWxuJTIwZGVzJTIwQXJjaGlwZWxzJTIwa2VubmVuenVsZXJuZW4uJTIwQm9pcGViYSUyQyUyMHp1bSUyMEJlaXNwaWVsJTJDJTIwaCVDMyVBNGx0JTIwd3VuZGVyc2NoJUMzJUI2bmUlMjAlQzMlOUNiZXJyYXNjaHVuZ2VuJTIwZiVDMyVCQ3IlMjBTaWUlMjBiZXJlaXQlMkMlMjB3aWUlMjBkaWUlMjBtZW5zY2hlbmxlZXJlbiUyQyUyMHBhcmFkaWVzaWNoZW4lMjBTdHIlQzMlQTRuZGUlMjBDdWVpcmElMjB1bmQlMjBQb250YSUyMGRvcyUyMENhc3RlbGhhbm9zLiUzQyUyRnAlM0UlMEElMEE=[\/vc_raw_html][vc_row_inner][vc_column_inner width=&#8221;1\/5&#8243; css=&#8221;.vc_custom_1605896206799{background-color: rgba(255,255,255,0.5) !important;*background-color: rgb(255,255,255) !important;}&#8221;][vc_single_image image=&#8221;6045&#8243; img_size=&#8221;300&#215;300&#8243; onclick=&#8221;custom_link&#8221;][vc_custom_heading text=&#8221;Inselumrundung mit dem Boot&#8221; link=&#8221;url:http%3A%2F%2Fwww.morrodesaopaulobahiabrasil.com%2Fde%2Fausfluege%2F|title:Ausfl%C3%BCge||&#8221;][vc_raw_html]JTNDc3BhbiUyMGNsYXNzJTNEJTIycG9zdF9kYXRlJTIyJTNFOCUyMFN0dW5kZW4lM0MlMkZzcGFuJTNF[\/vc_raw_html][\/vc_column_inner][vc_column_inner width=&#8221;1\/5&#8243; css=&#8221;.vc_custom_1605895933347{background-color: #ffffff !important;}&#8221;][vc_single_image image=&#8221;6040&#8243; img_size=&#8221;300&#215;300&#8243;][vc_custom_heading text=&#8221;Ausflug nach Garapu\u00e1&#8221; link=&#8221;url:http%3A%2F%2Fwww.morrodesaopaulobahiabrasil.com%2Fde%2Fausfluege%2F|title:Ausfl%C3%BCge||&#8221;][vc_raw_html]JTNDc3BhbiUyMGNsYXNzJTNEJTIycG9zdF9kYXRlJTIyJTNFNiUyMFN0dW5kZW4lM0MlMkZzcGFuJTNF[\/vc_raw_html][\/vc_column_inner][vc_column_inner width=&#8221;1\/5&#8243; css=&#8221;.vc_custom_1605895592617{margin-right: 3px !important;background-color: rgba(255,255,255,0.5) !important;*background-color: rgb(255,255,255) !important;}&#8221;][vc_single_image image=&#8221;6010&#8243; img_size=&#8221;medium&#8221;][vc_custom_heading text=&#8221;Gamboa und Insel Coroa&#8221; link=&#8221;url:http%3A%2F%2Fwww.morrodesaopaulobahiabrasil.com%2Fde%2Fausfluege%2F|title:Ausfl%C3%BCge||&#8221;][vc_raw_html]JTNDc3BhbiUyMGNsYXNzJTNEJTIycG9zdF9kYXRlJTIyJTNFNiUyMFN0dW5kZW4lM0MlMkZzcGFuJTNF[\/vc_raw_html][\/vc_column_inner][vc_column_inner width=&#8221;1\/5&#8243; css=&#8221;.vc_custom_1605895680777{background-color: #ffffff !important;}&#8221;][vc_single_image image=&#8221;6020&#8243; img_size=&#8221;300&#215;300&#8243;][vc_custom_heading text=&#8221;Ausflug zur Walbesichtigung&#8221; link=&#8221;url:http%3A%2F%2Fwww.morrodesaopaulobahiabrasil.com%2Fde%2Fausfluege%2F|title:Ausfl%C3%BCge||&#8221;][vc_raw_html]JTNDc3BhbiUyMGNsYXNzJTNEJTIycG9zdF9kYXRlJTIyJTNFNCUyMFN0dW5kZW4lM0MlMkZzcGFuJTNF[\/vc_raw_html][\/vc_column_inner][vc_column_inner width=&#8221;1\/5&#8243; css=&#8221;.vc_custom_1605895840780{background-color: rgba(255,255,255,0.5) !important;*background-color: rgb(255,255,255) !important;}&#8221;][vc_single_image image=&#8221;6716&#8243; img_size=&#8221;300&#215;300&#8243;][vc_custom_heading text=&#8221;Quad \u2013 Insel Boipeba&#8221; link=&#8221;url:http%3A%2F%2Fwww.morrodesaopaulobahiabrasil.com%2Fde%2Fausfluege%2F|title:Ausfl%C3%BCge||&#8221;][vc_raw_html]JTNDc3BhbiUyMGNsYXNzJTNEJTIycG9zdF9kYXRlJTIyJTNFOCUyMFN0dW5kZW4lM0MlMkZzcGFuJTNF[\/vc_raw_html][\/vc_column_inner][\/vc_row_inner][vc_empty_space height=&#8221;60px&#8221;][vc_row_inner][vc_column_inner width=&#8221;1\/4&#8243;][\/vc_column_inner][vc_column_inner width=&#8221;1\/2&#8243;][vc_btn title=&#8221;Ausfl\u00fcge&#8221; color=&#8221;vista-blue&#8221; align=&#8221;center&#8221; css_animation=&#8221;bounceInUp&#8221; link=&#8221;url:http%3A%2F%2Fwww.morrodesaopaulobahiabrasil.com%2Fde%2Fausfluege%2F|title:Ausfl%C3%BCge%20in%20Morro%20de%20S%C3%A3o%20Paulo||&#8221;][\/vc_column_inner][vc_column_inner width=&#8221;1\/4&#8243;][\/vc_column_inner][\/vc_row_inner][vc_empty_space height=&#8221;60px&#8221;][\/vc_column][\/vc_row][vc_row full_width=&#8221;stretch_row&#8221; gap=&#8221;15&#8243; css=&#8221;.vc_custom_1482562714437{padding-top: 30px !important;padding-bottom: 60px !important;background-color: #ffffff !important;}&#8221; el_class=&#8221;fix-col-responsive&#8221;][vc_column width=&#8221;2\/3&#8243;][vc_custom_heading text=&#8221;\u00dcber Morro de S\u00e3o Paulo&#8221; google_fonts=&#8221;font_family:Montserrat%3Aregular%2C700|font_style:400%20regular%3A400%3Anormal&#8221;][vc_empty_space][vc_column_text]<\/p>\n<div class=\"style20\" align=\"justify\"><strong><img loading=\"lazy\" decoding=\"async\" class=\"border alignleft\" src=\"http:\/\/www.morrodesaopaulobahiabrasil.com\/imagens\/morro-de-sao-paulo.jpg\" alt=\"Morro de Sao Paulo\" width=\"330\" height=\"300\" border=\"2\" \/>Morro de Sao Paulo<\/strong> ist das drittgr\u00f6\u00dfte Tourismus Zentrum Bahias. Die Insel liegt s\u00fcdlich von Salvador und ist Teil der einzigen Gemeinde Brasiliens, die aus einem Insel-Archipel besteht. Der Name des Landkreises und seiner verwaltenden Gemeinde ist Cairu.<br \/>\nDie nat\u00fcrliche Sch\u00f6nheit der Str\u00e4nde mit ruhigem und kristallklarem Wasser, wei\u00dfen Sandstr\u00e4nden und riesigen Kokospalmen jenseits seines dichten Atlantik Dschungels bilden eine atemberaubende Szene.<br \/>\nAuf der Insel Tinhar\u00e9 die den gleichen Namen des Archipels tr\u00e4gt, ist Morro de Sao Paulo das ideale Ziel f\u00fcr alle Touristen und seine Besucher aus der ganzen Welt haben dieses Paradies in ihren Reiserouten inbegriffen. Die \u00dcberfahrt von Salvador ist mit dem Luft-Taxi, einem Katamaran oder auf dem Landweg m\u00f6glich.<br \/>\nSie werden eine Vielzahl von Hotels und Pousadas in Morro de Sao Paulo, entlang des Dorfes und mit unterschiedlichen Merkmalen finden. F\u00fcr jeden was dabei!<br \/>\nKommen und entdecken Sie dieses Paradies f\u00fcr sich!<\/div>\n<p>[\/vc_column_text][\/vc_column][vc_column width=&#8221;1\/3&#8243;][vc_custom_heading text=&#8221;Silvester in Morro de S\u00e3o Paulo&#8221; google_fonts=&#8221;font_family:Montserrat%3Aregular%2C700|font_style:400%20regular%3A400%3Anormal&#8221;][vc_empty_space][vc_column_text]<img loading=\"lazy\" decoding=\"async\" class=\"border alignleft\" src=\"http:\/\/www.morrodesaopaulobahiabrasil.com\/imagens\/sobre-morro-sao-paulo\/champagne-reveillon-morro-de-sao-paulo.jpg\" alt=\"Silvester in Morro de Sao Paulo\" width=\"330\" height=\"190\" border=\"2\" \/>Die Silvester Party in Morro de Sao Paulo ist eine der gr\u00f6\u00dften, die die Insel bietet. Der Zustrom von Touristen in jeder Jahreszeit wird in der Silvesternacht \u00fcbertroffen. Alle Betten in den Hotels und Pousadas in Morro de Sao Paulo sind \u00fcberf\u00fcllt und sch\u00f6ne Menschen pr\u00e4sent. Die h\u00f6chste Konzentration von Touristen w\u00e4hrend des Zuges ist am Zweiten Strand, wo Restaurants und Bars Silvester Abendessen mit Vorreservierung anbieten.[\/vc_column_text][\/vc_column][\/vc_row][vc_row full_width=&#8221;stretch_row&#8221; parallax=&#8221;content-moving&#8221; parallax_image=&#8221;293&#8243;][vc_column][vc_empty_space height=&#8221;30px&#8221;][vc_custom_heading text=&#8221;Tipps f\u00fcr Ihre Reise nach Morro de Sao Paulo&#8221; font_container=&#8221;tag:h2|text_align:center|color:%23ffffff&#8221; google_fonts=&#8221;font_family:Montserrat%3Aregular%2C700|font_style:400%20regular%3A400%3Anormal&#8221; css_animation=&#8221;bounceInLeft&#8221; link=&#8221;url:http%3A%2F%2Fwww.morrodesaopaulobahiabrasil.com%2Fde%2Falles-ueber-morro%2Ftipps-fuer-ihre-reise-nach-morro%2F|title:Tipps%20f%C3%BCr%20Ihre%20Reise%20nach%20Morro%20de%20Sao%20Paulo||&#8221;][vc_row_inner el_class=&#8221;two-column-respon&#8221;][vc_column_inner width=&#8221;1\/3&#8243;][vc_single_image image=&#8221;4530&#8243; img_size=&#8221;medium&#8221; style=&#8221;vc_box_outline_circle&#8221; css_animation=&#8221;bounceInLeft&#8221;][\/vc_column_inner][vc_column_inner width=&#8221;1\/3&#8243;][vc_empty_space height=&#8221;50px&#8221;][vc_column_text css_animation=&#8221;bounceInUp&#8221;]<\/p>\n<h3 class=\"style20\"><span style=\"color: #ffffff;\">Das wichtigste ist, dass Sie Spass haben, ob allein, zu zweit oder als Gruppe!<\/span><\/h3>\n<p>&nbsp;<\/p>\n<h4 class=\"style20\"><span style=\"color: #ffffff;\">Informieren Sie sich nachfolgend \u00fcber alle Details Ihrer Reise und Ihres Aufenthalts auf Morro de Sao Paulo:<\/span><\/h4>\n<p>[\/vc_column_text][vc_empty_space height=&#8221;50px&#8221;][vc_btn title=&#8221;Reisetipps f\u00fcr Morro&#8221; color=&#8221;vista-blue&#8221; align=&#8221;center&#8221; css_animation=&#8221;bounceInUp&#8221; link=&#8221;url:http%3A%2F%2Fwww.morrodesaopaulobahiabrasil.com%2Fde%2Falles-ueber-morro%2Ftipps-fuer-ihre-reise-nach-morro%2F|title:Tipps%20f%C3%BCr%20Ihre%20Reise%20nach%20Morro%20de%20Sao%20Paulo||&#8221;][\/vc_column_inner][vc_column_inner width=&#8221;1\/3&#8243;][vc_single_image image=&#8221;4534&#8243; img_size=&#8221;medium&#8221; alignment=&#8221;right&#8221; style=&#8221;vc_box_border_circle&#8221; css_animation=&#8221;bounceInRight&#8221;][\/vc_column_inner][\/vc_row_inner][vc_empty_space height=&#8221;60px&#8221;][\/vc_column][\/vc_row]<\/p>\n<\/div>","protected":false},"excerpt":{"rendered":"<p>Lorem ipsum dolor sit amet, consectetur adipiscing elit. Nam efficitur egestas risus. Sed eros augue, tempor et faucibus eu, cursus ac lacus. Ut sodales semper ante, at malesuada neque vestibulum vitae. Pellentesque luctus ipsum sit amet ligula facilisis rutrum. Nulla facilisi. Morbi rutrum nisi elementum urna faucibus, et porta elit lobortis. Donec imperdiet tristique tellus, ut consectetur ipsum tempus vitae<\/p>\n","protected":false},"author":1,"featured_media":0,"parent":0,"menu_order":0,"comment_status":"closed","ping_status":"closed","template":"page-templates\/homepage.php","meta":{"footnotes":""},"class_list":["post-5625","page","type-page","status-publish","hentry"],"yoast_head":"<!-- This site is optimized with the Yoast SEO plugin v26.9 - https:\/\/yoast.com\/product\/yoast-seo-wordpress\/ -->\n<title>Morro de S\u00e3o Paulo<\/title>\n<meta name=\"description\" content=\"Morro de S\u00e3o Paulo - Bahia - Brasil. As melhores ofertas de Pousadas, Hot\u00e9is, Passeios e Transfer Salvador Morro de S\u00e3o Paulo\" \/>\n<meta name=\"robots\" content=\"index, follow, max-snippet:-1, max-image-preview:large, max-video-preview:-1\" \/>\n<link rel=\"canonical\" href=\"https:\/\/www.morrodesaopaulobahiabrasil.com\/de\/\" \/>\n<meta property=\"og:locale\" content=\"de_DE\" \/>\n<meta property=\"og:type\" content=\"article\" \/>\n<meta property=\"og:title\" content=\"Morro de S\u00e3o Paulo\" \/>\n<meta property=\"og:description\" content=\"Morro de S\u00e3o Paulo - Bahia - Brasil. As melhores ofertas de Pousadas, Hot\u00e9is, Passeios e Transfer Salvador Morro de S\u00e3o Paulo\" \/>\n<meta property=\"og:url\" content=\"https:\/\/www.morrodesaopaulobahiabrasil.com\/de\/\" \/>\n<meta property=\"og:site_name\" content=\"Morro de S\u00e3o Paulo\" \/>\n<meta property=\"article:modified_time\" content=\"2020-12-23T21:39:21+00:00\" \/>\n<meta property=\"og:image\" content=\"http:\/\/www.morrodesaopaulobahiabrasil.com\/imagens\/morro-de-sao-paulo.jpg\" \/>\n<meta name=\"twitter:card\" content=\"summary_large_image\" \/>\n<meta name=\"twitter:label1\" content=\"Gesch\u00e4tzte Lesezeit\" \/>\n\t<meta name=\"twitter:data1\" content=\"6\u00a0Minuten\" \/>\n<script type=\"application\/ld+json\" class=\"yoast-schema-graph\">{\"@context\":\"https:\/\/schema.org\",\"@graph\":[{\"@type\":\"WebPage\",\"@id\":\"https:\/\/www.morrodesaopaulobahiabrasil.com\/de\/\",\"url\":\"https:\/\/www.morrodesaopaulobahiabrasil.com\/de\/\",\"name\":\"Morro de S\u00e3o Paulo\",\"isPartOf\":{\"@id\":\"https:\/\/www.morrodesaopaulobahiabrasil.com\/de\/#website\"},\"primaryImageOfPage\":{\"@id\":\"https:\/\/www.morrodesaopaulobahiabrasil.com\/de\/#primaryimage\"},\"image\":{\"@id\":\"https:\/\/www.morrodesaopaulobahiabrasil.com\/de\/#primaryimage\"},\"thumbnailUrl\":\"http:\/\/www.morrodesaopaulobahiabrasil.com\/imagens\/morro-de-sao-paulo.jpg\",\"datePublished\":\"2016-09-09T08:54:35+00:00\",\"dateModified\":\"2020-12-23T21:39:21+00:00\",\"description\":\"Morro de S\u00e3o Paulo - Bahia - Brasil. As melhores ofertas de Pousadas, Hot\u00e9is, Passeios e Transfer Salvador Morro de S\u00e3o Paulo\",\"breadcrumb\":{\"@id\":\"https:\/\/www.morrodesaopaulobahiabrasil.com\/de\/#breadcrumb\"},\"inLanguage\":\"de\",\"potentialAction\":[{\"@type\":\"ReadAction\",\"target\":[\"https:\/\/www.morrodesaopaulobahiabrasil.com\/de\/\"]}]},{\"@type\":\"ImageObject\",\"inLanguage\":\"de\",\"@id\":\"https:\/\/www.morrodesaopaulobahiabrasil.com\/de\/#primaryimage\",\"url\":\"http:\/\/www.morrodesaopaulobahiabrasil.com\/imagens\/morro-de-sao-paulo.jpg\",\"contentUrl\":\"http:\/\/www.morrodesaopaulobahiabrasil.com\/imagens\/morro-de-sao-paulo.jpg\"},{\"@type\":\"BreadcrumbList\",\"@id\":\"https:\/\/www.morrodesaopaulobahiabrasil.com\/de\/#breadcrumb\",\"itemListElement\":[{\"@type\":\"ListItem\",\"position\":1,\"name\":\"In\u00edcio\",\"item\":\"https:\/\/www.morrodesaopaulobahiabrasil.com\/de\/\"},{\"@type\":\"ListItem\",\"position\":2,\"name\":\"Morro de S\u00e3o Paulo\"}]},{\"@type\":\"WebSite\",\"@id\":\"https:\/\/www.morrodesaopaulobahiabrasil.com\/de\/#website\",\"url\":\"https:\/\/www.morrodesaopaulobahiabrasil.com\/de\/\",\"name\":\"Morro de S\u00e3o Paulo\",\"description\":\"As melhores ofertas de Pousadas, Hot\u00e9is, Passeios e Transfer Salvador Morro de S\u00e3o Paulo.\",\"potentialAction\":[{\"@type\":\"SearchAction\",\"target\":{\"@type\":\"EntryPoint\",\"urlTemplate\":\"https:\/\/www.morrodesaopaulobahiabrasil.com\/de\/?s={search_term_string}\"},\"query-input\":{\"@type\":\"PropertyValueSpecification\",\"valueRequired\":true,\"valueName\":\"search_term_string\"}}],\"inLanguage\":\"de\"}]}<\/script>\n<!-- \/ Yoast SEO plugin. -->","yoast_head_json":{"title":"Morro de S\u00e3o Paulo","description":"Morro de S\u00e3o Paulo - Bahia - Brasil. As melhores ofertas de Pousadas, Hot\u00e9is, Passeios e Transfer Salvador Morro de S\u00e3o Paulo","robots":{"index":"index","follow":"follow","max-snippet":"max-snippet:-1","max-image-preview":"max-image-preview:large","max-video-preview":"max-video-preview:-1"},"canonical":"https:\/\/www.morrodesaopaulobahiabrasil.com\/de\/","og_locale":"de_DE","og_type":"article","og_title":"Morro de S\u00e3o Paulo","og_description":"Morro de S\u00e3o Paulo - Bahia - Brasil. As melhores ofertas de Pousadas, Hot\u00e9is, Passeios e Transfer Salvador Morro de S\u00e3o Paulo","og_url":"https:\/\/www.morrodesaopaulobahiabrasil.com\/de\/","og_site_name":"Morro de S\u00e3o Paulo","article_modified_time":"2020-12-23T21:39:21+00:00","og_image":[{"url":"http:\/\/www.morrodesaopaulobahiabrasil.com\/imagens\/morro-de-sao-paulo.jpg","type":"","width":"","height":""}],"twitter_card":"summary_large_image","twitter_misc":{"Gesch\u00e4tzte Lesezeit":"6\u00a0Minuten"},"schema":{"@context":"https:\/\/schema.org","@graph":[{"@type":"WebPage","@id":"https:\/\/www.morrodesaopaulobahiabrasil.com\/de\/","url":"https:\/\/www.morrodesaopaulobahiabrasil.com\/de\/","name":"Morro de S\u00e3o Paulo","isPartOf":{"@id":"https:\/\/www.morrodesaopaulobahiabrasil.com\/de\/#website"},"primaryImageOfPage":{"@id":"https:\/\/www.morrodesaopaulobahiabrasil.com\/de\/#primaryimage"},"image":{"@id":"https:\/\/www.morrodesaopaulobahiabrasil.com\/de\/#primaryimage"},"thumbnailUrl":"http:\/\/www.morrodesaopaulobahiabrasil.com\/imagens\/morro-de-sao-paulo.jpg","datePublished":"2016-09-09T08:54:35+00:00","dateModified":"2020-12-23T21:39:21+00:00","description":"Morro de S\u00e3o Paulo - Bahia - Brasil. As melhores ofertas de Pousadas, Hot\u00e9is, Passeios e Transfer Salvador Morro de S\u00e3o Paulo","breadcrumb":{"@id":"https:\/\/www.morrodesaopaulobahiabrasil.com\/de\/#breadcrumb"},"inLanguage":"de","potentialAction":[{"@type":"ReadAction","target":["https:\/\/www.morrodesaopaulobahiabrasil.com\/de\/"]}]},{"@type":"ImageObject","inLanguage":"de","@id":"https:\/\/www.morrodesaopaulobahiabrasil.com\/de\/#primaryimage","url":"http:\/\/www.morrodesaopaulobahiabrasil.com\/imagens\/morro-de-sao-paulo.jpg","contentUrl":"http:\/\/www.morrodesaopaulobahiabrasil.com\/imagens\/morro-de-sao-paulo.jpg"},{"@type":"BreadcrumbList","@id":"https:\/\/www.morrodesaopaulobahiabrasil.com\/de\/#breadcrumb","itemListElement":[{"@type":"ListItem","position":1,"name":"In\u00edcio","item":"https:\/\/www.morrodesaopaulobahiabrasil.com\/de\/"},{"@type":"ListItem","position":2,"name":"Morro de S\u00e3o Paulo"}]},{"@type":"WebSite","@id":"https:\/\/www.morrodesaopaulobahiabrasil.com\/de\/#website","url":"https:\/\/www.morrodesaopaulobahiabrasil.com\/de\/","name":"Morro de S\u00e3o Paulo","description":"As melhores ofertas de Pousadas, Hot\u00e9is, Passeios e Transfer Salvador Morro de S\u00e3o Paulo.","potentialAction":[{"@type":"SearchAction","target":{"@type":"EntryPoint","urlTemplate":"https:\/\/www.morrodesaopaulobahiabrasil.com\/de\/?s={search_term_string}"},"query-input":{"@type":"PropertyValueSpecification","valueRequired":true,"valueName":"search_term_string"}}],"inLanguage":"de"}]}},"_links":{"self":[{"href":"https:\/\/www.morrodesaopaulobahiabrasil.com\/de\/wp-json\/wp\/v2\/pages\/5625","targetHints":{"allow":["GET"]}}],"collection":[{"href":"https:\/\/www.morrodesaopaulobahiabrasil.com\/de\/wp-json\/wp\/v2\/pages"}],"about":[{"href":"https:\/\/www.morrodesaopaulobahiabrasil.com\/de\/wp-json\/wp\/v2\/types\/page"}],"author":[{"embeddable":true,"href":"https:\/\/www.morrodesaopaulobahiabrasil.com\/de\/wp-json\/wp\/v2\/users\/1"}],"replies":[{"embeddable":true,"href":"https:\/\/www.morrodesaopaulobahiabrasil.com\/de\/wp-json\/wp\/v2\/comments?post=5625"}],"version-history":[{"count":20,"href":"https:\/\/www.morrodesaopaulobahiabrasil.com\/de\/wp-json\/wp\/v2\/pages\/5625\/revisions"}],"predecessor-version":[{"id":8401,"href":"https:\/\/www.morrodesaopaulobahiabrasil.com\/de\/wp-json\/wp\/v2\/pages\/5625\/revisions\/8401"}],"wp:attachment":[{"href":"https:\/\/www.morrodesaopaulobahiabrasil.com\/de\/wp-json\/wp\/v2\/media?parent=5625"}],"curies":[{"name":"wp","href":"https:\/\/api.w.org\/{rel}","templated":true}]}}