{"id":6145,"date":"2020-11-05T11:19:56","date_gmt":"2020-11-05T14:19:56","guid":{"rendered":"http:\/\/www.morrodesaopaulobahiabrasil.com\/cms\/transfer-maritimo\/"},"modified":"2020-12-15T15:44:07","modified_gmt":"2020-12-15T18:44:07","slug":"ueberfahrt-mit-dem-boot","status":"publish","type":"page","link":"https:\/\/www.morrodesaopaulobahiabrasil.com\/de\/ueberfahrt-mit-dem-boot\/","title":{"rendered":"\u00dcberfahrt mit dem Boot"},"content":{"rendered":"<div class=\"wpb-content-wrapper\"><p>[vc_row][vc_column][vc_column_text]<\/p>\n<h2 align=\"center\">F\u00e4hre von Salvador nach Morro de Sao Paulo<\/h2>\n<h4 align=\"center\">2h 30min reisen<\/h4>\n<p>[\/vc_column_text][\/vc_column][\/vc_row][vc_row][vc_column width=&#8221;1\/2&#8243;][vc_column_text]<\/p>\n<p class=\"style20-center\" style=\"text-align: center;\"><strong>Salvador a Morro de S\u00e3o Paulo<\/strong><\/p>\n<p class=\"style11\"><strong>&#8211; 08:30 &#8211; Lancha \/ Katamaran &#8211; R$ 97,03 pro passagier<\/strong><br \/>\nKapazit\u00e4t 24 &#8211; 80 Passagiere<\/p>\n<p><span class=\"style11\"><strong>&#8211; 09:00 &#8211; Lancha \/ Katamaran &#8211; R$ 97,03 pro passagier<\/strong><\/span><span class=\"style11\">\u00a0\u00a0\u00a0Kapazit\u00e4t 80 &#8211; 100 Passagiere<\/span><\/p>\n<p><span class=\"style11\"><strong>&#8211; 10:30 &#8211; Lancha \/ Katamaran &#8211; R$ 97,03 pro passagier<\/strong><\/span><span class=\"style11\">\u00a0\u00a0\u00a0Kapazit\u00e4t 80 &#8211; 100 Passagiere<\/span><\/p>\n<p class=\"style11\"><strong>&#8211; 13:00 &#8211; Lancha \/ Katamaran &#8211; R$ 111,00<\/strong><strong>pro passagier<\/strong><br \/>\nKapazit\u00e4t 30 Passagiere<\/p>\n<p><span class=\"style11\"><strong>&#8211; 14:30 &#8211; Lancha \/ Katamaran &#8211; R$ 97,03<\/strong>\u00a0<strong>pro passagier<\/strong><br \/>\nKapazit\u00e4t 80 &#8211; 100 Passagiere<\/span><\/p>\n<p>&nbsp;<\/p>\n<p>&nbsp;<\/p>\n<p>[\/vc_column_text][\/vc_column][vc_column width=&#8221;1\/2&#8243;][vc_column_text]<\/p>\n<p style=\"text-align: center;\"><span class=\"style13\"><span class=\"style20-center\"><strong>Morro de Sao Paulo a Salvador<\/strong><\/span><\/span><\/p>\n<p><span class=\"style13\"><strong>&#8211; 09:00 &#8211; Lancha \/ Katamaran &#8211; R$ 111,00<\/strong>\u00a0<strong>pro passagier<\/strong><br \/>\nKapazit\u00e4t 30 Passagiere<\/span><\/p>\n<p><span class=\"style13\"><strong>&#8211; 11:30 &#8211; Lancha \/ Katamaran &#8211; R$ 95,50<\/strong>\u00a0<strong>pro passagier<\/strong><br \/>\nKapazit\u00e4t 80 &#8211; 100 Passagiere<br \/>\n<\/span><\/p>\n<p><span class=\"style13\"><strong>&#8211; 13:00 &#8211; Lancha \/ Katamaran &#8211; R$ 95,50<\/strong>\u00a0<strong>pro passagier<\/strong><br \/>\n<\/span><span class=\"style11\">Kapazit\u00e4t 80 &#8211; 100 Passagiere<\/span><\/p>\n<p><span class=\"style13\"><strong>&#8211; 15:00 &#8211; Lancha \/ Katamaran &#8211; R$ 95,50<\/strong>\u00a0<strong>pro passagier<\/strong><br \/>\nKapazit\u00e4t 80\u00a0<strong>&#8211;\u00a0<\/strong>100 Passagiere<\/span><\/p>\n<p>[\/vc_column_text][\/vc_column][\/vc_row][vc_row][vc_column][vc_column_text css_animation=&#8221;bounceInUp&#8221;]<\/p>\n<h3 style=\"text-align: center;\" align=\"center\"><strong>Reservieren Sie jetzt!<\/strong><\/h3>\n<p>[\/vc_column_text][\/vc_column][\/vc_row][vc_row][vc_column width=&#8221;1\/2&#8243;][vc_single_image image=&#8221;7542&#8243; img_size=&#8221;full&#8221; style=&#8221;vc_box_border&#8221; border_color=&#8221;orange&#8221;][\/vc_column][vc_column width=&#8221;1\/2&#8243;]\n<div class=\"wpcf7 no-js\" id=\"wpcf7-f7231-o1\" lang=\"pt-BR\" dir=\"ltr\" data-wpcf7-id=\"7231\">\n<div class=\"screen-reader-response\"><p role=\"status\" aria-live=\"polite\" aria-atomic=\"true\"><\/p> <ul><\/ul><\/div>\n<form action=\"\/de\/wp-json\/wp\/v2\/pages\/6145#wpcf7-f7231-o1\" method=\"post\" class=\"wpcf7-form init\" aria-label=\"Formul\u00e1rios de contato\" novalidate=\"novalidate\" data-status=\"init\">\n<fieldset class=\"hidden-fields-container\"><input type=\"hidden\" name=\"_wpcf7\" value=\"7231\" \/><input type=\"hidden\" name=\"_wpcf7_version\" value=\"6.1.5\" \/><input type=\"hidden\" name=\"_wpcf7_locale\" value=\"pt_BR\" \/><input type=\"hidden\" name=\"_wpcf7_unit_tag\" value=\"wpcf7-f7231-o1\" \/><input type=\"hidden\" name=\"_wpcf7_container_post\" value=\"0\" \/><input type=\"hidden\" name=\"_wpcf7_posted_data_hash\" value=\"\" \/>\n<\/fieldset>\n<div class=\"row form-group\">\n\t<div class=\"col-xs-6\">\n\t\t<p><label>Name<\/label><span class=\"wpcf7-form-control-wrap\" data-name=\"your-name\"><input size=\"40\" maxlength=\"400\" class=\"wpcf7-form-control wpcf7-text wpcf7-validates-as-required\" aria-required=\"true\" aria-invalid=\"false\" value=\"\" type=\"text\" name=\"your-name\" \/><\/span>\n\t\t<\/p>\n\t<\/div>\n\t<div class=\"col-xs-6\">\n\t\t<p><label>Email<\/label><span class=\"wpcf7-form-control-wrap\" data-name=\"your-email\"><input size=\"40\" maxlength=\"400\" class=\"wpcf7-form-control wpcf7-email wpcf7-validates-as-required wpcf7-text wpcf7-validates-as-email\" aria-required=\"true\" aria-invalid=\"false\" value=\"\" type=\"email\" name=\"your-email\" \/><\/span>\n\t\t<\/p>\n\t<\/div>\n<\/div>\n<div class=\"row form-group\">\n\t<div class=\"col-sm-4\">\n\t\t<p><label>Date<\/label><span class=\"wpcf7-form-control-wrap\" data-name=\"date\"><input size=\"40\" maxlength=\"400\" class=\"wpcf7-form-control wpcf7-text\" aria-invalid=\"false\" value=\"\" type=\"text\" name=\"date\" \/><\/span>\n\t\t<\/p>\n\t<\/div>\n\t<div class=\"col-sm-4\">\n\t\t<p><label>Number of Adults<\/label><span class=\"wpcf7-form-control-wrap\" data-name=\"adults\"><input size=\"40\" maxlength=\"400\" class=\"wpcf7-form-control wpcf7-text\" aria-invalid=\"false\" value=\"\" type=\"text\" name=\"adults\" \/><\/span>\n\t\t<\/p>\n\t<\/div>\n\t<div class=\"col-sm-4\">\n\t\t<p><label>Number of kids<\/label><span class=\"wpcf7-form-control-wrap\" data-name=\"kids\"><input size=\"40\" maxlength=\"400\" class=\"wpcf7-form-control wpcf7-text\" aria-invalid=\"false\" value=\"\" type=\"text\" name=\"kids\" \/><\/span>\n\t\t<\/p>\n\t<\/div>\n<\/div>\n<div class=\"form-group\">\n\t<p><label>Message<\/label><span class=\"wpcf7-form-control-wrap\" data-name=\"your-message\"><textarea cols=\"40\" rows=\"8\" maxlength=\"2000\" class=\"wpcf7-form-control wpcf7-textarea\" aria-invalid=\"false\" placeholder=\"Send your message and schedule your transfer...\" name=\"your-message\"><\/textarea><\/span>\n\t<\/p>\n<\/div>\n<p><input class=\"wpcf7-form-control wpcf7-submit has-spinner\" type=\"submit\" value=\"submit\" \/>\n<\/p><p style=\"display: none !important;\" class=\"akismet-fields-container\" data-prefix=\"_wpcf7_ak_\"><label>&#916;<textarea name=\"_wpcf7_ak_hp_textarea\" cols=\"45\" rows=\"8\" maxlength=\"100\"><\/textarea><\/label><input type=\"hidden\" id=\"ak_js_1\" name=\"_wpcf7_ak_js\" value=\"144\"\/><script>document.getElementById( \"ak_js_1\" ).setAttribute( \"value\", ( new Date() ).getTime() );<\/script><\/p><div class=\"wpcf7-response-output\" aria-hidden=\"true\"><\/div>\n<\/form>\n<\/div>\n[\/vc_column][\/vc_row][vc_row][vc_column width=&#8221;1\/3&#8243;][vc_single_image image=&#8221;7551&#8243; img_size=&#8221;full&#8221; style=&#8221;vc_box_border&#8221; border_color=&#8221;orange&#8221;][\/vc_column][vc_column width=&#8221;1\/3&#8243;][vc_single_image image=&#8221;7567&#8243; img_size=&#8221;210&#215;150&#8243; style=&#8221;vc_box_border&#8221; border_color=&#8221;orange&#8221;][\/vc_column][vc_column width=&#8221;1\/3&#8243;][vc_single_image image=&#8221;7579&#8243; img_size=&#8221;full&#8221; style=&#8221;vc_box_border&#8221; border_color=&#8221;orange&#8221;][\/vc_column][\/vc_row]<\/p>\n<\/div>","protected":false},"excerpt":{"rendered":"<p>[vc_row][vc_column][vc_column_text]<br \/>\nF\u00e4hre von Salvador nach Morro de Sao Paulo<br \/>\n2h 30min reisen<br \/>\n[\/vc_column_text][\/vc_column][\/vc_row][vc_row][vc_column width=&#8221;1\/2&#8243;][vc_column_text]<br \/>\nSalvador a Morro de S\u00e3o Paulo<br \/>\n&#8211; 08:30 &#8211; Lancha \/ Katamaran &#8211; R$ 97,03 pro <\/p>\n","protected":false},"author":5,"featured_media":0,"parent":0,"menu_order":0,"comment_status":"closed","ping_status":"closed","template":"","meta":{"footnotes":""},"class_list":["post-6145","page","type-page","status-publish","hentry"],"yoast_head":"<!-- This site is optimized with the Yoast SEO plugin v26.9 - https:\/\/yoast.com\/product\/yoast-seo-wordpress\/ -->\n<title>\u00dcberfahrt mit dem Boot - Morro de S\u00e3o Paulo<\/title>\n<meta name=\"description\" content=\"F\u00e4hren und Boote von Salvador nach Morro de Sao Paulo. Morro de Sao Paulo - Bahia - Brasilien.\" \/>\n<meta name=\"robots\" content=\"index, follow, max-snippet:-1, max-image-preview:large, max-video-preview:-1\" \/>\n<link rel=\"canonical\" href=\"https:\/\/www.morrodesaopaulobahiabrasil.com\/de\/ueberfahrt-mit-dem-boot\/\" \/>\n<meta property=\"og:locale\" content=\"de_DE\" \/>\n<meta property=\"og:type\" content=\"article\" \/>\n<meta property=\"og:title\" content=\"\u00dcberfahrt mit dem Boot - Morro de S\u00e3o Paulo\" \/>\n<meta property=\"og:description\" content=\"F\u00e4hren und Boote von Salvador nach Morro de Sao Paulo. Morro de Sao Paulo - Bahia - Brasilien.\" \/>\n<meta property=\"og:url\" content=\"https:\/\/www.morrodesaopaulobahiabrasil.com\/de\/ueberfahrt-mit-dem-boot\/\" \/>\n<meta property=\"og:site_name\" content=\"Morro de S\u00e3o Paulo\" \/>\n<meta property=\"article:modified_time\" content=\"2020-12-15T18:44:07+00:00\" \/>\n<meta name=\"twitter:card\" content=\"summary_large_image\" \/>\n<meta name=\"twitter:label1\" content=\"Gesch\u00e4tzte Lesezeit\" \/>\n\t<meta name=\"twitter:data1\" content=\"1\u00a0Minute\" \/>\n<script type=\"application\/ld+json\" class=\"yoast-schema-graph\">{\"@context\":\"https:\/\/schema.org\",\"@graph\":[{\"@type\":\"WebPage\",\"@id\":\"https:\/\/www.morrodesaopaulobahiabrasil.com\/de\/ueberfahrt-mit-dem-boot\/\",\"url\":\"https:\/\/www.morrodesaopaulobahiabrasil.com\/de\/ueberfahrt-mit-dem-boot\/\",\"name\":\"\u00dcberfahrt mit dem Boot - Morro de S\u00e3o Paulo\",\"isPartOf\":{\"@id\":\"https:\/\/www.morrodesaopaulobahiabrasil.com\/de\/#website\"},\"datePublished\":\"2020-11-05T14:19:56+00:00\",\"dateModified\":\"2020-12-15T18:44:07+00:00\",\"description\":\"F\u00e4hren und Boote von Salvador nach Morro de Sao Paulo. Morro de Sao Paulo - Bahia - Brasilien.\",\"breadcrumb\":{\"@id\":\"https:\/\/www.morrodesaopaulobahiabrasil.com\/de\/ueberfahrt-mit-dem-boot\/#breadcrumb\"},\"inLanguage\":\"de\",\"potentialAction\":[{\"@type\":\"ReadAction\",\"target\":[\"https:\/\/www.morrodesaopaulobahiabrasil.com\/de\/ueberfahrt-mit-dem-boot\/\"]}]},{\"@type\":\"BreadcrumbList\",\"@id\":\"https:\/\/www.morrodesaopaulobahiabrasil.com\/de\/ueberfahrt-mit-dem-boot\/#breadcrumb\",\"itemListElement\":[{\"@type\":\"ListItem\",\"position\":1,\"name\":\"In\u00edcio\",\"item\":\"https:\/\/www.morrodesaopaulobahiabrasil.com\/de\/\"},{\"@type\":\"ListItem\",\"position\":2,\"name\":\"\u00dcberfahrt mit dem Boot\"}]},{\"@type\":\"WebSite\",\"@id\":\"https:\/\/www.morrodesaopaulobahiabrasil.com\/de\/#website\",\"url\":\"https:\/\/www.morrodesaopaulobahiabrasil.com\/de\/\",\"name\":\"Morro de S\u00e3o Paulo\",\"description\":\"As melhores ofertas de Pousadas, Hot\u00e9is, Passeios e Transfer Salvador Morro de S\u00e3o Paulo.\",\"potentialAction\":[{\"@type\":\"SearchAction\",\"target\":{\"@type\":\"EntryPoint\",\"urlTemplate\":\"https:\/\/www.morrodesaopaulobahiabrasil.com\/de\/?s={search_term_string}\"},\"query-input\":{\"@type\":\"PropertyValueSpecification\",\"valueRequired\":true,\"valueName\":\"search_term_string\"}}],\"inLanguage\":\"de\"}]}<\/script>\n<!-- \/ Yoast SEO plugin. -->","yoast_head_json":{"title":"\u00dcberfahrt mit dem Boot - Morro de S\u00e3o Paulo","description":"F\u00e4hren und Boote von Salvador nach Morro de Sao Paulo. Morro de Sao Paulo - Bahia - Brasilien.","robots":{"index":"index","follow":"follow","max-snippet":"max-snippet:-1","max-image-preview":"max-image-preview:large","max-video-preview":"max-video-preview:-1"},"canonical":"https:\/\/www.morrodesaopaulobahiabrasil.com\/de\/ueberfahrt-mit-dem-boot\/","og_locale":"de_DE","og_type":"article","og_title":"\u00dcberfahrt mit dem Boot - Morro de S\u00e3o Paulo","og_description":"F\u00e4hren und Boote von Salvador nach Morro de Sao Paulo. Morro de Sao Paulo - Bahia - Brasilien.","og_url":"https:\/\/www.morrodesaopaulobahiabrasil.com\/de\/ueberfahrt-mit-dem-boot\/","og_site_name":"Morro de S\u00e3o Paulo","article_modified_time":"2020-12-15T18:44:07+00:00","twitter_card":"summary_large_image","twitter_misc":{"Gesch\u00e4tzte Lesezeit":"1\u00a0Minute"},"schema":{"@context":"https:\/\/schema.org","@graph":[{"@type":"WebPage","@id":"https:\/\/www.morrodesaopaulobahiabrasil.com\/de\/ueberfahrt-mit-dem-boot\/","url":"https:\/\/www.morrodesaopaulobahiabrasil.com\/de\/ueberfahrt-mit-dem-boot\/","name":"\u00dcberfahrt mit dem Boot - Morro de S\u00e3o Paulo","isPartOf":{"@id":"https:\/\/www.morrodesaopaulobahiabrasil.com\/de\/#website"},"datePublished":"2020-11-05T14:19:56+00:00","dateModified":"2020-12-15T18:44:07+00:00","description":"F\u00e4hren und Boote von Salvador nach Morro de Sao Paulo. Morro de Sao Paulo - Bahia - Brasilien.","breadcrumb":{"@id":"https:\/\/www.morrodesaopaulobahiabrasil.com\/de\/ueberfahrt-mit-dem-boot\/#breadcrumb"},"inLanguage":"de","potentialAction":[{"@type":"ReadAction","target":["https:\/\/www.morrodesaopaulobahiabrasil.com\/de\/ueberfahrt-mit-dem-boot\/"]}]},{"@type":"BreadcrumbList","@id":"https:\/\/www.morrodesaopaulobahiabrasil.com\/de\/ueberfahrt-mit-dem-boot\/#breadcrumb","itemListElement":[{"@type":"ListItem","position":1,"name":"In\u00edcio","item":"https:\/\/www.morrodesaopaulobahiabrasil.com\/de\/"},{"@type":"ListItem","position":2,"name":"\u00dcberfahrt mit dem Boot"}]},{"@type":"WebSite","@id":"https:\/\/www.morrodesaopaulobahiabrasil.com\/de\/#website","url":"https:\/\/www.morrodesaopaulobahiabrasil.com\/de\/","name":"Morro de S\u00e3o Paulo","description":"As melhores ofertas de Pousadas, Hot\u00e9is, Passeios e Transfer Salvador Morro de S\u00e3o Paulo.","potentialAction":[{"@type":"SearchAction","target":{"@type":"EntryPoint","urlTemplate":"https:\/\/www.morrodesaopaulobahiabrasil.com\/de\/?s={search_term_string}"},"query-input":{"@type":"PropertyValueSpecification","valueRequired":true,"valueName":"search_term_string"}}],"inLanguage":"de"}]}},"_links":{"self":[{"href":"https:\/\/www.morrodesaopaulobahiabrasil.com\/de\/wp-json\/wp\/v2\/pages\/6145","targetHints":{"allow":["GET"]}}],"collection":[{"href":"https:\/\/www.morrodesaopaulobahiabrasil.com\/de\/wp-json\/wp\/v2\/pages"}],"about":[{"href":"https:\/\/www.morrodesaopaulobahiabrasil.com\/de\/wp-json\/wp\/v2\/types\/page"}],"author":[{"embeddable":true,"href":"https:\/\/www.morrodesaopaulobahiabrasil.com\/de\/wp-json\/wp\/v2\/users\/5"}],"replies":[{"embeddable":true,"href":"https:\/\/www.morrodesaopaulobahiabrasil.com\/de\/wp-json\/wp\/v2\/comments?post=6145"}],"version-history":[{"count":6,"href":"https:\/\/www.morrodesaopaulobahiabrasil.com\/de\/wp-json\/wp\/v2\/pages\/6145\/revisions"}],"predecessor-version":[{"id":7583,"href":"https:\/\/www.morrodesaopaulobahiabrasil.com\/de\/wp-json\/wp\/v2\/pages\/6145\/revisions\/7583"}],"wp:attachment":[{"href":"https:\/\/www.morrodesaopaulobahiabrasil.com\/de\/wp-json\/wp\/v2\/media?parent=6145"}],"curies":[{"name":"wp","href":"https:\/\/api.w.org\/{rel}","templated":true}]}}