{"id":6156,"date":"2020-11-05T11:21:17","date_gmt":"2020-11-05T14:21:17","guid":{"rendered":"http:\/\/www.morrodesaopaulobahiabrasil.com\/cms\/transfer-terrestre\/"},"modified":"2020-12-23T18:49:23","modified_gmt":"2020-12-23T21:49:23","slug":"ueberfahrt-mit-dem-bus","status":"publish","type":"page","link":"https:\/\/www.morrodesaopaulobahiabrasil.com\/de\/ueberfahrt-mit-dem-bus\/","title":{"rendered":"\u00dcberfahrt mit dem Bus"},"content":{"rendered":"<div class=\"wpb-content-wrapper\"><p>[vc_row][vc_column][vc_column_text]<\/p>\n<h3 style=\"text-align: center;\">Mit dem Bus von Salvador nach Morro de Sao Paulo<\/h3>\n<p style=\"text-align: center;\">3 studen reise oder 4 studen reise<\/p>\n<p>[\/vc_column_text][\/vc_column][\/vc_row][vc_row][vc_column width=&#8221;1\/2&#8243;][vc_column_text]<\/p>\n<p class=\"style20-center\" style=\"text-align: center;\"><strong>Salvador \/ Morro de S\u00e3o Paulo:<\/strong><\/p>\n<p class=\"style20-left\"><strong>Begenben am Terminal Salvador Maritime<\/strong><br \/>\n<strong>Abfahrt:\u00a0<\/strong>07:30, 10:30, 12:30, 14:30, 17:00<strong><br \/>\nPreis:\u00a0<\/strong>R$ 95,00<br \/>\n<strong>Dauer: 3<\/strong>h<\/p>\n<p class=\"style20-center\"><strong>oder<\/strong><\/p>\n<p class=\"style20-left\"><strong>Begenben sie sich auf hotels Salvador Orla von zentrum bis in die N\u00e4he strand Amaralina<\/strong><br \/>\n<strong>Abfahrt:\u00a0<\/strong>07:30 &#8211; 09:30 &#8211; 11:30 &#8211; 13:30 &#8211; 16:00<strong><br \/>\nPreis:\u00a0<\/strong>R$ 105,00<br \/>\n<strong>Dauer: 3<\/strong>h<br \/>\nWir holen sie in den Hotels der Orla Mar\u00edtima in Salvador ab<strong>.<\/strong><\/p>\n<p class=\"style20-center\"><strong>oder<\/strong><\/p>\n<p class=\"style20-left\"><strong>Begenben sie sich auf hotels Salvador Orla von Pituba strand nachbarschaft zu Salvador International Airport<\/strong><br \/>\n<strong>Abfahrt:\u00a0<\/strong>05:30 &#8211; 09:30 &#8211; 11:30 &#8211; 13:30 &#8211; 16h<strong><br \/>\nPreis:\u00a0<\/strong>R$ 119,00<br \/>\n<strong>Dauer:\u00a0<\/strong>4h<br \/>\nAbfahrt vom Flughafen Internacional de Salvador para Morro de S\u00e3o Paulo.<\/p>\n<p>[\/vc_column_text][\/vc_column][vc_column width=&#8221;1\/2&#8243;][vc_column_text]<\/p>\n<p class=\"style20-center\" style=\"text-align: center;\"><strong>Morro de S\u00e3o Paulo \/ Salvador:<\/strong><\/p>\n<p class=\"style20\"><span class=\"style20-left\"><strong>Landung am Terminal Salvador Maritime<\/strong><\/span><br \/>\n<strong>Abfahrt:\u00a0<\/strong>06:30 &#8211; 08:30 &#8211; 10:30 &#8211; 13:00 &#8211; 15:30<strong><br \/>\nPreis:\u00a0<\/strong>R$ 95,00<br \/>\n<strong>Dauer:\u00a0<\/strong>3h<br \/>\nAbfahrt vom Terminal Mar\u00edtimo (Hafen) in Morro de S\u00e3o Paulo zum Terminal Mar\u00edtimo Salvador.<\/p>\n<p class=\"style20-center\"><strong>oder<\/strong><\/p>\n<p class=\"style20\"><span class=\"style20-left\"><strong>Landung sie in zentrum von Salvador hotels in der nachbarschaft strand Amaralina\u00a0Abfahrt:\u00a0<\/strong>06:30 &#8211; 08:30 &#8211; 10:30 &#8211; 13:00 &#8211; 15:30<strong><br \/>\nPreis:\u00a0<\/strong>R$ 105,00<strong><br \/>\nDauer:\u00a0<\/strong>3h<br \/>\n<\/span>Wir bringen sie bis zu ihrem Hotel an der Orla Salvadors oder bis zum Flughafen.<\/p>\n<p class=\"style20-center\"><strong>oder<\/strong><\/p>\n<p class=\"style20-center\"><span class=\"style20\"><span class=\"style20-left\"><strong>Landung sie in Salvador hotels Pituba strand nachbarschaft zu Salvador International Airport<br \/>\nAbfahrt:\u00a0<\/strong>06:30 &#8211; 08:30 &#8211; 10:30 &#8211; 13:00 &#8211; 15:30<strong><br \/>\nPreis:\u00a0<\/strong>R$ 119,00<strong><br \/>\nDauer:\u00a0<\/strong>4h<br \/>\n<\/span>Wir bringen sie bis zu ihrem Hotel an der Orla Salvadors oder bis zum Flughafen oder Salvador International Airport.<\/span><\/p>\n<p>[\/vc_column_text][\/vc_column][\/vc_row][vc_row][vc_column width=&#8221;1\/2&#8243;][vc_single_image image=&#8221;7478&#8243; img_size=&#8221;full&#8221; style=&#8221;vc_box_border&#8221; border_color=&#8221;orange&#8221;][\/vc_column][vc_column width=&#8221;1\/2&#8243;]\n<div class=\"wpcf7 no-js\" id=\"wpcf7-f7225-o1\" lang=\"pt-BR\" dir=\"ltr\" data-wpcf7-id=\"7225\">\n<div class=\"screen-reader-response\"><p role=\"status\" aria-live=\"polite\" aria-atomic=\"true\"><\/p> <ul><\/ul><\/div>\n<form action=\"\/de\/wp-json\/wp\/v2\/pages\/6156#wpcf7-f7225-o1\" method=\"post\" class=\"wpcf7-form init\" aria-label=\"Formul\u00e1rios de contato\" novalidate=\"novalidate\" data-status=\"init\">\n<fieldset class=\"hidden-fields-container\"><input type=\"hidden\" name=\"_wpcf7\" value=\"7225\" \/><input type=\"hidden\" name=\"_wpcf7_version\" value=\"6.1.5\" \/><input type=\"hidden\" name=\"_wpcf7_locale\" value=\"pt_BR\" \/><input type=\"hidden\" name=\"_wpcf7_unit_tag\" value=\"wpcf7-f7225-o1\" \/><input type=\"hidden\" name=\"_wpcf7_container_post\" value=\"0\" \/><input type=\"hidden\" name=\"_wpcf7_posted_data_hash\" value=\"\" \/>\n<\/fieldset>\n<div class=\"row form-group\">\n\t<div class=\"col-xs-6\">\n\t\t<p><label>Name<\/label><span class=\"wpcf7-form-control-wrap\" data-name=\"your-name\"><input size=\"40\" maxlength=\"400\" class=\"wpcf7-form-control wpcf7-text wpcf7-validates-as-required\" aria-required=\"true\" aria-invalid=\"false\" value=\"\" type=\"text\" name=\"your-name\" \/><\/span>\n\t\t<\/p>\n\t<\/div>\n\t<div class=\"col-xs-6\">\n\t\t<p><label>Email<\/label><span class=\"wpcf7-form-control-wrap\" data-name=\"your-email\"><input size=\"40\" maxlength=\"400\" class=\"wpcf7-form-control wpcf7-email wpcf7-validates-as-required wpcf7-text wpcf7-validates-as-email\" aria-required=\"true\" aria-invalid=\"false\" value=\"\" type=\"email\" name=\"your-email\" \/><\/span>\n\t\t<\/p>\n\t<\/div>\n<\/div>\n<div class=\"row form-group\">\n\t<div class=\"col-sm-4\">\n\t\t<p><label>Date<\/label><span class=\"wpcf7-form-control-wrap\" data-name=\"date\"><input size=\"40\" maxlength=\"400\" class=\"wpcf7-form-control wpcf7-text\" aria-invalid=\"false\" value=\"\" type=\"text\" name=\"date\" \/><\/span>\n\t\t<\/p>\n\t<\/div>\n\t<div class=\"col-sm-4\">\n\t\t<p><label>Number of Adults<\/label><span class=\"wpcf7-form-control-wrap\" data-name=\"adults\"><input size=\"40\" maxlength=\"400\" class=\"wpcf7-form-control wpcf7-text\" aria-invalid=\"false\" value=\"\" type=\"text\" name=\"adults\" \/><\/span>\n\t\t<\/p>\n\t<\/div>\n\t<div class=\"col-sm-4\">\n\t\t<p><label>Number of kids<\/label><span class=\"wpcf7-form-control-wrap\" data-name=\"kids\"><input size=\"40\" maxlength=\"400\" class=\"wpcf7-form-control wpcf7-text\" aria-invalid=\"false\" value=\"\" type=\"text\" name=\"kids\" \/><\/span>\n\t\t<\/p>\n\t<\/div>\n<\/div>\n<div class=\"form-group\">\n\t<p><label>Message<\/label><span class=\"wpcf7-form-control-wrap\" data-name=\"your-message\"><textarea cols=\"40\" rows=\"8\" maxlength=\"2000\" class=\"wpcf7-form-control wpcf7-textarea\" aria-invalid=\"false\" placeholder=\"Send your message and schedule your transfer...\" name=\"your-message\"><\/textarea><\/span>\n\t<\/p>\n<\/div>\n<p><input class=\"wpcf7-form-control wpcf7-submit has-spinner\" type=\"submit\" value=\"submit\" \/>\n<\/p><p style=\"display: none !important;\" class=\"akismet-fields-container\" data-prefix=\"_wpcf7_ak_\"><label>&#916;<textarea name=\"_wpcf7_ak_hp_textarea\" cols=\"45\" rows=\"8\" maxlength=\"100\"><\/textarea><\/label><input type=\"hidden\" id=\"ak_js_1\" name=\"_wpcf7_ak_js\" value=\"170\"\/><script>document.getElementById( \"ak_js_1\" ).setAttribute( \"value\", ( new Date() ).getTime() );<\/script><\/p><div class=\"wpcf7-response-output\" aria-hidden=\"true\"><\/div>\n<\/form>\n<\/div>\n[\/vc_column][\/vc_row][vc_row][vc_column][vc_column_text]<a href=\"http:\/\/www.morrodesaopaulobahiabrasil.com\/como-chegar-em-morro-de-sao-paulo\/transfer-terrestre\/transfer-terrestre-compra-online\/\" target=\"_blank\" rel=\"noopener noreferrer\"><img loading=\"lazy\" decoding=\"async\" class=\"alignnone\" src=\"http:\/\/www.morrodesaopaulobahiabrasil.com\/imagens\/pagseguro-compra-online-passagem-transfer-terrestre.png\" alt=\"\" width=\"309\" height=\"126\" \/><\/a>[\/vc_column_text][\/vc_column][\/vc_row][vc_row][vc_column width=&#8221;1\/3&#8243;][vc_single_image image=&#8221;7495&#8243; img_size=&#8221;medium&#8221; alignment=&#8221;center&#8221; style=&#8221;vc_box_border&#8221; border_color=&#8221;orange&#8221;][\/vc_column][vc_column width=&#8221;1\/3&#8243;][vc_single_image image=&#8221;7511&#8243; img_size=&#8221;full&#8221; style=&#8221;vc_box_border&#8221; border_color=&#8221;orange&#8221;][\/vc_column][vc_column width=&#8221;1\/3&#8243;][vc_single_image image=&#8221;7519&#8243; img_size=&#8221;full&#8221; style=&#8221;vc_box_border&#8221; border_color=&#8221;orange&#8221;][\/vc_column][\/vc_row]<\/p>\n<\/div>","protected":false},"excerpt":{"rendered":"<p>[vc_row][vc_column][vc_column_text]<br \/>\nMit dem Bus von Salvador nach Morro de Sao Paulo<br \/>\n3 studen reise oder 4 studen reise<br \/>\n[\/vc_column_text][\/vc_column][\/vc_row][vc_row][vc_column width=&#8221;1\/2&#8243;][vc_column_text]<br \/>\nSalvador \/ Morro de S\u00e3o Paulo:<br \/>\nBegenben am Terminal Salvador <\/p>\n","protected":false},"author":5,"featured_media":0,"parent":0,"menu_order":0,"comment_status":"closed","ping_status":"closed","template":"","meta":{"footnotes":""},"class_list":["post-6156","page","type-page","status-publish","hentry"],"yoast_head":"<!-- This site is optimized with the Yoast SEO plugin v26.9 - https:\/\/yoast.com\/product\/yoast-seo-wordpress\/ -->\n<title>\u00dcberfahrt mit dem Bus - Morro de S\u00e3o Paulo<\/title>\n<meta name=\"description\" content=\"Morro de Sao Paulo - Bahia - Brasilien. Auf dem landweg mit dem Bus von Salvador nach Morro de Sao Paulo.\" \/>\n<meta name=\"robots\" content=\"index, follow, max-snippet:-1, max-image-preview:large, max-video-preview:-1\" \/>\n<link rel=\"canonical\" href=\"https:\/\/www.morrodesaopaulobahiabrasil.com\/de\/ueberfahrt-mit-dem-bus\/\" \/>\n<meta property=\"og:locale\" content=\"de_DE\" \/>\n<meta property=\"og:type\" content=\"article\" \/>\n<meta property=\"og:title\" content=\"\u00dcberfahrt mit dem Bus - Morro de S\u00e3o Paulo\" \/>\n<meta property=\"og:description\" content=\"Morro de Sao Paulo - Bahia - Brasilien. Auf dem landweg mit dem Bus von Salvador nach Morro de Sao Paulo.\" \/>\n<meta property=\"og:url\" content=\"https:\/\/www.morrodesaopaulobahiabrasil.com\/de\/ueberfahrt-mit-dem-bus\/\" \/>\n<meta property=\"og:site_name\" content=\"Morro de S\u00e3o Paulo\" \/>\n<meta property=\"article:modified_time\" content=\"2020-12-23T21:49:23+00:00\" \/>\n<meta property=\"og:image\" content=\"http:\/\/www.morrodesaopaulobahiabrasil.com\/imagens\/pagseguro-compra-online-passagem-transfer-terrestre.png\" \/>\n<meta name=\"twitter:card\" content=\"summary_large_image\" \/>\n<meta name=\"twitter:label1\" content=\"Gesch\u00e4tzte Lesezeit\" \/>\n\t<meta name=\"twitter:data1\" content=\"2\u00a0Minuten\" \/>\n<script type=\"application\/ld+json\" class=\"yoast-schema-graph\">{\"@context\":\"https:\/\/schema.org\",\"@graph\":[{\"@type\":\"WebPage\",\"@id\":\"https:\/\/www.morrodesaopaulobahiabrasil.com\/de\/ueberfahrt-mit-dem-bus\/\",\"url\":\"https:\/\/www.morrodesaopaulobahiabrasil.com\/de\/ueberfahrt-mit-dem-bus\/\",\"name\":\"\u00dcberfahrt mit dem Bus - Morro de S\u00e3o Paulo\",\"isPartOf\":{\"@id\":\"https:\/\/www.morrodesaopaulobahiabrasil.com\/de\/#website\"},\"primaryImageOfPage\":{\"@id\":\"https:\/\/www.morrodesaopaulobahiabrasil.com\/de\/ueberfahrt-mit-dem-bus\/#primaryimage\"},\"image\":{\"@id\":\"https:\/\/www.morrodesaopaulobahiabrasil.com\/de\/ueberfahrt-mit-dem-bus\/#primaryimage\"},\"thumbnailUrl\":\"http:\/\/www.morrodesaopaulobahiabrasil.com\/imagens\/pagseguro-compra-online-passagem-transfer-terrestre.png\",\"datePublished\":\"2020-11-05T14:21:17+00:00\",\"dateModified\":\"2020-12-23T21:49:23+00:00\",\"description\":\"Morro de Sao Paulo - Bahia - Brasilien. Auf dem landweg mit dem Bus von Salvador nach Morro de Sao Paulo.\",\"breadcrumb\":{\"@id\":\"https:\/\/www.morrodesaopaulobahiabrasil.com\/de\/ueberfahrt-mit-dem-bus\/#breadcrumb\"},\"inLanguage\":\"de\",\"potentialAction\":[{\"@type\":\"ReadAction\",\"target\":[\"https:\/\/www.morrodesaopaulobahiabrasil.com\/de\/ueberfahrt-mit-dem-bus\/\"]}]},{\"@type\":\"ImageObject\",\"inLanguage\":\"de\",\"@id\":\"https:\/\/www.morrodesaopaulobahiabrasil.com\/de\/ueberfahrt-mit-dem-bus\/#primaryimage\",\"url\":\"http:\/\/www.morrodesaopaulobahiabrasil.com\/imagens\/pagseguro-compra-online-passagem-transfer-terrestre.png\",\"contentUrl\":\"http:\/\/www.morrodesaopaulobahiabrasil.com\/imagens\/pagseguro-compra-online-passagem-transfer-terrestre.png\"},{\"@type\":\"BreadcrumbList\",\"@id\":\"https:\/\/www.morrodesaopaulobahiabrasil.com\/de\/ueberfahrt-mit-dem-bus\/#breadcrumb\",\"itemListElement\":[{\"@type\":\"ListItem\",\"position\":1,\"name\":\"In\u00edcio\",\"item\":\"https:\/\/www.morrodesaopaulobahiabrasil.com\/de\/\"},{\"@type\":\"ListItem\",\"position\":2,\"name\":\"\u00dcberfahrt mit dem Bus\"}]},{\"@type\":\"WebSite\",\"@id\":\"https:\/\/www.morrodesaopaulobahiabrasil.com\/de\/#website\",\"url\":\"https:\/\/www.morrodesaopaulobahiabrasil.com\/de\/\",\"name\":\"Morro de S\u00e3o Paulo\",\"description\":\"As melhores ofertas de Pousadas, Hot\u00e9is, Passeios e Transfer Salvador Morro de S\u00e3o Paulo.\",\"potentialAction\":[{\"@type\":\"SearchAction\",\"target\":{\"@type\":\"EntryPoint\",\"urlTemplate\":\"https:\/\/www.morrodesaopaulobahiabrasil.com\/de\/?s={search_term_string}\"},\"query-input\":{\"@type\":\"PropertyValueSpecification\",\"valueRequired\":true,\"valueName\":\"search_term_string\"}}],\"inLanguage\":\"de\"}]}<\/script>\n<!-- \/ Yoast SEO plugin. -->","yoast_head_json":{"title":"\u00dcberfahrt mit dem Bus - Morro de S\u00e3o Paulo","description":"Morro de Sao Paulo - Bahia - Brasilien. Auf dem landweg mit dem Bus von Salvador nach Morro de Sao Paulo.","robots":{"index":"index","follow":"follow","max-snippet":"max-snippet:-1","max-image-preview":"max-image-preview:large","max-video-preview":"max-video-preview:-1"},"canonical":"https:\/\/www.morrodesaopaulobahiabrasil.com\/de\/ueberfahrt-mit-dem-bus\/","og_locale":"de_DE","og_type":"article","og_title":"\u00dcberfahrt mit dem Bus - Morro de S\u00e3o Paulo","og_description":"Morro de Sao Paulo - Bahia - Brasilien. Auf dem landweg mit dem Bus von Salvador nach Morro de Sao Paulo.","og_url":"https:\/\/www.morrodesaopaulobahiabrasil.com\/de\/ueberfahrt-mit-dem-bus\/","og_site_name":"Morro de S\u00e3o Paulo","article_modified_time":"2020-12-23T21:49:23+00:00","og_image":[{"url":"http:\/\/www.morrodesaopaulobahiabrasil.com\/imagens\/pagseguro-compra-online-passagem-transfer-terrestre.png","type":"","width":"","height":""}],"twitter_card":"summary_large_image","twitter_misc":{"Gesch\u00e4tzte Lesezeit":"2\u00a0Minuten"},"schema":{"@context":"https:\/\/schema.org","@graph":[{"@type":"WebPage","@id":"https:\/\/www.morrodesaopaulobahiabrasil.com\/de\/ueberfahrt-mit-dem-bus\/","url":"https:\/\/www.morrodesaopaulobahiabrasil.com\/de\/ueberfahrt-mit-dem-bus\/","name":"\u00dcberfahrt mit dem Bus - Morro de S\u00e3o Paulo","isPartOf":{"@id":"https:\/\/www.morrodesaopaulobahiabrasil.com\/de\/#website"},"primaryImageOfPage":{"@id":"https:\/\/www.morrodesaopaulobahiabrasil.com\/de\/ueberfahrt-mit-dem-bus\/#primaryimage"},"image":{"@id":"https:\/\/www.morrodesaopaulobahiabrasil.com\/de\/ueberfahrt-mit-dem-bus\/#primaryimage"},"thumbnailUrl":"http:\/\/www.morrodesaopaulobahiabrasil.com\/imagens\/pagseguro-compra-online-passagem-transfer-terrestre.png","datePublished":"2020-11-05T14:21:17+00:00","dateModified":"2020-12-23T21:49:23+00:00","description":"Morro de Sao Paulo - Bahia - Brasilien. Auf dem landweg mit dem Bus von Salvador nach Morro de Sao Paulo.","breadcrumb":{"@id":"https:\/\/www.morrodesaopaulobahiabrasil.com\/de\/ueberfahrt-mit-dem-bus\/#breadcrumb"},"inLanguage":"de","potentialAction":[{"@type":"ReadAction","target":["https:\/\/www.morrodesaopaulobahiabrasil.com\/de\/ueberfahrt-mit-dem-bus\/"]}]},{"@type":"ImageObject","inLanguage":"de","@id":"https:\/\/www.morrodesaopaulobahiabrasil.com\/de\/ueberfahrt-mit-dem-bus\/#primaryimage","url":"http:\/\/www.morrodesaopaulobahiabrasil.com\/imagens\/pagseguro-compra-online-passagem-transfer-terrestre.png","contentUrl":"http:\/\/www.morrodesaopaulobahiabrasil.com\/imagens\/pagseguro-compra-online-passagem-transfer-terrestre.png"},{"@type":"BreadcrumbList","@id":"https:\/\/www.morrodesaopaulobahiabrasil.com\/de\/ueberfahrt-mit-dem-bus\/#breadcrumb","itemListElement":[{"@type":"ListItem","position":1,"name":"In\u00edcio","item":"https:\/\/www.morrodesaopaulobahiabrasil.com\/de\/"},{"@type":"ListItem","position":2,"name":"\u00dcberfahrt mit dem Bus"}]},{"@type":"WebSite","@id":"https:\/\/www.morrodesaopaulobahiabrasil.com\/de\/#website","url":"https:\/\/www.morrodesaopaulobahiabrasil.com\/de\/","name":"Morro de S\u00e3o Paulo","description":"As melhores ofertas de Pousadas, Hot\u00e9is, Passeios e Transfer Salvador Morro de S\u00e3o Paulo.","potentialAction":[{"@type":"SearchAction","target":{"@type":"EntryPoint","urlTemplate":"https:\/\/www.morrodesaopaulobahiabrasil.com\/de\/?s={search_term_string}"},"query-input":{"@type":"PropertyValueSpecification","valueRequired":true,"valueName":"search_term_string"}}],"inLanguage":"de"}]}},"_links":{"self":[{"href":"https:\/\/www.morrodesaopaulobahiabrasil.com\/de\/wp-json\/wp\/v2\/pages\/6156","targetHints":{"allow":["GET"]}}],"collection":[{"href":"https:\/\/www.morrodesaopaulobahiabrasil.com\/de\/wp-json\/wp\/v2\/pages"}],"about":[{"href":"https:\/\/www.morrodesaopaulobahiabrasil.com\/de\/wp-json\/wp\/v2\/types\/page"}],"author":[{"embeddable":true,"href":"https:\/\/www.morrodesaopaulobahiabrasil.com\/de\/wp-json\/wp\/v2\/users\/5"}],"replies":[{"embeddable":true,"href":"https:\/\/www.morrodesaopaulobahiabrasil.com\/de\/wp-json\/wp\/v2\/comments?post=6156"}],"version-history":[{"count":7,"href":"https:\/\/www.morrodesaopaulobahiabrasil.com\/de\/wp-json\/wp\/v2\/pages\/6156\/revisions"}],"predecessor-version":[{"id":8408,"href":"https:\/\/www.morrodesaopaulobahiabrasil.com\/de\/wp-json\/wp\/v2\/pages\/6156\/revisions\/8408"}],"wp:attachment":[{"href":"https:\/\/www.morrodesaopaulobahiabrasil.com\/de\/wp-json\/wp\/v2\/media?parent=6156"}],"curies":[{"name":"wp","href":"https:\/\/api.w.org\/{rel}","templated":true}]}}