{"id":6547,"date":"2020-11-05T11:39:01","date_gmt":"2020-11-05T14:39:01","guid":{"rendered":"http:\/\/www.morrodesaopaulobahiabrasil.com\/cms\/passeios\/"},"modified":"2020-12-16T10:22:29","modified_gmt":"2020-12-16T13:22:29","slug":"ausfluege","status":"publish","type":"page","link":"https:\/\/www.morrodesaopaulobahiabrasil.com\/de\/ausfluege\/","title":{"rendered":"Ausfl\u00fcge"},"content":{"rendered":"<div class=\"wpb-content-wrapper\"><p>[vc_row][vc_column][vc_column_text]<\/p>\n<h2 align=\"center\">Ausfl\u00fcge in und um Morro de Sao Paulo<\/h2>\n<p>[\/vc_column_text][vc_empty_space][\/vc_column][\/vc_row][vc_row][vc_column width=&#8221;1\/2&#8243;][vc_column_text]<\/p>\n<h3 class=\"vc_custom_heading\" style=\"text-align: center;\">Ausflug zur Walbesichtigung<\/h3>\n<p>[\/vc_column_text][\/vc_column][vc_column width=&#8221;1\/2&#8243;][vc_single_image image=&#8221;5369&#8243; img_size=&#8221;large&#8221; alignment=&#8221;center&#8221; style=&#8221;vc_box_border&#8221; border_color=&#8221;orange&#8221;][\/vc_column][\/vc_row][vc_row][vc_column][vc_row_inner][vc_column_inner][vc_separator color=&#8221;custom&#8221; style=&#8221;shadow&#8221; border_width=&#8221;4&#8243; accent_color=&#8221;#e2e2e2&#8243;][\/vc_column_inner][\/vc_row_inner][\/vc_column][\/vc_row][vc_row][vc_column width=&#8221;1\/2&#8243;][vc_single_image image=&#8221;5385&#8243; img_size=&#8221;large&#8221; alignment=&#8221;center&#8221; style=&#8221;vc_box_border&#8221; border_color=&#8221;orange&#8221;][\/vc_column][vc_column width=&#8221;1\/2&#8243;][vc_column_text]<\/p>\n<h3 class=\"style12\" align=\"center\"><span class=\"style17\">Inselumrundung <\/span>&#8211; Tinhar\u00e9\/Boipeba<\/h3>\n<h3 class=\"style12\" align=\"center\"><\/h3>\n<p class=\"style20\" align=\"justify\">Ein unvergessliches Erlebnis. Besuchen Sie die sch\u00f6nsten Str\u00e4nde der Region, Schnorchel in den nat\u00fcrlichen Pools, besuchen und mehr \u00fcber die Geschichte der Boipeba Cairu damit die zweit\u00e4lteste Kirche von Brasilien.<\/p>\n<p class=\"style20\" align=\"justify\">Klicken Sie einfach auf das Foto finden Sie weitere Informationen \u00fcber die Tour, Termine und Preise.<\/p>\n<p>[\/vc_column_text][\/vc_column][\/vc_row][vc_row][vc_column][vc_row_inner][vc_column_inner][vc_separator color=&#8221;custom&#8221; style=&#8221;shadow&#8221; border_width=&#8221;4&#8243; accent_color=&#8221;#e2e2e2&#8243;][\/vc_column_inner][\/vc_row_inner][\/vc_column][\/vc_row][vc_row][vc_column width=&#8221;1\/2&#8243;][vc_column_text]<\/p>\n<h3 class=\"vc_custom_heading\" style=\"text-align: center;\">Ausflug nach Garapu\u00e1<\/h3>\n<p class=\"style20\">Klicken Sie einfach auf das Foto finden Sie weitere Informationen \u00fcber die Tour, Termine und Preise.<\/p>\n<p>[\/vc_column_text][\/vc_column][vc_column width=&#8221;1\/2&#8243;][vc_single_image image=&#8221;4355&#8243; img_size=&#8221;large&#8221; alignment=&#8221;center&#8221; style=&#8221;vc_box_border&#8221; border_color=&#8221;orange&#8221;][\/vc_column][\/vc_row][vc_row][vc_column][vc_row_inner][vc_column_inner][vc_separator color=&#8221;custom&#8221; style=&#8221;shadow&#8221; border_width=&#8221;4&#8243; accent_color=&#8221;#e2e2e2&#8243;][\/vc_column_inner][\/vc_row_inner][\/vc_column][\/vc_row][vc_row][vc_column width=&#8221;1\/2&#8243;][vc_single_image image=&#8221;5389&#8243; img_size=&#8221;large&#8221; alignment=&#8221;center&#8221; style=&#8221;vc_box_border&#8221; border_color=&#8221;orange&#8221;][\/vc_column][vc_column width=&#8221;1\/2&#8243;][vc_column_text]<\/p>\n<h3 class=\"vc_custom_heading\" style=\"text-align: center;\">Gamboa und Insel Coroa<\/h3>\n<p class=\"style20\">Klicken Sie einfach auf das Foto finden Sie weitere Informationen \u00fcber die Tour, Termine und Preise.<\/p>\n<p>[\/vc_column_text][\/vc_column][\/vc_row][vc_row][vc_column][vc_row_inner][vc_column_inner][vc_separator color=&#8221;custom&#8221; style=&#8221;shadow&#8221; border_width=&#8221;4&#8243; accent_color=&#8221;#e2e2e2&#8243;][\/vc_column_inner][\/vc_row_inner][\/vc_column][\/vc_row][vc_row][vc_column width=&#8221;1\/2&#8243;][vc_column_text]<\/p>\n<h3 style=\"text-align: center;\">Insel von Boipeba Off Road<\/h3>\n<p>[\/vc_column_text][\/vc_column][vc_column width=&#8221;1\/2&#8243;][vc_single_image image=&#8221;6444&#8243; img_size=&#8221;medium&#8221; alignment=&#8221;center&#8221; style=&#8221;vc_box_border&#8221; border_color=&#8221;orange&#8221;][\/vc_column][\/vc_row][vc_row][vc_column][vc_row_inner][vc_column_inner][vc_separator color=&#8221;custom&#8221; style=&#8221;shadow&#8221; border_width=&#8221;4&#8243; accent_color=&#8221;#e2e2e2&#8243;][\/vc_column_inner][\/vc_row_inner][\/vc_column][\/vc_row][vc_row][vc_column width=&#8221;1\/2&#8243;][vc_single_image image=&#8221;6448&#8243; img_size=&#8221;medium&#8221; alignment=&#8221;center&#8221; style=&#8221;vc_box_border&#8221; border_color=&#8221;orange&#8221;][\/vc_column][vc_column width=&#8221;1\/2&#8243;][vc_column_text]<\/p>\n<h3 style=\"text-align: center;\">Quad- Insel von Boipeba<\/h3>\n<p>[\/vc_column_text][\/vc_column][\/vc_row][vc_row][vc_column][vc_row_inner][vc_column_inner][vc_separator color=&#8221;custom&#8221; style=&#8221;shadow&#8221; border_width=&#8221;4&#8243; accent_color=&#8221;#e2e2e2&#8243;][\/vc_column_inner][\/vc_row_inner][\/vc_column][\/vc_row][vc_row][vc_column width=&#8221;1\/2&#8243;][vc_column_text]<\/p>\n<h3 style=\"text-align: center;\">Quad &#8211; Strand von Garapu\u00e1<\/h3>\n<p>[\/vc_column_text][\/vc_column][vc_column width=&#8221;1\/2&#8243;][vc_single_image image=&#8221;6452&#8243; img_size=&#8221;medium&#8221; alignment=&#8221;center&#8221; style=&#8221;vc_box_border&#8221; border_color=&#8221;orange&#8221;][\/vc_column][\/vc_row]<\/p>\n<\/div>","protected":false},"excerpt":{"rendered":"<p>[vc_row][vc_column][vc_column_text]<br \/>\nAusfl\u00fcge in und um Morro de Sao Paulo<br \/>\n[\/vc_column_text][vc_empty_space][\/vc_column][\/vc_row][vc_row][vc_column width=&#8221;1\/2&#8243;][vc_column_text]<br \/>\nAusflug zur Walbesichtigung<br \/>\n[\/vc_column_text][\/vc_column][vc_column width=&#8221;1\/2&#8243;][vc_single_image image=&#8221;5369&#8243; img_size=&#8221;large&#8221; alignment=&#8221;center&#8221; style=&#8221;vc_box_border&#8221; border_color=&#8221;orange&#8221;][\/vc_column][\/vc_row][vc_row][vc_column][vc_row_inner][vc_column_inner][vc_separator color=&#8221;custom&#8221; style=&#8221;shadow&#8221; border_width=&#8221;4&#8243; accent_color=&#8221;#e2e2e2&#8243;][\/vc_column_inner][\/vc_row_inner][\/vc_column][\/vc_row][vc_row][vc_column width=&#8221;1\/2&#8243;][vc_single_image image=&#8221;5385&#8243; img_size=&#8221;large&#8221; alignment=&#8221;center&#8221; style=&#8221;vc_box_border&#8221; <\/p>\n","protected":false},"author":5,"featured_media":0,"parent":0,"menu_order":0,"comment_status":"closed","ping_status":"closed","template":"","meta":{"footnotes":""},"class_list":["post-6547","page","type-page","status-publish","hentry"],"yoast_head":"<!-- This site is optimized with the Yoast SEO plugin v26.9 - https:\/\/yoast.com\/product\/yoast-seo-wordpress\/ -->\n<title>Ausfl\u00fcge - Morro de S\u00e3o Paulo<\/title>\n<meta name=\"description\" content=\"Ausfl\u00fcge und Tours in und um Morro de Sao Paulo. Morro de Sao Paulo - Bahia - Brasilien.\" \/>\n<meta name=\"robots\" content=\"index, follow, max-snippet:-1, max-image-preview:large, max-video-preview:-1\" \/>\n<link rel=\"canonical\" href=\"https:\/\/www.morrodesaopaulobahiabrasil.com\/de\/ausfluege\/\" \/>\n<meta property=\"og:locale\" content=\"de_DE\" \/>\n<meta property=\"og:type\" content=\"article\" \/>\n<meta property=\"og:title\" content=\"Ausfl\u00fcge - Morro de S\u00e3o Paulo\" \/>\n<meta property=\"og:description\" content=\"Ausfl\u00fcge und Tours in und um Morro de Sao Paulo. Morro de Sao Paulo - Bahia - Brasilien.\" \/>\n<meta property=\"og:url\" content=\"https:\/\/www.morrodesaopaulobahiabrasil.com\/de\/ausfluege\/\" \/>\n<meta property=\"og:site_name\" content=\"Morro de S\u00e3o Paulo\" \/>\n<meta property=\"article:modified_time\" content=\"2020-12-16T13:22:29+00:00\" \/>\n<meta name=\"twitter:card\" content=\"summary_large_image\" \/>\n<meta name=\"twitter:label1\" content=\"Gesch\u00e4tzte Lesezeit\" \/>\n\t<meta name=\"twitter:data1\" content=\"3\u00a0Minuten\" \/>\n<script type=\"application\/ld+json\" class=\"yoast-schema-graph\">{\"@context\":\"https:\/\/schema.org\",\"@graph\":[{\"@type\":\"WebPage\",\"@id\":\"https:\/\/www.morrodesaopaulobahiabrasil.com\/de\/ausfluege\/\",\"url\":\"https:\/\/www.morrodesaopaulobahiabrasil.com\/de\/ausfluege\/\",\"name\":\"Ausfl\u00fcge - Morro de S\u00e3o Paulo\",\"isPartOf\":{\"@id\":\"https:\/\/www.morrodesaopaulobahiabrasil.com\/de\/#website\"},\"datePublished\":\"2020-11-05T14:39:01+00:00\",\"dateModified\":\"2020-12-16T13:22:29+00:00\",\"description\":\"Ausfl\u00fcge und Tours in und um Morro de Sao Paulo. Morro de Sao Paulo - Bahia - Brasilien.\",\"breadcrumb\":{\"@id\":\"https:\/\/www.morrodesaopaulobahiabrasil.com\/de\/ausfluege\/#breadcrumb\"},\"inLanguage\":\"de\",\"potentialAction\":[{\"@type\":\"ReadAction\",\"target\":[\"https:\/\/www.morrodesaopaulobahiabrasil.com\/de\/ausfluege\/\"]}]},{\"@type\":\"BreadcrumbList\",\"@id\":\"https:\/\/www.morrodesaopaulobahiabrasil.com\/de\/ausfluege\/#breadcrumb\",\"itemListElement\":[{\"@type\":\"ListItem\",\"position\":1,\"name\":\"In\u00edcio\",\"item\":\"https:\/\/www.morrodesaopaulobahiabrasil.com\/de\/\"},{\"@type\":\"ListItem\",\"position\":2,\"name\":\"Ausfl\u00fcge\"}]},{\"@type\":\"WebSite\",\"@id\":\"https:\/\/www.morrodesaopaulobahiabrasil.com\/de\/#website\",\"url\":\"https:\/\/www.morrodesaopaulobahiabrasil.com\/de\/\",\"name\":\"Morro de S\u00e3o Paulo\",\"description\":\"As melhores ofertas de Pousadas, Hot\u00e9is, Passeios e Transfer Salvador Morro de S\u00e3o Paulo.\",\"potentialAction\":[{\"@type\":\"SearchAction\",\"target\":{\"@type\":\"EntryPoint\",\"urlTemplate\":\"https:\/\/www.morrodesaopaulobahiabrasil.com\/de\/?s={search_term_string}\"},\"query-input\":{\"@type\":\"PropertyValueSpecification\",\"valueRequired\":true,\"valueName\":\"search_term_string\"}}],\"inLanguage\":\"de\"}]}<\/script>\n<!-- \/ Yoast SEO plugin. -->","yoast_head_json":{"title":"Ausfl\u00fcge - Morro de S\u00e3o Paulo","description":"Ausfl\u00fcge und Tours in und um Morro de Sao Paulo. Morro de Sao Paulo - Bahia - Brasilien.","robots":{"index":"index","follow":"follow","max-snippet":"max-snippet:-1","max-image-preview":"max-image-preview:large","max-video-preview":"max-video-preview:-1"},"canonical":"https:\/\/www.morrodesaopaulobahiabrasil.com\/de\/ausfluege\/","og_locale":"de_DE","og_type":"article","og_title":"Ausfl\u00fcge - Morro de S\u00e3o Paulo","og_description":"Ausfl\u00fcge und Tours in und um Morro de Sao Paulo. Morro de Sao Paulo - Bahia - Brasilien.","og_url":"https:\/\/www.morrodesaopaulobahiabrasil.com\/de\/ausfluege\/","og_site_name":"Morro de S\u00e3o Paulo","article_modified_time":"2020-12-16T13:22:29+00:00","twitter_card":"summary_large_image","twitter_misc":{"Gesch\u00e4tzte Lesezeit":"3\u00a0Minuten"},"schema":{"@context":"https:\/\/schema.org","@graph":[{"@type":"WebPage","@id":"https:\/\/www.morrodesaopaulobahiabrasil.com\/de\/ausfluege\/","url":"https:\/\/www.morrodesaopaulobahiabrasil.com\/de\/ausfluege\/","name":"Ausfl\u00fcge - Morro de S\u00e3o Paulo","isPartOf":{"@id":"https:\/\/www.morrodesaopaulobahiabrasil.com\/de\/#website"},"datePublished":"2020-11-05T14:39:01+00:00","dateModified":"2020-12-16T13:22:29+00:00","description":"Ausfl\u00fcge und Tours in und um Morro de Sao Paulo. Morro de Sao Paulo - Bahia - Brasilien.","breadcrumb":{"@id":"https:\/\/www.morrodesaopaulobahiabrasil.com\/de\/ausfluege\/#breadcrumb"},"inLanguage":"de","potentialAction":[{"@type":"ReadAction","target":["https:\/\/www.morrodesaopaulobahiabrasil.com\/de\/ausfluege\/"]}]},{"@type":"BreadcrumbList","@id":"https:\/\/www.morrodesaopaulobahiabrasil.com\/de\/ausfluege\/#breadcrumb","itemListElement":[{"@type":"ListItem","position":1,"name":"In\u00edcio","item":"https:\/\/www.morrodesaopaulobahiabrasil.com\/de\/"},{"@type":"ListItem","position":2,"name":"Ausfl\u00fcge"}]},{"@type":"WebSite","@id":"https:\/\/www.morrodesaopaulobahiabrasil.com\/de\/#website","url":"https:\/\/www.morrodesaopaulobahiabrasil.com\/de\/","name":"Morro de S\u00e3o Paulo","description":"As melhores ofertas de Pousadas, Hot\u00e9is, Passeios e Transfer Salvador Morro de S\u00e3o Paulo.","potentialAction":[{"@type":"SearchAction","target":{"@type":"EntryPoint","urlTemplate":"https:\/\/www.morrodesaopaulobahiabrasil.com\/de\/?s={search_term_string}"},"query-input":{"@type":"PropertyValueSpecification","valueRequired":true,"valueName":"search_term_string"}}],"inLanguage":"de"}]}},"_links":{"self":[{"href":"https:\/\/www.morrodesaopaulobahiabrasil.com\/de\/wp-json\/wp\/v2\/pages\/6547","targetHints":{"allow":["GET"]}}],"collection":[{"href":"https:\/\/www.morrodesaopaulobahiabrasil.com\/de\/wp-json\/wp\/v2\/pages"}],"about":[{"href":"https:\/\/www.morrodesaopaulobahiabrasil.com\/de\/wp-json\/wp\/v2\/types\/page"}],"author":[{"embeddable":true,"href":"https:\/\/www.morrodesaopaulobahiabrasil.com\/de\/wp-json\/wp\/v2\/users\/5"}],"replies":[{"embeddable":true,"href":"https:\/\/www.morrodesaopaulobahiabrasil.com\/de\/wp-json\/wp\/v2\/comments?post=6547"}],"version-history":[{"count":4,"href":"https:\/\/www.morrodesaopaulobahiabrasil.com\/de\/wp-json\/wp\/v2\/pages\/6547\/revisions"}],"predecessor-version":[{"id":7820,"href":"https:\/\/www.morrodesaopaulobahiabrasil.com\/de\/wp-json\/wp\/v2\/pages\/6547\/revisions\/7820"}],"wp:attachment":[{"href":"https:\/\/www.morrodesaopaulobahiabrasil.com\/de\/wp-json\/wp\/v2\/media?parent=6547"}],"curies":[{"name":"wp","href":"https:\/\/api.w.org\/{rel}","templated":true}]}}