{"id":6658,"date":"2020-11-04T11:30:08","date_gmt":"2020-11-04T14:30:08","guid":{"rendered":"http:\/\/www.morrodesaopaulobahiabrasil.com\/cms\/quem-somos\/"},"modified":"2020-12-03T10:35:07","modified_gmt":"2020-12-03T13:35:07","slug":"wer-wir-sind","status":"publish","type":"page","link":"https:\/\/www.morrodesaopaulobahiabrasil.com\/de\/wer-wir-sind\/","title":{"rendered":"\u00dcber Uns"},"content":{"rendered":"<div class=\"wpb-content-wrapper\"><p>[vc_row][vc_column][vc_column_text]<\/p>\n<h2 class=\"jhH5U\" style=\"text-align: center;\">\u00dcber Uns<\/h2>\n<p>[\/vc_column_text][vc_empty_space][\/vc_column][\/vc_row][vc_row][vc_column][vc_column_text]<img loading=\"lazy\" decoding=\"async\" class=\" wp-image-6645 alignleft\" src=\"http:\/\/www.morrodesaopaulobahiabrasil.com\/cms\/wp-content\/uploads\/2020\/12\/slider-4-1024x1024-1-300x300.jpeg\" alt=\"\" width=\"332\" height=\"332\" srcset=\"https:\/\/www.morrodesaopaulobahiabrasil.com\/cms\/wp-content\/uploads\/2020\/12\/slider-4-1024x1024-1-300x300.jpeg 300w, https:\/\/www.morrodesaopaulobahiabrasil.com\/cms\/wp-content\/uploads\/2020\/12\/slider-4-1024x1024-1-150x150.jpeg 150w, https:\/\/www.morrodesaopaulobahiabrasil.com\/cms\/wp-content\/uploads\/2020\/12\/slider-4-1024x1024-1-768x768.jpeg 768w, https:\/\/www.morrodesaopaulobahiabrasil.com\/cms\/wp-content\/uploads\/2020\/12\/slider-4-1024x1024-1.jpeg 1024w\" sizes=\"auto, (max-width: 332px) 100vw, 332px\" \/><\/p>\n<p id=\"tw-target-text\" class=\"tw-data-text tw-text-large XcVN5d tw-ta\" dir=\"ltr\" data-placeholder=\"Tradu\u00e7\u00e3o\"><span lang=\"de\">Mit \u00fcber 15 Jahren Erfahrung in der Planung von Reisen und der Verwirklichung von Tr\u00e4umen ist es unser Ziel, unseren Kunden durch unsere Dienstleistungen und Reiseinformationen ein Verh\u00e4ltnis von Zufriedenheit und Vertrauen zu schaffen. Mit exklusiven Ausflugstipps, erg\u00e4nzt durch unseren Blog-Inhalt, wird Ihre Reise nach Morro de S\u00e3o Paulo vollst\u00e4ndig und voller Freizeit sein. Von Restaurants bis zu Besichtigungstouren m\u00f6chten wir Sie \u00fcber das Beste informieren, was dieser wundervolle Ort zu bieten hat. Dar\u00fcber hinaus bieten wir Transferpakete an, um sicherer an Ihrem endg\u00fcltigen Ziel anzukommen. Unsere Berater sind bestrebt, einen vollst\u00e4ndigen, differenzierten, schnellen und effizienten Service zu bieten. Wir haben Partnerschaften mit den besten Resorts, Gasth\u00e4usern und Hotels in Morro de S\u00e3o Paulo, wo Sie auf unserer Website den einladendsten Ort und zum besten Preis ausw\u00e4hlen k\u00f6nnen, um Sie mit maximalem Komfort zu den besten Reisezielen zu bringen.<\/span><\/p>\n<p>[\/vc_column_text][\/vc_column][\/vc_row]<\/p>\n<\/div>","protected":false},"excerpt":{"rendered":"<p>[vc_row][vc_column][vc_column_text]<br \/>\n\u00dcber Uns<br \/>\n[\/vc_column_text][vc_empty_space][\/vc_column][\/vc_row][vc_row][vc_column][vc_column_text]<br \/>\nMit \u00fcber 15 Jahren Erfahrung in der Planung von Reisen und der Verwirklichung von Tr\u00e4umen ist es unser Ziel, unseren Kunden durch unsere Dienstleistungen und Reiseinformationen <\/p>\n","protected":false},"author":5,"featured_media":0,"parent":0,"menu_order":0,"comment_status":"closed","ping_status":"closed","template":"","meta":{"footnotes":""},"class_list":["post-6658","page","type-page","status-publish","hentry"],"yoast_head":"<!-- This site is optimized with the Yoast SEO plugin v27.5 - https:\/\/yoast.com\/product\/yoast-seo-wordpress\/ -->\n<title>\u00dcber Uns - Morro de S\u00e3o Paulo<\/title>\n<meta name=\"description\" content=\"Morro de S\u00e3o Paulo - Bahia - Brasilien. Die besten Angebote von Gasth\u00e4usern, Hotels und Transfer Salvador Morro de S\u00e3o Paulo. Die Firma Zulu Turismo in Morro de S\u00e3o Paulo.\" \/>\n<meta name=\"robots\" content=\"index, follow, max-snippet:-1, max-image-preview:large, max-video-preview:-1\" \/>\n<link rel=\"canonical\" href=\"https:\/\/www.morrodesaopaulobahiabrasil.com\/de\/wer-wir-sind\/\" \/>\n<meta property=\"og:locale\" content=\"de_DE\" \/>\n<meta property=\"og:type\" content=\"article\" \/>\n<meta property=\"og:title\" content=\"\u00dcber Uns - Morro de S\u00e3o Paulo\" \/>\n<meta property=\"og:description\" content=\"Morro de S\u00e3o Paulo - Bahia - Brasilien. Die besten Angebote von Gasth\u00e4usern, Hotels und Transfer Salvador Morro de S\u00e3o Paulo. Die Firma Zulu Turismo in Morro de S\u00e3o Paulo.\" \/>\n<meta property=\"og:url\" content=\"https:\/\/www.morrodesaopaulobahiabrasil.com\/de\/wer-wir-sind\/\" \/>\n<meta property=\"og:site_name\" content=\"Morro de S\u00e3o Paulo\" \/>\n<meta property=\"article:modified_time\" content=\"2020-12-03T13:35:07+00:00\" \/>\n<meta property=\"og:image\" content=\"http:\/\/www.morrodesaopaulobahiabrasil.com\/cms\/wp-content\/uploads\/2020\/12\/slider-4-1024x1024-1-300x300.jpeg\" \/>\n<meta name=\"twitter:card\" content=\"summary_large_image\" \/>\n<meta name=\"twitter:label1\" content=\"Gesch\u00e4tzte Lesezeit\" \/>\n\t<meta name=\"twitter:data1\" content=\"1\u00a0Minute\" \/>\n<script type=\"application\/ld+json\" class=\"yoast-schema-graph\">{\"@context\":\"https:\\\/\\\/schema.org\",\"@graph\":[{\"@type\":\"WebPage\",\"@id\":\"https:\\\/\\\/www.morrodesaopaulobahiabrasil.com\\\/de\\\/wer-wir-sind\\\/\",\"url\":\"https:\\\/\\\/www.morrodesaopaulobahiabrasil.com\\\/de\\\/wer-wir-sind\\\/\",\"name\":\"\u00dcber Uns - Morro de S\u00e3o Paulo\",\"isPartOf\":{\"@id\":\"https:\\\/\\\/www.morrodesaopaulobahiabrasil.com\\\/de\\\/#website\"},\"primaryImageOfPage\":{\"@id\":\"https:\\\/\\\/www.morrodesaopaulobahiabrasil.com\\\/de\\\/wer-wir-sind\\\/#primaryimage\"},\"image\":{\"@id\":\"https:\\\/\\\/www.morrodesaopaulobahiabrasil.com\\\/de\\\/wer-wir-sind\\\/#primaryimage\"},\"thumbnailUrl\":\"http:\\\/\\\/www.morrodesaopaulobahiabrasil.com\\\/cms\\\/wp-content\\\/uploads\\\/2020\\\/12\\\/slider-4-1024x1024-1-300x300.jpeg\",\"datePublished\":\"2020-11-04T14:30:08+00:00\",\"dateModified\":\"2020-12-03T13:35:07+00:00\",\"description\":\"Morro de S\u00e3o Paulo - Bahia - Brasilien. Die besten Angebote von Gasth\u00e4usern, Hotels und Transfer Salvador Morro de S\u00e3o Paulo. Die Firma Zulu Turismo in Morro de S\u00e3o Paulo.\",\"breadcrumb\":{\"@id\":\"https:\\\/\\\/www.morrodesaopaulobahiabrasil.com\\\/de\\\/wer-wir-sind\\\/#breadcrumb\"},\"inLanguage\":\"de\",\"potentialAction\":[{\"@type\":\"ReadAction\",\"target\":[\"https:\\\/\\\/www.morrodesaopaulobahiabrasil.com\\\/de\\\/wer-wir-sind\\\/\"]}]},{\"@type\":\"ImageObject\",\"inLanguage\":\"de\",\"@id\":\"https:\\\/\\\/www.morrodesaopaulobahiabrasil.com\\\/de\\\/wer-wir-sind\\\/#primaryimage\",\"url\":\"http:\\\/\\\/www.morrodesaopaulobahiabrasil.com\\\/cms\\\/wp-content\\\/uploads\\\/2020\\\/12\\\/slider-4-1024x1024-1-300x300.jpeg\",\"contentUrl\":\"http:\\\/\\\/www.morrodesaopaulobahiabrasil.com\\\/cms\\\/wp-content\\\/uploads\\\/2020\\\/12\\\/slider-4-1024x1024-1-300x300.jpeg\"},{\"@type\":\"BreadcrumbList\",\"@id\":\"https:\\\/\\\/www.morrodesaopaulobahiabrasil.com\\\/de\\\/wer-wir-sind\\\/#breadcrumb\",\"itemListElement\":[{\"@type\":\"ListItem\",\"position\":1,\"name\":\"In\u00edcio\",\"item\":\"https:\\\/\\\/www.morrodesaopaulobahiabrasil.com\\\/de\\\/\"},{\"@type\":\"ListItem\",\"position\":2,\"name\":\"\u00dcber Uns\"}]},{\"@type\":\"WebSite\",\"@id\":\"https:\\\/\\\/www.morrodesaopaulobahiabrasil.com\\\/de\\\/#website\",\"url\":\"https:\\\/\\\/www.morrodesaopaulobahiabrasil.com\\\/de\\\/\",\"name\":\"Morro de S\u00e3o Paulo\",\"description\":\"As melhores ofertas de Pousadas, Hot\u00e9is, Passeios e Transfer Salvador Morro de S\u00e3o Paulo.\",\"potentialAction\":[{\"@type\":\"SearchAction\",\"target\":{\"@type\":\"EntryPoint\",\"urlTemplate\":\"https:\\\/\\\/www.morrodesaopaulobahiabrasil.com\\\/de\\\/?s={search_term_string}\"},\"query-input\":{\"@type\":\"PropertyValueSpecification\",\"valueRequired\":true,\"valueName\":\"search_term_string\"}}],\"inLanguage\":\"de\"}]}<\/script>\n<!-- \/ Yoast SEO plugin. -->","yoast_head_json":{"title":"\u00dcber Uns - Morro de S\u00e3o Paulo","description":"Morro de S\u00e3o Paulo - Bahia - Brasilien. Die besten Angebote von Gasth\u00e4usern, Hotels und Transfer Salvador Morro de S\u00e3o Paulo. Die Firma Zulu Turismo in Morro de S\u00e3o Paulo.","robots":{"index":"index","follow":"follow","max-snippet":"max-snippet:-1","max-image-preview":"max-image-preview:large","max-video-preview":"max-video-preview:-1"},"canonical":"https:\/\/www.morrodesaopaulobahiabrasil.com\/de\/wer-wir-sind\/","og_locale":"de_DE","og_type":"article","og_title":"\u00dcber Uns - Morro de S\u00e3o Paulo","og_description":"Morro de S\u00e3o Paulo - Bahia - Brasilien. Die besten Angebote von Gasth\u00e4usern, Hotels und Transfer Salvador Morro de S\u00e3o Paulo. Die Firma Zulu Turismo in Morro de S\u00e3o Paulo.","og_url":"https:\/\/www.morrodesaopaulobahiabrasil.com\/de\/wer-wir-sind\/","og_site_name":"Morro de S\u00e3o Paulo","article_modified_time":"2020-12-03T13:35:07+00:00","og_image":[{"url":"http:\/\/www.morrodesaopaulobahiabrasil.com\/cms\/wp-content\/uploads\/2020\/12\/slider-4-1024x1024-1-300x300.jpeg","type":"","width":"","height":""}],"twitter_card":"summary_large_image","twitter_misc":{"Gesch\u00e4tzte Lesezeit":"1\u00a0Minute"},"schema":{"@context":"https:\/\/schema.org","@graph":[{"@type":"WebPage","@id":"https:\/\/www.morrodesaopaulobahiabrasil.com\/de\/wer-wir-sind\/","url":"https:\/\/www.morrodesaopaulobahiabrasil.com\/de\/wer-wir-sind\/","name":"\u00dcber Uns - Morro de S\u00e3o Paulo","isPartOf":{"@id":"https:\/\/www.morrodesaopaulobahiabrasil.com\/de\/#website"},"primaryImageOfPage":{"@id":"https:\/\/www.morrodesaopaulobahiabrasil.com\/de\/wer-wir-sind\/#primaryimage"},"image":{"@id":"https:\/\/www.morrodesaopaulobahiabrasil.com\/de\/wer-wir-sind\/#primaryimage"},"thumbnailUrl":"http:\/\/www.morrodesaopaulobahiabrasil.com\/cms\/wp-content\/uploads\/2020\/12\/slider-4-1024x1024-1-300x300.jpeg","datePublished":"2020-11-04T14:30:08+00:00","dateModified":"2020-12-03T13:35:07+00:00","description":"Morro de S\u00e3o Paulo - Bahia - Brasilien. Die besten Angebote von Gasth\u00e4usern, Hotels und Transfer Salvador Morro de S\u00e3o Paulo. Die Firma Zulu Turismo in Morro de S\u00e3o Paulo.","breadcrumb":{"@id":"https:\/\/www.morrodesaopaulobahiabrasil.com\/de\/wer-wir-sind\/#breadcrumb"},"inLanguage":"de","potentialAction":[{"@type":"ReadAction","target":["https:\/\/www.morrodesaopaulobahiabrasil.com\/de\/wer-wir-sind\/"]}]},{"@type":"ImageObject","inLanguage":"de","@id":"https:\/\/www.morrodesaopaulobahiabrasil.com\/de\/wer-wir-sind\/#primaryimage","url":"http:\/\/www.morrodesaopaulobahiabrasil.com\/cms\/wp-content\/uploads\/2020\/12\/slider-4-1024x1024-1-300x300.jpeg","contentUrl":"http:\/\/www.morrodesaopaulobahiabrasil.com\/cms\/wp-content\/uploads\/2020\/12\/slider-4-1024x1024-1-300x300.jpeg"},{"@type":"BreadcrumbList","@id":"https:\/\/www.morrodesaopaulobahiabrasil.com\/de\/wer-wir-sind\/#breadcrumb","itemListElement":[{"@type":"ListItem","position":1,"name":"In\u00edcio","item":"https:\/\/www.morrodesaopaulobahiabrasil.com\/de\/"},{"@type":"ListItem","position":2,"name":"\u00dcber Uns"}]},{"@type":"WebSite","@id":"https:\/\/www.morrodesaopaulobahiabrasil.com\/de\/#website","url":"https:\/\/www.morrodesaopaulobahiabrasil.com\/de\/","name":"Morro de S\u00e3o Paulo","description":"As melhores ofertas de Pousadas, Hot\u00e9is, Passeios e Transfer Salvador Morro de S\u00e3o Paulo.","potentialAction":[{"@type":"SearchAction","target":{"@type":"EntryPoint","urlTemplate":"https:\/\/www.morrodesaopaulobahiabrasil.com\/de\/?s={search_term_string}"},"query-input":{"@type":"PropertyValueSpecification","valueRequired":true,"valueName":"search_term_string"}}],"inLanguage":"de"}]}},"_links":{"self":[{"href":"https:\/\/www.morrodesaopaulobahiabrasil.com\/de\/wp-json\/wp\/v2\/pages\/6658","targetHints":{"allow":["GET"]}}],"collection":[{"href":"https:\/\/www.morrodesaopaulobahiabrasil.com\/de\/wp-json\/wp\/v2\/pages"}],"about":[{"href":"https:\/\/www.morrodesaopaulobahiabrasil.com\/de\/wp-json\/wp\/v2\/types\/page"}],"author":[{"embeddable":true,"href":"https:\/\/www.morrodesaopaulobahiabrasil.com\/de\/wp-json\/wp\/v2\/users\/5"}],"replies":[{"embeddable":true,"href":"https:\/\/www.morrodesaopaulobahiabrasil.com\/de\/wp-json\/wp\/v2\/comments?post=6658"}],"version-history":[{"count":4,"href":"https:\/\/www.morrodesaopaulobahiabrasil.com\/de\/wp-json\/wp\/v2\/pages\/6658\/revisions"}],"predecessor-version":[{"id":6680,"href":"https:\/\/www.morrodesaopaulobahiabrasil.com\/de\/wp-json\/wp\/v2\/pages\/6658\/revisions\/6680"}],"wp:attachment":[{"href":"https:\/\/www.morrodesaopaulobahiabrasil.com\/de\/wp-json\/wp\/v2\/media?parent=6658"}],"curies":[{"name":"wp","href":"https:\/\/api.w.org\/{rel}","templated":true}]}}