{"id":5353,"date":"2017-08-22T18:26:55","date_gmt":"2017-08-22T21:26:55","guid":{"rendered":"http:\/\/www.morrodesaopaulobahiabrasil.com\/cms\/como-chegar-em-morro-de-sao-paulo\/"},"modified":"2024-07-09T09:45:17","modified_gmt":"2024-07-09T12:45:17","slug":"how-to-get-to-morro-de-sao-paulo","status":"publish","type":"page","link":"https:\/\/www.morrodesaopaulobahiabrasil.com\/en\/how-to-get-to-morro-de-sao-paulo\/","title":{"rendered":"How to get to Morro de Sao Paulo"},"content":{"rendered":"<div style=\"font-size: 14px; margin-bottom: 25px;\">Only two cities provide access to Morro de Sao Paulo, Salvador and Valen\u00e7a. What matters is which of the 03 ways you will choose. Arriving in Salvador you will have to choose between <a title=\"Shuttle from Salvador to Morro de S\u00e3o Paulo\" href=\"https:\/\/www.morrodesaopaulobahiabrasil.com\/en\/how-to-get-to-morro-de-sao-paulo\/air-shuttle\/\">air shuttle<\/a>, <a title=\"Transfer on the road from Salvador via Itaparica to Morro de S\u00e3o Paulo\" href=\"https:\/\/www.morrodesaopaulobahiabrasil.com\/en\/how-to-get-to-morro-de-sao-paulo\/land-shuttle\/\">land shuttle<\/a> and <a title=\"Catamaran from Salvador to Morro de Sao Paulo\" href=\"https:\/\/www.morrodesaopaulobahiabrasil.com\/en\/how-to-get-to-morro-de-sao-paulo\/boat-shuttle\/\">Catamaran from Salvador to Morro de Sao Paulo<\/a>.<\/div>\n<p><img loading=\"lazy\" decoding=\"async\" class=\"alignleft\" src=\"http:\/\/www.morrodesaopaulobahiabrasil.com\/imagens\/sobre-morro-sao-paulo\/como-chegar-morro-de-sao-paulo-aereo.jpg\" alt=\"How to get to Morro de S\u00e3o Paulo by air shuttle\" width=\"325\" height=\"190\" \/><\/p>\n<div style=\"font-size: 14px;\">Each option has a different travel time. Their values also vary widely. It is necessary to inform yourself about the times of your choosen transfer, because their schedules are limited, as well, before buying your tickets to Salvador &#8211; whether air or land &#8211; consider the possibilities of reaching Morro de Sao Paulo still on the same day. If you come to Salvador after 1:00 pm, you will only have the option air-shuttle, because the last catamaran to Morro de Sao Paulo leaves at 2:00 pm and you will not have enough time to arrive on time to board.<\/div>\n<h2><\/h2>\n<h2>Transfer A\u00e9reo<\/h2>\n<div style=\"font-size: 14px;\">\n<p><img loading=\"lazy\" decoding=\"async\" class=\"alignleft\" src=\"http:\/\/www.morrodesaopaulobahiabrasil.com\/imagens\/sobre-morro-sao-paulo\/como-chegar-morro-de-sao-paulo-transfer-aereo.jpg\" alt=\"Arring on Morro de S\u00e3o Paulo by plane\" width=\"325\" height=\"160\" \/><\/p>\n<\/div>\n<div style=\"font-size: 14px;\">The air shuttle has a travel time of only 25 minutes. At the International Airport Luis Eduardo Magalhaes the companies have branch offices and vans that take the passengers to the runway, located next to the airport. The place of your arrival in Morro de Sao Paulo will depend on the company. There are two tracks, one at Third Beach and the other on the Fourth Beach. The last one has a transport that carries its passengers to the receptive located behind the Second Beach. The value of this transfer is R$ 550.00 or R$ 1.800,00 per person per trip.<\/div>\n<h2>Transfer Mar\u00edtimo (catamaran boat)<\/h2>\n<p><img loading=\"lazy\" decoding=\"async\" class=\"alignleft\" src=\"http:\/\/www.morrodesaopaulobahiabrasil.com\/imagens\/sobre-morro-sao-paulo\/catamara-farol-do-morro-de-sao-paulo.jpg\" alt=\"Catamaran Farol do Morro de S\u00e3o Paulo - Shuttle by the sea\" width=\"325\" height=\"180\" \/><\/p>\n<div style=\"font-size: 14px;\">Another option is the transfer on the sea by Catamaran boat. Your journey time is approximately 2 hours. The departure point is the Ferry Terminal in front of the Mercado Modelo in the &#8220;Cidade Baixa&#8221; of Salvador da Bahia. The arrival in Morro de Sao Paulo is in the port (Ponte) located in the town next to Fortress of Tapirand\u00fa. Depending on the season and demand the value for the transfer varies between R$ 138,71 and R$ 151,81 per person per trip.<\/div>\n<h2><\/h2>\n<h2>Transfer Terrestre (sea and land)<\/h2>\n<div style=\"font-size: 14px;\">\n<p><img loading=\"lazy\" decoding=\"async\" class=\"alignleft\" src=\"http:\/\/www.morrodesaopaulobahiabrasil.com\/imagens\/sobre-morro-sao-paulo\/elevador-lacerda-transfer-como-chegar-terrestre.jpg\" alt=\"How to get to Morro de S\u00e3o Paulo by land on the road\" width=\"325\" height=\"225\" \/><\/p>\n<p>How to get to Morro de S\u00e3o Paulo ? Semi-Terrestrial (sea and land) Transfer from Collevtive R$ 124,00 per passenger or Private, the trips is only 30 minuters longer than the catamaran, 3 hours approximatelly. The trip is made by van or minibus and by boat. Those who choose to travel semi-terrestrial transfer (sea and land) have up to 3 options for boarding disembarking in different locations : Departures from Salvador International Airport or from Hotels and Inns in Salvador or from the Nautical Tourist Terminal in Salvador. Boarding via de Nautical corsses de ba\u00eda de Todos os Santos to Mar Grande or Bom Despacho on Itaparica Island.\u00a0 This journey takes 40 minutes to 1 hour. On the Island of Itaparica, follow the road to Praia Ponta do Curral, in the city of Valen\u00e7a.\u00a0 It&#8217;s a 25 minute boat ride to Morro de S\u00e3o Paulo. How to get from Salvador to Morro de S\u00e3o Paulo by sea and land only whit Semi-terrestrial Transfer, this is ideal for those who don&#8217;t like spending a lot of time on the high seas (open sea).<\/p>\n<p><img loading=\"lazy\" decoding=\"async\" class=\"alignright\" src=\"http:\/\/www.morrodesaopaulobahiabrasil.com\/imagens\/sobre-morro-sao-paulo\/salvador-porto-lancha-transfer-terrestre.jpg\" alt=\"Transfer from Salvador para Morro de S\u00e3o Paulo\" width=\"325\" height=\"180\" \/><\/p>\n<\/div>\n<div style=\"font-size: 14px;\">The Semi-Terrestrial Transfer to Morro de S\u00e3o Paulo picks up to passengers at all Hotels on the coast of Salvador up to close to the Airport. And also at Salvador International Airport. Hoe to get to Morro de S\u00e3o Paulo more peacefully whithout the hustle and bustle of the sea? it is the Semi-Terrestrial Transfer (sea and land).<\/div>\n","protected":false},"excerpt":{"rendered":"<p>Only two cities provide access to Morro de Sao Paulo, Salvador and Valen\u00e7a. What matters is which of the 03 ways you will choose. Arriving in Salvador you will have <\/p>\n","protected":false},"author":1,"featured_media":0,"parent":0,"menu_order":0,"comment_status":"closed","ping_status":"closed","template":"","meta":{"footnotes":""},"class_list":["post-5353","page","type-page","status-publish","hentry"],"yoast_head":"<!-- This site is optimized with the Yoast SEO plugin v26.9 - https:\/\/yoast.com\/product\/yoast-seo-wordpress\/ -->\n<title>How to get to Morro de Sao Paulo - Morro de S\u00e3o Paulo<\/title>\n<meta name=\"description\" content=\"Transfer Salvador Morro de Sao Paulo by air shuttle, catamaran and by car. Informations about the island Morro de Sao Paulo.\" \/>\n<meta name=\"robots\" content=\"index, follow, max-snippet:-1, max-image-preview:large, max-video-preview:-1\" \/>\n<link rel=\"canonical\" href=\"https:\/\/www.morrodesaopaulobahiabrasil.com\/en\/how-to-get-to-morro-de-sao-paulo\/\" \/>\n<meta property=\"og:locale\" content=\"en_US\" \/>\n<meta property=\"og:type\" content=\"article\" \/>\n<meta property=\"og:title\" content=\"How to get to Morro de Sao Paulo - Morro de S\u00e3o Paulo\" \/>\n<meta property=\"og:description\" content=\"Transfer Salvador Morro de Sao Paulo by air shuttle, catamaran and by car. Informations about the island Morro de Sao Paulo.\" \/>\n<meta property=\"og:url\" content=\"https:\/\/www.morrodesaopaulobahiabrasil.com\/en\/how-to-get-to-morro-de-sao-paulo\/\" \/>\n<meta property=\"og:site_name\" content=\"Morro de S\u00e3o Paulo\" \/>\n<meta property=\"article:modified_time\" content=\"2024-07-09T12:45:17+00:00\" \/>\n<meta property=\"og:image\" content=\"http:\/\/www.morrodesaopaulobahiabrasil.com\/imagens\/sobre-morro-sao-paulo\/como-chegar-morro-de-sao-paulo-aereo.jpg\" \/>\n<meta name=\"twitter:card\" content=\"summary_large_image\" \/>\n<meta name=\"twitter:label1\" content=\"Est. reading time\" \/>\n\t<meta name=\"twitter:data1\" content=\"4 minutes\" \/>\n<script type=\"application\/ld+json\" class=\"yoast-schema-graph\">{\"@context\":\"https:\/\/schema.org\",\"@graph\":[{\"@type\":\"WebPage\",\"@id\":\"https:\/\/www.morrodesaopaulobahiabrasil.com\/en\/how-to-get-to-morro-de-sao-paulo\/\",\"url\":\"https:\/\/www.morrodesaopaulobahiabrasil.com\/en\/how-to-get-to-morro-de-sao-paulo\/\",\"name\":\"How to get to Morro de Sao Paulo - Morro de S\u00e3o Paulo\",\"isPartOf\":{\"@id\":\"https:\/\/www.morrodesaopaulobahiabrasil.com\/en\/#website\"},\"primaryImageOfPage\":{\"@id\":\"https:\/\/www.morrodesaopaulobahiabrasil.com\/en\/how-to-get-to-morro-de-sao-paulo\/#primaryimage\"},\"image\":{\"@id\":\"https:\/\/www.morrodesaopaulobahiabrasil.com\/en\/how-to-get-to-morro-de-sao-paulo\/#primaryimage\"},\"thumbnailUrl\":\"http:\/\/www.morrodesaopaulobahiabrasil.com\/imagens\/sobre-morro-sao-paulo\/como-chegar-morro-de-sao-paulo-aereo.jpg\",\"datePublished\":\"2017-08-22T21:26:55+00:00\",\"dateModified\":\"2024-07-09T12:45:17+00:00\",\"description\":\"Transfer Salvador Morro de Sao Paulo by air shuttle, catamaran and by car. Informations about the island Morro de Sao Paulo.\",\"breadcrumb\":{\"@id\":\"https:\/\/www.morrodesaopaulobahiabrasil.com\/en\/how-to-get-to-morro-de-sao-paulo\/#breadcrumb\"},\"inLanguage\":\"en-US\",\"potentialAction\":[{\"@type\":\"ReadAction\",\"target\":[\"https:\/\/www.morrodesaopaulobahiabrasil.com\/en\/how-to-get-to-morro-de-sao-paulo\/\"]}]},{\"@type\":\"ImageObject\",\"inLanguage\":\"en-US\",\"@id\":\"https:\/\/www.morrodesaopaulobahiabrasil.com\/en\/how-to-get-to-morro-de-sao-paulo\/#primaryimage\",\"url\":\"http:\/\/www.morrodesaopaulobahiabrasil.com\/imagens\/sobre-morro-sao-paulo\/como-chegar-morro-de-sao-paulo-aereo.jpg\",\"contentUrl\":\"http:\/\/www.morrodesaopaulobahiabrasil.com\/imagens\/sobre-morro-sao-paulo\/como-chegar-morro-de-sao-paulo-aereo.jpg\"},{\"@type\":\"BreadcrumbList\",\"@id\":\"https:\/\/www.morrodesaopaulobahiabrasil.com\/en\/how-to-get-to-morro-de-sao-paulo\/#breadcrumb\",\"itemListElement\":[{\"@type\":\"ListItem\",\"position\":1,\"name\":\"In\u00edcio\",\"item\":\"https:\/\/www.morrodesaopaulobahiabrasil.com\/en\/\"},{\"@type\":\"ListItem\",\"position\":2,\"name\":\"How to get to Morro de Sao Paulo\"}]},{\"@type\":\"WebSite\",\"@id\":\"https:\/\/www.morrodesaopaulobahiabrasil.com\/en\/#website\",\"url\":\"https:\/\/www.morrodesaopaulobahiabrasil.com\/en\/\",\"name\":\"Morro de S\u00e3o Paulo\",\"description\":\"As melhores ofertas de Pousadas, Hot\u00e9is, Passeios e Transfer Salvador Morro de S\u00e3o Paulo.\",\"potentialAction\":[{\"@type\":\"SearchAction\",\"target\":{\"@type\":\"EntryPoint\",\"urlTemplate\":\"https:\/\/www.morrodesaopaulobahiabrasil.com\/en\/?s={search_term_string}\"},\"query-input\":{\"@type\":\"PropertyValueSpecification\",\"valueRequired\":true,\"valueName\":\"search_term_string\"}}],\"inLanguage\":\"en-US\"}]}<\/script>\n<!-- \/ Yoast SEO plugin. -->","yoast_head_json":{"title":"How to get to Morro de Sao Paulo - Morro de S\u00e3o Paulo","description":"Transfer Salvador Morro de Sao Paulo by air shuttle, catamaran and by car. Informations about the island Morro de Sao Paulo.","robots":{"index":"index","follow":"follow","max-snippet":"max-snippet:-1","max-image-preview":"max-image-preview:large","max-video-preview":"max-video-preview:-1"},"canonical":"https:\/\/www.morrodesaopaulobahiabrasil.com\/en\/how-to-get-to-morro-de-sao-paulo\/","og_locale":"en_US","og_type":"article","og_title":"How to get to Morro de Sao Paulo - Morro de S\u00e3o Paulo","og_description":"Transfer Salvador Morro de Sao Paulo by air shuttle, catamaran and by car. Informations about the island Morro de Sao Paulo.","og_url":"https:\/\/www.morrodesaopaulobahiabrasil.com\/en\/how-to-get-to-morro-de-sao-paulo\/","og_site_name":"Morro de S\u00e3o Paulo","article_modified_time":"2024-07-09T12:45:17+00:00","og_image":[{"url":"http:\/\/www.morrodesaopaulobahiabrasil.com\/imagens\/sobre-morro-sao-paulo\/como-chegar-morro-de-sao-paulo-aereo.jpg","type":"","width":"","height":""}],"twitter_card":"summary_large_image","twitter_misc":{"Est. reading time":"4 minutes"},"schema":{"@context":"https:\/\/schema.org","@graph":[{"@type":"WebPage","@id":"https:\/\/www.morrodesaopaulobahiabrasil.com\/en\/how-to-get-to-morro-de-sao-paulo\/","url":"https:\/\/www.morrodesaopaulobahiabrasil.com\/en\/how-to-get-to-morro-de-sao-paulo\/","name":"How to get to Morro de Sao Paulo - Morro de S\u00e3o Paulo","isPartOf":{"@id":"https:\/\/www.morrodesaopaulobahiabrasil.com\/en\/#website"},"primaryImageOfPage":{"@id":"https:\/\/www.morrodesaopaulobahiabrasil.com\/en\/how-to-get-to-morro-de-sao-paulo\/#primaryimage"},"image":{"@id":"https:\/\/www.morrodesaopaulobahiabrasil.com\/en\/how-to-get-to-morro-de-sao-paulo\/#primaryimage"},"thumbnailUrl":"http:\/\/www.morrodesaopaulobahiabrasil.com\/imagens\/sobre-morro-sao-paulo\/como-chegar-morro-de-sao-paulo-aereo.jpg","datePublished":"2017-08-22T21:26:55+00:00","dateModified":"2024-07-09T12:45:17+00:00","description":"Transfer Salvador Morro de Sao Paulo by air shuttle, catamaran and by car. Informations about the island Morro de Sao Paulo.","breadcrumb":{"@id":"https:\/\/www.morrodesaopaulobahiabrasil.com\/en\/how-to-get-to-morro-de-sao-paulo\/#breadcrumb"},"inLanguage":"en-US","potentialAction":[{"@type":"ReadAction","target":["https:\/\/www.morrodesaopaulobahiabrasil.com\/en\/how-to-get-to-morro-de-sao-paulo\/"]}]},{"@type":"ImageObject","inLanguage":"en-US","@id":"https:\/\/www.morrodesaopaulobahiabrasil.com\/en\/how-to-get-to-morro-de-sao-paulo\/#primaryimage","url":"http:\/\/www.morrodesaopaulobahiabrasil.com\/imagens\/sobre-morro-sao-paulo\/como-chegar-morro-de-sao-paulo-aereo.jpg","contentUrl":"http:\/\/www.morrodesaopaulobahiabrasil.com\/imagens\/sobre-morro-sao-paulo\/como-chegar-morro-de-sao-paulo-aereo.jpg"},{"@type":"BreadcrumbList","@id":"https:\/\/www.morrodesaopaulobahiabrasil.com\/en\/how-to-get-to-morro-de-sao-paulo\/#breadcrumb","itemListElement":[{"@type":"ListItem","position":1,"name":"In\u00edcio","item":"https:\/\/www.morrodesaopaulobahiabrasil.com\/en\/"},{"@type":"ListItem","position":2,"name":"How to get to Morro de Sao Paulo"}]},{"@type":"WebSite","@id":"https:\/\/www.morrodesaopaulobahiabrasil.com\/en\/#website","url":"https:\/\/www.morrodesaopaulobahiabrasil.com\/en\/","name":"Morro de S\u00e3o Paulo","description":"As melhores ofertas de Pousadas, Hot\u00e9is, Passeios e Transfer Salvador Morro de S\u00e3o Paulo.","potentialAction":[{"@type":"SearchAction","target":{"@type":"EntryPoint","urlTemplate":"https:\/\/www.morrodesaopaulobahiabrasil.com\/en\/?s={search_term_string}"},"query-input":{"@type":"PropertyValueSpecification","valueRequired":true,"valueName":"search_term_string"}}],"inLanguage":"en-US"}]}},"_links":{"self":[{"href":"https:\/\/www.morrodesaopaulobahiabrasil.com\/en\/wp-json\/wp\/v2\/pages\/5353","targetHints":{"allow":["GET"]}}],"collection":[{"href":"https:\/\/www.morrodesaopaulobahiabrasil.com\/en\/wp-json\/wp\/v2\/pages"}],"about":[{"href":"https:\/\/www.morrodesaopaulobahiabrasil.com\/en\/wp-json\/wp\/v2\/types\/page"}],"author":[{"embeddable":true,"href":"https:\/\/www.morrodesaopaulobahiabrasil.com\/en\/wp-json\/wp\/v2\/users\/1"}],"replies":[{"embeddable":true,"href":"https:\/\/www.morrodesaopaulobahiabrasil.com\/en\/wp-json\/wp\/v2\/comments?post=5353"}],"version-history":[{"count":10,"href":"https:\/\/www.morrodesaopaulobahiabrasil.com\/en\/wp-json\/wp\/v2\/pages\/5353\/revisions"}],"predecessor-version":[{"id":8571,"href":"https:\/\/www.morrodesaopaulobahiabrasil.com\/en\/wp-json\/wp\/v2\/pages\/5353\/revisions\/8571"}],"wp:attachment":[{"href":"https:\/\/www.morrodesaopaulobahiabrasil.com\/en\/wp-json\/wp\/v2\/media?parent=5353"}],"curies":[{"name":"wp","href":"https:\/\/api.w.org\/{rel}","templated":true}]}}