{"id":5357,"date":"2016-09-09T08:54:35","date_gmt":"2016-09-09T08:54:35","guid":{"rendered":"http:\/\/www.morrodesaopaulobahiabrasil.com\/cms\/home-page-2\/"},"modified":"2020-12-22T18:07:02","modified_gmt":"2020-12-22T21:07:02","slug":"home-page-2","status":"publish","type":"page","link":"https:\/\/www.morrodesaopaulobahiabrasil.com\/en\/","title":{"rendered":"Morro de S\u00e3o Paulo"},"content":{"rendered":"<div class=\"wpb-content-wrapper\"><p>[vc_row full_width=&#8221;stretch_row_content_no_spaces&#8221;][vc_column][vc_single_image image=&#8221;4948&#8243; img_size=&#8221;1900&#215;590&#8243; add_caption=&#8221;yes&#8221; alignment=&#8221;center&#8221; css_animation=&#8221;bounceInUp&#8221;][\/vc_column][\/vc_row][vc_row][vc_column][vc_empty_space height=&#8221;60px&#8221;]<div class=\"shortcode_title shortcode-title-style_1\"><h3 class=\"title_primary\">Shuttle Salvador - Morro de S\u00e3o Paulo<\/h3><span class=\"line_after_title\"><\/span><\/div>[\/vc_column][\/vc_row][vc_row el_class=&#8221;two-column-respon&#8221;][vc_column width=&#8221;1\/3&#8243;]<div class=\"widget-icon-box widget-icon-box-base iconbox-center\"><a href=\"https:\/\/www.morrodesaopaulobahiabrasil.com\/en\/how-to-get-to-morro-de-sao-paulo\/land-shuttle\/\" target=\"_self\"><div class=\"boxes-icon circle\" style=\"font-size:30px;width:80px; height:80px;line-height:80px\"><span class=\"inner-icon\"><i class=\"vc_icon_element-icon flaticon-people\"><\/i><\/span><\/div><div class=\"content-inner\" ><div class=\"sc-heading article_heading\"><h4 class=\"heading__primary\">Land Shuttle<\/h4><\/div><\/div><\/a><\/div>[\/vc_column][vc_column width=&#8221;1\/3&#8243;]<div class=\"widget-icon-box widget-icon-box-base iconbox-center\"><a href=\"https:\/\/www.morrodesaopaulobahiabrasil.com\/en\/how-to-get-to-morro-de-sao-paulo\/boat-shuttle\/\" target=\"_self\"><div class=\"boxes-icon \" style=\"font-size:30px;width:80px; height:80px;line-height:80px\"><span class=\"inner-icon\"><i class=\"vc_icon_element-icon flaticon-yacht\"><\/i><\/span><\/div><div class=\"content-inner\" ><div class=\"sc-heading article_heading\"><h4 class=\"heading__primary\">Boat Shuttle<\/h4><\/div><\/div><\/a><\/div>[\/vc_column][vc_column width=&#8221;1\/3&#8243;]<div class=\"widget-icon-box widget-icon-box-base iconbox-center\"><a href=\"https:\/\/www.morrodesaopaulobahiabrasil.com\/en\/how-to-get-to-morro-de-sao-paulo\/air-shuttle\/\" target=\"_self\"><div class=\"boxes-icon circle\" style=\"font-size:30px;width:80px; height:80px;line-height:80px\"><span class=\"inner-icon\"><i class=\"vc_icon_element-icon flaticon-airplane-1\"><\/i><\/span><\/div><div class=\"content-inner\" ><div class=\"sc-heading article_heading\"><h4 class=\"heading__primary\">Air shuttle<\/h4><\/div><\/div><\/a><\/div>[\/vc_column][\/vc_row][vc_row][vc_column][vc_empty_space height=&#8221;80px&#8221;][\/vc_column][\/vc_row][vc_row full_width=&#8221;stretch_row&#8221; parallax=&#8221;content-moving&#8221; parallax_image=&#8221;291&#8243;][vc_column][vc_empty_space height=&#8221;30px&#8221;][vc_custom_heading text=&#8221;Excursions in Morro de Sao Paulo&#8221; font_container=&#8221;tag:h2|text_align:center|color:%23ffffff&#8221; link=&#8221;url:http%3A%2F%2Fwww.morrodesaopaulobahiabrasil.com%2Fen%2Fexcursions%2F|||&#8221;][vc_raw_html]JTNDaDMlMjBzdHlsZSUzRCUyMmNvbG9yJTNBJTIzZmZmJTNCJTIwdGV4dC1hbGlnbiUzQWNlbnRlciUzQiUyMiUzRXRoZSUyMGJlc3QlMjB0b3VycyUyMGFyZSUyMGhlcmUlMEElMjElM0MlMkZoMyUzRSUwQSUzQ3AlMjBzdHlsZSUzRCUyMmNvbG9yJTNBJTIzZmZmJTNCJTIwdGV4dC1hbGlnbiUzQWNlbnRlciUzQiUyMiUzRUNyeXN0YWwlMjBjbGVhciUyMHdhcm0lMjB3YXRlciUyMGZvciUyMGElMjBnb29kJTIwZGl2aW5nJTIwaW4lMjBNb3JybyUyMGRlJTIwU2FvJTIwUGF1bG8lMjBhbmQlMjBpdHMlMjBzdXJyb3VuZGluZ3MlMjBpcyUyMHdhaXRpbmclMjBmb3IlMjB5b3UuJTBBTmF0dXJhbCUyMFBvb2xzJTIwZm9ybWVkJTIwYnklMjByZWVmcyUyQyUyMHdoZXJlJTIweW91JTIwY2FuJTIwc2VlJTIwdGhlJTIwY29sb3VyZnVsbCUyMGxpZmUlMjB1bmRlciUyMHdhdGVyLiUyMFRyb3BpY2FsJTIwZmlzaCUyMGFuZCUyMGJlYXV0aWZ1bCUyMGNvcmFsJTIwaW4lMjBldmVyeSUyMGNvbG91ciUyMHlvdSUyMGNhbiUyMGltYWdpbmUlMjBpbnNpZGUlMjB3YXJtJTIwdHJhbnNwYXJlbnQlMjB3YXRlciUyMHdpbGwlMjBnYXJhbnRlZSUyMHlvdXIlMjB1bmZvcmdldGFibGUlMjBtZW1vcmllcyUyMG9mJTIwTW9ycm8lMjBkZSUyMFNhbyUyMFBhdWxvLiUzQyUyRnAlM0UlMEElMEE=[\/vc_raw_html][vc_row_inner][vc_column_inner width=&#8221;1\/5&#8243; css=&#8221;.vc_custom_1605896206799{background-color: rgba(255,255,255,0.5) !important;*background-color: rgb(255,255,255) !important;}&#8221;][vc_single_image image=&#8221;6043&#8243; img_size=&#8221;300&#215;300&#8243;][vc_custom_heading text=&#8221;Around the Island&#8221; link=&#8221;url:http%3A%2F%2Fwww.morrodesaopaulobahiabrasil.com%2Fen%2Fexcursions%2F|title:Excursions||&#8221;][vc_raw_html]JTNDc3BhbiUyMGNsYXNzJTNEJTIycG9zdF9kYXRlJTIyJTNFOCUyMEhvdXJzJTNDJTJGc3BhbiUzRQ==[\/vc_raw_html][\/vc_column_inner][vc_column_inner width=&#8221;1\/5&#8243; css=&#8221;.vc_custom_1605895933347{background-color: #ffffff !important;}&#8221;][vc_single_image image=&#8221;6038&#8243; img_size=&#8221;300&#215;300&#8243;][vc_custom_heading text=&#8221;Beach of Garapu\u00e1&#8221; link=&#8221;url:http%3A%2F%2Fwww.morrodesaopaulobahiabrasil.com%2Fen%2Fexcursions%2F|title:Excursions||&#8221;][vc_raw_html]JTNDc3BhbiUyMGNsYXNzJTNEJTIycG9zdF9kYXRlJTIyJTNFNiUyMEhvdXJzJTNDJTJGc3BhbiUzRQ==[\/vc_raw_html][\/vc_column_inner][vc_column_inner width=&#8221;1\/5&#8243; css=&#8221;.vc_custom_1605895592617{margin-right: 3px !important;background-color: rgba(255,255,255,0.5) !important;*background-color: rgb(255,255,255) !important;}&#8221;][vc_single_image image=&#8221;6008&#8243; img_size=&#8221;medium&#8221;][vc_custom_heading text=&#8221;Coroa Island and Gamboa&#8221; link=&#8221;url:http%3A%2F%2Fwww.morrodesaopaulobahiabrasil.com%2Fen%2Fexcursions%2F|title:Excursions||&#8221;][vc_raw_html]JTNDc3BhbiUyMGNsYXNzJTNEJTIycG9zdF9kYXRlJTIyJTNFNiUyMEhvdXJzJTNDJTJGc3BhbiUzRQ==[\/vc_raw_html][\/vc_column_inner][vc_column_inner width=&#8221;1\/5&#8243; css=&#8221;.vc_custom_1605895680777{background-color: #ffffff !important;}&#8221;][vc_single_image image=&#8221;6018&#8243; img_size=&#8221;300&#215;300&#8243;][vc_custom_heading text=&#8221;Whale Watching Tour&#8221; link=&#8221;url:http%3A%2F%2Fwww.morrodesaopaulobahiabrasil.com%2Fen%2Fexcursions%2F|title:Excursions||&#8221;][vc_raw_html]JTNDc3BhbiUyMGNsYXNzJTNEJTIycG9zdF9kYXRlJTIyJTNFNCUyMEhvdXJzJTNDJTJGc3BhbiUzRQ==[\/vc_raw_html][\/vc_column_inner][vc_column_inner width=&#8221;1\/5&#8243; css=&#8221;.vc_custom_1605895840780{background-color: rgba(255,255,255,0.5) !important;*background-color: rgb(255,255,255) !important;}&#8221;][vc_single_image image=&#8221;6714&#8243; img_size=&#8221;300&#215;300&#8243;][vc_custom_heading text=&#8221;Quadricycle \u2013 Boipeba&#8221; link=&#8221;url:http%3A%2F%2Fwww.morrodesaopaulobahiabrasil.com%2Fen%2Fexcursions%2F|title:Excursions||&#8221;][vc_raw_html]JTNDc3BhbiUyMGNsYXNzJTNEJTIycG9zdF9kYXRlJTIyJTNFOCUyMEhvdXJzJTNDJTJGc3BhbiUzRQ==[\/vc_raw_html][\/vc_column_inner][\/vc_row_inner][vc_empty_space height=&#8221;60px&#8221;][vc_row_inner][vc_column_inner width=&#8221;1\/4&#8243;][\/vc_column_inner][vc_column_inner width=&#8221;1\/2&#8243;][vc_btn title=&#8221;View More&#8221; color=&#8221;vista-blue&#8221; align=&#8221;center&#8221; css_animation=&#8221;bounceInUp&#8221; link=&#8221;url:http%3A%2F%2Fwww.morrodesaopaulobahiabrasil.com%2Fen%2Fexcursions%2F|title:Excursions||&#8221;][\/vc_column_inner][vc_column_inner width=&#8221;1\/4&#8243;][\/vc_column_inner][\/vc_row_inner][vc_empty_space height=&#8221;60px&#8221;][\/vc_column][\/vc_row][vc_row full_width=&#8221;stretch_row&#8221; gap=&#8221;15&#8243; css=&#8221;.vc_custom_1482562714437{padding-top: 30px !important;padding-bottom: 60px !important;background-color: #ffffff !important;}&#8221; el_class=&#8221;fix-col-responsive&#8221;][vc_column width=&#8221;2\/3&#8243;][vc_custom_heading text=&#8221;Morro de Sao Paulo&#8221; google_fonts=&#8221;font_family:Montserrat%3Aregular%2C700|font_style:400%20regular%3A400%3Anormal&#8221;][vc_empty_space][vc_column_text]<\/p>\n<div class=\"style20\" align=\"justify\">\n<p><strong><img loading=\"lazy\" decoding=\"async\" class=\"border alignleft\" src=\"http:\/\/www.morrodesaopaulobahiabrasil.com\/imagens\/morro-de-sao-paulo.jpg\" alt=\"Morro de Sao Paulo\" width=\"330\" height=\"300\" border=\"2\" \/><\/strong>It is the world\u00b4s only municipality beeing a whole archipel consisting completly of islands,<br \/>\n&#8220;Munic\u00edpio de Cairu&#8221;.<br \/>\nWithin its natural beauty, the Island &#8211; Morro de Sao Paulo stands out as one of the best destinations for those who appreciate nature in its beautiest forms of expressions. Therefore Morro de Sao Paulo has a great diveristy of Inns and Hotels. Morro de Sao Paulo is the third biggest tourism complex of Bahia. Come and live this freedom!<br \/>\nCome and live Morro de Sao Paulo!!!<\/p>\n<\/div>\n<p>[\/vc_column_text][\/vc_column][vc_column width=&#8221;1\/3&#8243;][vc_custom_heading text=&#8221;Air Shuttle Salvador &#8211; Morro de Sao Paulo<br \/>\n(in just 25 minutes)&#8221; google_fonts=&#8221;font_family:Montserrat%3Aregular%2C700|font_style:400%20regular%3A400%3Anormal&#8221; link=&#8221;url:http%3A%2F%2Fwww.morrodesaopaulobahiabrasil.com%2Fen%2Fhow-to-get-to-morro-de-sao-paulo%2Fair-shuttle%2F|title:Air%20shuttle||&#8221;][vc_empty_space][vc_column_text]<img loading=\"lazy\" decoding=\"async\" class=\" wp-image-7208 alignleft\" src=\"http:\/\/www.morrodesaopaulobahiabrasil.com\/cms\/wp-content\/uploads\/2020\/12\/aerostar-taxi-aereo-salvador-morro-de-sao-paulo.jpg\" alt=\"\" width=\"211\" height=\"149\" \/><\/p>\n<p>Why waste time with a long journey of 2, 3 or even 4 hours if you can arrive in just 20 minutes?? Morro de Sao Paulo is waiting for you.<br \/>\nWith a panoramic flight where you can see the natural beauty of this tropical paradise.<br \/>\nLanding in the middle of a coconut grove by the sea will give you an unforgettable impression![\/vc_column_text][\/vc_column][\/vc_row][vc_row full_width=&#8221;stretch_row&#8221; parallax=&#8221;content-moving&#8221; parallax_image=&#8221;293&#8243;][vc_column][vc_empty_space height=&#8221;30px&#8221;][vc_custom_heading text=&#8221;Travel Tips for your stay in Morro de Sao Paulo&#8221; font_container=&#8221;tag:h2|text_align:center|color:%23ffffff&#8221; google_fonts=&#8221;font_family:Montserrat%3Aregular%2C700|font_style:400%20regular%3A400%3Anormal&#8221; css_animation=&#8221;bounceInLeft&#8221; link=&#8221;url:http%3A%2F%2Fwww.morrodesaopaulobahiabrasil.com%2Fen%2Fabout-morro%2Ftravel-tips%2F|title:Tipps%20f%C3%BCr%20Ihre%20Reise%20nach%20Morro%20de%20Sao%20Paulo||&#8221;][vc_row_inner el_class=&#8221;two-column-respon&#8221;][vc_column_inner width=&#8221;1\/3&#8243;][vc_single_image image=&#8221;4528&#8243; img_size=&#8221;medium&#8221; style=&#8221;vc_box_outline_circle&#8221; css_animation=&#8221;bounceInLeft&#8221;][\/vc_column_inner][vc_column_inner width=&#8221;1\/3&#8243;][vc_empty_space height=&#8221;50px&#8221;][vc_column_text css_animation=&#8221;bounceInUp&#8221;]<\/p>\n<h3 class=\"style20\"><span style=\"color: #ffffff;\">It is quite normal to have doubts before going to a destination we do not know. It&#8217;s always good to know how is the climate of the place, periods in which costs are higher, what to put in your suitcase and some important facts of the destination so one can prevent and ensure that his vacation will be successful.<\/span><\/h3>\n<p>[\/vc_column_text][vc_empty_space height=&#8221;50px&#8221;][vc_btn title=&#8221;View More&#8221; color=&#8221;vista-blue&#8221; align=&#8221;center&#8221; css_animation=&#8221;bounceInUp&#8221; link=&#8221;url:http%3A%2F%2Fwww.morrodesaopaulobahiabrasil.com%2Fen%2Fabout-morro%2Ftravel-tips%2F|title:Travel%20tips||&#8221;][\/vc_column_inner][vc_column_inner width=&#8221;1\/3&#8243;][vc_single_image image=&#8221;4532&#8243; img_size=&#8221;medium&#8221; alignment=&#8221;right&#8221; style=&#8221;vc_box_border_circle&#8221; css_animation=&#8221;bounceInRight&#8221;][\/vc_column_inner][\/vc_row_inner][vc_empty_space height=&#8221;60px&#8221;][\/vc_column][\/vc_row]<\/p>\n<\/div>","protected":false},"excerpt":{"rendered":"<p>Lorem ipsum dolor sit amet, consectetur adipiscing elit. Nam efficitur egestas risus. Sed eros augue, tempor et faucibus eu, cursus ac lacus. Ut sodales semper ante, at malesuada neque vestibulum vitae. Pellentesque luctus ipsum sit amet ligula facilisis rutrum. Nulla facilisi. Morbi rutrum nisi elementum urna faucibus, et porta elit lobortis. Donec imperdiet tristique tellus, ut consectetur ipsum tempus vitae<\/p>\n","protected":false},"author":1,"featured_media":0,"parent":0,"menu_order":0,"comment_status":"closed","ping_status":"closed","template":"page-templates\/homepage.php","meta":{"footnotes":""},"class_list":["post-5357","page","type-page","status-publish","hentry"],"yoast_head":"<!-- This site is optimized with the Yoast SEO plugin v26.9 - https:\/\/yoast.com\/product\/yoast-seo-wordpress\/ -->\n<title>Morro de S\u00e3o Paulo<\/title>\n<meta name=\"description\" content=\"Morro de S\u00e3o Paulo - Bahia - Brasil. As melhores ofertas de Pousadas, Hot\u00e9is, Passeios e Transfer Salvador Morro de S\u00e3o Paulo\" \/>\n<meta name=\"robots\" content=\"index, follow, max-snippet:-1, max-image-preview:large, max-video-preview:-1\" \/>\n<link rel=\"canonical\" href=\"https:\/\/www.morrodesaopaulobahiabrasil.com\/en\/\" \/>\n<meta property=\"og:locale\" content=\"en_US\" \/>\n<meta property=\"og:type\" content=\"article\" \/>\n<meta property=\"og:title\" content=\"Morro de S\u00e3o Paulo\" \/>\n<meta property=\"og:description\" content=\"Morro de S\u00e3o Paulo - Bahia - Brasil. As melhores ofertas de Pousadas, Hot\u00e9is, Passeios e Transfer Salvador Morro de S\u00e3o Paulo\" \/>\n<meta property=\"og:url\" content=\"https:\/\/www.morrodesaopaulobahiabrasil.com\/en\/\" \/>\n<meta property=\"og:site_name\" content=\"Morro de S\u00e3o Paulo\" \/>\n<meta property=\"article:modified_time\" content=\"2020-12-22T21:07:02+00:00\" \/>\n<meta property=\"og:image\" content=\"http:\/\/www.morrodesaopaulobahiabrasil.com\/imagens\/morro-de-sao-paulo.jpg\" \/>\n<meta name=\"twitter:card\" content=\"summary_large_image\" \/>\n<meta name=\"twitter:label1\" content=\"Est. reading time\" \/>\n\t<meta name=\"twitter:data1\" content=\"6 minutes\" \/>\n<script type=\"application\/ld+json\" class=\"yoast-schema-graph\">{\"@context\":\"https:\/\/schema.org\",\"@graph\":[{\"@type\":\"WebPage\",\"@id\":\"https:\/\/www.morrodesaopaulobahiabrasil.com\/en\/\",\"url\":\"https:\/\/www.morrodesaopaulobahiabrasil.com\/en\/\",\"name\":\"Morro de S\u00e3o Paulo\",\"isPartOf\":{\"@id\":\"https:\/\/www.morrodesaopaulobahiabrasil.com\/en\/#website\"},\"primaryImageOfPage\":{\"@id\":\"https:\/\/www.morrodesaopaulobahiabrasil.com\/en\/#primaryimage\"},\"image\":{\"@id\":\"https:\/\/www.morrodesaopaulobahiabrasil.com\/en\/#primaryimage\"},\"thumbnailUrl\":\"http:\/\/www.morrodesaopaulobahiabrasil.com\/imagens\/morro-de-sao-paulo.jpg\",\"datePublished\":\"2016-09-09T08:54:35+00:00\",\"dateModified\":\"2020-12-22T21:07:02+00:00\",\"description\":\"Morro de S\u00e3o Paulo - Bahia - Brasil. As melhores ofertas de Pousadas, Hot\u00e9is, Passeios e Transfer Salvador Morro de S\u00e3o Paulo\",\"breadcrumb\":{\"@id\":\"https:\/\/www.morrodesaopaulobahiabrasil.com\/en\/#breadcrumb\"},\"inLanguage\":\"en-US\",\"potentialAction\":[{\"@type\":\"ReadAction\",\"target\":[\"https:\/\/www.morrodesaopaulobahiabrasil.com\/en\/\"]}]},{\"@type\":\"ImageObject\",\"inLanguage\":\"en-US\",\"@id\":\"https:\/\/www.morrodesaopaulobahiabrasil.com\/en\/#primaryimage\",\"url\":\"http:\/\/www.morrodesaopaulobahiabrasil.com\/imagens\/morro-de-sao-paulo.jpg\",\"contentUrl\":\"http:\/\/www.morrodesaopaulobahiabrasil.com\/imagens\/morro-de-sao-paulo.jpg\"},{\"@type\":\"BreadcrumbList\",\"@id\":\"https:\/\/www.morrodesaopaulobahiabrasil.com\/en\/#breadcrumb\",\"itemListElement\":[{\"@type\":\"ListItem\",\"position\":1,\"name\":\"In\u00edcio\",\"item\":\"https:\/\/www.morrodesaopaulobahiabrasil.com\/en\/\"},{\"@type\":\"ListItem\",\"position\":2,\"name\":\"Morro de S\u00e3o Paulo\"}]},{\"@type\":\"WebSite\",\"@id\":\"https:\/\/www.morrodesaopaulobahiabrasil.com\/en\/#website\",\"url\":\"https:\/\/www.morrodesaopaulobahiabrasil.com\/en\/\",\"name\":\"Morro de S\u00e3o Paulo\",\"description\":\"As melhores ofertas de Pousadas, Hot\u00e9is, Passeios e Transfer Salvador Morro de S\u00e3o Paulo.\",\"potentialAction\":[{\"@type\":\"SearchAction\",\"target\":{\"@type\":\"EntryPoint\",\"urlTemplate\":\"https:\/\/www.morrodesaopaulobahiabrasil.com\/en\/?s={search_term_string}\"},\"query-input\":{\"@type\":\"PropertyValueSpecification\",\"valueRequired\":true,\"valueName\":\"search_term_string\"}}],\"inLanguage\":\"en-US\"}]}<\/script>\n<!-- \/ Yoast SEO plugin. -->","yoast_head_json":{"title":"Morro de S\u00e3o Paulo","description":"Morro de S\u00e3o Paulo - Bahia - Brasil. As melhores ofertas de Pousadas, Hot\u00e9is, Passeios e Transfer Salvador Morro de S\u00e3o Paulo","robots":{"index":"index","follow":"follow","max-snippet":"max-snippet:-1","max-image-preview":"max-image-preview:large","max-video-preview":"max-video-preview:-1"},"canonical":"https:\/\/www.morrodesaopaulobahiabrasil.com\/en\/","og_locale":"en_US","og_type":"article","og_title":"Morro de S\u00e3o Paulo","og_description":"Morro de S\u00e3o Paulo - Bahia - Brasil. As melhores ofertas de Pousadas, Hot\u00e9is, Passeios e Transfer Salvador Morro de S\u00e3o Paulo","og_url":"https:\/\/www.morrodesaopaulobahiabrasil.com\/en\/","og_site_name":"Morro de S\u00e3o Paulo","article_modified_time":"2020-12-22T21:07:02+00:00","og_image":[{"url":"http:\/\/www.morrodesaopaulobahiabrasil.com\/imagens\/morro-de-sao-paulo.jpg","type":"","width":"","height":""}],"twitter_card":"summary_large_image","twitter_misc":{"Est. reading time":"6 minutes"},"schema":{"@context":"https:\/\/schema.org","@graph":[{"@type":"WebPage","@id":"https:\/\/www.morrodesaopaulobahiabrasil.com\/en\/","url":"https:\/\/www.morrodesaopaulobahiabrasil.com\/en\/","name":"Morro de S\u00e3o Paulo","isPartOf":{"@id":"https:\/\/www.morrodesaopaulobahiabrasil.com\/en\/#website"},"primaryImageOfPage":{"@id":"https:\/\/www.morrodesaopaulobahiabrasil.com\/en\/#primaryimage"},"image":{"@id":"https:\/\/www.morrodesaopaulobahiabrasil.com\/en\/#primaryimage"},"thumbnailUrl":"http:\/\/www.morrodesaopaulobahiabrasil.com\/imagens\/morro-de-sao-paulo.jpg","datePublished":"2016-09-09T08:54:35+00:00","dateModified":"2020-12-22T21:07:02+00:00","description":"Morro de S\u00e3o Paulo - Bahia - Brasil. As melhores ofertas de Pousadas, Hot\u00e9is, Passeios e Transfer Salvador Morro de S\u00e3o Paulo","breadcrumb":{"@id":"https:\/\/www.morrodesaopaulobahiabrasil.com\/en\/#breadcrumb"},"inLanguage":"en-US","potentialAction":[{"@type":"ReadAction","target":["https:\/\/www.morrodesaopaulobahiabrasil.com\/en\/"]}]},{"@type":"ImageObject","inLanguage":"en-US","@id":"https:\/\/www.morrodesaopaulobahiabrasil.com\/en\/#primaryimage","url":"http:\/\/www.morrodesaopaulobahiabrasil.com\/imagens\/morro-de-sao-paulo.jpg","contentUrl":"http:\/\/www.morrodesaopaulobahiabrasil.com\/imagens\/morro-de-sao-paulo.jpg"},{"@type":"BreadcrumbList","@id":"https:\/\/www.morrodesaopaulobahiabrasil.com\/en\/#breadcrumb","itemListElement":[{"@type":"ListItem","position":1,"name":"In\u00edcio","item":"https:\/\/www.morrodesaopaulobahiabrasil.com\/en\/"},{"@type":"ListItem","position":2,"name":"Morro de S\u00e3o Paulo"}]},{"@type":"WebSite","@id":"https:\/\/www.morrodesaopaulobahiabrasil.com\/en\/#website","url":"https:\/\/www.morrodesaopaulobahiabrasil.com\/en\/","name":"Morro de S\u00e3o Paulo","description":"As melhores ofertas de Pousadas, Hot\u00e9is, Passeios e Transfer Salvador Morro de S\u00e3o Paulo.","potentialAction":[{"@type":"SearchAction","target":{"@type":"EntryPoint","urlTemplate":"https:\/\/www.morrodesaopaulobahiabrasil.com\/en\/?s={search_term_string}"},"query-input":{"@type":"PropertyValueSpecification","valueRequired":true,"valueName":"search_term_string"}}],"inLanguage":"en-US"}]}},"_links":{"self":[{"href":"https:\/\/www.morrodesaopaulobahiabrasil.com\/en\/wp-json\/wp\/v2\/pages\/5357","targetHints":{"allow":["GET"]}}],"collection":[{"href":"https:\/\/www.morrodesaopaulobahiabrasil.com\/en\/wp-json\/wp\/v2\/pages"}],"about":[{"href":"https:\/\/www.morrodesaopaulobahiabrasil.com\/en\/wp-json\/wp\/v2\/types\/page"}],"author":[{"embeddable":true,"href":"https:\/\/www.morrodesaopaulobahiabrasil.com\/en\/wp-json\/wp\/v2\/users\/1"}],"replies":[{"embeddable":true,"href":"https:\/\/www.morrodesaopaulobahiabrasil.com\/en\/wp-json\/wp\/v2\/comments?post=5357"}],"version-history":[{"count":11,"href":"https:\/\/www.morrodesaopaulobahiabrasil.com\/en\/wp-json\/wp\/v2\/pages\/5357\/revisions"}],"predecessor-version":[{"id":8322,"href":"https:\/\/www.morrodesaopaulobahiabrasil.com\/en\/wp-json\/wp\/v2\/pages\/5357\/revisions\/8322"}],"wp:attachment":[{"href":"https:\/\/www.morrodesaopaulobahiabrasil.com\/en\/wp-json\/wp\/v2\/media?parent=5357"}],"curies":[{"name":"wp","href":"https:\/\/api.w.org\/{rel}","templated":true}]}}