{"id":5400,"date":"2017-12-01T12:41:33","date_gmt":"2017-12-01T14:41:33","guid":{"rendered":"http:\/\/www.morrodesaopaulobahiabrasil.com\/cms\/hospedagem-em-morro-de-sao-paulo\/"},"modified":"2020-12-22T18:19:54","modified_gmt":"2020-12-22T21:19:54","slug":"lodging-in-morro-de-sao-paulo","status":"publish","type":"page","link":"https:\/\/www.morrodesaopaulobahiabrasil.com\/en\/lodging-in-morro-de-sao-paulo\/","title":{"rendered":"Lodging in Morro de Sao Paulo"},"content":{"rendered":"<p><img loading=\"lazy\" decoding=\"async\" class=\"alignleft\" src=\"http:\/\/www.morrodesaopaulobahiabrasil.com\/imagens\/sobre-morro-sao-paulo\/pousadas-hoteis\/pousadas-hoteis-morro-de-sao-paulo.jpg\" alt=\"Pousadas and Hotels of Morro de Sao Paulo\" width=\"290\" height=\"280\" \/>To deal with the tourist demand, currently Morro de Sao Paulo offers many\u00a0<a title=\"Packages of Pousadas and Hotels of Morro de Sao Paulo\" href=\"https:\/\/www.morrodesaopaulobahiabrasil.com\/en\/lodging-in-morro-de-sao-paulo\/pousadas-and-hotels\/\">Pousadas and Hotels<\/a>\u00a0for its visitors. Given all the public offering everything from luxury hotels to hostels and the simplicity of campsites and hostels, as well as economic and gracious Hotels. Much of these hotels are located on the beaches of Morro de Sao Paulo, but we find accommodations in the village and the smaller streets around the village as well. You just have to know which beach you want to stay and what&#8217;s your intent of your vacation, for example, the Fourth and Fifth Beach are suitable for those seeking relaxation, comfort and privacy of semi deserted beaches. And the village, First, Second and Third Beach are for those who like agitation. It is in the Second Beach where the ones who like to party should stay.<\/p>\n<p><img loading=\"lazy\" decoding=\"async\" class=\"alignright\" src=\"http:\/\/www.morrodesaopaulobahiabrasil.com\/imagens\/sobre-morro-sao-paulo\/pousadas-hoteis\/pousadas-hoteis-morro-de-sao-paulo-beira-mar.jpg\" alt=\"Pousadas and Hotels seafront in Morro de Sao Paulo\" width=\"290\" height=\"235\" \/>With so many options, the most suitable is always to make your reservations early, especially in high season months from December to March and from July to September, as well at the extended holidays. Even during low season, the ideal is to inform yourself about what the beaches offer and choose the Pousada or Hotel of your preference in advance. Thus it is very important to know what you&#8217;re looking for on your vacation. For those seeking economy, in the center are excellent options. The seaside inns that offer a wonderful visual is also a good tip and these extend until the fourth beach.<\/p>\n<h2 align=\"center\"><\/h2>\n<p>&nbsp;<\/p>\n<h2 align=\"center\">Pousadas and Hotels at the Center of Morro de Sao Paulo<\/h2>\n<p><img loading=\"lazy\" decoding=\"async\" class=\"alignleft\" src=\"http:\/\/www.morrodesaopaulobahiabrasil.com\/imagens\/sobre-morro-sao-paulo\/pousadas-hoteis\/pousadas-hoteis-charme-hidro-morro-de-sao-paulo.jpg\" alt=\"Pousada Charme at the Center of Morro de Sao Paulo\" width=\"290\" height=\"250\" \/>The Center of Morro de Sao Paulo is very busy and is composed of the main street, known as Caminho da Praia (Beach Road). Here you find the biggest part of the restaurants, Hotels, Pousadas and commerce in general, among them: Pousada Caminho da Praia, Pousada Mareia, Pousada Charme Pousada Mediterr\u00e2neo, Pousada Estev\u00e3o, Pousada do Ga\u00facho, Pousada Natal and Casa Blanca. Another Road is the Rua da Biquinha that starts at Rua da Fonte Grande and terminates at the Rua da Prainha. It&#8217;s a very quiet and little alley, frequented by tourists. Residents use this way when they do not want to go through the sometimes very busy Street from Caminho da Praia. Here you&#8217;ll find the Pousada Uma Janela para o Sol, Pousada Passarte I and II, Pousada Sheherazade, Pousada Bela Vista, Pousada Toca da Arraia and the\u00a0Pousada P\u00e9rola do Morro.<\/p>\n<p><img loading=\"lazy\" decoding=\"async\" class=\"alignright\" src=\"http:\/\/www.morrodesaopaulobahiabrasil.com\/imagens\/sobre-morro-sao-paulo\/pousadas-hoteis\/pousadas-hoteis-portalo-amendoeira-morro-de-sao-paulo.jpg\" alt=\"The hotels Portal\u00f3 and Amendoeira at the harbour of Morro de Sao Paulo\" width=\"290\" height=\"240\" \/>Upon the arrival at the Pier, we find\u00a0Hotel Portal\u00f3\u00a0taking its name from the historic monument. Then after going up a hill we are already at the beginning the Center, on our right we see the the Igreja da Nossa Senhora da Luz (Church of Our Lady of Light) and the pra\u00e7a in front of a hughe Amendoeira (Almond Tree). On the outskirts of this small pra\u00e7a which is overlooking the sea, are excellent Hotels and Pousadas as the\u00a0Hotel Pousada Natureza\u00a0and Pousada Pass\u00e1rgada. As well as the Pousada Xer\u00edfe (sheriff) and the\u00a0Hotel Amendoeira\u00a0that are more economical. After the Pra\u00e7a da Amendoeira we come to the Pra\u00e7a Aureliano Lima, it also has very good and traditional Inns such as\u00a0Pousada O Casar\u00e3o,\u00a0Pousada Solar das Artes\u00a0and the Pousada do Joe.<\/p>\n<p><img loading=\"lazy\" decoding=\"async\" class=\"alignleft\" src=\"http:\/\/www.morrodesaopaulobahiabrasil.com\/imagens\/sobre-morro-sao-paulo\/pousadas-hoteis\/pousadas-hoteis-fonte-grande-morro-de-sao-paulo.jpg\" alt=\"Pousadas and hotels at the Fonte Grande de Morro de Sao Paulo\" width=\"290\" height=\"175\" \/>The last street which is part of the Vila (Center) in Morro de Sao Paulo is the Rua da Fonte Grande, which also has a lot of shops, houses and of course, pousadas and hotels. Most villagers have to go through there to go to their homes. We find there more economical accommodations, but not less charming. Such as the Pousada da Fonte Grande, Canto da Sereia, Pousada Fonte do Imperador, Pousada Tinhar\u00e9, Pousada Escorregue no Reggae, Pousada Aconchego, Pousada Caravelas, Pousada Tia Preta, Pousada and Camping Dona America and Pousada Volta Grande. Entering the Rua da Praia do Porto de Cima you find, Pousada Aquarela, Pousada Colibri and\u00a0Pousada Porto de Cima.<\/p>\n<p>&nbsp;<\/p>\n<h2 align=\"center\">Pousadas and Hotels at the First Beach<\/h2>\n<p><img loading=\"lazy\" decoding=\"async\" class=\"alignright\" src=\"http:\/\/www.morrodesaopaulobahiabrasil.com\/imagens\/sobre-morro-sao-paulo\/pousadas-hoteis\/pousada-morena-morro-de-sao-paulo.jpg\" alt=\"Pousada Morena at First Beach of Morro de Sao Paulo\" width=\"290\" height=\"160\" \/>At the First Beach in Morro de Sao Paulo we casn find plenty of shops, drug stores, pousadas, hotels, restaurants, as well as fast food. Its location is perfect to enjoy sleeping in a quiet area on the same time beeing close to agitation. It is located between the Center and the Second Beach. There are both hotels on the sea and across the street parallel to the sea. There are: Pousada Ilha das Flores, Pousada Ilha da Saudade, Pousada Ilha do Sol, Pousada Brisa mar (Sea Breeze), Pousada Lua Cheia (Full Moon),\u00a0Morena Pousada, Pousada Palmeira, Pousada Kasa de Praia, Pousada Via Brazil, Pousada Porto dos Milagres,\u00a0Pousada Farol do Morro, Pousada Nativo and Aroeira Beach Hotel.<\/p>\n<h2 align=\"center\"><\/h2>\n<h2 align=\"center\">Pousadas and Hotels at the second Beach<\/h2>\n<p><img loading=\"lazy\" decoding=\"async\" class=\"alignleft\" src=\"http:\/\/www.morrodesaopaulobahiabrasil.com\/imagens\/sobre-morro-sao-paulo\/pousadas-hoteis\/pousada-da-torre-morro-de-sao-paulo.jpg\" alt=\"Pousada da Torre at Segunda Praia of Morro de Sao Paulo\" width=\"290\" height=\"140\" \/>The Second Beach is the busiest at day and night. It is ideal for tourists who come in search of fun, party and agitation of a beach super busy. In it there are many seafront restaurants with umbrellas and chairs for it&#8217;s visitors. Small local shops, cyber caf\u00e9, travel agency, markets and hotels and pousadas are also found.<\/p>\n<p><img loading=\"lazy\" decoding=\"async\" class=\"alignright\" src=\"http:\/\/www.morrodesaopaulobahiabrasil.com\/imagens\/sobre-morro-sao-paulo\/pousadas-hoteis\/pousadas-hoteis-segunda-praia-morro-de-sao-paulo.jpg\" alt=\"Pousadas and hotels at the Segunda praia of Morro de Sao Paulo\" width=\"290\" height=\"110\" \/>At the beach are the Hotels and Pousadas: Pousada Bahia Bella, Pousada Sol de Ver\u00e3o,\u00a0Pousada Villa das Pedras,\u00a0Pousada da Torre, Pousada Tapirandu, Clube do Balan\u00e7o, Pousada Estrela do Mar, Pousada Funny.<br \/>\nThe Pousadas in the narrow streets of Second Beach are: Pousada Timbaland, Pousada Michele, Pousada Girassol (Sunflower), Pousada Encanto da Lua, Varanda do Sol, Urucum, Millennium II, Le Terrace Beach Hotel, Pousada Sambass,Pousada Fantasia do Morro and Pousada Portal do Sol II.<\/p>\n<h2 align=\"center\">Pousadas and Hotels at the Third Beach<\/h2>\n<p><img loading=\"lazy\" decoding=\"async\" class=\"alignleft\" src=\"http:\/\/www.morrodesaopaulobahiabrasil.com\/imagens\/sobre-morro-sao-paulo\/pousadas-hoteis\/pousadas-hoteis-terceira-beira-mar-morro-de-sao-paulo.jpg\" alt=\"Pousadas and Hotels at the sea on Third Beach of Morro de Sao Paulo\" width=\"290\" height=\"150\" \/>The Third Beach of Morro de Sao Paulo is located between the agitated Second Beach and the Fourth Beach paradise. With easy access and only 15 minutes away from the Vila (Center of Morro de Sao Paulo). It has a small structure with some shops, small markets, restaurants and a few hotels and pousadas. Some of the hotels have their own restaurant, some of them open to the public in general. The beach is surrounded by reefs, has warm waters and is not as full of tourists as the Second Beach.<\/p>\n<p><img loading=\"lazy\" decoding=\"async\" class=\"alignright\" src=\"http:\/\/www.morrodesaopaulobahiabrasil.com\/imagens\/sobre-morro-sao-paulo\/pousadas-hoteis\/pousadas-hoteis-terceira-praia-morro-de-sao-paulo.jpg\" alt=\"Pousadas and hotels at the Third Beach of Morro de Sao Paulo\" width=\"290\" height=\"150\" \/>At the beach:\u00a0Pousada Minha Louca Paix\u00e3o, Pousada Aradhia, Pousada Kanzu\u00e1 do Marujo,\u00a0Pousada Para\u00edso do Morro, Pousada \u00c1gua Viva, Pousada Aparecida do Mar, Pousada Chez Max, Pousada Farol da Estrelas, P. Grau\u00e7\u00e1, Pousada Paradise, Hotel Fazenda Caeira, Hotel Villa dos Corais,\u00a0Hotel Village Para\u00edso Tropical\u00a0and Pousada Villa Guaiamu.<br \/>\nOthers options not beeing at the beach are: Pousada Coqueiro do Cait\u00e1, Pousada G\u00eanova, Pousada Encanto do Morro, Pousada Albatroz, P. Barra Vento, P. Tranq\u00fcila, Pousada Maria do P\u00e3o, Pousada Tia Rita, Samba no Morro and Pousada Sol e Mar.<\/p>\n<h2 align=\"center\">Pousadas and Hotels at the Fourth Beach<\/h2>\n<p><img loading=\"lazy\" decoding=\"async\" class=\"alignleft\" src=\"http:\/\/www.morrodesaopaulobahiabrasil.com\/imagens\/sobre-morro-sao-paulo\/pousadas-hoteis\/patachocas-eco-resort-morro-de-sao-paulo.jpg\" alt=\"Patachocas \u00caco Resort of Morro de Sao Paulo\" width=\"290\" height=\"160\" \/>The Fourth Beach is the longest of all, and has been considered by the magazine &#8220;Terra&#8221; as one of the ten most beautiful beaches in Brazil. Not much frequented by tourists, it&#8217; visitors can enjoy the wonderful landscape of a semi deserted beach with large palm tree areas and calm and clear waters. It is not very commercially exploited, the restaurants are from the proper hotels that offer comfort, leisure and transport to the Second Beach to its guests.<\/p>\n<p><img loading=\"lazy\" decoding=\"async\" class=\"alignright\" src=\"http:\/\/www.morrodesaopaulobahiabrasil.com\/imagens\/sobre-morro-sao-paulo\/pousadas-hoteis\/patachocas-eco-resort-quarta-praia-morro-de-sao-paulo.jpg\" alt=\"Patachocas \u00caco Resort at the Fourth Beach de Morro de Sao Paulo\" width=\"290\" height=\"100\" \/>Pousadas and Hotels found at the fourth beach: Pousada Aymor\u00e9s, Pousada do Coqueiro, Pousada Tatiba, Pousada Marraro, Vila Mato Verde, Pousada Vila do C\u00f4co and Pousada \u00c1guas do Morro.<br \/>\nHotels at the beach:\u00a0Hotel Catavento,\u00a0Hotel Porto do Zimbo, Hotel Puerto Beach and\u00a0Patachocas Eco Resort.<\/p>\n<h2 align=\"center\">Pousadas and Hotels at the Fifth Beach \/ Praia do Encanto<\/h2>\n<p><img loading=\"lazy\" decoding=\"async\" class=\"alignleft\" src=\"http:\/\/www.morrodesaopaulobahiabrasil.com\/imagens\/sobre-morro-sao-paulo\/pousadas-hoteis\/pousadas-hoteis-quinta-morro-de-sao-paulo.jpg\" alt=\"Pousadas and hotels at the Fifth Beach of Morro de Sao Paulo\" width=\"290\" height=\"160\" \/>The Fifth Beach, as well called Praia do Encanto, is the last beach of Morro de Sao Paulo and is divided from the Fourth Beach by a dense mangrove forest. It is the place for those seeking privacy and comfort that charming and lovely hotels offer. These hotels have complete infrastructure with an area of leisure, food and comfort, and luxury suites for its guests. They also provide the transport that gives access to the Second Beach.<\/p>\n<p class=\"style20\"><img loading=\"lazy\" decoding=\"async\" class=\"alignright\" src=\"http:\/\/www.morrodesaopaulobahiabrasil.com\/imagens\/sobre-morro-sao-paulo\/pousadas-hoteis\/pousadas-hoteis-quinta-praia-morro-de-sao-paulo.jpg\" alt=\"Pousadas and hotels at the Praia do Encanto de Morro of Sao Paulo\" width=\"290\" height=\"100\" \/>There aren&#8217;t any Pousadas at the fifth beach, just Hotels.<\/p>\n<p>Hotels at the beach:\u00a0Hotel Praia do Encanto\u00a0\u2013 the oldest one,\u00a0Anima Hotel, Hotel Karapitangui and\u00a0Hotel Vila dos Orix\u00e1s\u00a0\u2013 the newest one.<\/p>\n","protected":false},"excerpt":{"rendered":"<p>To deal with the tourist demand, currently Morro de Sao Paulo offers many\u00a0Pousadas and Hotels\u00a0for its visitors. Given all the public offering everything from luxury hotels to hostels and the <\/p>\n","protected":false},"author":1,"featured_media":0,"parent":0,"menu_order":0,"comment_status":"closed","ping_status":"closed","template":"","meta":{"footnotes":""},"class_list":["post-5400","page","type-page","status-publish","hentry"],"yoast_head":"<!-- This site is optimized with the Yoast SEO plugin v26.9 - https:\/\/yoast.com\/product\/yoast-seo-wordpress\/ -->\n<title>Lodging in Morro de Sao Paulo - Morro de S\u00e3o Paulo<\/title>\n<meta name=\"description\" content=\"Informations about Lodging in Pousadas and Hotels in Morro de Sao Paulo. Learn about Morro de Sao Paulo\" \/>\n<meta name=\"robots\" content=\"index, follow, max-snippet:-1, max-image-preview:large, max-video-preview:-1\" \/>\n<link rel=\"canonical\" href=\"https:\/\/www.morrodesaopaulobahiabrasil.com\/en\/lodging-in-morro-de-sao-paulo\/\" \/>\n<meta property=\"og:locale\" content=\"en_US\" \/>\n<meta property=\"og:type\" content=\"article\" \/>\n<meta property=\"og:title\" content=\"Lodging in Morro de Sao Paulo - Morro de S\u00e3o Paulo\" \/>\n<meta property=\"og:description\" content=\"Informations about Lodging in Pousadas and Hotels in Morro de Sao Paulo. Learn about Morro de Sao Paulo\" \/>\n<meta property=\"og:url\" content=\"https:\/\/www.morrodesaopaulobahiabrasil.com\/en\/lodging-in-morro-de-sao-paulo\/\" \/>\n<meta property=\"og:site_name\" content=\"Morro de S\u00e3o Paulo\" \/>\n<meta property=\"article:modified_time\" content=\"2020-12-22T21:19:54+00:00\" \/>\n<meta property=\"og:image\" content=\"http:\/\/www.morrodesaopaulobahiabrasil.com\/imagens\/sobre-morro-sao-paulo\/pousadas-hoteis\/pousadas-hoteis-morro-de-sao-paulo.jpg\" \/>\n<meta name=\"twitter:card\" content=\"summary_large_image\" \/>\n<meta name=\"twitter:label1\" content=\"Est. reading time\" \/>\n\t<meta name=\"twitter:data1\" content=\"7 minutes\" \/>\n<script type=\"application\/ld+json\" class=\"yoast-schema-graph\">{\"@context\":\"https:\/\/schema.org\",\"@graph\":[{\"@type\":\"WebPage\",\"@id\":\"https:\/\/www.morrodesaopaulobahiabrasil.com\/en\/lodging-in-morro-de-sao-paulo\/\",\"url\":\"https:\/\/www.morrodesaopaulobahiabrasil.com\/en\/lodging-in-morro-de-sao-paulo\/\",\"name\":\"Lodging in Morro de Sao Paulo - Morro de S\u00e3o Paulo\",\"isPartOf\":{\"@id\":\"https:\/\/www.morrodesaopaulobahiabrasil.com\/en\/#website\"},\"primaryImageOfPage\":{\"@id\":\"https:\/\/www.morrodesaopaulobahiabrasil.com\/en\/lodging-in-morro-de-sao-paulo\/#primaryimage\"},\"image\":{\"@id\":\"https:\/\/www.morrodesaopaulobahiabrasil.com\/en\/lodging-in-morro-de-sao-paulo\/#primaryimage\"},\"thumbnailUrl\":\"http:\/\/www.morrodesaopaulobahiabrasil.com\/imagens\/sobre-morro-sao-paulo\/pousadas-hoteis\/pousadas-hoteis-morro-de-sao-paulo.jpg\",\"datePublished\":\"2017-12-01T14:41:33+00:00\",\"dateModified\":\"2020-12-22T21:19:54+00:00\",\"description\":\"Informations about Lodging in Pousadas and Hotels in Morro de Sao Paulo. Learn about Morro de Sao Paulo\",\"breadcrumb\":{\"@id\":\"https:\/\/www.morrodesaopaulobahiabrasil.com\/en\/lodging-in-morro-de-sao-paulo\/#breadcrumb\"},\"inLanguage\":\"en-US\",\"potentialAction\":[{\"@type\":\"ReadAction\",\"target\":[\"https:\/\/www.morrodesaopaulobahiabrasil.com\/en\/lodging-in-morro-de-sao-paulo\/\"]}]},{\"@type\":\"ImageObject\",\"inLanguage\":\"en-US\",\"@id\":\"https:\/\/www.morrodesaopaulobahiabrasil.com\/en\/lodging-in-morro-de-sao-paulo\/#primaryimage\",\"url\":\"http:\/\/www.morrodesaopaulobahiabrasil.com\/imagens\/sobre-morro-sao-paulo\/pousadas-hoteis\/pousadas-hoteis-morro-de-sao-paulo.jpg\",\"contentUrl\":\"http:\/\/www.morrodesaopaulobahiabrasil.com\/imagens\/sobre-morro-sao-paulo\/pousadas-hoteis\/pousadas-hoteis-morro-de-sao-paulo.jpg\"},{\"@type\":\"BreadcrumbList\",\"@id\":\"https:\/\/www.morrodesaopaulobahiabrasil.com\/en\/lodging-in-morro-de-sao-paulo\/#breadcrumb\",\"itemListElement\":[{\"@type\":\"ListItem\",\"position\":1,\"name\":\"In\u00edcio\",\"item\":\"https:\/\/www.morrodesaopaulobahiabrasil.com\/en\/\"},{\"@type\":\"ListItem\",\"position\":2,\"name\":\"Lodging in Morro de Sao Paulo\"}]},{\"@type\":\"WebSite\",\"@id\":\"https:\/\/www.morrodesaopaulobahiabrasil.com\/en\/#website\",\"url\":\"https:\/\/www.morrodesaopaulobahiabrasil.com\/en\/\",\"name\":\"Morro de S\u00e3o Paulo\",\"description\":\"As melhores ofertas de Pousadas, Hot\u00e9is, Passeios e Transfer Salvador Morro de S\u00e3o Paulo.\",\"potentialAction\":[{\"@type\":\"SearchAction\",\"target\":{\"@type\":\"EntryPoint\",\"urlTemplate\":\"https:\/\/www.morrodesaopaulobahiabrasil.com\/en\/?s={search_term_string}\"},\"query-input\":{\"@type\":\"PropertyValueSpecification\",\"valueRequired\":true,\"valueName\":\"search_term_string\"}}],\"inLanguage\":\"en-US\"}]}<\/script>\n<!-- \/ Yoast SEO plugin. -->","yoast_head_json":{"title":"Lodging in Morro de Sao Paulo - Morro de S\u00e3o Paulo","description":"Informations about Lodging in Pousadas and Hotels in Morro de Sao Paulo. Learn about Morro de Sao Paulo","robots":{"index":"index","follow":"follow","max-snippet":"max-snippet:-1","max-image-preview":"max-image-preview:large","max-video-preview":"max-video-preview:-1"},"canonical":"https:\/\/www.morrodesaopaulobahiabrasil.com\/en\/lodging-in-morro-de-sao-paulo\/","og_locale":"en_US","og_type":"article","og_title":"Lodging in Morro de Sao Paulo - Morro de S\u00e3o Paulo","og_description":"Informations about Lodging in Pousadas and Hotels in Morro de Sao Paulo. Learn about Morro de Sao Paulo","og_url":"https:\/\/www.morrodesaopaulobahiabrasil.com\/en\/lodging-in-morro-de-sao-paulo\/","og_site_name":"Morro de S\u00e3o Paulo","article_modified_time":"2020-12-22T21:19:54+00:00","og_image":[{"url":"http:\/\/www.morrodesaopaulobahiabrasil.com\/imagens\/sobre-morro-sao-paulo\/pousadas-hoteis\/pousadas-hoteis-morro-de-sao-paulo.jpg","type":"","width":"","height":""}],"twitter_card":"summary_large_image","twitter_misc":{"Est. reading time":"7 minutes"},"schema":{"@context":"https:\/\/schema.org","@graph":[{"@type":"WebPage","@id":"https:\/\/www.morrodesaopaulobahiabrasil.com\/en\/lodging-in-morro-de-sao-paulo\/","url":"https:\/\/www.morrodesaopaulobahiabrasil.com\/en\/lodging-in-morro-de-sao-paulo\/","name":"Lodging in Morro de Sao Paulo - Morro de S\u00e3o Paulo","isPartOf":{"@id":"https:\/\/www.morrodesaopaulobahiabrasil.com\/en\/#website"},"primaryImageOfPage":{"@id":"https:\/\/www.morrodesaopaulobahiabrasil.com\/en\/lodging-in-morro-de-sao-paulo\/#primaryimage"},"image":{"@id":"https:\/\/www.morrodesaopaulobahiabrasil.com\/en\/lodging-in-morro-de-sao-paulo\/#primaryimage"},"thumbnailUrl":"http:\/\/www.morrodesaopaulobahiabrasil.com\/imagens\/sobre-morro-sao-paulo\/pousadas-hoteis\/pousadas-hoteis-morro-de-sao-paulo.jpg","datePublished":"2017-12-01T14:41:33+00:00","dateModified":"2020-12-22T21:19:54+00:00","description":"Informations about Lodging in Pousadas and Hotels in Morro de Sao Paulo. Learn about Morro de Sao Paulo","breadcrumb":{"@id":"https:\/\/www.morrodesaopaulobahiabrasil.com\/en\/lodging-in-morro-de-sao-paulo\/#breadcrumb"},"inLanguage":"en-US","potentialAction":[{"@type":"ReadAction","target":["https:\/\/www.morrodesaopaulobahiabrasil.com\/en\/lodging-in-morro-de-sao-paulo\/"]}]},{"@type":"ImageObject","inLanguage":"en-US","@id":"https:\/\/www.morrodesaopaulobahiabrasil.com\/en\/lodging-in-morro-de-sao-paulo\/#primaryimage","url":"http:\/\/www.morrodesaopaulobahiabrasil.com\/imagens\/sobre-morro-sao-paulo\/pousadas-hoteis\/pousadas-hoteis-morro-de-sao-paulo.jpg","contentUrl":"http:\/\/www.morrodesaopaulobahiabrasil.com\/imagens\/sobre-morro-sao-paulo\/pousadas-hoteis\/pousadas-hoteis-morro-de-sao-paulo.jpg"},{"@type":"BreadcrumbList","@id":"https:\/\/www.morrodesaopaulobahiabrasil.com\/en\/lodging-in-morro-de-sao-paulo\/#breadcrumb","itemListElement":[{"@type":"ListItem","position":1,"name":"In\u00edcio","item":"https:\/\/www.morrodesaopaulobahiabrasil.com\/en\/"},{"@type":"ListItem","position":2,"name":"Lodging in Morro de Sao Paulo"}]},{"@type":"WebSite","@id":"https:\/\/www.morrodesaopaulobahiabrasil.com\/en\/#website","url":"https:\/\/www.morrodesaopaulobahiabrasil.com\/en\/","name":"Morro de S\u00e3o Paulo","description":"As melhores ofertas de Pousadas, Hot\u00e9is, Passeios e Transfer Salvador Morro de S\u00e3o Paulo.","potentialAction":[{"@type":"SearchAction","target":{"@type":"EntryPoint","urlTemplate":"https:\/\/www.morrodesaopaulobahiabrasil.com\/en\/?s={search_term_string}"},"query-input":{"@type":"PropertyValueSpecification","valueRequired":true,"valueName":"search_term_string"}}],"inLanguage":"en-US"}]}},"_links":{"self":[{"href":"https:\/\/www.morrodesaopaulobahiabrasil.com\/en\/wp-json\/wp\/v2\/pages\/5400","targetHints":{"allow":["GET"]}}],"collection":[{"href":"https:\/\/www.morrodesaopaulobahiabrasil.com\/en\/wp-json\/wp\/v2\/pages"}],"about":[{"href":"https:\/\/www.morrodesaopaulobahiabrasil.com\/en\/wp-json\/wp\/v2\/types\/page"}],"author":[{"embeddable":true,"href":"https:\/\/www.morrodesaopaulobahiabrasil.com\/en\/wp-json\/wp\/v2\/users\/1"}],"replies":[{"embeddable":true,"href":"https:\/\/www.morrodesaopaulobahiabrasil.com\/en\/wp-json\/wp\/v2\/comments?post=5400"}],"version-history":[{"count":7,"href":"https:\/\/www.morrodesaopaulobahiabrasil.com\/en\/wp-json\/wp\/v2\/pages\/5400\/revisions"}],"predecessor-version":[{"id":8333,"href":"https:\/\/www.morrodesaopaulobahiabrasil.com\/en\/wp-json\/wp\/v2\/pages\/5400\/revisions\/8333"}],"wp:attachment":[{"href":"https:\/\/www.morrodesaopaulobahiabrasil.com\/en\/wp-json\/wp\/v2\/media?parent=5400"}],"curies":[{"name":"wp","href":"https:\/\/api.w.org\/{rel}","templated":true}]}}