{"id":5498,"date":"2017-08-22T16:47:45","date_gmt":"2017-08-22T19:47:45","guid":{"rendered":"http:\/\/www.morrodesaopaulobahiabrasil.com\/cms\/sobre-msp\/morro-de-sao-paulo-de-noite\/"},"modified":"2020-12-09T11:30:15","modified_gmt":"2020-12-09T14:30:15","slug":"the-nightlife","status":"publish","type":"page","link":"https:\/\/www.morrodesaopaulobahiabrasil.com\/en\/about-morro\/the-nightlife\/","title":{"rendered":"The Nightlife"},"content":{"rendered":"<p><img loading=\"lazy\" decoding=\"async\" class=\"alignleft\" src=\"http:\/\/www.morrodesaopaulobahiabrasil.com\/imagens\/sobre-morro-sao-paulo\/caipifruta-morro-de-sao-paulo-night.jpg\" alt=\"Caipifruta at the Second beach of Morro de S\u00e3o Paulo\" width=\"325\" height=\"220\" \/>Morro de Sao Paulo has much more than just beautiful beaches for it&#8217;s tourists:\u00a0<strong>Parties<\/strong>\u00a0in all styles and colours for it&#8217;s visitors and local residents. Few people know that, but Morro de Sao Paulo is famous for its parties every day of the week during the whole year. Nightclubs, luaus(Brazilian Beach Parties), bars and live shows ensure the enjoyment of everybody. The evening begins at bars and Caipifrutas (Foto) in the village and Second Beach, where people warm up before going to the party. The most of them usually open at midnight, but people start arriving at one o&#8217;clock in the morning. The end of the party depend on the courage of the crowd, they often end up as the day dawns.<\/p>\n<h2>Pulsar Disco<\/h2>\n<div style=\"font-size: 14px;\"><img loading=\"lazy\" decoding=\"async\" class=\"alignleft\" style=\"font-size: 16px;\" src=\"http:\/\/www.morrodesaopaulobahiabrasil.com\/imagens\/sobre-morro-sao-paulo\/pulsar-disco-morro-de-sao-paulo.jpg\" alt=\"Parties at Disco Pulsar of Morro de S\u00e3o Paulo\" width=\"325\" height=\"160\" \/>It is common that the organizers of the parties and festivals combine the weekdays, so that each establishment becomes more crowded and thus avoiding that the tourists are divided into two or more parties. Thus on Sundays the parties are in Pulsar Disco located on the path to the historical fort. During the summer this disco is promoting parties with different themes like Kryptonite, Casino, Fantasy, Flash Back. This kind of Parties are just the right thing for those looking for fun on Saturdays.<\/div>\n<p>&nbsp;<\/p>\n<p>&nbsp;<\/p>\n<h2>Toca do Morcego<\/h2>\n<p><img loading=\"lazy\" decoding=\"async\" class=\"alignleft\" src=\"http:\/\/www.morrodesaopaulobahiabrasil.com\/imagens\/sobre-morro-sao-paulo\/morro-de-sao-paulo-toca.jpg\" alt=\"Toca do Morcego in Morro de Sao Paulo\" width=\"325\" height=\"140\" \/>On Friday night the party is at the Toca do Morcego (bat cave), that is located on the way to the lighthouse and ensures a party agitated on a beautiful point of the island with a breathtaking panoramic sea view. Here the sound is electronic music, so that the crowd can be dancing and having fun. Also in the Toca do Morcego you can watch the sunset in a chill out area with gentle sound of house music followed by live music. The place is perfect, beautiful people and great atmosphere. Definitely worth a visit.<\/p>\n<p>&nbsp;<\/p>\n<h2>Luau<\/h2>\n<div style=\"font-size: 14px;\"><img loading=\"lazy\" decoding=\"async\" class=\"alignleft\" style=\"font-size: 16px;\" src=\"http:\/\/www.morrodesaopaulobahiabrasil.com\/imagens\/sobre-morro-sao-paulo\/luau-segunda-praia-morro-de-sao-paulo.jpg\" alt=\"The Luau at the Second Beach of Morro de S\u00e3o Paulo\" width=\"325\" height=\"170\" \/>The Luaus (Brazilian Beach Party) on Mondays and Thursdays at the Second Beach of Morro de Sao Paulo are open to the public. Tents to the seaside and Caipifruta cheering tourists. This is also the most frquented place by the locals. The sound ranges widely, ax\u00e9, pop, electronic music and samba rhythms are just a few. In high season or on some holidays there&#8217;s a small stage with live music. This festival has a tradition in Morro de Sao Paulo, being celebrated since the time when there were only the native and the first hippies.<\/div>\n<p>&nbsp;<\/p>\n<h2>Teatro do Morro<\/h2>\n<p><img loading=\"lazy\" decoding=\"async\" class=\"alignleft\" src=\"http:\/\/www.morrodesaopaulobahiabrasil.com\/imagens\/sobre-morro-sao-paulo\/teatro-cultural-morro-de-sao-paulo.jpg\" alt=\"Festa at Teatro of Morro de S\u00e3o Paulo\" width=\"325\" height=\"170\" \/>On Wednesdays, happens the more traditional fest day of Morro de Sao Paulo, located in the district Mangaba, having to climb a stair with 188 steps. The theater starts early, around 21:00 hours, you can see presentations of capoeira, traditional dances, classic theater, poetric lectures and live music. Around midnight the party starts with DJ playing electronic sound and the whole theater turns into a big party that is more reminiscent of a disco and ends only when the day breaks.<\/p>\n<h2>Low and high seasons<\/h2>\n<div style=\"font-size: 14px;\"><img loading=\"lazy\" decoding=\"async\" class=\"alignleft\" style=\"font-size: 16px;\" src=\"http:\/\/www.morrodesaopaulobahiabrasil.com\/imagens\/sobre-morro-sao-paulo\/festa-pulsar-morro-de-sao-paulo.jpg\" alt=\"Disco Pulsar in Morro de Sao Paulo\" width=\"325\" height=\"220\" \/>The parties have an impact of people not very big during the low season. During the high season the average number of tourists increases and so the quantities of parties increase as well. Currently in high season we already hear of daytime parties in Morro de Sao Paulo. During holidays, New Year&#8217;s hangover and the carnival festivities the number of tourists compared with the peak season can be tripling. This is another feature that makes Morro de Sao Paulo a unique place. A mixture of races, beaches, the charm of being an island and no cars in addition to parties every day of the year make this place a beautiful paradise known and loved worldwide.<\/div>\n<h2>Another Partys<\/h2>\n<div style=\"font-size: 14px;\"><img loading=\"lazy\" decoding=\"async\" class=\"alignleft\" style=\"font-size: 16px;\" src=\"http:\/\/www.morrodesaopaulobahiabrasil.com\/imagens\/sobre-morro-sao-paulo\/festa-segunda-praia-morro-de-sao-paulo.jpg\" alt=\"Parties at the Second beach of Morro de S\u00e3o Paulo\" width=\"325\" height=\"115\" \/>During high season some other places also make their parties. The restaurant and bar Funny, The Bar &#8220;O Bar&#8221;, Peixe do Morro and Ponta da Ilha at the Second Beach. Across the island, at the Praia da Gamboa, also happen electronic music Full Moon parties with international DJs and an amazing visual to the seaside with a capacity of more than 10 thousand people.<\/div>\n<p>&nbsp;<\/p>\n","protected":false},"excerpt":{"rendered":"<p>Morro de Sao Paulo has much more than just beautiful beaches for it&#8217;s tourists:\u00a0Parties\u00a0in all styles and colours for it&#8217;s visitors and local residents. Few people know that, but Morro <\/p>\n","protected":false},"author":1,"featured_media":0,"parent":5468,"menu_order":0,"comment_status":"closed","ping_status":"closed","template":"","meta":{"footnotes":""},"class_list":["post-5498","page","type-page","status-publish","hentry"],"yoast_head":"<!-- This site is optimized with the Yoast SEO plugin v26.9 - https:\/\/yoast.com\/product\/yoast-seo-wordpress\/ -->\n<title>The Nightlife - Morro de S\u00e3o Paulo<\/title>\n<meta name=\"description\" content=\"Everything about the nightlife of little Ibiza Morro de Sao Paulo. Informations about the island Morro de Sao Paulo\" \/>\n<meta name=\"robots\" content=\"index, follow, max-snippet:-1, max-image-preview:large, max-video-preview:-1\" \/>\n<link rel=\"canonical\" href=\"https:\/\/www.morrodesaopaulobahiabrasil.com\/en\/about-morro\/the-nightlife\/\" \/>\n<meta property=\"og:locale\" content=\"en_US\" \/>\n<meta property=\"og:type\" content=\"article\" \/>\n<meta property=\"og:title\" content=\"The Nightlife - Morro de S\u00e3o Paulo\" \/>\n<meta property=\"og:description\" content=\"Everything about the nightlife of little Ibiza Morro de Sao Paulo. Informations about the island Morro de Sao Paulo\" \/>\n<meta property=\"og:url\" content=\"https:\/\/www.morrodesaopaulobahiabrasil.com\/en\/about-morro\/the-nightlife\/\" \/>\n<meta property=\"og:site_name\" content=\"Morro de S\u00e3o Paulo\" \/>\n<meta property=\"article:modified_time\" content=\"2020-12-09T14:30:15+00:00\" \/>\n<meta property=\"og:image\" content=\"http:\/\/www.morrodesaopaulobahiabrasil.com\/imagens\/sobre-morro-sao-paulo\/caipifruta-morro-de-sao-paulo-night.jpg\" \/>\n<meta name=\"twitter:card\" content=\"summary_large_image\" \/>\n<meta name=\"twitter:label1\" content=\"Est. reading time\" \/>\n\t<meta name=\"twitter:data1\" content=\"3 minutes\" \/>\n<script type=\"application\/ld+json\" class=\"yoast-schema-graph\">{\"@context\":\"https:\/\/schema.org\",\"@graph\":[{\"@type\":\"WebPage\",\"@id\":\"https:\/\/www.morrodesaopaulobahiabrasil.com\/en\/about-morro\/the-nightlife\/\",\"url\":\"https:\/\/www.morrodesaopaulobahiabrasil.com\/en\/about-morro\/the-nightlife\/\",\"name\":\"The Nightlife - Morro de S\u00e3o Paulo\",\"isPartOf\":{\"@id\":\"https:\/\/www.morrodesaopaulobahiabrasil.com\/en\/#website\"},\"primaryImageOfPage\":{\"@id\":\"https:\/\/www.morrodesaopaulobahiabrasil.com\/en\/about-morro\/the-nightlife\/#primaryimage\"},\"image\":{\"@id\":\"https:\/\/www.morrodesaopaulobahiabrasil.com\/en\/about-morro\/the-nightlife\/#primaryimage\"},\"thumbnailUrl\":\"http:\/\/www.morrodesaopaulobahiabrasil.com\/imagens\/sobre-morro-sao-paulo\/caipifruta-morro-de-sao-paulo-night.jpg\",\"datePublished\":\"2017-08-22T19:47:45+00:00\",\"dateModified\":\"2020-12-09T14:30:15+00:00\",\"description\":\"Everything about the nightlife of little Ibiza Morro de Sao Paulo. Informations about the island Morro de Sao Paulo\",\"breadcrumb\":{\"@id\":\"https:\/\/www.morrodesaopaulobahiabrasil.com\/en\/about-morro\/the-nightlife\/#breadcrumb\"},\"inLanguage\":\"en-US\",\"potentialAction\":[{\"@type\":\"ReadAction\",\"target\":[\"https:\/\/www.morrodesaopaulobahiabrasil.com\/en\/about-morro\/the-nightlife\/\"]}]},{\"@type\":\"ImageObject\",\"inLanguage\":\"en-US\",\"@id\":\"https:\/\/www.morrodesaopaulobahiabrasil.com\/en\/about-morro\/the-nightlife\/#primaryimage\",\"url\":\"http:\/\/www.morrodesaopaulobahiabrasil.com\/imagens\/sobre-morro-sao-paulo\/caipifruta-morro-de-sao-paulo-night.jpg\",\"contentUrl\":\"http:\/\/www.morrodesaopaulobahiabrasil.com\/imagens\/sobre-morro-sao-paulo\/caipifruta-morro-de-sao-paulo-night.jpg\"},{\"@type\":\"BreadcrumbList\",\"@id\":\"https:\/\/www.morrodesaopaulobahiabrasil.com\/en\/about-morro\/the-nightlife\/#breadcrumb\",\"itemListElement\":[{\"@type\":\"ListItem\",\"position\":1,\"name\":\"In\u00edcio\",\"item\":\"https:\/\/www.morrodesaopaulobahiabrasil.com\/en\/\"},{\"@type\":\"ListItem\",\"position\":2,\"name\":\"About Morro de S\u00e3o Paulo\",\"item\":\"https:\/\/www.morrodesaopaulobahiabrasil.com\/en\/about-morro\/\"},{\"@type\":\"ListItem\",\"position\":3,\"name\":\"The Nightlife\"}]},{\"@type\":\"WebSite\",\"@id\":\"https:\/\/www.morrodesaopaulobahiabrasil.com\/en\/#website\",\"url\":\"https:\/\/www.morrodesaopaulobahiabrasil.com\/en\/\",\"name\":\"Morro de S\u00e3o Paulo\",\"description\":\"As melhores ofertas de Pousadas, Hot\u00e9is, Passeios e Transfer Salvador Morro de S\u00e3o Paulo.\",\"potentialAction\":[{\"@type\":\"SearchAction\",\"target\":{\"@type\":\"EntryPoint\",\"urlTemplate\":\"https:\/\/www.morrodesaopaulobahiabrasil.com\/en\/?s={search_term_string}\"},\"query-input\":{\"@type\":\"PropertyValueSpecification\",\"valueRequired\":true,\"valueName\":\"search_term_string\"}}],\"inLanguage\":\"en-US\"}]}<\/script>\n<!-- \/ Yoast SEO plugin. -->","yoast_head_json":{"title":"The Nightlife - Morro de S\u00e3o Paulo","description":"Everything about the nightlife of little Ibiza Morro de Sao Paulo. Informations about the island Morro de Sao Paulo","robots":{"index":"index","follow":"follow","max-snippet":"max-snippet:-1","max-image-preview":"max-image-preview:large","max-video-preview":"max-video-preview:-1"},"canonical":"https:\/\/www.morrodesaopaulobahiabrasil.com\/en\/about-morro\/the-nightlife\/","og_locale":"en_US","og_type":"article","og_title":"The Nightlife - Morro de S\u00e3o Paulo","og_description":"Everything about the nightlife of little Ibiza Morro de Sao Paulo. Informations about the island Morro de Sao Paulo","og_url":"https:\/\/www.morrodesaopaulobahiabrasil.com\/en\/about-morro\/the-nightlife\/","og_site_name":"Morro de S\u00e3o Paulo","article_modified_time":"2020-12-09T14:30:15+00:00","og_image":[{"url":"http:\/\/www.morrodesaopaulobahiabrasil.com\/imagens\/sobre-morro-sao-paulo\/caipifruta-morro-de-sao-paulo-night.jpg","type":"","width":"","height":""}],"twitter_card":"summary_large_image","twitter_misc":{"Est. reading time":"3 minutes"},"schema":{"@context":"https:\/\/schema.org","@graph":[{"@type":"WebPage","@id":"https:\/\/www.morrodesaopaulobahiabrasil.com\/en\/about-morro\/the-nightlife\/","url":"https:\/\/www.morrodesaopaulobahiabrasil.com\/en\/about-morro\/the-nightlife\/","name":"The Nightlife - Morro de S\u00e3o Paulo","isPartOf":{"@id":"https:\/\/www.morrodesaopaulobahiabrasil.com\/en\/#website"},"primaryImageOfPage":{"@id":"https:\/\/www.morrodesaopaulobahiabrasil.com\/en\/about-morro\/the-nightlife\/#primaryimage"},"image":{"@id":"https:\/\/www.morrodesaopaulobahiabrasil.com\/en\/about-morro\/the-nightlife\/#primaryimage"},"thumbnailUrl":"http:\/\/www.morrodesaopaulobahiabrasil.com\/imagens\/sobre-morro-sao-paulo\/caipifruta-morro-de-sao-paulo-night.jpg","datePublished":"2017-08-22T19:47:45+00:00","dateModified":"2020-12-09T14:30:15+00:00","description":"Everything about the nightlife of little Ibiza Morro de Sao Paulo. Informations about the island Morro de Sao Paulo","breadcrumb":{"@id":"https:\/\/www.morrodesaopaulobahiabrasil.com\/en\/about-morro\/the-nightlife\/#breadcrumb"},"inLanguage":"en-US","potentialAction":[{"@type":"ReadAction","target":["https:\/\/www.morrodesaopaulobahiabrasil.com\/en\/about-morro\/the-nightlife\/"]}]},{"@type":"ImageObject","inLanguage":"en-US","@id":"https:\/\/www.morrodesaopaulobahiabrasil.com\/en\/about-morro\/the-nightlife\/#primaryimage","url":"http:\/\/www.morrodesaopaulobahiabrasil.com\/imagens\/sobre-morro-sao-paulo\/caipifruta-morro-de-sao-paulo-night.jpg","contentUrl":"http:\/\/www.morrodesaopaulobahiabrasil.com\/imagens\/sobre-morro-sao-paulo\/caipifruta-morro-de-sao-paulo-night.jpg"},{"@type":"BreadcrumbList","@id":"https:\/\/www.morrodesaopaulobahiabrasil.com\/en\/about-morro\/the-nightlife\/#breadcrumb","itemListElement":[{"@type":"ListItem","position":1,"name":"In\u00edcio","item":"https:\/\/www.morrodesaopaulobahiabrasil.com\/en\/"},{"@type":"ListItem","position":2,"name":"About Morro de S\u00e3o Paulo","item":"https:\/\/www.morrodesaopaulobahiabrasil.com\/en\/about-morro\/"},{"@type":"ListItem","position":3,"name":"The Nightlife"}]},{"@type":"WebSite","@id":"https:\/\/www.morrodesaopaulobahiabrasil.com\/en\/#website","url":"https:\/\/www.morrodesaopaulobahiabrasil.com\/en\/","name":"Morro de S\u00e3o Paulo","description":"As melhores ofertas de Pousadas, Hot\u00e9is, Passeios e Transfer Salvador Morro de S\u00e3o Paulo.","potentialAction":[{"@type":"SearchAction","target":{"@type":"EntryPoint","urlTemplate":"https:\/\/www.morrodesaopaulobahiabrasil.com\/en\/?s={search_term_string}"},"query-input":{"@type":"PropertyValueSpecification","valueRequired":true,"valueName":"search_term_string"}}],"inLanguage":"en-US"}]}},"_links":{"self":[{"href":"https:\/\/www.morrodesaopaulobahiabrasil.com\/en\/wp-json\/wp\/v2\/pages\/5498","targetHints":{"allow":["GET"]}}],"collection":[{"href":"https:\/\/www.morrodesaopaulobahiabrasil.com\/en\/wp-json\/wp\/v2\/pages"}],"about":[{"href":"https:\/\/www.morrodesaopaulobahiabrasil.com\/en\/wp-json\/wp\/v2\/types\/page"}],"author":[{"embeddable":true,"href":"https:\/\/www.morrodesaopaulobahiabrasil.com\/en\/wp-json\/wp\/v2\/users\/1"}],"replies":[{"embeddable":true,"href":"https:\/\/www.morrodesaopaulobahiabrasil.com\/en\/wp-json\/wp\/v2\/comments?post=5498"}],"version-history":[{"count":4,"href":"https:\/\/www.morrodesaopaulobahiabrasil.com\/en\/wp-json\/wp\/v2\/pages\/5498\/revisions"}],"predecessor-version":[{"id":7273,"href":"https:\/\/www.morrodesaopaulobahiabrasil.com\/en\/wp-json\/wp\/v2\/pages\/5498\/revisions\/7273"}],"up":[{"embeddable":true,"href":"https:\/\/www.morrodesaopaulobahiabrasil.com\/en\/wp-json\/wp\/v2\/pages\/5468"}],"wp:attachment":[{"href":"https:\/\/www.morrodesaopaulobahiabrasil.com\/en\/wp-json\/wp\/v2\/media?parent=5498"}],"curies":[{"name":"wp","href":"https:\/\/api.w.org\/{rel}","templated":true}]}}