{"id":6530,"date":"2020-02-18T19:43:33","date_gmt":"2020-02-18T22:43:33","guid":{"rendered":"http:\/\/www.morrodesaopaulobahiabrasil.com\/cms\/hospedagem-em-morro-de-sao-paulo\/pousadas-hoteis\/"},"modified":"2020-12-23T18:37:59","modified_gmt":"2020-12-23T21:37:59","slug":"pousadas-and-hotels","status":"publish","type":"page","link":"https:\/\/www.morrodesaopaulobahiabrasil.com\/en\/lodging-in-morro-de-sao-paulo\/pousadas-and-hotels\/","title":{"rendered":"Pousadas and Hotels"},"content":{"rendered":"<div class=\"wpb-content-wrapper\"><p>[vc_row][vc_column][vc_custom_heading text=&#8221;Pousadas and Hotels in Morro de Sao Paulo&#8221; font_container=&#8221;tag:h2|text_align:center&#8221; google_fonts=&#8221;font_family:Open%20Sans%3A300%2C300italic%2Cregular%2Citalic%2C600%2C600italic%2C700%2C700italic%2C800%2C800italic&#8221;][vc_empty_space][\/vc_column][\/vc_row][vc_row][vc_column][vc_custom_heading text=&#8221;Inn at Vila&#8221; font_container=&#8221;tag:h3|text_align:center&#8221; google_fonts=&#8221;font_family:Open%20Sans%3A300%2C300italic%2Cregular%2Citalic%2C600%2C600italic%2C700%2C700italic%2C800%2C800italic|font_style:400%20regular%3A400%3Anormal&#8221;][vc_empty_space][\/vc_column][\/vc_row][vc_row][vc_column width=&#8221;1\/3&#8243;][vc_single_image image=&#8221;4675&#8243; img_size=&#8221;medium&#8221; alignment=&#8221;center&#8221; style=&#8221;vc_box_border&#8221; border_color=&#8221;orange&#8221; onclick=&#8221;custom_link&#8221; link=&#8221;http:\/\/www.morrodesaopaulobahiabrasil.com\/hospedagem-em-morro-de-sao-paulo\/pousadas-hoteis\/bangalo-dos-sonhos\/&#8221;][vc_column_text]<\/p>\n<p style=\"text-align: center; font-size: 18px;\"><a href=\"http:\/\/www.morrodesaopaulobahiabrasil.com\/hospedagem-em-morro-de-sao-paulo\/pousadas-hoteis\/bangalo-dos-sonhos\/\">Bangal\u00f4 dos Sonhos<\/a><br \/>\nVila<\/p>\n<p>[\/vc_column_text][\/vc_column][vc_column width=&#8221;1\/3&#8243;][vc_single_image image=&#8221;7126&#8243; img_size=&#8221;medium&#8221; alignment=&#8221;center&#8221; style=&#8221;vc_box_border&#8221; border_color=&#8221;orange&#8221; onclick=&#8221;custom_link&#8221; link=&#8221;http:\/\/www.morrodesaopaulobahiabrasil.com\/hospedagem-em-morro-de-sao-paulo\/pousadas-hoteis\/flat-casinhas-do-morro\/&#8221;][vc_column_text]<\/p>\n<p style=\"text-align: center; font-size: 18px;\"><a href=\"http:\/\/www.morrodesaopaulobahiabrasil.com\/hospedagem-em-morro-de-sao-paulo\/pousadas-hoteis\/flat-casinhas-do-morro\/\">Flat Casinhas do Morro<\/a><br \/>\nVila<\/p>\n<p>[\/vc_column_text][\/vc_column][vc_column width=&#8221;1\/3&#8243;][vc_single_image image=&#8221;5149&#8243; img_size=&#8221;medium&#8221; style=&#8221;vc_box_border&#8221; border_color=&#8221;orange&#8221; onclick=&#8221;custom_link&#8221; link=&#8221;http:\/\/www.morrodesaopaulobahiabrasil.com\/hospedagem-em-morro-de-sao-paulo\/pousadas-hoteis\/pousada-charme\/&#8221;][vc_column_text]<\/p>\n<p style=\"text-align: center; font-size: 18px;\"><a href=\"http:\/\/www.morrodesaopaulobahiabrasil.com\/hospedagem-em-morro-de-sao-paulo\/pousadas-hoteis\/pousada-charme\/\">Pousada Charme<\/a><br \/>\nVila<\/p>\n<p>[\/vc_column_text][\/vc_column][\/vc_row][vc_row][vc_column width=&#8221;1\/3&#8243;][\/vc_column][vc_column width=&#8221;1\/3&#8243;][vc_single_image image=&#8221;4694&#8243; img_size=&#8221;medium&#8221; style=&#8221;vc_box_border&#8221; border_color=&#8221;orange&#8221; onclick=&#8221;custom_link&#8221; link=&#8221;http:\/\/www.morrodesaopaulobahiabrasil.com\/hospedagem-em-morro-de-sao-paulo\/pousadas-hoteis\/pousada-vila-do-sossego\/&#8221;][vc_column_text]<\/p>\n<p style=\"text-align: center; font-size: 18px;\"><a href=\"http:\/\/www.morrodesaopaulobahiabrasil.com\/hospedagem-em-morro-de-sao-paulo\/pousadas-hoteis\/pousada-vila-do-sossego\/\">Pousada Vila do Sossego<\/a><br \/>\nVila<\/p>\n<p>[\/vc_column_text][\/vc_column][vc_column width=&#8221;1\/3&#8243;][\/vc_column][\/vc_row][vc_row][vc_column][vc_separator color=&#8221;custom&#8221; style=&#8221;shadow&#8221; border_width=&#8221;4&#8243; accent_color=&#8221;#d6d6d6&#8243;][\/vc_column][\/vc_row][vc_row][vc_column][vc_custom_heading text=&#8221;First Beach&#8221; font_container=&#8221;tag:h3|text_align:center&#8221; google_fonts=&#8221;font_family:Open%20Sans%3A300%2C300italic%2Cregular%2Citalic%2C600%2C600italic%2C700%2C700italic%2C800%2C800italic|font_style:400%20regular%3A400%3Anormal&#8221;][vc_empty_space][\/vc_column][\/vc_row][vc_row][vc_column width=&#8221;1\/3&#8243;][\/vc_column][vc_column width=&#8221;1\/3&#8243;][vc_single_image image=&#8221;4794&#8243; img_size=&#8221;medium&#8221; style=&#8221;vc_box_border&#8221; border_color=&#8221;orange&#8221; onclick=&#8221;custom_link&#8221; link=&#8221;http:\/\/www.morrodesaopaulobahiabrasil.com\/hospedagem-em-morro-de-sao-paulo\/pousadas-hoteis\/pousada-via-brasil\/&#8221;][vc_column_text]<\/p>\n<p style=\"text-align: center; font-size: 18px;\"><a href=\"http:\/\/www.morrodesaopaulobahiabrasil.com\/hospedagem-em-morro-de-sao-paulo\/pousadas-hoteis\/pousada-via-brasil\/\">Pousada Via Brasil<\/a><br \/>\nFirst Beach<\/p>\n<p>[\/vc_column_text][\/vc_column][vc_column width=&#8221;1\/3&#8243;][\/vc_column][\/vc_row][vc_row][vc_column][vc_separator color=&#8221;custom&#8221; style=&#8221;shadow&#8221; border_width=&#8221;4&#8243; accent_color=&#8221;#d6d6d6&#8243;][\/vc_column][\/vc_row][vc_row][vc_column][vc_custom_heading text=&#8221;Second Beach&#8221; font_container=&#8221;tag:h3|text_align:center&#8221; google_fonts=&#8221;font_family:Open%20Sans%3A300%2C300italic%2Cregular%2Citalic%2C600%2C600italic%2C700%2C700italic%2C800%2C800italic|font_style:400%20regular%3A400%3Anormal&#8221;][vc_empty_space][\/vc_column][\/vc_row][vc_row][vc_column width=&#8221;1\/3&#8243;][\/vc_column][vc_column width=&#8221;1\/3&#8243;][vc_single_image image=&#8221;4838&#8243; img_size=&#8221;medium&#8221; alignment=&#8221;center&#8221; style=&#8221;vc_box_border&#8221; border_color=&#8221;orange&#8221; onclick=&#8221;custom_link&#8221; link=&#8221;http:\/\/www.morrodesaopaulobahiabrasil.com\/hospedagem-em-morro-de-sao-paulo\/pousadas-hoteis\/le-terrace-beach-hotel\/&#8221;][vc_column_text]<\/p>\n<p style=\"text-align: center; font-size: 18px;\"><a href=\"http:\/\/www.morrodesaopaulobahiabrasil.com\/hospedagem-em-morro-de-sao-paulo\/pousadas-hoteis\/le-terrace-beach-hotel\/\">Le Terrace Beach Hotel<\/a><br \/>\nSecond Beach<\/p>\n<p>[\/vc_column_text][\/vc_column][vc_column width=&#8221;1\/3&#8243;][\/vc_column][\/vc_row][vc_row][vc_column][vc_separator color=&#8221;custom&#8221; style=&#8221;shadow&#8221; border_width=&#8221;4&#8243; accent_color=&#8221;#d6d6d6&#8243;][\/vc_column][\/vc_row][vc_row][vc_column][vc_custom_heading text=&#8221;Fifth Beach&#8221; font_container=&#8221;tag:h3|text_align:center&#8221; google_fonts=&#8221;font_family:Open%20Sans%3A300%2C300italic%2Cregular%2Citalic%2C600%2C600italic%2C700%2C700italic%2C800%2C800italic|font_style:400%20regular%3A400%3Anormal&#8221;][vc_empty_space][\/vc_column][\/vc_row][vc_row][vc_column width=&#8221;1\/3&#8243;][\/vc_column][vc_column width=&#8221;1\/3&#8243;][vc_single_image image=&#8221;5272&#8243; img_size=&#8221;medium&#8221; alignment=&#8221;center&#8221; style=&#8221;vc_box_border&#8221; border_color=&#8221;orange&#8221; onclick=&#8221;custom_link&#8221; link=&#8221;http:\/\/www.morrodesaopaulobahiabrasil.com\/hospedagem-em-morro-de-sao-paulo\/pousadas-hoteis\/hotel-anima\/&#8221;][vc_column_text]<\/p>\n<p style=\"text-align: center; font-size: 18px;\"><a href=\"http:\/\/www.morrodesaopaulobahiabrasil.com\/hospedagem-em-morro-de-sao-paulo\/pousadas-hoteis\/hotel-anima\/\">Hotel Anima<\/a><br \/>\nFifth Beach<\/p>\n<p>[\/vc_column_text][\/vc_column][vc_column width=&#8221;1\/3&#8243;][\/vc_column][\/vc_row][vc_row][vc_column][vc_separator color=&#8221;custom&#8221; style=&#8221;shadow&#8221; border_width=&#8221;4&#8243; accent_color=&#8221;#d6d6d6&#8243;][\/vc_column][\/vc_row][vc_row][vc_column][vc_custom_heading text=&#8221;Gamboa&#8221; font_container=&#8221;tag:h3|text_align:center&#8221; google_fonts=&#8221;font_family:Open%20Sans%3A300%2C300italic%2Cregular%2Citalic%2C600%2C600italic%2C700%2C700italic%2C800%2C800italic|font_style:400%20regular%3A400%3Anormal&#8221;][vc_empty_space][\/vc_column][\/vc_row][vc_row][vc_column width=&#8221;1\/3&#8243;][\/vc_column][vc_column width=&#8221;1\/3&#8243;][vc_single_image image=&#8221;5070&#8243; img_size=&#8221;medium&#8221; alignment=&#8221;center&#8221; style=&#8221;vc_box_border&#8221; border_color=&#8221;orange&#8221; onclick=&#8221;custom_link&#8221; link=&#8221;http:\/\/www.morrodesaopaulobahiabrasil.com\/hospedagem-em-morro-de-sao-paulo\/pousadas-hoteis\/pousada-bora-bora\/&#8221;][vc_column_text]<\/p>\n<p style=\"text-align: center; font-size: 18px;\"><a href=\"http:\/\/www.morrodesaopaulobahiabrasil.com\/hospedagem-em-morro-de-sao-paulo\/pousadas-hoteis\/pousada-bora-bora\/\">Pousada Bora Bora<\/a><br \/>\nGamboa<\/p>\n<p>[\/vc_column_text][\/vc_column][vc_column width=&#8221;1\/3&#8243;][\/vc_column][\/vc_row][vc_row][vc_column][vc_column_text]<\/p>\n<h3 align=\"center\">Locations of the Hotels and Pousadas in Morro de Sao Paulo<\/h3>\n<p><iframe loading=\"lazy\" src=\"https:\/\/mapsengine.google.com\/map\/embed?mid=z9i9PnfRG-nw.kyRIozdOrfbQ\" width=\"730\" height=\"820\" data-mce-fragment=\"1\"><\/iframe><\/p>\n<div class=\"style20\" align=\"justify\">\n<p>Every client gets a tourist map of the island of Morro de Sao Paulo FOR FREE.<\/p>\n<p><strong>Wir accept all usual credit cards<\/strong><\/p>\n<\/div>\n<p>[\/vc_column_text][\/vc_column][\/vc_row]<\/p>\n<\/div>","protected":false},"excerpt":{"rendered":"<p>[vc_row][vc_column][vc_custom_heading text=&#8221;Pousadas and Hotels in Morro de Sao Paulo&#8221; font_container=&#8221;tag:h2|text_align:center&#8221; google_fonts=&#8221;font_family:Open%20Sans%3A300%2C300italic%2Cregular%2Citalic%2C600%2C600italic%2C700%2C700italic%2C800%2C800italic&#8221;][vc_empty_space][\/vc_column][\/vc_row][vc_row][vc_column][vc_custom_heading text=&#8221;Inn at Vila&#8221; font_container=&#8221;tag:h3|text_align:center&#8221; google_fonts=&#8221;font_family:Open%20Sans%3A300%2C300italic%2Cregular%2Citalic%2C600%2C600italic%2C700%2C700italic%2C800%2C800italic|font_style:400%20regular%3A400%3Anormal&#8221;][vc_empty_space][\/vc_column][\/vc_row][vc_row][vc_column width=&#8221;1\/3&#8243;][vc_single_image image=&#8221;4675&#8243; img_size=&#8221;medium&#8221; alignment=&#8221;center&#8221; style=&#8221;vc_box_border&#8221; border_color=&#8221;orange&#8221; onclick=&#8221;custom_link&#8221; link=&#8221;http:\/\/www.morrodesaopaulobahiabrasil.com\/hospedagem-em-morro-de-sao-paulo\/pousadas-hoteis\/bangalo-dos-sonhos\/&#8221;][vc_column_text]<br \/>\nBangal\u00f4 dos Sonhos<br \/>\nVila<br \/>\n[\/vc_column_text][\/vc_column][vc_column width=&#8221;1\/3&#8243;][vc_single_image <\/p>\n","protected":false},"author":1,"featured_media":0,"parent":5400,"menu_order":0,"comment_status":"closed","ping_status":"closed","template":"","meta":{"footnotes":""},"class_list":["post-6530","page","type-page","status-publish","hentry"],"yoast_head":"<!-- This site is optimized with the Yoast SEO plugin v26.9 - https:\/\/yoast.com\/product\/yoast-seo-wordpress\/ -->\n<title>Pousadas and Hotels - Morro de S\u00e3o Paulo<\/title>\n<meta name=\"description\" content=\"Choose here your Hotel or Pousada in Morro de Sao Paulo. The best offers of the whole island.\" \/>\n<meta name=\"robots\" content=\"index, follow, max-snippet:-1, max-image-preview:large, max-video-preview:-1\" \/>\n<link rel=\"canonical\" href=\"https:\/\/www.morrodesaopaulobahiabrasil.com\/en\/lodging-in-morro-de-sao-paulo\/pousadas-and-hotels\/\" \/>\n<meta property=\"og:locale\" content=\"en_US\" \/>\n<meta property=\"og:type\" content=\"article\" \/>\n<meta property=\"og:title\" content=\"Pousadas and Hotels - Morro de S\u00e3o Paulo\" \/>\n<meta property=\"og:description\" content=\"Choose here your Hotel or Pousada in Morro de Sao Paulo. The best offers of the whole island.\" \/>\n<meta property=\"og:url\" content=\"https:\/\/www.morrodesaopaulobahiabrasil.com\/en\/lodging-in-morro-de-sao-paulo\/pousadas-and-hotels\/\" \/>\n<meta property=\"og:site_name\" content=\"Morro de S\u00e3o Paulo\" \/>\n<meta property=\"article:modified_time\" content=\"2020-12-23T21:37:59+00:00\" \/>\n<meta name=\"twitter:card\" content=\"summary_large_image\" \/>\n<meta name=\"twitter:label1\" content=\"Est. reading time\" \/>\n\t<meta name=\"twitter:data1\" content=\"4 minutes\" \/>\n<script type=\"application\/ld+json\" class=\"yoast-schema-graph\">{\"@context\":\"https:\/\/schema.org\",\"@graph\":[{\"@type\":\"WebPage\",\"@id\":\"https:\/\/www.morrodesaopaulobahiabrasil.com\/en\/lodging-in-morro-de-sao-paulo\/pousadas-and-hotels\/\",\"url\":\"https:\/\/www.morrodesaopaulobahiabrasil.com\/en\/lodging-in-morro-de-sao-paulo\/pousadas-and-hotels\/\",\"name\":\"Pousadas and Hotels - Morro de S\u00e3o Paulo\",\"isPartOf\":{\"@id\":\"https:\/\/www.morrodesaopaulobahiabrasil.com\/en\/#website\"},\"datePublished\":\"2020-02-18T22:43:33+00:00\",\"dateModified\":\"2020-12-23T21:37:59+00:00\",\"description\":\"Choose here your Hotel or Pousada in Morro de Sao Paulo. The best offers of the whole island.\",\"breadcrumb\":{\"@id\":\"https:\/\/www.morrodesaopaulobahiabrasil.com\/en\/lodging-in-morro-de-sao-paulo\/pousadas-and-hotels\/#breadcrumb\"},\"inLanguage\":\"en-US\",\"potentialAction\":[{\"@type\":\"ReadAction\",\"target\":[\"https:\/\/www.morrodesaopaulobahiabrasil.com\/en\/lodging-in-morro-de-sao-paulo\/pousadas-and-hotels\/\"]}]},{\"@type\":\"BreadcrumbList\",\"@id\":\"https:\/\/www.morrodesaopaulobahiabrasil.com\/en\/lodging-in-morro-de-sao-paulo\/pousadas-and-hotels\/#breadcrumb\",\"itemListElement\":[{\"@type\":\"ListItem\",\"position\":1,\"name\":\"In\u00edcio\",\"item\":\"https:\/\/www.morrodesaopaulobahiabrasil.com\/en\/\"},{\"@type\":\"ListItem\",\"position\":2,\"name\":\"Lodging in Morro de Sao Paulo\",\"item\":\"https:\/\/www.morrodesaopaulobahiabrasil.com\/en\/hospedagem-em-morro-de-sao-paulo\/\"},{\"@type\":\"ListItem\",\"position\":3,\"name\":\"Pousadas and Hotels\"}]},{\"@type\":\"WebSite\",\"@id\":\"https:\/\/www.morrodesaopaulobahiabrasil.com\/en\/#website\",\"url\":\"https:\/\/www.morrodesaopaulobahiabrasil.com\/en\/\",\"name\":\"Morro de S\u00e3o Paulo\",\"description\":\"As melhores ofertas de Pousadas, Hot\u00e9is, Passeios e Transfer Salvador Morro de S\u00e3o Paulo.\",\"potentialAction\":[{\"@type\":\"SearchAction\",\"target\":{\"@type\":\"EntryPoint\",\"urlTemplate\":\"https:\/\/www.morrodesaopaulobahiabrasil.com\/en\/?s={search_term_string}\"},\"query-input\":{\"@type\":\"PropertyValueSpecification\",\"valueRequired\":true,\"valueName\":\"search_term_string\"}}],\"inLanguage\":\"en-US\"}]}<\/script>\n<!-- \/ Yoast SEO plugin. -->","yoast_head_json":{"title":"Pousadas and Hotels - Morro de S\u00e3o Paulo","description":"Choose here your Hotel or Pousada in Morro de Sao Paulo. The best offers of the whole island.","robots":{"index":"index","follow":"follow","max-snippet":"max-snippet:-1","max-image-preview":"max-image-preview:large","max-video-preview":"max-video-preview:-1"},"canonical":"https:\/\/www.morrodesaopaulobahiabrasil.com\/en\/lodging-in-morro-de-sao-paulo\/pousadas-and-hotels\/","og_locale":"en_US","og_type":"article","og_title":"Pousadas and Hotels - Morro de S\u00e3o Paulo","og_description":"Choose here your Hotel or Pousada in Morro de Sao Paulo. The best offers of the whole island.","og_url":"https:\/\/www.morrodesaopaulobahiabrasil.com\/en\/lodging-in-morro-de-sao-paulo\/pousadas-and-hotels\/","og_site_name":"Morro de S\u00e3o Paulo","article_modified_time":"2020-12-23T21:37:59+00:00","twitter_card":"summary_large_image","twitter_misc":{"Est. reading time":"4 minutes"},"schema":{"@context":"https:\/\/schema.org","@graph":[{"@type":"WebPage","@id":"https:\/\/www.morrodesaopaulobahiabrasil.com\/en\/lodging-in-morro-de-sao-paulo\/pousadas-and-hotels\/","url":"https:\/\/www.morrodesaopaulobahiabrasil.com\/en\/lodging-in-morro-de-sao-paulo\/pousadas-and-hotels\/","name":"Pousadas and Hotels - Morro de S\u00e3o Paulo","isPartOf":{"@id":"https:\/\/www.morrodesaopaulobahiabrasil.com\/en\/#website"},"datePublished":"2020-02-18T22:43:33+00:00","dateModified":"2020-12-23T21:37:59+00:00","description":"Choose here your Hotel or Pousada in Morro de Sao Paulo. The best offers of the whole island.","breadcrumb":{"@id":"https:\/\/www.morrodesaopaulobahiabrasil.com\/en\/lodging-in-morro-de-sao-paulo\/pousadas-and-hotels\/#breadcrumb"},"inLanguage":"en-US","potentialAction":[{"@type":"ReadAction","target":["https:\/\/www.morrodesaopaulobahiabrasil.com\/en\/lodging-in-morro-de-sao-paulo\/pousadas-and-hotels\/"]}]},{"@type":"BreadcrumbList","@id":"https:\/\/www.morrodesaopaulobahiabrasil.com\/en\/lodging-in-morro-de-sao-paulo\/pousadas-and-hotels\/#breadcrumb","itemListElement":[{"@type":"ListItem","position":1,"name":"In\u00edcio","item":"https:\/\/www.morrodesaopaulobahiabrasil.com\/en\/"},{"@type":"ListItem","position":2,"name":"Lodging in Morro de Sao Paulo","item":"https:\/\/www.morrodesaopaulobahiabrasil.com\/en\/hospedagem-em-morro-de-sao-paulo\/"},{"@type":"ListItem","position":3,"name":"Pousadas and Hotels"}]},{"@type":"WebSite","@id":"https:\/\/www.morrodesaopaulobahiabrasil.com\/en\/#website","url":"https:\/\/www.morrodesaopaulobahiabrasil.com\/en\/","name":"Morro de S\u00e3o Paulo","description":"As melhores ofertas de Pousadas, Hot\u00e9is, Passeios e Transfer Salvador Morro de S\u00e3o Paulo.","potentialAction":[{"@type":"SearchAction","target":{"@type":"EntryPoint","urlTemplate":"https:\/\/www.morrodesaopaulobahiabrasil.com\/en\/?s={search_term_string}"},"query-input":{"@type":"PropertyValueSpecification","valueRequired":true,"valueName":"search_term_string"}}],"inLanguage":"en-US"}]}},"_links":{"self":[{"href":"https:\/\/www.morrodesaopaulobahiabrasil.com\/en\/wp-json\/wp\/v2\/pages\/6530","targetHints":{"allow":["GET"]}}],"collection":[{"href":"https:\/\/www.morrodesaopaulobahiabrasil.com\/en\/wp-json\/wp\/v2\/pages"}],"about":[{"href":"https:\/\/www.morrodesaopaulobahiabrasil.com\/en\/wp-json\/wp\/v2\/types\/page"}],"author":[{"embeddable":true,"href":"https:\/\/www.morrodesaopaulobahiabrasil.com\/en\/wp-json\/wp\/v2\/users\/1"}],"replies":[{"embeddable":true,"href":"https:\/\/www.morrodesaopaulobahiabrasil.com\/en\/wp-json\/wp\/v2\/comments?post=6530"}],"version-history":[{"count":10,"href":"https:\/\/www.morrodesaopaulobahiabrasil.com\/en\/wp-json\/wp\/v2\/pages\/6530\/revisions"}],"predecessor-version":[{"id":8399,"href":"https:\/\/www.morrodesaopaulobahiabrasil.com\/en\/wp-json\/wp\/v2\/pages\/6530\/revisions\/8399"}],"up":[{"embeddable":true,"href":"https:\/\/www.morrodesaopaulobahiabrasil.com\/en\/wp-json\/wp\/v2\/pages\/5400"}],"wp:attachment":[{"href":"https:\/\/www.morrodesaopaulobahiabrasil.com\/en\/wp-json\/wp\/v2\/media?parent=6530"}],"curies":[{"name":"wp","href":"https:\/\/api.w.org\/{rel}","templated":true}]}}