{"id":6652,"date":"2020-11-04T11:30:08","date_gmt":"2020-11-04T14:30:08","guid":{"rendered":"http:\/\/www.morrodesaopaulobahiabrasil.com\/cms\/quem-somos\/"},"modified":"2020-12-02T14:34:10","modified_gmt":"2020-12-02T17:34:10","slug":"who-we-are","status":"publish","type":"page","link":"https:\/\/www.morrodesaopaulobahiabrasil.com\/en\/who-we-are\/","title":{"rendered":"Who we are"},"content":{"rendered":"<div class=\"wpb-content-wrapper\"><p>[vc_row][vc_column][vc_column_text]<\/p>\n<div id=\"tw-target-text-container\" class=\"tw-ta-container hide-focus-ring tw-nfl\" tabindex=\"0\">\n<h2 id=\"tw-target-text\" class=\"tw-data-text tw-text-large XcVN5d tw-ta\" dir=\"ltr\" style=\"text-align: center;\" data-placeholder=\"Tradu\u00e7\u00e3o\">Who we are<\/h2>\n<\/div>\n<div id=\"tw-target-rmn-container\" class=\"tw-ta-container hide-focus-ring tw-nfl\">\n<p id=\"tw-target-rmn\" class=\"tw-data-placeholder tw-text-small tw-ta\" dir=\"ltr\">\n<\/div>\n<p>[\/vc_column_text][vc_empty_space][\/vc_column][\/vc_row][vc_row][vc_column][vc_column_text]<img loading=\"lazy\" decoding=\"async\" class=\" wp-image-6645 alignleft\" src=\"http:\/\/www.morrodesaopaulobahiabrasil.com\/cms\/wp-content\/uploads\/2020\/12\/slider-4-1024x1024-1-300x300.jpeg\" alt=\"\" width=\"332\" height=\"332\" srcset=\"https:\/\/www.morrodesaopaulobahiabrasil.com\/cms\/wp-content\/uploads\/2020\/12\/slider-4-1024x1024-1-300x300.jpeg 300w, https:\/\/www.morrodesaopaulobahiabrasil.com\/cms\/wp-content\/uploads\/2020\/12\/slider-4-1024x1024-1-150x150.jpeg 150w, https:\/\/www.morrodesaopaulobahiabrasil.com\/cms\/wp-content\/uploads\/2020\/12\/slider-4-1024x1024-1-768x768.jpeg 768w, https:\/\/www.morrodesaopaulobahiabrasil.com\/cms\/wp-content\/uploads\/2020\/12\/slider-4-1024x1024-1.jpeg 1024w\" sizes=\"auto, (max-width: 332px) 100vw, 332px\" \/><\/p>\n<p id=\"tw-target-text\" class=\"tw-data-text tw-text-large XcVN5d tw-ta\" dir=\"ltr\" data-placeholder=\"Tradu\u00e7\u00e3o\"><span lang=\"en\">With over 15 years of experience in planning trips and making dreams come true, our goal is to offer our customers through our services and travel information an approximation with the place of destination, creating a relationship of satisfaction and trust. With tips on where to go and what to do complemented by our blog content your trip to Morro de S\u00e3o Paulo will be complete and full of lots of leisure. From restaurants to sightseeing tours, we want to let you know the best that this wonderful place has to offer. In addition, we inform and guarantee convenience when offering transfer packages to arrive more safely at your final destination. Our consultants aim to provide a complete, differentiated, fast and efficient service. We have partnerships with the best resorts, inns and hotels in Morro de S\u00e3o Paulo, where within our website you can choose the most welcoming place and with the best price to take you to the best tourist destinations with maximum comfort.<\/span><\/p>\n<p>[\/vc_column_text][\/vc_column][\/vc_row]<\/p>\n<\/div>","protected":false},"excerpt":{"rendered":"<p>[vc_row][vc_column][vc_column_text]<\/p>\n<p>Who we are<\/p>\n<p>\n[\/vc_column_text][vc_empty_space][\/vc_column][\/vc_row][vc_row][vc_column][vc_column_text]<br \/>\nWith over 15 years of experience in planning trips and making dreams come true, our goal is to offer our <\/p>\n","protected":false},"author":5,"featured_media":0,"parent":0,"menu_order":0,"comment_status":"closed","ping_status":"closed","template":"","meta":{"footnotes":""},"class_list":["post-6652","page","type-page","status-publish","hentry"],"yoast_head":"<!-- This site is optimized with the Yoast SEO plugin v26.9 - https:\/\/yoast.com\/product\/yoast-seo-wordpress\/ -->\n<title>Who we are - Morro de S\u00e3o Paulo<\/title>\n<meta name=\"description\" content=\"Morro de S\u00e3o Paulo - Bahia - Brazil. The best offers of Inns, Hotels and Transfer Salvador Morro de S\u00e3o Paulo. The company Zulu Turismo in Morro de S\u00e3o Paulo.\" \/>\n<meta name=\"robots\" content=\"index, follow, max-snippet:-1, max-image-preview:large, max-video-preview:-1\" \/>\n<link rel=\"canonical\" href=\"https:\/\/www.morrodesaopaulobahiabrasil.com\/en\/who-we-are\/\" \/>\n<meta property=\"og:locale\" content=\"en_US\" \/>\n<meta property=\"og:type\" content=\"article\" \/>\n<meta property=\"og:title\" content=\"Who we are - Morro de S\u00e3o Paulo\" \/>\n<meta property=\"og:description\" content=\"Morro de S\u00e3o Paulo - Bahia - Brazil. The best offers of Inns, Hotels and Transfer Salvador Morro de S\u00e3o Paulo. The company Zulu Turismo in Morro de S\u00e3o Paulo.\" \/>\n<meta property=\"og:url\" content=\"https:\/\/www.morrodesaopaulobahiabrasil.com\/en\/who-we-are\/\" \/>\n<meta property=\"og:site_name\" content=\"Morro de S\u00e3o Paulo\" \/>\n<meta property=\"article:modified_time\" content=\"2020-12-02T17:34:10+00:00\" \/>\n<meta property=\"og:image\" content=\"http:\/\/www.morrodesaopaulobahiabrasil.com\/cms\/wp-content\/uploads\/2020\/12\/slider-4-1024x1024-1-300x300.jpeg\" \/>\n<meta name=\"twitter:card\" content=\"summary_large_image\" \/>\n<meta name=\"twitter:label1\" content=\"Est. reading time\" \/>\n\t<meta name=\"twitter:data1\" content=\"1 minute\" \/>\n<script type=\"application\/ld+json\" class=\"yoast-schema-graph\">{\"@context\":\"https:\/\/schema.org\",\"@graph\":[{\"@type\":\"WebPage\",\"@id\":\"https:\/\/www.morrodesaopaulobahiabrasil.com\/en\/who-we-are\/\",\"url\":\"https:\/\/www.morrodesaopaulobahiabrasil.com\/en\/who-we-are\/\",\"name\":\"Who we are - Morro de S\u00e3o Paulo\",\"isPartOf\":{\"@id\":\"https:\/\/www.morrodesaopaulobahiabrasil.com\/en\/#website\"},\"primaryImageOfPage\":{\"@id\":\"https:\/\/www.morrodesaopaulobahiabrasil.com\/en\/who-we-are\/#primaryimage\"},\"image\":{\"@id\":\"https:\/\/www.morrodesaopaulobahiabrasil.com\/en\/who-we-are\/#primaryimage\"},\"thumbnailUrl\":\"http:\/\/www.morrodesaopaulobahiabrasil.com\/cms\/wp-content\/uploads\/2020\/12\/slider-4-1024x1024-1-300x300.jpeg\",\"datePublished\":\"2020-11-04T14:30:08+00:00\",\"dateModified\":\"2020-12-02T17:34:10+00:00\",\"description\":\"Morro de S\u00e3o Paulo - Bahia - Brazil. The best offers of Inns, Hotels and Transfer Salvador Morro de S\u00e3o Paulo. The company Zulu Turismo in Morro de S\u00e3o Paulo.\",\"breadcrumb\":{\"@id\":\"https:\/\/www.morrodesaopaulobahiabrasil.com\/en\/who-we-are\/#breadcrumb\"},\"inLanguage\":\"en-US\",\"potentialAction\":[{\"@type\":\"ReadAction\",\"target\":[\"https:\/\/www.morrodesaopaulobahiabrasil.com\/en\/who-we-are\/\"]}]},{\"@type\":\"ImageObject\",\"inLanguage\":\"en-US\",\"@id\":\"https:\/\/www.morrodesaopaulobahiabrasil.com\/en\/who-we-are\/#primaryimage\",\"url\":\"http:\/\/www.morrodesaopaulobahiabrasil.com\/cms\/wp-content\/uploads\/2020\/12\/slider-4-1024x1024-1-300x300.jpeg\",\"contentUrl\":\"http:\/\/www.morrodesaopaulobahiabrasil.com\/cms\/wp-content\/uploads\/2020\/12\/slider-4-1024x1024-1-300x300.jpeg\"},{\"@type\":\"BreadcrumbList\",\"@id\":\"https:\/\/www.morrodesaopaulobahiabrasil.com\/en\/who-we-are\/#breadcrumb\",\"itemListElement\":[{\"@type\":\"ListItem\",\"position\":1,\"name\":\"In\u00edcio\",\"item\":\"https:\/\/www.morrodesaopaulobahiabrasil.com\/en\/\"},{\"@type\":\"ListItem\",\"position\":2,\"name\":\"Who we are\"}]},{\"@type\":\"WebSite\",\"@id\":\"https:\/\/www.morrodesaopaulobahiabrasil.com\/en\/#website\",\"url\":\"https:\/\/www.morrodesaopaulobahiabrasil.com\/en\/\",\"name\":\"Morro de S\u00e3o Paulo\",\"description\":\"As melhores ofertas de Pousadas, Hot\u00e9is, Passeios e Transfer Salvador Morro de S\u00e3o Paulo.\",\"potentialAction\":[{\"@type\":\"SearchAction\",\"target\":{\"@type\":\"EntryPoint\",\"urlTemplate\":\"https:\/\/www.morrodesaopaulobahiabrasil.com\/en\/?s={search_term_string}\"},\"query-input\":{\"@type\":\"PropertyValueSpecification\",\"valueRequired\":true,\"valueName\":\"search_term_string\"}}],\"inLanguage\":\"en-US\"}]}<\/script>\n<!-- \/ Yoast SEO plugin. -->","yoast_head_json":{"title":"Who we are - Morro de S\u00e3o Paulo","description":"Morro de S\u00e3o Paulo - Bahia - Brazil. The best offers of Inns, Hotels and Transfer Salvador Morro de S\u00e3o Paulo. The company Zulu Turismo in Morro de S\u00e3o Paulo.","robots":{"index":"index","follow":"follow","max-snippet":"max-snippet:-1","max-image-preview":"max-image-preview:large","max-video-preview":"max-video-preview:-1"},"canonical":"https:\/\/www.morrodesaopaulobahiabrasil.com\/en\/who-we-are\/","og_locale":"en_US","og_type":"article","og_title":"Who we are - Morro de S\u00e3o Paulo","og_description":"Morro de S\u00e3o Paulo - Bahia - Brazil. The best offers of Inns, Hotels and Transfer Salvador Morro de S\u00e3o Paulo. The company Zulu Turismo in Morro de S\u00e3o Paulo.","og_url":"https:\/\/www.morrodesaopaulobahiabrasil.com\/en\/who-we-are\/","og_site_name":"Morro de S\u00e3o Paulo","article_modified_time":"2020-12-02T17:34:10+00:00","og_image":[{"url":"http:\/\/www.morrodesaopaulobahiabrasil.com\/cms\/wp-content\/uploads\/2020\/12\/slider-4-1024x1024-1-300x300.jpeg","type":"","width":"","height":""}],"twitter_card":"summary_large_image","twitter_misc":{"Est. reading time":"1 minute"},"schema":{"@context":"https:\/\/schema.org","@graph":[{"@type":"WebPage","@id":"https:\/\/www.morrodesaopaulobahiabrasil.com\/en\/who-we-are\/","url":"https:\/\/www.morrodesaopaulobahiabrasil.com\/en\/who-we-are\/","name":"Who we are - Morro de S\u00e3o Paulo","isPartOf":{"@id":"https:\/\/www.morrodesaopaulobahiabrasil.com\/en\/#website"},"primaryImageOfPage":{"@id":"https:\/\/www.morrodesaopaulobahiabrasil.com\/en\/who-we-are\/#primaryimage"},"image":{"@id":"https:\/\/www.morrodesaopaulobahiabrasil.com\/en\/who-we-are\/#primaryimage"},"thumbnailUrl":"http:\/\/www.morrodesaopaulobahiabrasil.com\/cms\/wp-content\/uploads\/2020\/12\/slider-4-1024x1024-1-300x300.jpeg","datePublished":"2020-11-04T14:30:08+00:00","dateModified":"2020-12-02T17:34:10+00:00","description":"Morro de S\u00e3o Paulo - Bahia - Brazil. The best offers of Inns, Hotels and Transfer Salvador Morro de S\u00e3o Paulo. The company Zulu Turismo in Morro de S\u00e3o Paulo.","breadcrumb":{"@id":"https:\/\/www.morrodesaopaulobahiabrasil.com\/en\/who-we-are\/#breadcrumb"},"inLanguage":"en-US","potentialAction":[{"@type":"ReadAction","target":["https:\/\/www.morrodesaopaulobahiabrasil.com\/en\/who-we-are\/"]}]},{"@type":"ImageObject","inLanguage":"en-US","@id":"https:\/\/www.morrodesaopaulobahiabrasil.com\/en\/who-we-are\/#primaryimage","url":"http:\/\/www.morrodesaopaulobahiabrasil.com\/cms\/wp-content\/uploads\/2020\/12\/slider-4-1024x1024-1-300x300.jpeg","contentUrl":"http:\/\/www.morrodesaopaulobahiabrasil.com\/cms\/wp-content\/uploads\/2020\/12\/slider-4-1024x1024-1-300x300.jpeg"},{"@type":"BreadcrumbList","@id":"https:\/\/www.morrodesaopaulobahiabrasil.com\/en\/who-we-are\/#breadcrumb","itemListElement":[{"@type":"ListItem","position":1,"name":"In\u00edcio","item":"https:\/\/www.morrodesaopaulobahiabrasil.com\/en\/"},{"@type":"ListItem","position":2,"name":"Who we are"}]},{"@type":"WebSite","@id":"https:\/\/www.morrodesaopaulobahiabrasil.com\/en\/#website","url":"https:\/\/www.morrodesaopaulobahiabrasil.com\/en\/","name":"Morro de S\u00e3o Paulo","description":"As melhores ofertas de Pousadas, Hot\u00e9is, Passeios e Transfer Salvador Morro de S\u00e3o Paulo.","potentialAction":[{"@type":"SearchAction","target":{"@type":"EntryPoint","urlTemplate":"https:\/\/www.morrodesaopaulobahiabrasil.com\/en\/?s={search_term_string}"},"query-input":{"@type":"PropertyValueSpecification","valueRequired":true,"valueName":"search_term_string"}}],"inLanguage":"en-US"}]}},"_links":{"self":[{"href":"https:\/\/www.morrodesaopaulobahiabrasil.com\/en\/wp-json\/wp\/v2\/pages\/6652","targetHints":{"allow":["GET"]}}],"collection":[{"href":"https:\/\/www.morrodesaopaulobahiabrasil.com\/en\/wp-json\/wp\/v2\/pages"}],"about":[{"href":"https:\/\/www.morrodesaopaulobahiabrasil.com\/en\/wp-json\/wp\/v2\/types\/page"}],"author":[{"embeddable":true,"href":"https:\/\/www.morrodesaopaulobahiabrasil.com\/en\/wp-json\/wp\/v2\/users\/5"}],"replies":[{"embeddable":true,"href":"https:\/\/www.morrodesaopaulobahiabrasil.com\/en\/wp-json\/wp\/v2\/comments?post=6652"}],"version-history":[{"count":2,"href":"https:\/\/www.morrodesaopaulobahiabrasil.com\/en\/wp-json\/wp\/v2\/pages\/6652\/revisions"}],"predecessor-version":[{"id":6654,"href":"https:\/\/www.morrodesaopaulobahiabrasil.com\/en\/wp-json\/wp\/v2\/pages\/6652\/revisions\/6654"}],"wp:attachment":[{"href":"https:\/\/www.morrodesaopaulobahiabrasil.com\/en\/wp-json\/wp\/v2\/media?parent=6652"}],"curies":[{"name":"wp","href":"https:\/\/api.w.org\/{rel}","templated":true}]}}