{"id":5495,"date":"2017-05-31T17:58:02","date_gmt":"2017-05-31T20:58:02","guid":{"rendered":"http:\/\/www.morrodesaopaulobahiabrasil.com\/cms\/sobre-msp\/morro-de-sao-paulo-de-dia\/"},"modified":"2020-12-22T18:26:15","modified_gmt":"2020-12-22T21:26:15","slug":"morro-de-sao-paulo-de-dia","status":"publish","type":"page","link":"https:\/\/www.morrodesaopaulobahiabrasil.com\/es\/acerca-de-morro\/morro-de-sao-paulo-de-dia\/","title":{"rendered":"Morro de S\u00e3o Paulo de d\u00eda"},"content":{"rendered":"<p><img loading=\"lazy\" decoding=\"async\" class=\"alignleft\" src=\"http:\/\/www.morrodesaopaulobahiabrasil.com\/imagens\/sobre-morro-sao-paulo\/esportes-morro-de-sao-paulo.jpg\" alt=\"Terceira Playa de Morro de San Pablo\" width=\"325\" height=\"225\" \/>Morro de S\u00e3o Paulo es un lugar que tiene\u00a0<a title=\"Las playas de morro de S\u00e3o Paulo\" href=\"https:\/\/www.morrodesaopaulobahiabrasil.com\/es\/acerca-de-morro\/las-playas\/\">bell\u00edsimas playas<\/a>\u00a0con aguas calmas y arena blanca adem\u00e1s de su maravillosa selva atl\u00e1ntica. Todas con caracter\u00edsticas y particularidades diferentes. Ellas son las que garantizan la diversi\u00f3n durante el d\u00eda en la isla. Aqu\u00ed en este para\u00edso, todos los lugares merecen ser conocidos y disfrutados, ya sea por\u00a0<a title=\"Historia de Morro de San Pablo\" href=\"https:\/\/www.morrodesaopaulobahiabrasil.com\/es\/acerca-de-morro\/la-historia\/\">su historia<\/a>\u00a0o belleza.<\/p>\n<p>La Primera Playa es ideal para deportes como surf, kit surf, banana boat y la tirolesa. La Segunda Playa es indicada para aquellos que gustan de diversi\u00f3n y sociabilizar, as\u00ed como de los deportes: v\u00f3ley, futbol, fut v\u00f3ley y fresco bol. Para los que prefieren playas m\u00e1s tranquilas y no muy distantes indicamos la Cuarta Playa.<\/p>\n<h2><\/h2>\n<h2>Gamboa do Morro<\/h2>\n<div style=\"font-size: 14px;\"><img loading=\"lazy\" decoding=\"async\" class=\"alignleft\" src=\"http:\/\/www.morrodesaopaulobahiabrasil.com\/imagens\/sobre-morro-sao-paulo\/argila-gamboa-do-morro-de-sao-paulo.jpg\" alt=\"Gamboa do Morro de S\u00e3o Paulo\" width=\"325\" height=\"190\" \/>Adem\u00e1s de estas playas, en sentido contrario al Morro de S\u00e3o Paulo esta la Gamboa do Morro. Este es m\u00e1s un poblado de la isla que tambi\u00e9n ofrece infra-estructura de posadas y restaurantes, pero mantiene los aires de una villa de pescadores. Para llegar all\u00e1, tiene que caminar aproximadamente 20 minutos, cuando la marea esta baja. En esta caminata usted conocer\u00e1 tambi\u00e9n el grande barranco de arcilla y las playas Ponta da Pedra y Porto de Cima, estas playas no tienen ni una infra-estructura, son peque\u00f1as y limpias. En el caso de la marea estar alta es solo tomar un barco en el puerto de Morro de S\u00e3o Paulo hasta el puerto de Gamboa. El valor es de R$2,00 por persona.<\/div>\n<h2>Passeos<\/h2>\n<div style=\"font-size: 14px;\"><img loading=\"lazy\" decoding=\"async\" class=\"alignleft\" src=\"http:\/\/www.morrodesaopaulobahiabrasil.com\/imagens\/sobre-morro-sao-paulo\/passeio-volta-ilha-morro-de-sao-paulo.jpg\" alt=\"Los paseos de Morro de S\u00e3o Paulo\" width=\"325\" height=\"175\" \/><a title=\"Los paseos ofrecidos en morro de S\u00e3o paulo\" href=\"https:\/\/www.morrodesaopaulobahiabrasil.com\/es\/paseos\/\">Los paseos ofrecidos<\/a>\u00a0tambi\u00e9n son buenas opciones para aprovechar sus d\u00edas en Morro de S\u00e3o Paulo. Tanto el paseo de la vuelta a la isla Tinhar\u00e9 y pasa por las otras dos islas habitadas del archipi\u00e9lago, cuanto los paseos hasta Ponta do Curral- local del continente en frente a la playa de Gamboa. Hay otro paseo de Toyota que lleva los pasajeros hasta la playa de Garapu\u00e1, situada despu\u00e9s de un extenso manglar en le final de la Quinta Playa. All\u00e1 se puede ir hasta los bares flotantes cuando la marea esta baja y disfrutar de aguas cristalinas y bajas, mientras bebe una cerveza acompa\u00f1ada de deliciosos entremeses.<\/div>\n<p>&nbsp;<\/p>\n<h2><\/h2>\n<h2>City Tour<\/h2>\n<div style=\"font-size: 14px;\"><img loading=\"lazy\" decoding=\"async\" class=\"alignleft\" src=\"http:\/\/www.morrodesaopaulobahiabrasil.com\/imagens\/sobre-morro-sao-paulo\/historia-morro-de-sao-paulo.jpg\" alt=\"City tour en Morro de S\u00e3o Paulo\" width=\"325\" height=\"125\" \/>Otra opci\u00f3n diurna para aquellos que gustan de historia y hacer city-tour de Morro de S\u00e3o Paulo. El gu\u00eda visita lugares hist\u00f3ricos como la Fortaleza\u00a0 de Tapirand\u00fa de Morro de S\u00e3o Paulo, el Portal\u00f3 en la entrada de la isla, el Farol en el alto del Morro, la Iglesia Nossa Senhora da Luz, el Casar\u00e3o y la Fonte Grande, todos esos patrimonios hist\u00f3ricos por haber hecho parte de la historia del descubrimiento de Brasil y del periodo de Brasil Colonial.<\/div>\n<h2><\/h2>\n<p><img loading=\"lazy\" decoding=\"async\" class=\"alignleft\" src=\"http:\/\/www.morrodesaopaulobahiabrasil.com\/imagens\/sobre-morro-sao-paulo\/por-do-sol-gamboa-do-morro-de-sao-paulo.jpg\" alt=\"La Playa de Morro de S\u00e3o Paulo\" width=\"325\" height=\"120\" \/>El atardecer no se puede ver en las Primera Playa, Segunda Playa, Tercera Playa, Cuarta Playa y Quinta Playa, pero si del otro lado de la isla donde est\u00e1 el Fuerte de Morro de S\u00e3o Paulo. Este lado de la isla es el mejor lugar para apreciar este espect\u00e1culo de la naturaleza y para aquellos que gustan de fotografiar este momento.<\/p>\n<p>&nbsp;<\/p>\n","protected":false},"excerpt":{"rendered":"<p>Morro de S\u00e3o Paulo es un lugar que tiene\u00a0bell\u00edsimas playas\u00a0con aguas calmas y arena blanca adem\u00e1s de su maravillosa selva atl\u00e1ntica. Todas con caracter\u00edsticas y particularidades diferentes. Ellas son las <\/p>\n","protected":false},"author":1,"featured_media":0,"parent":5472,"menu_order":0,"comment_status":"closed","ping_status":"closed","template":"","meta":{"footnotes":""},"class_list":["post-5495","page","type-page","status-publish","hentry"],"yoast_head":"<!-- This site is optimized with the Yoast SEO plugin v26.9 - https:\/\/yoast.com\/product\/yoast-seo-wordpress\/ -->\n<title>Morro de S\u00e3o Paulo de d\u00eda - Morro de S\u00e3o Paulo<\/title>\n<meta name=\"description\" content=\"La diversi\u00f3n durante el d\u00eda en la isla Morro de San Pablo. Aprenda sobre el Morro de S\u00e3o Paulo.\" \/>\n<meta name=\"robots\" content=\"index, follow, max-snippet:-1, max-image-preview:large, max-video-preview:-1\" \/>\n<link rel=\"canonical\" href=\"https:\/\/www.morrodesaopaulobahiabrasil.com\/es\/acerca-de-morro\/morro-de-sao-paulo-de-dia\/\" \/>\n<meta property=\"og:locale\" content=\"es_ES\" \/>\n<meta property=\"og:type\" content=\"article\" \/>\n<meta property=\"og:title\" content=\"Morro de S\u00e3o Paulo de d\u00eda - Morro de S\u00e3o Paulo\" \/>\n<meta property=\"og:description\" content=\"La diversi\u00f3n durante el d\u00eda en la isla Morro de San Pablo. Aprenda sobre el Morro de S\u00e3o Paulo.\" \/>\n<meta property=\"og:url\" content=\"https:\/\/www.morrodesaopaulobahiabrasil.com\/es\/acerca-de-morro\/morro-de-sao-paulo-de-dia\/\" \/>\n<meta property=\"og:site_name\" content=\"Morro de S\u00e3o Paulo\" \/>\n<meta property=\"article:modified_time\" content=\"2020-12-22T21:26:15+00:00\" \/>\n<meta property=\"og:image\" content=\"http:\/\/www.morrodesaopaulobahiabrasil.com\/imagens\/sobre-morro-sao-paulo\/esportes-morro-de-sao-paulo.jpg\" \/>\n<meta name=\"twitter:card\" content=\"summary_large_image\" \/>\n<meta name=\"twitter:label1\" content=\"Tiempo de lectura\" \/>\n\t<meta name=\"twitter:data1\" content=\"3 minutos\" \/>\n<script type=\"application\/ld+json\" class=\"yoast-schema-graph\">{\"@context\":\"https:\/\/schema.org\",\"@graph\":[{\"@type\":\"WebPage\",\"@id\":\"https:\/\/www.morrodesaopaulobahiabrasil.com\/es\/acerca-de-morro\/morro-de-sao-paulo-de-dia\/\",\"url\":\"https:\/\/www.morrodesaopaulobahiabrasil.com\/es\/acerca-de-morro\/morro-de-sao-paulo-de-dia\/\",\"name\":\"Morro de S\u00e3o Paulo de d\u00eda - Morro de S\u00e3o Paulo\",\"isPartOf\":{\"@id\":\"https:\/\/www.morrodesaopaulobahiabrasil.com\/es\/#website\"},\"primaryImageOfPage\":{\"@id\":\"https:\/\/www.morrodesaopaulobahiabrasil.com\/es\/acerca-de-morro\/morro-de-sao-paulo-de-dia\/#primaryimage\"},\"image\":{\"@id\":\"https:\/\/www.morrodesaopaulobahiabrasil.com\/es\/acerca-de-morro\/morro-de-sao-paulo-de-dia\/#primaryimage\"},\"thumbnailUrl\":\"http:\/\/www.morrodesaopaulobahiabrasil.com\/imagens\/sobre-morro-sao-paulo\/esportes-morro-de-sao-paulo.jpg\",\"datePublished\":\"2017-05-31T20:58:02+00:00\",\"dateModified\":\"2020-12-22T21:26:15+00:00\",\"description\":\"La diversi\u00f3n durante el d\u00eda en la isla Morro de San Pablo. Aprenda sobre el Morro de S\u00e3o Paulo.\",\"breadcrumb\":{\"@id\":\"https:\/\/www.morrodesaopaulobahiabrasil.com\/es\/acerca-de-morro\/morro-de-sao-paulo-de-dia\/#breadcrumb\"},\"inLanguage\":\"es\",\"potentialAction\":[{\"@type\":\"ReadAction\",\"target\":[\"https:\/\/www.morrodesaopaulobahiabrasil.com\/es\/acerca-de-morro\/morro-de-sao-paulo-de-dia\/\"]}]},{\"@type\":\"ImageObject\",\"inLanguage\":\"es\",\"@id\":\"https:\/\/www.morrodesaopaulobahiabrasil.com\/es\/acerca-de-morro\/morro-de-sao-paulo-de-dia\/#primaryimage\",\"url\":\"http:\/\/www.morrodesaopaulobahiabrasil.com\/imagens\/sobre-morro-sao-paulo\/esportes-morro-de-sao-paulo.jpg\",\"contentUrl\":\"http:\/\/www.morrodesaopaulobahiabrasil.com\/imagens\/sobre-morro-sao-paulo\/esportes-morro-de-sao-paulo.jpg\"},{\"@type\":\"BreadcrumbList\",\"@id\":\"https:\/\/www.morrodesaopaulobahiabrasil.com\/es\/acerca-de-morro\/morro-de-sao-paulo-de-dia\/#breadcrumb\",\"itemListElement\":[{\"@type\":\"ListItem\",\"position\":1,\"name\":\"In\u00edcio\",\"item\":\"https:\/\/www.morrodesaopaulobahiabrasil.com\/es\/\"},{\"@type\":\"ListItem\",\"position\":2,\"name\":\"Acerca de Morro de S\u00e3o Paulo\",\"item\":\"https:\/\/www.morrodesaopaulobahiabrasil.com\/es\/sobre-msp\/\"},{\"@type\":\"ListItem\",\"position\":3,\"name\":\"Morro de S\u00e3o Paulo de d\u00eda\"}]},{\"@type\":\"WebSite\",\"@id\":\"https:\/\/www.morrodesaopaulobahiabrasil.com\/es\/#website\",\"url\":\"https:\/\/www.morrodesaopaulobahiabrasil.com\/es\/\",\"name\":\"Morro de S\u00e3o Paulo\",\"description\":\"As melhores ofertas de Pousadas, Hot\u00e9is, Passeios e Transfer Salvador Morro de S\u00e3o Paulo.\",\"potentialAction\":[{\"@type\":\"SearchAction\",\"target\":{\"@type\":\"EntryPoint\",\"urlTemplate\":\"https:\/\/www.morrodesaopaulobahiabrasil.com\/es\/?s={search_term_string}\"},\"query-input\":{\"@type\":\"PropertyValueSpecification\",\"valueRequired\":true,\"valueName\":\"search_term_string\"}}],\"inLanguage\":\"es\"}]}<\/script>\n<!-- \/ Yoast SEO plugin. -->","yoast_head_json":{"title":"Morro de S\u00e3o Paulo de d\u00eda - Morro de S\u00e3o Paulo","description":"La diversi\u00f3n durante el d\u00eda en la isla Morro de San Pablo. Aprenda sobre el Morro de S\u00e3o Paulo.","robots":{"index":"index","follow":"follow","max-snippet":"max-snippet:-1","max-image-preview":"max-image-preview:large","max-video-preview":"max-video-preview:-1"},"canonical":"https:\/\/www.morrodesaopaulobahiabrasil.com\/es\/acerca-de-morro\/morro-de-sao-paulo-de-dia\/","og_locale":"es_ES","og_type":"article","og_title":"Morro de S\u00e3o Paulo de d\u00eda - Morro de S\u00e3o Paulo","og_description":"La diversi\u00f3n durante el d\u00eda en la isla Morro de San Pablo. Aprenda sobre el Morro de S\u00e3o Paulo.","og_url":"https:\/\/www.morrodesaopaulobahiabrasil.com\/es\/acerca-de-morro\/morro-de-sao-paulo-de-dia\/","og_site_name":"Morro de S\u00e3o Paulo","article_modified_time":"2020-12-22T21:26:15+00:00","og_image":[{"url":"http:\/\/www.morrodesaopaulobahiabrasil.com\/imagens\/sobre-morro-sao-paulo\/esportes-morro-de-sao-paulo.jpg","type":"","width":"","height":""}],"twitter_card":"summary_large_image","twitter_misc":{"Tiempo de lectura":"3 minutos"},"schema":{"@context":"https:\/\/schema.org","@graph":[{"@type":"WebPage","@id":"https:\/\/www.morrodesaopaulobahiabrasil.com\/es\/acerca-de-morro\/morro-de-sao-paulo-de-dia\/","url":"https:\/\/www.morrodesaopaulobahiabrasil.com\/es\/acerca-de-morro\/morro-de-sao-paulo-de-dia\/","name":"Morro de S\u00e3o Paulo de d\u00eda - Morro de S\u00e3o Paulo","isPartOf":{"@id":"https:\/\/www.morrodesaopaulobahiabrasil.com\/es\/#website"},"primaryImageOfPage":{"@id":"https:\/\/www.morrodesaopaulobahiabrasil.com\/es\/acerca-de-morro\/morro-de-sao-paulo-de-dia\/#primaryimage"},"image":{"@id":"https:\/\/www.morrodesaopaulobahiabrasil.com\/es\/acerca-de-morro\/morro-de-sao-paulo-de-dia\/#primaryimage"},"thumbnailUrl":"http:\/\/www.morrodesaopaulobahiabrasil.com\/imagens\/sobre-morro-sao-paulo\/esportes-morro-de-sao-paulo.jpg","datePublished":"2017-05-31T20:58:02+00:00","dateModified":"2020-12-22T21:26:15+00:00","description":"La diversi\u00f3n durante el d\u00eda en la isla Morro de San Pablo. Aprenda sobre el Morro de S\u00e3o Paulo.","breadcrumb":{"@id":"https:\/\/www.morrodesaopaulobahiabrasil.com\/es\/acerca-de-morro\/morro-de-sao-paulo-de-dia\/#breadcrumb"},"inLanguage":"es","potentialAction":[{"@type":"ReadAction","target":["https:\/\/www.morrodesaopaulobahiabrasil.com\/es\/acerca-de-morro\/morro-de-sao-paulo-de-dia\/"]}]},{"@type":"ImageObject","inLanguage":"es","@id":"https:\/\/www.morrodesaopaulobahiabrasil.com\/es\/acerca-de-morro\/morro-de-sao-paulo-de-dia\/#primaryimage","url":"http:\/\/www.morrodesaopaulobahiabrasil.com\/imagens\/sobre-morro-sao-paulo\/esportes-morro-de-sao-paulo.jpg","contentUrl":"http:\/\/www.morrodesaopaulobahiabrasil.com\/imagens\/sobre-morro-sao-paulo\/esportes-morro-de-sao-paulo.jpg"},{"@type":"BreadcrumbList","@id":"https:\/\/www.morrodesaopaulobahiabrasil.com\/es\/acerca-de-morro\/morro-de-sao-paulo-de-dia\/#breadcrumb","itemListElement":[{"@type":"ListItem","position":1,"name":"In\u00edcio","item":"https:\/\/www.morrodesaopaulobahiabrasil.com\/es\/"},{"@type":"ListItem","position":2,"name":"Acerca de Morro de S\u00e3o Paulo","item":"https:\/\/www.morrodesaopaulobahiabrasil.com\/es\/sobre-msp\/"},{"@type":"ListItem","position":3,"name":"Morro de S\u00e3o Paulo de d\u00eda"}]},{"@type":"WebSite","@id":"https:\/\/www.morrodesaopaulobahiabrasil.com\/es\/#website","url":"https:\/\/www.morrodesaopaulobahiabrasil.com\/es\/","name":"Morro de S\u00e3o Paulo","description":"As melhores ofertas de Pousadas, Hot\u00e9is, Passeios e Transfer Salvador Morro de S\u00e3o Paulo.","potentialAction":[{"@type":"SearchAction","target":{"@type":"EntryPoint","urlTemplate":"https:\/\/www.morrodesaopaulobahiabrasil.com\/es\/?s={search_term_string}"},"query-input":{"@type":"PropertyValueSpecification","valueRequired":true,"valueName":"search_term_string"}}],"inLanguage":"es"}]}},"_links":{"self":[{"href":"https:\/\/www.morrodesaopaulobahiabrasil.com\/es\/wp-json\/wp\/v2\/pages\/5495","targetHints":{"allow":["GET"]}}],"collection":[{"href":"https:\/\/www.morrodesaopaulobahiabrasil.com\/es\/wp-json\/wp\/v2\/pages"}],"about":[{"href":"https:\/\/www.morrodesaopaulobahiabrasil.com\/es\/wp-json\/wp\/v2\/types\/page"}],"author":[{"embeddable":true,"href":"https:\/\/www.morrodesaopaulobahiabrasil.com\/es\/wp-json\/wp\/v2\/users\/1"}],"replies":[{"embeddable":true,"href":"https:\/\/www.morrodesaopaulobahiabrasil.com\/es\/wp-json\/wp\/v2\/comments?post=5495"}],"version-history":[{"count":5,"href":"https:\/\/www.morrodesaopaulobahiabrasil.com\/es\/wp-json\/wp\/v2\/pages\/5495\/revisions"}],"predecessor-version":[{"id":8338,"href":"https:\/\/www.morrodesaopaulobahiabrasil.com\/es\/wp-json\/wp\/v2\/pages\/5495\/revisions\/8338"}],"up":[{"embeddable":true,"href":"https:\/\/www.morrodesaopaulobahiabrasil.com\/es\/wp-json\/wp\/v2\/pages\/5472"}],"wp:attachment":[{"href":"https:\/\/www.morrodesaopaulobahiabrasil.com\/es\/wp-json\/wp\/v2\/media?parent=5495"}],"curies":[{"name":"wp","href":"https:\/\/api.w.org\/{rel}","templated":true}]}}