{"id":5509,"date":"2017-08-22T17:29:14","date_gmt":"2017-08-22T20:29:14","guid":{"rendered":"http:\/\/www.morrodesaopaulobahiabrasil.com\/cms\/sobre-msp\/historia-de-morro-de-sao-paulo\/"},"modified":"2020-12-22T18:31:10","modified_gmt":"2020-12-22T21:31:10","slug":"la-historia","status":"publish","type":"page","link":"https:\/\/www.morrodesaopaulobahiabrasil.com\/es\/acerca-de-morro\/la-historia\/","title":{"rendered":"La Historia"},"content":{"rendered":"<p>&nbsp;<\/p>\n<div style=\"font-size: 14px;\"><img loading=\"lazy\" decoding=\"async\" class=\"alignleft\" style=\"font-size: 16px;\" src=\"http:\/\/www.morrodesaopaulobahiabrasil.com\/imagens\/sobre-morro-sao-paulo\/barco-historico-morro-de-sao-paulo.jpg\" alt=\"La historia de Morro de San Pablo\" width=\"325\" height=\"140\" \/>Descubierto por el navegador portugu\u00e9s \u00a0Martin Afonso de Souza en 1531,\u00a0<a href=\"https:\/\/www.morrodesaopaulobahiabrasil.com\/es\/acerca-de-morro\/\">Morro de Sao Paulo<\/a>\u00a0tubo parte en la historia de la colonizaci\u00f3n de Brasil. Pocos saben, m\u00e1s fue palco inclusive \u00a0para la Segunda Guerra \u00a0Mundial donde los nazistas naufragaban nav\u00edos \u00a0en frente a la\u00a0<a href=\"https:\/\/www.morrodesaopaulobahiabrasil.com\/es\/acerca-de-morro\/las-playas\/\">Primera Playa<\/a>, motivo por el cual Brasil entro en guerra. Mucho de los n\u00e1ufragos fueron ayudados por los habitantes que all\u00ed \u00a0estaban y que recuerdan hasta hoy como una \u00e9poca de miedo.<\/div>\n<p>&nbsp;<\/p>\n<div style=\"font-size: 14px;\"><img loading=\"lazy\" decoding=\"async\" class=\"alignright\" style=\"font-size: 16px;\" src=\"http:\/\/www.morrodesaopaulobahiabrasil.com\/imagens\/sobre-morro-sao-paulo\/morro-de-sao-paulo-antigo-1.jpg\" alt=\"Foto veja de Morro de San Pablo\" width=\"325\" height=\"100\" \/>A pesar de su descubrimiento haber ocurrido junto con el del pa\u00eds hasta poco tiempo atr\u00e1s todav\u00eda \u00a0era un lugar tranquilo de vivir. Conforme a los antiguos habitantes del lugar cuentan que la sobrevivencia era b\u00e1sicamente \u00a0de pesca.<br \/>\nUn peque\u00f1o Villarejo \u00a0donde hasta la d\u00e9cada del 70 no hab\u00eda tel\u00e9fono ni luz el\u00e9ctrica, el primero generador solamente entre las17 hs hasta las 22 hs, La luz el\u00e9ctrica solo vino para Morro de Sao Paulo en 1985.<\/div>\n<p>&nbsp;<\/p>\n<div style=\"font-size: 14px;\"><img loading=\"lazy\" decoding=\"async\" class=\"alignleft\" style=\"font-size: 16px;\" src=\"http:\/\/www.morrodesaopaulobahiabrasil.com\/imagens\/sobre-morro-sao-paulo\/morro-de-sao-paulo-historia-nativos.jpg\" alt=\"Habitantes de Morro de Sao Paulo en 1970\" width=\"325\" height=\"160\" \/>Los habitantes se ba\u00f1aban en la\u00a0<a href=\"https:\/\/www.morrodesaopaulobahiabrasil.com\/es\/acerca-de-morro\/monumentos-historicos\/\">Fonte Grande<\/a>\u00a0-sistema de abastecimiento de agua construido en el siglo XVII. \u00a0Fue tambi\u00e9n en los a\u00f1os 70 que la simple villa comenz\u00f3 un proceso de ser descubierto por el mundo que hoy hace de Morro de Sao Paulo el tercer polo tur\u00edstico de la Bah\u00eda. En esta \u00e9poca comienzan a aparecer los primeros\u00a0 visitantes \u00a0de las ciudades vecinas y pasaban en la isla todo el verano. Inicialmente alquilaban las casas de los pescadores, despu\u00e9s de un tiempo comenzaron a construir sus llamadas casa de veraneo, localizadas en la Primera Playa.<\/div>\n<p>&nbsp;<\/p>\n<div style=\"font-size: 14px;\"><img loading=\"lazy\" decoding=\"async\" class=\"alignright\" style=\"font-size: 16px;\" src=\"http:\/\/www.morrodesaopaulobahiabrasil.com\/imagens\/sobre-morro-sao-paulo\/povo-misturado-morro-de-sao-paulo.jpg\" alt=\"Mezcla de razas y culturas en morro de san pablo Morro de San Pablo\" width=\"325\" height=\"190\" \/>Despu\u00e9s fue la vez de los mochileros y hippies que vinieron a disfrutar de este para\u00edso de bell\u00edsimas playas y selva atl\u00e1ntica todav\u00eda poco explorada. Fueron ellos que divulgaron Morro de Sao Paulo para Brasil y el resto del mundo, convidando inn\u00fameros \u00a0visitantes y muchos encantados por la belleza y la vida serena del lugar abandonaron sus vidas en las metr\u00f3polis. Esta mezcla de razas y culturas de los extranjeros \u00a0que habitan en la isla se mezclaron con la cultura local dando a Morro de Sao Paulo una caracter\u00edstica \u00fanica de un lugar que parece pertenecer al mundo, donde todos los que conocen se sienten en casa.<\/div>\n<p>&nbsp;<\/p>\n<div style=\"font-size: 14px;\"><img loading=\"lazy\" decoding=\"async\" class=\"alignleft\" style=\"font-size: 16px;\" src=\"http:\/\/www.morrodesaopaulobahiabrasil.com\/imagens\/sobre-morro-sao-paulo\/vila-velha-morro-de-sao-paulo.jpg\" alt=\"Villa vieja de morro de San Pablo\" width=\"325\" height=\"160\" \/>Debido a esa avalancha de nuevos habitantes y turistas que frecuentan la isla, las casas de pescadores nativos fueron transform\u00e1ndose en\u00a0<a href=\"https:\/\/www.morrodesaopaulobahiabrasil.com\/es\/alojamiento-en-morro-de-sao-paulo\/posadas-y-hoteles\/\">Posadas y Hoteles<\/a>, Restaurantes, tiendas, farmacias, helader\u00edas, sandwicherias, joyer\u00edas y tambi\u00e9n Puesto de Salud, Escuelas, Puesto\u00a0 Policial, Secretaria, etc. y de esta forma la infra estructura y el progreso comienzan a aparecer -progreso es demorado y dif\u00edcil, ya que Morro de Sao Paulo es una isla\u00a0sin conexi\u00f3n con el continente. As\u00ed mismo la isla fue creciendo sin parar.<\/div>\n<p>&nbsp;<\/p>\n<div style=\"font-size: 14px;\"><img loading=\"lazy\" decoding=\"async\" class=\"alignright\" style=\"font-size: 16px;\" src=\"http:\/\/www.morrodesaopaulobahiabrasil.com\/imagens\/sobre-morro-sao-paulo\/primeira-segunda-praia-antiga-morro-de-sao-paulo.jpg\" alt=\"Primera playa de Morro de San Pablo\" width=\"325\" height=\"180\" \/>En las playas donde hab\u00eda inmensas haciendas de coquerales comenzaron a aparecer restaurantes, posadas, helader\u00edas, fiestas y los terrenos que all\u00e1 estaban siendo vendidos o con due\u00f1os extranjero que no aparec\u00edan en muchos a\u00f1os en Morro de Sao Paulo. En esta \u00e9poca surgieron las llamadas invasiones, nuevos habitantes que hicieron sus casas a la deriva y de forma desorganizada, principalmente en las Segunda y Tercera playa. Igualmente con tantas transformaciones Morro de Sao Paulo preserva la belleza natural de sus playas.<\/div>\n<p>&nbsp;<\/p>\n<div style=\"font-size: 14px;\"><img loading=\"lazy\" decoding=\"async\" class=\"alignleft\" style=\"font-size: 16px;\" src=\"http:\/\/www.morrodesaopaulobahiabrasil.com\/imagens\/sobre-morro-sao-paulo\/solar-do-morro-antigo-morro-de-sao-paulo-historico.jpg\" alt=\"pintura veja de posada en Morro de Sao Paulo\" width=\"325\" height=\"210\" \/>La isla no tiene conexi\u00f3n con el continente, Morro de Sao Paulo se sit\u00faa \u00a0a 60 Kil\u00f3metros al sur de la capital bahiana Salvador, es distrito de la ciudad de Cair\u00fa- \u00fanica isla del archipi\u00e9lago \u00a0donde hay un puente que conecta al continente. As\u00ed, en la villa de Morro de S\u00e3o Pulo hasta hoy no existen autos, excepto el tractor que pasa por las ma\u00f1anas para recoger la basura y la ambulancia para emergencias \u00a0y accidentes. Paralela a la Segunda Playa existe la calle\u00a0 y el receptivo de los hoteles alejados de la Cuarta Playa y la Quinta Playa para el acceso de sus hu\u00e9spedes \u00a0a la Villa, atreves de\u00a0sus land rovers y una pista de aterrizaje de una empresa de taxi a\u00e9reo que realiza el traslado entre Salvador y Morro de San Pablo.<\/div>\n<p>&nbsp;<\/p>\n<div style=\"font-size: 14px;\"><img loading=\"lazy\" decoding=\"async\" class=\"alignright\" style=\"font-size: 16px;\" src=\"http:\/\/www.morrodesaopaulobahiabrasil.com\/imagens\/sobre-morro-sao-paulo\/morro-de-sao-paulo-antigo.jpg\" alt=\"Morro de San Pablo 20 a\u00f1os atras\" width=\"325\" height=\"140\" \/>Las Playas son en orden, la Primera Playa m\u00e1s frecuentada por los habitantes, la Segunda Playa que garantiza agitaci\u00f3n durante el da y la noche, la Tercera Playa con todos los tipos de hoteles, menos agitada, pero con f\u00e1cil acceso al centro, la Cuarta Playa que es mayor, sin embargo poco frecuentada con aguas cristalinas y c\u00e1lidas y la \u00faltima la Quinta Playa de Morro de Sao Paulo, m\u00e1s asolado \u00a0y semi desierta con lujosos Hoteles y Posadas.<\/div>\n<p>&nbsp;<\/p>\n<div style=\"font-size: 14px;\"><img loading=\"lazy\" decoding=\"async\" class=\"alignleft\" style=\"font-size: 16px;\" src=\"http:\/\/www.morrodesaopaulobahiabrasil.com\/imagens\/sobre-morro-sao-paulo\/primeira-segunda-praia-morro-de-sao-paulo-aquarel.jpg\" alt=\"Aquarela de la playa de Morro de San Pablo\" width=\"325\" height=\"150\" \/>Adem\u00e1s de bellezas naturales de la isla, actualmente ella ofrece restaurantes con comidas t\u00edpicas \u00a0y refinadas, inn\u00fameras posadas, hoteles eco resorts, panader\u00edas, mercados, cyber caf\u00e9s, feria de artesanos\u00a0 y una riqu\u00edsima \u00a0vida nocturna. Los deportes tambien son comunes como buceo con tanque de oxigeno o snorkel, volei de playa, futbol y futbolei, surf, kitesurf, vela caminadas, cabalgatas, caique, paseos de bicicleta, nataci\u00f3n, banana boat y la mayor tirolesa de Brasil.<\/div>\n<p>&nbsp;<\/p>\n<div style=\"font-size: 14px;\"><img loading=\"lazy\" decoding=\"async\" class=\"alignright\" style=\"font-size: 16px;\" src=\"http:\/\/www.morrodesaopaulobahiabrasil.com\/imagens\/sobre-morro-sao-paulo\/morro-de-sao-paulo-farol-por-sol.jpg\" alt=\"Morro de San Pablo\" width=\"325\" height=\"150\" \/>Es por eso que Morro de Sao Paulo atiende y agrada a todos los tipos de turistas. Desde aquellos que prefieren la tranquilidad y comodidad de los hoteles que ofrecen todo tipo de confort para sus hu\u00e9spedes en las playas maravillosas semi desiertas hasta el turista mochilero. La isla agrada matrimonios en luna de miel \u00a0y aventureros, aquellos que prefieren el d\u00eda y a los que gustan de fiestas hasta el amanecer. En este para\u00edso lejos de la vida agitada de las ciudades todos tienen diversi\u00f3n \u00a0garantizada.<\/div>\n<p>&nbsp;<\/p>\n","protected":false},"excerpt":{"rendered":"<p>&nbsp;<br \/>\nDescubierto por el navegador portugu\u00e9s \u00a0Martin Afonso de Souza en 1531,\u00a0Morro de Sao Paulo\u00a0tubo parte en la historia de la colonizaci\u00f3n de Brasil. Pocos saben, m\u00e1s fue palco inclusive <\/p>\n","protected":false},"author":1,"featured_media":0,"parent":5472,"menu_order":0,"comment_status":"closed","ping_status":"closed","template":"","meta":{"footnotes":""},"class_list":["post-5509","page","type-page","status-publish","hentry"],"yoast_head":"<!-- This site is optimized with the Yoast SEO plugin v26.9 - https:\/\/yoast.com\/product\/yoast-seo-wordpress\/ -->\n<title>La Historia - Morro de S\u00e3o Paulo<\/title>\n<meta name=\"description\" content=\"La historia de Morro de Sao Paulo - Bahia - Brasil. Informaciones sobre la isla Morro de San Pablo\" \/>\n<meta name=\"robots\" content=\"index, follow, max-snippet:-1, max-image-preview:large, max-video-preview:-1\" \/>\n<link rel=\"canonical\" href=\"https:\/\/www.morrodesaopaulobahiabrasil.com\/es\/acerca-de-morro\/la-historia\/\" \/>\n<meta property=\"og:locale\" content=\"es_ES\" \/>\n<meta property=\"og:type\" content=\"article\" \/>\n<meta property=\"og:title\" content=\"La Historia - Morro de S\u00e3o Paulo\" \/>\n<meta property=\"og:description\" content=\"La historia de Morro de Sao Paulo - Bahia - Brasil. Informaciones sobre la isla Morro de San Pablo\" \/>\n<meta property=\"og:url\" content=\"https:\/\/www.morrodesaopaulobahiabrasil.com\/es\/acerca-de-morro\/la-historia\/\" \/>\n<meta property=\"og:site_name\" content=\"Morro de S\u00e3o Paulo\" \/>\n<meta property=\"article:modified_time\" content=\"2020-12-22T21:31:10+00:00\" \/>\n<meta property=\"og:image\" content=\"http:\/\/www.morrodesaopaulobahiabrasil.com\/imagens\/sobre-morro-sao-paulo\/barco-historico-morro-de-sao-paulo.jpg\" \/>\n<meta name=\"twitter:card\" content=\"summary_large_image\" \/>\n<meta name=\"twitter:label1\" content=\"Tiempo de lectura\" \/>\n\t<meta name=\"twitter:data1\" content=\"5 minutos\" \/>\n<script type=\"application\/ld+json\" class=\"yoast-schema-graph\">{\"@context\":\"https:\/\/schema.org\",\"@graph\":[{\"@type\":\"WebPage\",\"@id\":\"https:\/\/www.morrodesaopaulobahiabrasil.com\/es\/acerca-de-morro\/la-historia\/\",\"url\":\"https:\/\/www.morrodesaopaulobahiabrasil.com\/es\/acerca-de-morro\/la-historia\/\",\"name\":\"La Historia - Morro de S\u00e3o Paulo\",\"isPartOf\":{\"@id\":\"https:\/\/www.morrodesaopaulobahiabrasil.com\/es\/#website\"},\"primaryImageOfPage\":{\"@id\":\"https:\/\/www.morrodesaopaulobahiabrasil.com\/es\/acerca-de-morro\/la-historia\/#primaryimage\"},\"image\":{\"@id\":\"https:\/\/www.morrodesaopaulobahiabrasil.com\/es\/acerca-de-morro\/la-historia\/#primaryimage\"},\"thumbnailUrl\":\"http:\/\/www.morrodesaopaulobahiabrasil.com\/imagens\/sobre-morro-sao-paulo\/barco-historico-morro-de-sao-paulo.jpg\",\"datePublished\":\"2017-08-22T20:29:14+00:00\",\"dateModified\":\"2020-12-22T21:31:10+00:00\",\"description\":\"La historia de Morro de Sao Paulo - Bahia - Brasil. Informaciones sobre la isla Morro de San Pablo\",\"breadcrumb\":{\"@id\":\"https:\/\/www.morrodesaopaulobahiabrasil.com\/es\/acerca-de-morro\/la-historia\/#breadcrumb\"},\"inLanguage\":\"es\",\"potentialAction\":[{\"@type\":\"ReadAction\",\"target\":[\"https:\/\/www.morrodesaopaulobahiabrasil.com\/es\/acerca-de-morro\/la-historia\/\"]}]},{\"@type\":\"ImageObject\",\"inLanguage\":\"es\",\"@id\":\"https:\/\/www.morrodesaopaulobahiabrasil.com\/es\/acerca-de-morro\/la-historia\/#primaryimage\",\"url\":\"http:\/\/www.morrodesaopaulobahiabrasil.com\/imagens\/sobre-morro-sao-paulo\/barco-historico-morro-de-sao-paulo.jpg\",\"contentUrl\":\"http:\/\/www.morrodesaopaulobahiabrasil.com\/imagens\/sobre-morro-sao-paulo\/barco-historico-morro-de-sao-paulo.jpg\"},{\"@type\":\"BreadcrumbList\",\"@id\":\"https:\/\/www.morrodesaopaulobahiabrasil.com\/es\/acerca-de-morro\/la-historia\/#breadcrumb\",\"itemListElement\":[{\"@type\":\"ListItem\",\"position\":1,\"name\":\"In\u00edcio\",\"item\":\"https:\/\/www.morrodesaopaulobahiabrasil.com\/es\/\"},{\"@type\":\"ListItem\",\"position\":2,\"name\":\"Acerca de Morro de S\u00e3o Paulo\",\"item\":\"https:\/\/www.morrodesaopaulobahiabrasil.com\/es\/sobre-msp\/\"},{\"@type\":\"ListItem\",\"position\":3,\"name\":\"La Historia\"}]},{\"@type\":\"WebSite\",\"@id\":\"https:\/\/www.morrodesaopaulobahiabrasil.com\/es\/#website\",\"url\":\"https:\/\/www.morrodesaopaulobahiabrasil.com\/es\/\",\"name\":\"Morro de S\u00e3o Paulo\",\"description\":\"As melhores ofertas de Pousadas, Hot\u00e9is, Passeios e Transfer Salvador Morro de S\u00e3o Paulo.\",\"potentialAction\":[{\"@type\":\"SearchAction\",\"target\":{\"@type\":\"EntryPoint\",\"urlTemplate\":\"https:\/\/www.morrodesaopaulobahiabrasil.com\/es\/?s={search_term_string}\"},\"query-input\":{\"@type\":\"PropertyValueSpecification\",\"valueRequired\":true,\"valueName\":\"search_term_string\"}}],\"inLanguage\":\"es\"}]}<\/script>\n<!-- \/ Yoast SEO plugin. -->","yoast_head_json":{"title":"La Historia - Morro de S\u00e3o Paulo","description":"La historia de Morro de Sao Paulo - Bahia - Brasil. Informaciones sobre la isla Morro de San Pablo","robots":{"index":"index","follow":"follow","max-snippet":"max-snippet:-1","max-image-preview":"max-image-preview:large","max-video-preview":"max-video-preview:-1"},"canonical":"https:\/\/www.morrodesaopaulobahiabrasil.com\/es\/acerca-de-morro\/la-historia\/","og_locale":"es_ES","og_type":"article","og_title":"La Historia - Morro de S\u00e3o Paulo","og_description":"La historia de Morro de Sao Paulo - Bahia - Brasil. Informaciones sobre la isla Morro de San Pablo","og_url":"https:\/\/www.morrodesaopaulobahiabrasil.com\/es\/acerca-de-morro\/la-historia\/","og_site_name":"Morro de S\u00e3o Paulo","article_modified_time":"2020-12-22T21:31:10+00:00","og_image":[{"url":"http:\/\/www.morrodesaopaulobahiabrasil.com\/imagens\/sobre-morro-sao-paulo\/barco-historico-morro-de-sao-paulo.jpg","type":"","width":"","height":""}],"twitter_card":"summary_large_image","twitter_misc":{"Tiempo de lectura":"5 minutos"},"schema":{"@context":"https:\/\/schema.org","@graph":[{"@type":"WebPage","@id":"https:\/\/www.morrodesaopaulobahiabrasil.com\/es\/acerca-de-morro\/la-historia\/","url":"https:\/\/www.morrodesaopaulobahiabrasil.com\/es\/acerca-de-morro\/la-historia\/","name":"La Historia - Morro de S\u00e3o Paulo","isPartOf":{"@id":"https:\/\/www.morrodesaopaulobahiabrasil.com\/es\/#website"},"primaryImageOfPage":{"@id":"https:\/\/www.morrodesaopaulobahiabrasil.com\/es\/acerca-de-morro\/la-historia\/#primaryimage"},"image":{"@id":"https:\/\/www.morrodesaopaulobahiabrasil.com\/es\/acerca-de-morro\/la-historia\/#primaryimage"},"thumbnailUrl":"http:\/\/www.morrodesaopaulobahiabrasil.com\/imagens\/sobre-morro-sao-paulo\/barco-historico-morro-de-sao-paulo.jpg","datePublished":"2017-08-22T20:29:14+00:00","dateModified":"2020-12-22T21:31:10+00:00","description":"La historia de Morro de Sao Paulo - Bahia - Brasil. Informaciones sobre la isla Morro de San Pablo","breadcrumb":{"@id":"https:\/\/www.morrodesaopaulobahiabrasil.com\/es\/acerca-de-morro\/la-historia\/#breadcrumb"},"inLanguage":"es","potentialAction":[{"@type":"ReadAction","target":["https:\/\/www.morrodesaopaulobahiabrasil.com\/es\/acerca-de-morro\/la-historia\/"]}]},{"@type":"ImageObject","inLanguage":"es","@id":"https:\/\/www.morrodesaopaulobahiabrasil.com\/es\/acerca-de-morro\/la-historia\/#primaryimage","url":"http:\/\/www.morrodesaopaulobahiabrasil.com\/imagens\/sobre-morro-sao-paulo\/barco-historico-morro-de-sao-paulo.jpg","contentUrl":"http:\/\/www.morrodesaopaulobahiabrasil.com\/imagens\/sobre-morro-sao-paulo\/barco-historico-morro-de-sao-paulo.jpg"},{"@type":"BreadcrumbList","@id":"https:\/\/www.morrodesaopaulobahiabrasil.com\/es\/acerca-de-morro\/la-historia\/#breadcrumb","itemListElement":[{"@type":"ListItem","position":1,"name":"In\u00edcio","item":"https:\/\/www.morrodesaopaulobahiabrasil.com\/es\/"},{"@type":"ListItem","position":2,"name":"Acerca de Morro de S\u00e3o Paulo","item":"https:\/\/www.morrodesaopaulobahiabrasil.com\/es\/sobre-msp\/"},{"@type":"ListItem","position":3,"name":"La Historia"}]},{"@type":"WebSite","@id":"https:\/\/www.morrodesaopaulobahiabrasil.com\/es\/#website","url":"https:\/\/www.morrodesaopaulobahiabrasil.com\/es\/","name":"Morro de S\u00e3o Paulo","description":"As melhores ofertas de Pousadas, Hot\u00e9is, Passeios e Transfer Salvador Morro de S\u00e3o Paulo.","potentialAction":[{"@type":"SearchAction","target":{"@type":"EntryPoint","urlTemplate":"https:\/\/www.morrodesaopaulobahiabrasil.com\/es\/?s={search_term_string}"},"query-input":{"@type":"PropertyValueSpecification","valueRequired":true,"valueName":"search_term_string"}}],"inLanguage":"es"}]}},"_links":{"self":[{"href":"https:\/\/www.morrodesaopaulobahiabrasil.com\/es\/wp-json\/wp\/v2\/pages\/5509","targetHints":{"allow":["GET"]}}],"collection":[{"href":"https:\/\/www.morrodesaopaulobahiabrasil.com\/es\/wp-json\/wp\/v2\/pages"}],"about":[{"href":"https:\/\/www.morrodesaopaulobahiabrasil.com\/es\/wp-json\/wp\/v2\/types\/page"}],"author":[{"embeddable":true,"href":"https:\/\/www.morrodesaopaulobahiabrasil.com\/es\/wp-json\/wp\/v2\/users\/1"}],"replies":[{"embeddable":true,"href":"https:\/\/www.morrodesaopaulobahiabrasil.com\/es\/wp-json\/wp\/v2\/comments?post=5509"}],"version-history":[{"count":5,"href":"https:\/\/www.morrodesaopaulobahiabrasil.com\/es\/wp-json\/wp\/v2\/pages\/5509\/revisions"}],"predecessor-version":[{"id":8340,"href":"https:\/\/www.morrodesaopaulobahiabrasil.com\/es\/wp-json\/wp\/v2\/pages\/5509\/revisions\/8340"}],"up":[{"embeddable":true,"href":"https:\/\/www.morrodesaopaulobahiabrasil.com\/es\/wp-json\/wp\/v2\/pages\/5472"}],"wp:attachment":[{"href":"https:\/\/www.morrodesaopaulobahiabrasil.com\/es\/wp-json\/wp\/v2\/media?parent=5509"}],"curies":[{"name":"wp","href":"https:\/\/api.w.org\/{rel}","templated":true}]}}