{"id":5515,"date":"2017-12-01T11:06:33","date_gmt":"2017-12-01T13:06:33","guid":{"rendered":"http:\/\/www.morrodesaopaulobahiabrasil.com\/cms\/sobre-msp\/praias\/"},"modified":"2020-12-09T11:42:09","modified_gmt":"2020-12-09T14:42:09","slug":"las-playas","status":"publish","type":"page","link":"https:\/\/www.morrodesaopaulobahiabrasil.com\/es\/acerca-de-morro\/las-playas\/","title":{"rendered":"Las Playas de Morro de Sao Paulo"},"content":{"rendered":"<p><img loading=\"lazy\" decoding=\"async\" class=\"alignleft\" src=\"http:\/\/www.morrodesaopaulobahiabrasil.com\/imagens\/praias-morro-de-sao-paulo\/segunda-praia-ilha-da-saudade-morro-de-sao-paulo.jpg\" alt=\"Tercera Playa de Morro de San Pablo\" width=\"290\" height=\"200\" \/>Las Playas de Morro de Sao Paulo son llamadas por orden num\u00e9rica: Primera Playa, Segunda Playa, Tercera Playa, Cuarta Playa y la Playa del Encanto tambi\u00e9n llamada de Quinta Playa. Todas ellas con una caracter\u00edstica, historia y trayectoria diferentes. Localizadas lado a lado y pr\u00f3ximas una de la otra, las bell\u00edsimas playas de esta isla agradan a todos los turistas de todas las partes del mundo y de cualquier clase econ\u00f3mica. Arenas blancas, aguas cristalinas, con la belleza de la Selva Atl\u00e1ntica, hacen de Morro de Sao Paulo el lugar ideal para disfrutar del para\u00edso conforme su estilo de vida.<\/p>\n<p><img loading=\"lazy\" decoding=\"async\" class=\"alignleft\" src=\"http:\/\/www.morrodesaopaulobahiabrasil.com\/imagens\/praias-morro-de-sao-paulo\/ilha-da-saudade-morro-de-sao-paulo.jpg\" alt=\"Ilha da Saudade en la Segunda Praya de Morro de San Pablo\" width=\"290\" height=\"150\" \/>La Primera Playa de Morro de Sao Paulo es el lugar perfecto para practicar deportes y por la localizaci\u00f3n cerca de la Villa. La Segunda Playa es la m\u00e1s procurada por las fiestas hasta el amanecer.<br \/>\nPara aquellos que prefieren locales m\u00e1s tranquilos con excelentes hoteles y posadas con playas semi desiertas, la Cuarta y quinta playa est\u00e1n m\u00e1s lejos con la naturaleza casi intocada y piletas naturales a lo largo de su extensi\u00f3n cuando la marea esta baja.<\/p>\n<p><img loading=\"lazy\" decoding=\"async\" class=\"alignleft\" src=\"http:\/\/www.morrodesaopaulobahiabrasil.com\/imagens\/praias-morro-de-sao-paulo\/prainha-do-forte-morro-de-sao-paulo.jpg\" alt=\"Peque\u00f1a playa en el fuerte de Morro de San Pablo\" width=\"290\" height=\"150\" \/>Todav\u00eda existen playas menores en Morro de Sao Paulo que son menos frecuentadas que permite mismo en la alta estaci\u00f3n estar m\u00e1s asolado en contacto con la naturaleza. Lejos de la agitaci\u00f3n esta la Punta de Piedra, Puerto de Cima, Prainha do Forte, Praia de Gamboa de Morro. Con excepci\u00f3n de Gamboa que ofrece una infra estructura con posadas y restaurantes adem\u00e1s de su villa y comercio local, en las otras playas no existe nada m\u00e1s que la naturaleza a ser disfrutada.<\/p>\n<p><img loading=\"lazy\" decoding=\"async\" class=\"alignright\" src=\"http:\/\/www.morrodesaopaulobahiabrasil.com\/imagens\/praias-morro-de-sao-paulo\/garapua-morro-de-sao-paulo.jpg\" alt=\"Garapua de Morro de San Pablo\" width=\"290\" height=\"120\" \/>Al final de la Quinta Playa o Playa del Encanto como tambi\u00e9n es conocida, pasando la grande \u00e1rea de manglares, existen otras dos playas que hacen parte de la isla de Tinhar\u00e9: Garapu\u00e1 y Pratigi. Las dos pueden ser conocidas en los paseos organizados saliendo de Morro de Sao Paulo.<\/p>\n","protected":false},"excerpt":{"rendered":"<p>Las Playas de Morro de Sao Paulo son llamadas por orden num\u00e9rica: Primera Playa, Segunda Playa, Tercera Playa, Cuarta Playa y la Playa del Encanto tambi\u00e9n llamada de Quinta Playa. <\/p>\n","protected":false},"author":1,"featured_media":0,"parent":5472,"menu_order":0,"comment_status":"closed","ping_status":"closed","template":"","meta":{"footnotes":""},"class_list":["post-5515","page","type-page","status-publish","hentry"],"yoast_head":"<!-- This site is optimized with the Yoast SEO plugin v26.9 - https:\/\/yoast.com\/product\/yoast-seo-wordpress\/ -->\n<title>Las Playas de Morro de Sao Paulo - Morro de S\u00e3o Paulo<\/title>\n<meta name=\"description\" content=\"Informaciones sobre las playas de Morro de San Pablo. Aprenda sobre el Morro de S\u00e3o Paulo - Bahia - Brasil.\" \/>\n<meta name=\"robots\" content=\"index, follow, max-snippet:-1, max-image-preview:large, max-video-preview:-1\" \/>\n<link rel=\"canonical\" href=\"https:\/\/www.morrodesaopaulobahiabrasil.com\/es\/acerca-de-morro\/las-playas\/\" \/>\n<meta property=\"og:locale\" content=\"es_ES\" \/>\n<meta property=\"og:type\" content=\"article\" \/>\n<meta property=\"og:title\" content=\"Las Playas de Morro de Sao Paulo - Morro de S\u00e3o Paulo\" \/>\n<meta property=\"og:description\" content=\"Informaciones sobre las playas de Morro de San Pablo. Aprenda sobre el Morro de S\u00e3o Paulo - Bahia - Brasil.\" \/>\n<meta property=\"og:url\" content=\"https:\/\/www.morrodesaopaulobahiabrasil.com\/es\/acerca-de-morro\/las-playas\/\" \/>\n<meta property=\"og:site_name\" content=\"Morro de S\u00e3o Paulo\" \/>\n<meta property=\"article:modified_time\" content=\"2020-12-09T14:42:09+00:00\" \/>\n<meta property=\"og:image\" content=\"http:\/\/www.morrodesaopaulobahiabrasil.com\/imagens\/praias-morro-de-sao-paulo\/segunda-praia-ilha-da-saudade-morro-de-sao-paulo.jpg\" \/>\n<meta name=\"twitter:card\" content=\"summary_large_image\" \/>\n<meta name=\"twitter:label1\" content=\"Tiempo de lectura\" \/>\n\t<meta name=\"twitter:data1\" content=\"2 minutos\" \/>\n<script type=\"application\/ld+json\" class=\"yoast-schema-graph\">{\"@context\":\"https:\/\/schema.org\",\"@graph\":[{\"@type\":\"WebPage\",\"@id\":\"https:\/\/www.morrodesaopaulobahiabrasil.com\/es\/acerca-de-morro\/las-playas\/\",\"url\":\"https:\/\/www.morrodesaopaulobahiabrasil.com\/es\/acerca-de-morro\/las-playas\/\",\"name\":\"Las Playas de Morro de Sao Paulo - Morro de S\u00e3o Paulo\",\"isPartOf\":{\"@id\":\"https:\/\/www.morrodesaopaulobahiabrasil.com\/es\/#website\"},\"primaryImageOfPage\":{\"@id\":\"https:\/\/www.morrodesaopaulobahiabrasil.com\/es\/acerca-de-morro\/las-playas\/#primaryimage\"},\"image\":{\"@id\":\"https:\/\/www.morrodesaopaulobahiabrasil.com\/es\/acerca-de-morro\/las-playas\/#primaryimage\"},\"thumbnailUrl\":\"http:\/\/www.morrodesaopaulobahiabrasil.com\/imagens\/praias-morro-de-sao-paulo\/segunda-praia-ilha-da-saudade-morro-de-sao-paulo.jpg\",\"datePublished\":\"2017-12-01T13:06:33+00:00\",\"dateModified\":\"2020-12-09T14:42:09+00:00\",\"description\":\"Informaciones sobre las playas de Morro de San Pablo. Aprenda sobre el Morro de S\u00e3o Paulo - Bahia - Brasil.\",\"breadcrumb\":{\"@id\":\"https:\/\/www.morrodesaopaulobahiabrasil.com\/es\/acerca-de-morro\/las-playas\/#breadcrumb\"},\"inLanguage\":\"es\",\"potentialAction\":[{\"@type\":\"ReadAction\",\"target\":[\"https:\/\/www.morrodesaopaulobahiabrasil.com\/es\/acerca-de-morro\/las-playas\/\"]}]},{\"@type\":\"ImageObject\",\"inLanguage\":\"es\",\"@id\":\"https:\/\/www.morrodesaopaulobahiabrasil.com\/es\/acerca-de-morro\/las-playas\/#primaryimage\",\"url\":\"http:\/\/www.morrodesaopaulobahiabrasil.com\/imagens\/praias-morro-de-sao-paulo\/segunda-praia-ilha-da-saudade-morro-de-sao-paulo.jpg\",\"contentUrl\":\"http:\/\/www.morrodesaopaulobahiabrasil.com\/imagens\/praias-morro-de-sao-paulo\/segunda-praia-ilha-da-saudade-morro-de-sao-paulo.jpg\"},{\"@type\":\"BreadcrumbList\",\"@id\":\"https:\/\/www.morrodesaopaulobahiabrasil.com\/es\/acerca-de-morro\/las-playas\/#breadcrumb\",\"itemListElement\":[{\"@type\":\"ListItem\",\"position\":1,\"name\":\"In\u00edcio\",\"item\":\"https:\/\/www.morrodesaopaulobahiabrasil.com\/es\/\"},{\"@type\":\"ListItem\",\"position\":2,\"name\":\"Acerca de Morro de S\u00e3o Paulo\",\"item\":\"https:\/\/www.morrodesaopaulobahiabrasil.com\/es\/sobre-msp\/\"},{\"@type\":\"ListItem\",\"position\":3,\"name\":\"Las Playas de Morro de Sao Paulo\"}]},{\"@type\":\"WebSite\",\"@id\":\"https:\/\/www.morrodesaopaulobahiabrasil.com\/es\/#website\",\"url\":\"https:\/\/www.morrodesaopaulobahiabrasil.com\/es\/\",\"name\":\"Morro de S\u00e3o Paulo\",\"description\":\"As melhores ofertas de Pousadas, Hot\u00e9is, Passeios e Transfer Salvador Morro de S\u00e3o Paulo.\",\"potentialAction\":[{\"@type\":\"SearchAction\",\"target\":{\"@type\":\"EntryPoint\",\"urlTemplate\":\"https:\/\/www.morrodesaopaulobahiabrasil.com\/es\/?s={search_term_string}\"},\"query-input\":{\"@type\":\"PropertyValueSpecification\",\"valueRequired\":true,\"valueName\":\"search_term_string\"}}],\"inLanguage\":\"es\"}]}<\/script>\n<!-- \/ Yoast SEO plugin. -->","yoast_head_json":{"title":"Las Playas de Morro de Sao Paulo - Morro de S\u00e3o Paulo","description":"Informaciones sobre las playas de Morro de San Pablo. Aprenda sobre el Morro de S\u00e3o Paulo - Bahia - Brasil.","robots":{"index":"index","follow":"follow","max-snippet":"max-snippet:-1","max-image-preview":"max-image-preview:large","max-video-preview":"max-video-preview:-1"},"canonical":"https:\/\/www.morrodesaopaulobahiabrasil.com\/es\/acerca-de-morro\/las-playas\/","og_locale":"es_ES","og_type":"article","og_title":"Las Playas de Morro de Sao Paulo - Morro de S\u00e3o Paulo","og_description":"Informaciones sobre las playas de Morro de San Pablo. Aprenda sobre el Morro de S\u00e3o Paulo - Bahia - Brasil.","og_url":"https:\/\/www.morrodesaopaulobahiabrasil.com\/es\/acerca-de-morro\/las-playas\/","og_site_name":"Morro de S\u00e3o Paulo","article_modified_time":"2020-12-09T14:42:09+00:00","og_image":[{"url":"http:\/\/www.morrodesaopaulobahiabrasil.com\/imagens\/praias-morro-de-sao-paulo\/segunda-praia-ilha-da-saudade-morro-de-sao-paulo.jpg","type":"","width":"","height":""}],"twitter_card":"summary_large_image","twitter_misc":{"Tiempo de lectura":"2 minutos"},"schema":{"@context":"https:\/\/schema.org","@graph":[{"@type":"WebPage","@id":"https:\/\/www.morrodesaopaulobahiabrasil.com\/es\/acerca-de-morro\/las-playas\/","url":"https:\/\/www.morrodesaopaulobahiabrasil.com\/es\/acerca-de-morro\/las-playas\/","name":"Las Playas de Morro de Sao Paulo - Morro de S\u00e3o Paulo","isPartOf":{"@id":"https:\/\/www.morrodesaopaulobahiabrasil.com\/es\/#website"},"primaryImageOfPage":{"@id":"https:\/\/www.morrodesaopaulobahiabrasil.com\/es\/acerca-de-morro\/las-playas\/#primaryimage"},"image":{"@id":"https:\/\/www.morrodesaopaulobahiabrasil.com\/es\/acerca-de-morro\/las-playas\/#primaryimage"},"thumbnailUrl":"http:\/\/www.morrodesaopaulobahiabrasil.com\/imagens\/praias-morro-de-sao-paulo\/segunda-praia-ilha-da-saudade-morro-de-sao-paulo.jpg","datePublished":"2017-12-01T13:06:33+00:00","dateModified":"2020-12-09T14:42:09+00:00","description":"Informaciones sobre las playas de Morro de San Pablo. Aprenda sobre el Morro de S\u00e3o Paulo - Bahia - Brasil.","breadcrumb":{"@id":"https:\/\/www.morrodesaopaulobahiabrasil.com\/es\/acerca-de-morro\/las-playas\/#breadcrumb"},"inLanguage":"es","potentialAction":[{"@type":"ReadAction","target":["https:\/\/www.morrodesaopaulobahiabrasil.com\/es\/acerca-de-morro\/las-playas\/"]}]},{"@type":"ImageObject","inLanguage":"es","@id":"https:\/\/www.morrodesaopaulobahiabrasil.com\/es\/acerca-de-morro\/las-playas\/#primaryimage","url":"http:\/\/www.morrodesaopaulobahiabrasil.com\/imagens\/praias-morro-de-sao-paulo\/segunda-praia-ilha-da-saudade-morro-de-sao-paulo.jpg","contentUrl":"http:\/\/www.morrodesaopaulobahiabrasil.com\/imagens\/praias-morro-de-sao-paulo\/segunda-praia-ilha-da-saudade-morro-de-sao-paulo.jpg"},{"@type":"BreadcrumbList","@id":"https:\/\/www.morrodesaopaulobahiabrasil.com\/es\/acerca-de-morro\/las-playas\/#breadcrumb","itemListElement":[{"@type":"ListItem","position":1,"name":"In\u00edcio","item":"https:\/\/www.morrodesaopaulobahiabrasil.com\/es\/"},{"@type":"ListItem","position":2,"name":"Acerca de Morro de S\u00e3o Paulo","item":"https:\/\/www.morrodesaopaulobahiabrasil.com\/es\/sobre-msp\/"},{"@type":"ListItem","position":3,"name":"Las Playas de Morro de Sao Paulo"}]},{"@type":"WebSite","@id":"https:\/\/www.morrodesaopaulobahiabrasil.com\/es\/#website","url":"https:\/\/www.morrodesaopaulobahiabrasil.com\/es\/","name":"Morro de S\u00e3o Paulo","description":"As melhores ofertas de Pousadas, Hot\u00e9is, Passeios e Transfer Salvador Morro de S\u00e3o Paulo.","potentialAction":[{"@type":"SearchAction","target":{"@type":"EntryPoint","urlTemplate":"https:\/\/www.morrodesaopaulobahiabrasil.com\/es\/?s={search_term_string}"},"query-input":{"@type":"PropertyValueSpecification","valueRequired":true,"valueName":"search_term_string"}}],"inLanguage":"es"}]}},"_links":{"self":[{"href":"https:\/\/www.morrodesaopaulobahiabrasil.com\/es\/wp-json\/wp\/v2\/pages\/5515","targetHints":{"allow":["GET"]}}],"collection":[{"href":"https:\/\/www.morrodesaopaulobahiabrasil.com\/es\/wp-json\/wp\/v2\/pages"}],"about":[{"href":"https:\/\/www.morrodesaopaulobahiabrasil.com\/es\/wp-json\/wp\/v2\/types\/page"}],"author":[{"embeddable":true,"href":"https:\/\/www.morrodesaopaulobahiabrasil.com\/es\/wp-json\/wp\/v2\/users\/1"}],"replies":[{"embeddable":true,"href":"https:\/\/www.morrodesaopaulobahiabrasil.com\/es\/wp-json\/wp\/v2\/comments?post=5515"}],"version-history":[{"count":3,"href":"https:\/\/www.morrodesaopaulobahiabrasil.com\/es\/wp-json\/wp\/v2\/pages\/5515\/revisions"}],"predecessor-version":[{"id":7280,"href":"https:\/\/www.morrodesaopaulobahiabrasil.com\/es\/wp-json\/wp\/v2\/pages\/5515\/revisions\/7280"}],"up":[{"embeddable":true,"href":"https:\/\/www.morrodesaopaulobahiabrasil.com\/es\/wp-json\/wp\/v2\/pages\/5472"}],"wp:attachment":[{"href":"https:\/\/www.morrodesaopaulobahiabrasil.com\/es\/wp-json\/wp\/v2\/media?parent=5515"}],"curies":[{"name":"wp","href":"https:\/\/api.w.org\/{rel}","templated":true}]}}