{"id":5612,"date":"2017-05-31T17:06:08","date_gmt":"2017-05-31T20:06:08","guid":{"rendered":"http:\/\/www.morrodesaopaulobahiabrasil.com\/cms\/sobre-msp\/informacoes-dicas\/"},"modified":"2020-12-22T18:23:55","modified_gmt":"2020-12-22T21:23:55","slug":"informaciones-y-datos","status":"publish","type":"page","link":"https:\/\/www.morrodesaopaulobahiabrasil.com\/es\/acerca-de-morro\/informaciones-y-datos\/","title":{"rendered":"Informaciones y datos sobre Morro de Sao Paulo"},"content":{"rendered":"<div class=\"wpb-content-wrapper\"><p>[vc_row][vc_column width=&#8221;1\/2&#8243;][vc_single_image image=&#8221;7646&#8243; img_size=&#8221;full&#8221; alignment=&#8221;center&#8221;][\/vc_column][vc_column width=&#8221;1\/2&#8243;][vc_column_text]Es bastante com\u00fan tener dudas antes de viajar para un destino que no conocemos. Siempre es bueno saber cu\u00e1l es el clima del lugar, las \u00e9pocas en que los precios son m\u00e1s altos, que llevar en las maletas y algunas caracter\u00edsticas del lugar elegido para que podamos prevenirnos y tener garant\u00eda de que sus vacaciones van a ser perfectas. Para que usted est\u00e9 enterado de todo lo que pasa en Morro de Sao Paulo y no pasar por ninguna inconveniencia, le damos los datos para que la estad\u00eda de todos los turistas sea pura diversi\u00f3n y descanso.[\/vc_column_text][\/vc_column][\/vc_row][vc_row][vc_column width=&#8221;2\/3&#8243;][vc_column_text]Apenas llega en\u00a0<a href=\"https:\/\/www.morrodesaopaulobahiabrasil.com\/es\/acerca-de-morro\/\">Morro de S\u00e3o Paulo<\/a>\u00a0el turista se encuentra con la tasa de turismo con valor de R$10,00 que es cobrada por la municipalidad de Cair\u00fa. Este valor es individual y cobrado solamente una vez en la entrada a la isla, en el muelle o en las pistas de aterrizaje para los que llegan de avi\u00f3n. Ni\u00f1os con menos de 5 a\u00f1os, adultos con m\u00e1s de 65 a\u00f1os, habitantes de la isla y de los municipios del Bajo Sur de Bah\u00eda est\u00e1n exentos de esta tasa.[\/vc_column_text][\/vc_column][vc_column width=&#8221;1\/3&#8243;][vc_single_image image=&#8221;7651&#8243; img_size=&#8221;full&#8221;][\/vc_column][\/vc_row][vc_row][vc_column width=&#8221;1\/2&#8243;][vc_single_image image=&#8221;7671&#8243; img_size=&#8221;full&#8221; alignment=&#8221;center&#8221;][\/vc_column][vc_column width=&#8221;1\/2&#8243;][vc_column_text]Es importante saber cu\u00e1les son los meses de alta temporada y de baja temporada, eso va a influir en su bolsillo. La baja temporada tiene los precios m\u00e1s accesibles de las\u00a0<a title=\"Paquetes de posadas e hoteles de Morro de Sao Paulo\" href=\"https:\/\/www.morrodesaopaulobahiabrasil.com\/es\/alojamiento-en-morro-de-sao-paulo\/posadas-y-hoteles\/\">posadas y hoteles<\/a>. Son los meses de mayo y junio, en ese periodo es com\u00fan que llueva m\u00e1s que el resto del a\u00f1o. Si usted tiene la suerte de que no llueva durante su estad\u00eda va a ser \u00f3ptimo para disfrutar de la isla ya que en esta \u00e9poca no hay muchos turistas y as\u00ed los precios son m\u00e1s bajos. En los meses de junio, agosto y setiembre aqu\u00ed encontrara muchos turistas europeos que visitan este para\u00edso. Durante estos meses la temperatura a la noche es m\u00e1s fresquita, m\u00e1s el sol aparece todos los d\u00edas. Es en este periodo que encontramos tambi\u00e9n las ballenas Jubarte. Existen paseos de escuna para verlas.[\/vc_column_text][\/vc_column][\/vc_row][vc_row][vc_column width=&#8221;1\/2&#8243;][vc_column_text]En la alta temporada, que incluye los meses de diciembre, enero y febrero los precios son m\u00e1s altos, los hoteles y posadas de Morro de S\u00e3o Paulo est\u00e1n llenos, siendo necesario hacer reservas anticipadas. El clima es de bastante calor con sol el d\u00eda entero permitiendo bell\u00edsimos d\u00edas de\u00a0<a href=\"https:\/\/www.morrodesaopaulobahiabrasil.com\/es\/acerca-de-morro\/las-playas\/\">playa<\/a>. Durante\u00a0<a href=\"https:\/\/www.morrodesaopaulobahiabrasil.com\/es\/acerca-de-morro\/vida-nocturna\/\">la noche<\/a>\u00a0el calor contin\u00faa y hay pocas lluvias. En los feriados y fechas como\u00a0<a href=\"https:\/\/www.morrodesaopaulobahiabrasil.com\/es\/ano-nuevo\/\">a\u00f1o nuevo<\/a>\u00a0y resaca de carnaval en que Morro de S\u00e3o Paulo recibe su capacidad m\u00e1xima de turistas es com\u00fan que estas posadas trabajen con un m\u00ednimo de diarias. El consejo para quien quiera conocer Morro de S\u00e3o Paulo en una de esas fechas, es hacer las reservas con anticipaci\u00f3n, as\u00ed no tendr\u00e1 problemas en encontrar la posada de su gusto.[\/vc_column_text][\/vc_column][vc_column width=&#8221;1\/2&#8243;][vc_single_image image=&#8221;7676&#8243; img_size=&#8221;full&#8221; alignment=&#8221;center&#8221;][\/vc_column][\/vc_row][vc_row][vc_column width=&#8221;1\/2&#8243;][vc_single_image image=&#8221;7688&#8243; img_size=&#8221;full&#8221; alignment=&#8221;center&#8221;][\/vc_column][vc_column width=&#8221;1\/2&#8243;][vc_column_text]Su equipaje para viajar en Morro de S\u00e3o Pulo es bastante simple. El ambiente en esta isla es informal, simple y se usan ropas de verano. De esta forma la ropa liviana es la mejor opci\u00f3n. Vestidos, faldas, pantalones cortos, blusas, remeras y trajes de ba\u00f1o van muy bien para las mujeres de todas las edades. Los hombres apenas bermudas, camisas o remeras adem\u00e1s de traje de ba\u00f1o. Como las calles y pasajes no son lejos y no existen autos, adem\u00e1s de un tractor que pasa por las ma\u00f1anas para recoger la basura, aconsejamos que no haga una valija muy grande para conseguir cargarla. Si no, en los locales de llegada de los transportes existen cargadores con carretillas que cobran para cargar sus equipajes.[\/vc_column_text][\/vc_column][\/vc_row][vc_row][vc_column width=&#8221;1\/2&#8243;][vc_column_text]Considerando la simplicidad de esta peque\u00f1a villa y de sus calles, damos un dato important\u00edsimo, los pies tienen que estar con el calzado m\u00e1s confortable posible. Las sandalias son las m\u00e1s usadas por los hombres y las mujeres. Hay tienditas que venden sandalias por el mismo precio encontrado en las ciudades. Tacos altos ni pensar, m\u00e1ximo una plataforma poco alta, lo ideal realmente son las sandalias bajas. Si a usted le gustan las eco-caminatas le aconsejamos zapatillas bien confortables. Por la noche nada de brillos, en Morro de S\u00e3o Paulo las ropas simples y livianas le dejan muy bien vestida y de acuerdo con la simplicidad de la isla.[\/vc_column_text][\/vc_column][vc_column width=&#8221;1\/2&#8243;][vc_single_image image=&#8221;7708&#8243; img_size=&#8221;full&#8221; alignment=&#8221;center&#8221;][\/vc_column][\/vc_row][vc_row][vc_column width=&#8221;1\/2&#8243;][vc_single_image image=&#8221;7712&#8243; img_size=&#8221;full&#8221; alignment=&#8221;center&#8221;][\/vc_column][vc_column width=&#8221;1\/2&#8243;][vc_column_text]En la hora de elegir la posada, hotel y resorts en Morro de S\u00e3o Paulo los precios var\u00edan bastante. El consejo para aquellos que quieren tranquilidad y pueden pagar bien son la Cuarta Playa y Playa del Encanto. Para los que gustan de fiesta y sociabilizar la Segunda Playa es el lugar ideal y para los que desean estar bien localizados con f\u00e1cil acceso a todo, indicamos la Primera Playa, Vila y Fonte Grande. En caso de econom\u00eda, en Morro de S\u00e3o Paulo existen albergues, campings y hasta departamentitos de un ambiente. Durante la alta temporada algunas casas de veraneo o de las personas que viven aqu\u00ed son alquiladas, esta es una buena opci\u00f3n para aquellos que viajan en grupo, tambi\u00e9n puede cocinar en casa reduciendo los gastos.[\/vc_column_text][\/vc_column][\/vc_row][vc_row][vc_column width=&#8221;1\/2&#8243;][vc_column_text]Como en Morro de S\u00e3o Paulo hay mucha selva y los lugares preservan el \u00e1rea verde, es com\u00fan usted encuentre mosquitos y otros insectos. No se olvide de llevar repelente. Otra informaci\u00f3n que siempre es \u00fatil, la energ\u00eda en Morro de S\u00e3o Paulo es de 220v. por lo tanto inf\u00f3rmese sobre el voltaje de sus aparatos o si ellos son 100~220v. Si usted quiere traer su plancha de surf, es bueno informarse en la compa\u00f1\u00eda a\u00e9rea, pues usted tendr\u00e1 que pagar -si hay exceso de equipaje o no- un valor que puede ser entre R$100,00 y R$130,00 para cargarla.[\/vc_column_text][\/vc_column][vc_column width=&#8221;1\/2&#8243;][vc_single_image image=&#8221;7724&#8243; img_size=&#8221;full&#8221; alignment=&#8221;center&#8221;][\/vc_column][\/vc_row][vc_row][vc_column width=&#8221;1\/2&#8243;][vc_single_image image=&#8221;7740&#8243; img_size=&#8221;full&#8221; alignment=&#8221;center&#8221;][\/vc_column][vc_column width=&#8221;1\/2&#8243;][vc_column_text]En la villa usted encuentra comercios en general, restaurantes, posadas, mercaditos, farmacias, cyber, caf\u00e9, puesto telef\u00f3nico, puesto polic\u00edas,\u00a0<a href=\"https:\/\/www.morrodesaopaulobahiabrasil.com\/es\/acerca-de-morro\/monumentos-historicos\/\">Iglesia Cat\u00f3lica Nossa Senhora da Luz<\/a>, con misa los s\u00e1bados celebrada por el Fray de la parroquia, puesto de salud con ambulancia y ambulancha para dar soporte en cualquier eventualidad que suceda tanto con los turistas como con los habitantes. Es bueno resaltar que actualmente est\u00e1 el puesto de salud y m\u00e9dicos gracias a las colaboraciones de la tasa de turismo. Para aquellos que prefieren ser atendidos por un cl\u00ednico particular, tambi\u00e9n hay un consultorio en la Primera Playa en la calle Rua da Prainha. Este consultorio trabaja con muchos planes de salud Internacional, ofreciendo asistencia a los turistas extranjeros.[\/vc_column_text][\/vc_column][\/vc_row][vc_row][vc_column width=&#8221;2\/3&#8243;][vc_column_text]En general los comercios en Morro de S\u00e3o Paulo est\u00e1n abiertos todos los d\u00edas durante todo el a\u00f1o. El horario de funcionamiento de estos establecimientos son de acuerdo con el p\u00fablico y conforme a la \u00e9poca del a\u00f1o est\u00e1n m\u00e1s tiempo abiertos o no. Durante la baja temporada los supermercados acostumbran abrir a las 7 horas de la ma\u00f1ana y cierran a las 21 horas; las farmacias abren a las 8hs 30 minutos y cierran a las 22 horas y los locales pueden variar bastante, normalmente abren a las 10 horas y cierran a las 22 horas. Durante alta temporada estos comercios pueden extender cerrando casi todos los comercios a la media noche.[\/vc_column_text][\/vc_column][vc_column width=&#8221;1\/3&#8243;][vc_single_image image=&#8221;7752&#8243; img_size=&#8221;full&#8221; alignment=&#8221;center&#8221;][\/vc_column][\/vc_row][vc_row][vc_column width=&#8221;1\/2&#8243;][vc_single_image image=&#8221;7764&#8243; img_size=&#8221;full&#8221; alignment=&#8221;center&#8221;][\/vc_column][vc_column width=&#8221;1\/2&#8243;][vc_column_text]En Morro de S\u00e3o Paulo no hay bancos con atendimiento, pero se encuentra la agencia de loter\u00edas (loterica) de Caixa Econ\u00f3mica Federal (CDF) donde se puede sacar dinero tanto del CDF como del Banco de Brasil, un cajero electr\u00f3nico del Banco de Brasil y otro de Bradesco. Todos localizados en la villa. El valor m\u00e1ximo por d\u00eda para sacar R$1000,00. No es raro que estos cajeros electr\u00f3nicos se queden sin dinero, dejando al turista en apuros. Muchos establecimientos trabajan con tarjetas de cr\u00e9ditos pero no son todos. El consejo es que usted venga prevenido con una cantidad de dinero en efectivo. Esto evitar\u00e1 muchos trastornos, principalmente en alta temporada. As\u00ed mismo en el caso que usted se quede sin dinero es bueno saber que en la villa hay un restaurante donde usted puede sacar dinero con tarjeta de cr\u00e9dito, es cobrado el 10% por el servicio prestado[\/vc_column_text][\/vc_column][\/vc_row][vc_row][vc_column width=&#8221;1\/2&#8243;][vc_column_text]Si su preocupaci\u00f3n es la alimentaci\u00f3n, usted encontrar\u00e1 una gran variedad en los restaurantes. La mayor\u00eda de ellos sirve platos completos con precios diferentes, desde el plato hecho con valor de R$10,00 por persona, hasta platos m\u00e1s variados con comidas regionales, frutos de mar, pescados, aves, carnes y pastas con valores aproximados de R$60,00 para dos personas. Los restaurantes italianos, japoneses, pizzer\u00edas, creper\u00edas y Diente libre. Claro que est\u00e1n tambi\u00e9n los restaurantes de alta cocina con men\u00fas deliciosos hechos por jefes de alta cocina.[\/vc_column_text][\/vc_column][vc_column width=&#8221;1\/2&#8243;][vc_single_image image=&#8221;7776&#8243; img_size=&#8221;full&#8221; alignment=&#8221;center&#8221;][\/vc_column][\/vc_row][vc_row][vc_column width=&#8221;1\/2&#8243;][vc_single_image image=&#8221;7788&#8243; img_size=&#8221;full&#8221; alignment=&#8221;center&#8221;][\/vc_column][vc_column width=&#8221;1\/2&#8243;][vc_column_text]Algunos de estos establecimientos tambi\u00e9n trabajan con salados, a\u00e7a\u00ed, hamburguesas y empanadas. Vendedores ambulantes en las playas principalmente en la Segunda Playa, ofrecen s\u00e1ndwiches naturales e integrales. Peque\u00f1os puestitos de confiter\u00eda venden dulces y tortas maravillosas. Para aquellos que est\u00e1n en posadas que no ofrecen desayuno, en la villa encuentra panader\u00edas que le sirven muy bien y por un precio razonable.[\/vc_column_text][\/vc_column][\/vc_row][vc_row][vc_column width=&#8221;2\/3&#8243;][vc_column_text]No se olvide del protector solar, este se hace necesario tanto en la playa como en las caminatas diurnas. Los productos de higiene personal como champ\u00fa, crema, pasta dental, usted puede encontrarlos en la villa por un precio un poco m\u00e1s alto que en la ciudad. Estos productos van a pesarle en el equipaje y aqu\u00ed podr\u00e1 encontrarlos con facilidad. Es importante tener con usted el botiqu\u00edn de primeros auxilios y los medicamentos que est\u00e9 usando.<\/p>\n<p>Siguiendo estos datos su viaje ser\u00e1 maravilloso, sin imprevistos desagradables. Ahora solo hacer sus reservas anticipadas, preparar las maletas y venir a disfrutar de este para\u00edso que es Morro de S\u00e3o Paulo.<\/p>\n<p>[\/vc_column_text][\/vc_column][vc_column width=&#8221;1\/3&#8243;][vc_single_image image=&#8221;7800&#8243; img_size=&#8221;full&#8221; alignment=&#8221;center&#8221;][\/vc_column][\/vc_row]<\/p>\n<\/div>","protected":false},"excerpt":{"rendered":"<p>[vc_row][vc_column width=&#8221;1\/2&#8243;][vc_single_image image=&#8221;7646&#8243; img_size=&#8221;full&#8221; alignment=&#8221;center&#8221;][\/vc_column][vc_column width=&#8221;1\/2&#8243;][vc_column_text]Es bastante com\u00fan tener dudas antes de viajar para un destino que no conocemos. Siempre es bueno saber cu\u00e1l es el clima del lugar, las <\/p>\n","protected":false},"author":1,"featured_media":0,"parent":5472,"menu_order":0,"comment_status":"closed","ping_status":"closed","template":"","meta":{"footnotes":""},"class_list":["post-5612","page","type-page","status-publish","hentry"],"yoast_head":"<!-- This site is optimized with the Yoast SEO plugin v26.9 - https:\/\/yoast.com\/product\/yoast-seo-wordpress\/ -->\n<title>Informaciones y datos sobre Morro de Sao Paulo - Morro de S\u00e3o Paulo<\/title>\n<meta name=\"description\" content=\"Datos y informaciones importantes. Aprenda sobre la isla Morro de San Pablo\" \/>\n<meta name=\"robots\" content=\"index, follow, max-snippet:-1, max-image-preview:large, max-video-preview:-1\" \/>\n<link rel=\"canonical\" href=\"https:\/\/www.morrodesaopaulobahiabrasil.com\/es\/acerca-de-morro\/informaciones-y-datos\/\" \/>\n<meta property=\"og:locale\" content=\"es_ES\" \/>\n<meta property=\"og:type\" content=\"article\" \/>\n<meta property=\"og:title\" content=\"Informaciones y datos sobre Morro de Sao Paulo - Morro de S\u00e3o Paulo\" \/>\n<meta property=\"og:description\" content=\"Datos y informaciones importantes. Aprenda sobre la isla Morro de San Pablo\" \/>\n<meta property=\"og:url\" content=\"https:\/\/www.morrodesaopaulobahiabrasil.com\/es\/acerca-de-morro\/informaciones-y-datos\/\" \/>\n<meta property=\"og:site_name\" content=\"Morro de S\u00e3o Paulo\" \/>\n<meta property=\"article:modified_time\" content=\"2020-12-22T21:23:55+00:00\" \/>\n<meta name=\"twitter:card\" content=\"summary_large_image\" \/>\n<meta name=\"twitter:label1\" content=\"Tiempo de lectura\" \/>\n\t<meta name=\"twitter:data1\" content=\"10 minutos\" \/>\n<script type=\"application\/ld+json\" class=\"yoast-schema-graph\">{\"@context\":\"https:\/\/schema.org\",\"@graph\":[{\"@type\":\"WebPage\",\"@id\":\"https:\/\/www.morrodesaopaulobahiabrasil.com\/es\/acerca-de-morro\/informaciones-y-datos\/\",\"url\":\"https:\/\/www.morrodesaopaulobahiabrasil.com\/es\/acerca-de-morro\/informaciones-y-datos\/\",\"name\":\"Informaciones y datos sobre Morro de Sao Paulo - Morro de S\u00e3o Paulo\",\"isPartOf\":{\"@id\":\"https:\/\/www.morrodesaopaulobahiabrasil.com\/es\/#website\"},\"datePublished\":\"2017-05-31T20:06:08+00:00\",\"dateModified\":\"2020-12-22T21:23:55+00:00\",\"description\":\"Datos y informaciones importantes. Aprenda sobre la isla Morro de San Pablo\",\"breadcrumb\":{\"@id\":\"https:\/\/www.morrodesaopaulobahiabrasil.com\/es\/acerca-de-morro\/informaciones-y-datos\/#breadcrumb\"},\"inLanguage\":\"es\",\"potentialAction\":[{\"@type\":\"ReadAction\",\"target\":[\"https:\/\/www.morrodesaopaulobahiabrasil.com\/es\/acerca-de-morro\/informaciones-y-datos\/\"]}]},{\"@type\":\"BreadcrumbList\",\"@id\":\"https:\/\/www.morrodesaopaulobahiabrasil.com\/es\/acerca-de-morro\/informaciones-y-datos\/#breadcrumb\",\"itemListElement\":[{\"@type\":\"ListItem\",\"position\":1,\"name\":\"In\u00edcio\",\"item\":\"https:\/\/www.morrodesaopaulobahiabrasil.com\/es\/\"},{\"@type\":\"ListItem\",\"position\":2,\"name\":\"Acerca de Morro de S\u00e3o Paulo\",\"item\":\"https:\/\/www.morrodesaopaulobahiabrasil.com\/es\/sobre-msp\/\"},{\"@type\":\"ListItem\",\"position\":3,\"name\":\"Informaciones y datos sobre Morro de Sao Paulo\"}]},{\"@type\":\"WebSite\",\"@id\":\"https:\/\/www.morrodesaopaulobahiabrasil.com\/es\/#website\",\"url\":\"https:\/\/www.morrodesaopaulobahiabrasil.com\/es\/\",\"name\":\"Morro de S\u00e3o Paulo\",\"description\":\"As melhores ofertas de Pousadas, Hot\u00e9is, Passeios e Transfer Salvador Morro de S\u00e3o Paulo.\",\"potentialAction\":[{\"@type\":\"SearchAction\",\"target\":{\"@type\":\"EntryPoint\",\"urlTemplate\":\"https:\/\/www.morrodesaopaulobahiabrasil.com\/es\/?s={search_term_string}\"},\"query-input\":{\"@type\":\"PropertyValueSpecification\",\"valueRequired\":true,\"valueName\":\"search_term_string\"}}],\"inLanguage\":\"es\"}]}<\/script>\n<!-- \/ Yoast SEO plugin. -->","yoast_head_json":{"title":"Informaciones y datos sobre Morro de Sao Paulo - Morro de S\u00e3o Paulo","description":"Datos y informaciones importantes. Aprenda sobre la isla Morro de San Pablo","robots":{"index":"index","follow":"follow","max-snippet":"max-snippet:-1","max-image-preview":"max-image-preview:large","max-video-preview":"max-video-preview:-1"},"canonical":"https:\/\/www.morrodesaopaulobahiabrasil.com\/es\/acerca-de-morro\/informaciones-y-datos\/","og_locale":"es_ES","og_type":"article","og_title":"Informaciones y datos sobre Morro de Sao Paulo - Morro de S\u00e3o Paulo","og_description":"Datos y informaciones importantes. Aprenda sobre la isla Morro de San Pablo","og_url":"https:\/\/www.morrodesaopaulobahiabrasil.com\/es\/acerca-de-morro\/informaciones-y-datos\/","og_site_name":"Morro de S\u00e3o Paulo","article_modified_time":"2020-12-22T21:23:55+00:00","twitter_card":"summary_large_image","twitter_misc":{"Tiempo de lectura":"10 minutos"},"schema":{"@context":"https:\/\/schema.org","@graph":[{"@type":"WebPage","@id":"https:\/\/www.morrodesaopaulobahiabrasil.com\/es\/acerca-de-morro\/informaciones-y-datos\/","url":"https:\/\/www.morrodesaopaulobahiabrasil.com\/es\/acerca-de-morro\/informaciones-y-datos\/","name":"Informaciones y datos sobre Morro de Sao Paulo - Morro de S\u00e3o Paulo","isPartOf":{"@id":"https:\/\/www.morrodesaopaulobahiabrasil.com\/es\/#website"},"datePublished":"2017-05-31T20:06:08+00:00","dateModified":"2020-12-22T21:23:55+00:00","description":"Datos y informaciones importantes. Aprenda sobre la isla Morro de San Pablo","breadcrumb":{"@id":"https:\/\/www.morrodesaopaulobahiabrasil.com\/es\/acerca-de-morro\/informaciones-y-datos\/#breadcrumb"},"inLanguage":"es","potentialAction":[{"@type":"ReadAction","target":["https:\/\/www.morrodesaopaulobahiabrasil.com\/es\/acerca-de-morro\/informaciones-y-datos\/"]}]},{"@type":"BreadcrumbList","@id":"https:\/\/www.morrodesaopaulobahiabrasil.com\/es\/acerca-de-morro\/informaciones-y-datos\/#breadcrumb","itemListElement":[{"@type":"ListItem","position":1,"name":"In\u00edcio","item":"https:\/\/www.morrodesaopaulobahiabrasil.com\/es\/"},{"@type":"ListItem","position":2,"name":"Acerca de Morro de S\u00e3o Paulo","item":"https:\/\/www.morrodesaopaulobahiabrasil.com\/es\/sobre-msp\/"},{"@type":"ListItem","position":3,"name":"Informaciones y datos sobre Morro de Sao Paulo"}]},{"@type":"WebSite","@id":"https:\/\/www.morrodesaopaulobahiabrasil.com\/es\/#website","url":"https:\/\/www.morrodesaopaulobahiabrasil.com\/es\/","name":"Morro de S\u00e3o Paulo","description":"As melhores ofertas de Pousadas, Hot\u00e9is, Passeios e Transfer Salvador Morro de S\u00e3o Paulo.","potentialAction":[{"@type":"SearchAction","target":{"@type":"EntryPoint","urlTemplate":"https:\/\/www.morrodesaopaulobahiabrasil.com\/es\/?s={search_term_string}"},"query-input":{"@type":"PropertyValueSpecification","valueRequired":true,"valueName":"search_term_string"}}],"inLanguage":"es"}]}},"_links":{"self":[{"href":"https:\/\/www.morrodesaopaulobahiabrasil.com\/es\/wp-json\/wp\/v2\/pages\/5612","targetHints":{"allow":["GET"]}}],"collection":[{"href":"https:\/\/www.morrodesaopaulobahiabrasil.com\/es\/wp-json\/wp\/v2\/pages"}],"about":[{"href":"https:\/\/www.morrodesaopaulobahiabrasil.com\/es\/wp-json\/wp\/v2\/types\/page"}],"author":[{"embeddable":true,"href":"https:\/\/www.morrodesaopaulobahiabrasil.com\/es\/wp-json\/wp\/v2\/users\/1"}],"replies":[{"embeddable":true,"href":"https:\/\/www.morrodesaopaulobahiabrasil.com\/es\/wp-json\/wp\/v2\/comments?post=5612"}],"version-history":[{"count":8,"href":"https:\/\/www.morrodesaopaulobahiabrasil.com\/es\/wp-json\/wp\/v2\/pages\/5612\/revisions"}],"predecessor-version":[{"id":8335,"href":"https:\/\/www.morrodesaopaulobahiabrasil.com\/es\/wp-json\/wp\/v2\/pages\/5612\/revisions\/8335"}],"up":[{"embeddable":true,"href":"https:\/\/www.morrodesaopaulobahiabrasil.com\/es\/wp-json\/wp\/v2\/pages\/5472"}],"wp:attachment":[{"href":"https:\/\/www.morrodesaopaulobahiabrasil.com\/es\/wp-json\/wp\/v2\/media?parent=5612"}],"curies":[{"name":"wp","href":"https:\/\/api.w.org\/{rel}","templated":true}]}}