{"id":5622,"date":"2016-09-09T08:54:35","date_gmt":"2016-09-09T08:54:35","guid":{"rendered":"http:\/\/www.morrodesaopaulobahiabrasil.com\/cms\/home-page-2\/"},"modified":"2020-12-23T18:50:17","modified_gmt":"2020-12-23T21:50:17","slug":"home-page-2","status":"publish","type":"page","link":"https:\/\/www.morrodesaopaulobahiabrasil.com\/es\/","title":{"rendered":"Morro de S\u00e3o Paulo"},"content":{"rendered":"<div class=\"wpb-content-wrapper\"><p>[vc_row full_width=&#8221;stretch_row_content_no_spaces&#8221;][vc_column][vc_single_image image=&#8221;4951&#8243; img_size=&#8221;1900&#215;590&#8243; add_caption=&#8221;yes&#8221; alignment=&#8221;center&#8221; css_animation=&#8221;bounceInUp&#8221;][\/vc_column][\/vc_row][vc_row][vc_column][vc_empty_space height=&#8221;60px&#8221;]<div class=\"shortcode_title shortcode-title-style_1\"><h3 class=\"title_primary\">Transporte Salvador - Morro de S\u00e3o Paulo<\/h3><span class=\"line_after_title\"><\/span><\/div>[\/vc_column][\/vc_row][vc_row el_class=&#8221;two-column-respon&#8221;][vc_column width=&#8221;1\/3&#8243;]<div class=\"widget-icon-box widget-icon-box-base iconbox-center\"><a href=\"https:\/\/www.morrodesaopaulobahiabrasil.com\/es\/como-llegar-a-morro-de-sao-paulo\/transporte-terrestre\/\" target=\"_self\"><div class=\"boxes-icon circle\" style=\"font-size:30px;width:80px; height:80px;line-height:80px\"><span class=\"inner-icon\"><i class=\"vc_icon_element-icon flaticon-people\"><\/i><\/span><\/div><div class=\"content-inner\" ><div class=\"sc-heading article_heading\"><h4 class=\"heading__primary\">Transporte Terrestre<\/h4><\/div><\/div><\/a><\/div>[\/vc_column][vc_column width=&#8221;1\/3&#8243;]<div class=\"widget-icon-box widget-icon-box-base iconbox-center\"><a href=\"https:\/\/www.morrodesaopaulobahiabrasil.com\/es\/como-llegar-a-morro-de-sao-paulo\/transporte-via-maritima\/\" target=\"_self\"><div class=\"boxes-icon \" style=\"font-size:30px;width:80px; height:80px;line-height:80px\"><span class=\"inner-icon\"><i class=\"vc_icon_element-icon flaticon-yacht\"><\/i><\/span><\/div><div class=\"content-inner\" ><div class=\"sc-heading article_heading\"><h4 class=\"heading__primary\">Transporte Via Mar\u00edtima<\/h4><\/div><\/div><\/a><\/div>[\/vc_column][vc_column width=&#8221;1\/3&#8243;]<div class=\"widget-icon-box widget-icon-box-base iconbox-center\"><a href=\"https:\/\/www.morrodesaopaulobahiabrasil.com\/es\/como-llegar-a-morro-de-sao-paulo\/transporte-via-aerea\/\" target=\"_self\"><div class=\"boxes-icon circle\" style=\"font-size:30px;width:80px; height:80px;line-height:80px\"><span class=\"inner-icon\"><i class=\"vc_icon_element-icon flaticon-airplane-1\"><\/i><\/span><\/div><div class=\"content-inner\" ><div class=\"sc-heading article_heading\"><h4 class=\"heading__primary\">Transporte Via A\u00e9rea<\/h4><\/div><\/div><\/a><\/div>[\/vc_column][\/vc_row][vc_row][vc_column][vc_empty_space height=&#8221;80px&#8221;][\/vc_column][\/vc_row][vc_row full_width=&#8221;stretch_row&#8221; parallax=&#8221;content-moving&#8221; parallax_image=&#8221;291&#8243;][vc_column][vc_empty_space height=&#8221;30px&#8221;][vc_custom_heading text=&#8221;Paseos en Morro de Sao Paulo&#8221; font_container=&#8221;tag:h2|text_align:center|color:%23ffffff&#8221; link=&#8221;url:http%3A%2F%2Fwww.morrodesaopaulobahiabrasil.com%2Fes%2Fpaseos%2F|||&#8221;][vc_raw_html]JTNDaDMlMjBzdHlsZSUzRCUyMmNvbG9yJTNBJTIzZmZmJTNCJTIwdGV4dC1hbGlnbiUzQWNlbnRlciUzQiUyMiUzRUxvcyUyMG1lam9yZXMlMjB0b3VycyUyMGVzdCVDMyVBMW4lMjBhcXUlQzMlQUQlMjElM0MlMkZoMyUzRSUwQSUzQ3AlMjBzdHlsZSUzRCUyMmNvbG9yJTNBJTIzZmZmJTNCJTIwdGV4dC1hbGlnbiUzQWNlbnRlciUzQiUyMiUzRWVsJTIwYWd1YSUyMGNyaXN0YWxpbmElMjBkZSUyMHVuJTIwYnVlbiUyMGJ1Y2VvJTIwYWJ1bmRhbiUyMGVuJTIwTW9ycm8lMjBkZSUyMFNhbyUyMFBhdWxvJTIweSUyMHN1cyUyMGFscmVkZWRvcmVzLnBpc2NpbmFzJTIwbmF0dXJhbGVzJTIwZm9ybWFkbyUyMHBvciUyMGxvcyUyMGFycmVjaWZlcyUyQyUyMGRvbmRlJTIwc2UlMjBwdWVkZSUyMHZlciUyMGVsJTIwY29sb3IlMjBkZWwlMjBtYXIuJTBBUGVzY2FkbyUyMHklMjBjb2xvcmVzJTIwY29yYWwlMjB5JTIwbGFzJTIwYWd1YXMlMjBjJUMzJUExbGlkYXMlMjBhYmFuZG9uYXIlMjBzdXMlMjB2YWNhY2lvbmVzJTIwZW4lMjBNb3JybyUyMGRlJTIwU2FvJTIwUGF1bG8lMjBpbm9sdmlkYWJsZS4lM0MlMkZwJTNFJTBBJTBB[\/vc_raw_html][vc_row_inner][vc_column_inner width=&#8221;1\/5&#8243; css=&#8221;.vc_custom_1605896206799{background-color: rgba(255,255,255,0.5) !important;*background-color: rgb(255,255,255) !important;}&#8221;][vc_single_image image=&#8221;6046&#8243; img_size=&#8221;300&#215;300&#8243;][vc_custom_heading text=&#8221;Vuelta a la Isla Tinhar\u00e9\/Boipeba&#8221; link=&#8221;url:http%3A%2F%2Fwww.morrodesaopaulobahiabrasil.com%2Fes%2Fpaseos%2F|title:Paseos||&#8221;][vc_raw_html]JTNDc3BhbiUyMGNsYXNzJTNEJTIycG9zdF9kYXRlJTIyJTNFOCUyMEhvcmFzJTNDJTJGc3BhbiUzRQ==[\/vc_raw_html][\/vc_column_inner][vc_column_inner width=&#8221;1\/5&#8243; css=&#8221;.vc_custom_1605895933347{background-color: #ffffff !important;}&#8221;][vc_single_image image=&#8221;6041&#8243; img_size=&#8221;300&#215;300&#8243;][vc_custom_heading text=&#8221;Playa de Garapu\u00e1&#8221; link=&#8221;url:http%3A%2F%2Fwww.morrodesaopaulobahiabrasil.com%2Fes%2Fpaseos%2F|title:Paseos||&#8221;][vc_raw_html]JTNDc3BhbiUyMGNsYXNzJTNEJTIycG9zdF9kYXRlJTIyJTNFNiUyMEhvcmFzJTNDJTJGc3BhbiUzRQ==[\/vc_raw_html][\/vc_column_inner][vc_column_inner width=&#8221;1\/5&#8243; css=&#8221;.vc_custom_1605895592617{margin-right: 3px !important;background-color: rgba(255,255,255,0.5) !important;*background-color: rgb(255,255,255) !important;}&#8221;][vc_single_image image=&#8221;6011&#8243; img_size=&#8221;medium&#8221;][vc_custom_heading text=&#8221;Playas Gamboa y Ilha da Coroa&#8221; link=&#8221;url:http%3A%2F%2Fwww.morrodesaopaulobahiabrasil.com%2Fes%2Fpaseos%2F|title:Paseos||&#8221;][vc_raw_html]JTNDc3BhbiUyMGNsYXNzJTNEJTIycG9zdF9kYXRlJTIyJTNFNiUyMEhvcmFzJTNDJTJGc3BhbiUzRQ==[\/vc_raw_html][\/vc_column_inner][vc_column_inner width=&#8221;1\/5&#8243; css=&#8221;.vc_custom_1605895680777{background-color: #ffffff !important;}&#8221;][vc_single_image image=&#8221;6021&#8243; img_size=&#8221;300&#215;300&#8243;][vc_custom_heading text=&#8221;Avistamiento de Ballenas&#8221; link=&#8221;url:http%3A%2F%2Fwww.morrodesaopaulobahiabrasil.com%2Fes%2Fpaseos%2F|title:Paseos||&#8221;][vc_raw_html]JTNDc3BhbiUyMGNsYXNzJTNEJTIycG9zdF9kYXRlJTIyJTNFNCUyMEhvcmFzJTNDJTJGc3BhbiUzRQ==[\/vc_raw_html][\/vc_column_inner][vc_column_inner width=&#8221;1\/5&#8243; css=&#8221;.vc_custom_1605895840780{background-color: rgba(255,255,255,0.5) !important;*background-color: rgb(255,255,255) !important;}&#8221;][vc_single_image image=&#8221;6717&#8243; img_size=&#8221;300&#215;300&#8243;][vc_custom_heading text=&#8221;Cuadriciclo \u2013 Boipeba&#8221; link=&#8221;url:http%3A%2F%2Fwww.morrodesaopaulobahiabrasil.com%2Fes%2Fpaseos%2F|title:Paseos||&#8221;][vc_raw_html]JTNDc3BhbiUyMGNsYXNzJTNEJTIycG9zdF9kYXRlJTIyJTNFOCUyMEhvcmFzJTNDJTJGc3BhbiUzRQ==[\/vc_raw_html][\/vc_column_inner][\/vc_row_inner][vc_empty_space height=&#8221;60px&#8221;][vc_row_inner][vc_column_inner width=&#8221;1\/4&#8243;][\/vc_column_inner][vc_column_inner width=&#8221;1\/2&#8243;][vc_btn title=&#8221;Ver m\u00e1s&#8221; color=&#8221;vista-blue&#8221; align=&#8221;center&#8221; css_animation=&#8221;bounceInUp&#8221; link=&#8221;url:http%3A%2F%2Fwww.morrodesaopaulobahiabrasil.com%2Fes%2Fpaseos%2F|title:Ausfl%C3%BCge%20in%20Morro%20de%20S%C3%A3o%20Paulo||&#8221;][\/vc_column_inner][vc_column_inner width=&#8221;1\/4&#8243;][\/vc_column_inner][\/vc_row_inner][vc_empty_space height=&#8221;60px&#8221;][\/vc_column][\/vc_row][vc_row full_width=&#8221;stretch_row&#8221; gap=&#8221;15&#8243; css=&#8221;.vc_custom_1482562714437{padding-top: 30px !important;padding-bottom: 60px !important;background-color: #ffffff !important;}&#8221; el_class=&#8221;fix-col-responsive&#8221;][vc_column width=&#8221;2\/3&#8243;][vc_custom_heading text=&#8221;Morro de Sao Paulo&#8221; google_fonts=&#8221;font_family:Montserrat%3Aregular%2C700|font_style:400%20regular%3A400%3Anormal&#8221;][vc_empty_space][vc_column_text]<\/p>\n<div class=\"style20\" align=\"justify\">\n<p><strong><strong><img loading=\"lazy\" decoding=\"async\" class=\"border alignleft\" src=\"http:\/\/www.morrodesaopaulobahiabrasil.com\/imagens\/morro-de-sao-paulo.jpg\" alt=\"Morro de Sao Paulo\" width=\"330\" height=\"300\" border=\"2\" \/><\/strong><\/strong>Morro de S\u00e3o Paulo es el mayor polo tur\u00edstico de Bah\u00eda. Esta ubicado al sur de la capital bahiana de Salvador y hace parte del \u00fanico municipio archipi\u00e9lago de Brasil dentro de un conjunto de islas de la ciudad de Cair\u00fa. Las bellezas naturales con playas de aguas calmas y cristalinas, arenas blancas y extensos coquerales adem\u00e1s de una densa selva atl\u00e1ntica componen un escenario impresionante y bello. Localizado en la isla de Tinhar\u00e9 que lleva el mismo nombre del archipi\u00e9lago, Morro de S\u00e3o Paulo el destino ideal para todos turistas de todo el mundo, agradando tanto que ya es ruta segura en su viaje. Cuando llega a Salvador el viaje es hecho de aerotaxi, catamar\u00e1n o transporte terrestre. Usted encuentra una grande variedad de Hoteles y Posadas en Morro de S\u00e3o Paulo localizadas a lo largo del poblado y con caracter\u00edsticas diferentes, agradando as\u00ed a todos los visitantes. Venga a conocer este para\u00edso. Venga a vivir Morro de S\u00e3o Paulo.<\/div>\n<p>[\/vc_column_text][\/vc_column][vc_column width=&#8221;1\/3&#8243;][vc_custom_heading text=&#8221;A\u00f1o nuevo en Morro de S\u00e3o Paulo&#8221; google_fonts=&#8221;font_family:Montserrat%3Aregular%2C700|font_style:400%20regular%3A400%3Anormal&#8221; link=&#8221;url:http%3A%2F%2Fwww.morrodesaopaulobahiabrasil.com%2Fes%2Fano-nuevo%2F|title:El%20A%C3%B1o%20Nuevo%20en%20Morro%20de%20S%C3%A3o%20Paulo||&#8221;][vc_empty_space][vc_column_text]<img loading=\"lazy\" decoding=\"async\" class=\"border alignleft\" src=\"http:\/\/www.morrodesaopaulobahiabrasil.com\/imagens\/sobre-morro-sao-paulo\/champagne-reveillon-morro-de-sao-paulo.jpg\" alt=\"Silvester in Morro de Sao Paulo\" width=\"330\" height=\"190\" border=\"2\" \/>[\/vc_column_text][\/vc_column][\/vc_row][vc_row full_width=&#8221;stretch_row&#8221; parallax=&#8221;content-moving&#8221; parallax_image=&#8221;293&#8243;][vc_column][vc_empty_space height=&#8221;30px&#8221;][vc_custom_heading text=&#8221;Informaciones y datos sobre Morro de Sao Paulo&#8221; font_container=&#8221;tag:h2|text_align:center|color:%23ffffff&#8221; google_fonts=&#8221;font_family:Montserrat%3Aregular%2C700|font_style:400%20regular%3A400%3Anormal&#8221; css_animation=&#8221;bounceInLeft&#8221; link=&#8221;url:http%3A%2F%2Fwww.morrodesaopaulobahiabrasil.com%2Fes%2Facerca-de-morro%2Finformaciones-y-datos%2F|title:Tipps%20f%C3%BCr%20Ihre%20Reise%20nach%20Morro%20de%20Sao%20Paulo||&#8221;][vc_row_inner el_class=&#8221;two-column-respon&#8221;][vc_column_inner width=&#8221;1\/3&#8243;][vc_single_image image=&#8221;4531&#8243; img_size=&#8221;medium&#8221; style=&#8221;vc_box_outline_circle&#8221; css_animation=&#8221;bounceInLeft&#8221;][\/vc_column_inner][vc_column_inner width=&#8221;1\/3&#8243;][vc_empty_space height=&#8221;50px&#8221;][vc_column_text css_animation=&#8221;bounceInUp&#8221;]<\/p>\n<h3 class=\"style20\"><span style=\"color: #ffffff;\">Es bastante com\u00fan tener dudas antes de viajar para un destino que no conocemos. Siempre es bueno saber cu\u00e1l es el clima del lugar, las \u00e9pocas en que los precios son m\u00e1s altos, que llevar en las maletas y algunas caracter\u00edsticas del lugar elegido para que podamos prevenirnos y tener garant\u00eda de que sus vacaciones van a ser perfectas.<\/span><\/h3>\n<p>[\/vc_column_text][vc_empty_space height=&#8221;50px&#8221;][vc_btn title=&#8221;Ver m\u00e1s&#8221; color=&#8221;vista-blue&#8221; align=&#8221;center&#8221; css_animation=&#8221;bounceInUp&#8221; link=&#8221;url:http%3A%2F%2Fwww.morrodesaopaulobahiabrasil.com%2Fes%2Facerca-de-morro%2Finformaciones-y-datos%2F|title:informaciones%20y%20datos||&#8221;][\/vc_column_inner][vc_column_inner width=&#8221;1\/3&#8243;][vc_single_image image=&#8221;4535&#8243; img_size=&#8221;medium&#8221; alignment=&#8221;right&#8221; style=&#8221;vc_box_border_circle&#8221; css_animation=&#8221;bounceInRight&#8221;][\/vc_column_inner][\/vc_row_inner][vc_empty_space height=&#8221;60px&#8221;][\/vc_column][\/vc_row]<\/p>\n<\/div>","protected":false},"excerpt":{"rendered":"<p>Lorem ipsum dolor sit amet, consectetur adipiscing elit. Nam efficitur egestas risus. Sed eros augue, tempor et faucibus eu, cursus ac lacus. Ut sodales semper ante, at malesuada neque vestibulum vitae. Pellentesque luctus ipsum sit amet ligula facilisis rutrum. Nulla facilisi. Morbi rutrum nisi elementum urna faucibus, et porta elit lobortis. Donec imperdiet tristique tellus, ut consectetur ipsum tempus vitae<\/p>\n","protected":false},"author":1,"featured_media":0,"parent":0,"menu_order":0,"comment_status":"closed","ping_status":"closed","template":"page-templates\/homepage.php","meta":{"footnotes":""},"class_list":["post-5622","page","type-page","status-publish","hentry"],"yoast_head":"<!-- This site is optimized with the Yoast SEO plugin v26.9 - https:\/\/yoast.com\/product\/yoast-seo-wordpress\/ -->\n<title>Morro de S\u00e3o Paulo<\/title>\n<meta name=\"description\" content=\"Morro de Sao Paulo - Bahia - Brasil. Las mejores ofertas de Posada, Hotel e Transporte de Salvador para Morro de San Pablo.\" \/>\n<meta name=\"robots\" content=\"index, follow, max-snippet:-1, max-image-preview:large, max-video-preview:-1\" \/>\n<link rel=\"canonical\" href=\"https:\/\/www.morrodesaopaulobahiabrasil.com\/es\/\" \/>\n<meta property=\"og:locale\" content=\"es_ES\" \/>\n<meta property=\"og:type\" content=\"article\" \/>\n<meta property=\"og:title\" content=\"Morro de S\u00e3o Paulo\" \/>\n<meta property=\"og:description\" content=\"Morro de Sao Paulo - Bahia - Brasil. Las mejores ofertas de Posada, Hotel e Transporte de Salvador para Morro de San Pablo.\" \/>\n<meta property=\"og:url\" content=\"https:\/\/www.morrodesaopaulobahiabrasil.com\/es\/\" \/>\n<meta property=\"og:site_name\" content=\"Morro de S\u00e3o Paulo\" \/>\n<meta property=\"article:modified_time\" content=\"2020-12-23T21:50:17+00:00\" \/>\n<meta property=\"og:image\" content=\"http:\/\/www.morrodesaopaulobahiabrasil.com\/imagens\/morro-de-sao-paulo.jpg\" \/>\n<meta name=\"twitter:card\" content=\"summary_large_image\" \/>\n<meta name=\"twitter:label1\" content=\"Tiempo de lectura\" \/>\n\t<meta name=\"twitter:data1\" content=\"6 minutos\" \/>\n<script type=\"application\/ld+json\" class=\"yoast-schema-graph\">{\"@context\":\"https:\/\/schema.org\",\"@graph\":[{\"@type\":\"WebPage\",\"@id\":\"https:\/\/www.morrodesaopaulobahiabrasil.com\/es\/\",\"url\":\"https:\/\/www.morrodesaopaulobahiabrasil.com\/es\/\",\"name\":\"Morro de S\u00e3o Paulo\",\"isPartOf\":{\"@id\":\"https:\/\/www.morrodesaopaulobahiabrasil.com\/es\/#website\"},\"primaryImageOfPage\":{\"@id\":\"https:\/\/www.morrodesaopaulobahiabrasil.com\/es\/#primaryimage\"},\"image\":{\"@id\":\"https:\/\/www.morrodesaopaulobahiabrasil.com\/es\/#primaryimage\"},\"thumbnailUrl\":\"http:\/\/www.morrodesaopaulobahiabrasil.com\/imagens\/morro-de-sao-paulo.jpg\",\"datePublished\":\"2016-09-09T08:54:35+00:00\",\"dateModified\":\"2020-12-23T21:50:17+00:00\",\"description\":\"Morro de Sao Paulo - Bahia - Brasil. Las mejores ofertas de Posada, Hotel e Transporte de Salvador para Morro de San Pablo.\",\"breadcrumb\":{\"@id\":\"https:\/\/www.morrodesaopaulobahiabrasil.com\/es\/#breadcrumb\"},\"inLanguage\":\"es\",\"potentialAction\":[{\"@type\":\"ReadAction\",\"target\":[\"https:\/\/www.morrodesaopaulobahiabrasil.com\/es\/\"]}]},{\"@type\":\"ImageObject\",\"inLanguage\":\"es\",\"@id\":\"https:\/\/www.morrodesaopaulobahiabrasil.com\/es\/#primaryimage\",\"url\":\"http:\/\/www.morrodesaopaulobahiabrasil.com\/imagens\/morro-de-sao-paulo.jpg\",\"contentUrl\":\"http:\/\/www.morrodesaopaulobahiabrasil.com\/imagens\/morro-de-sao-paulo.jpg\"},{\"@type\":\"BreadcrumbList\",\"@id\":\"https:\/\/www.morrodesaopaulobahiabrasil.com\/es\/#breadcrumb\",\"itemListElement\":[{\"@type\":\"ListItem\",\"position\":1,\"name\":\"In\u00edcio\",\"item\":\"https:\/\/www.morrodesaopaulobahiabrasil.com\/es\/\"},{\"@type\":\"ListItem\",\"position\":2,\"name\":\"Morro de S\u00e3o Paulo\"}]},{\"@type\":\"WebSite\",\"@id\":\"https:\/\/www.morrodesaopaulobahiabrasil.com\/es\/#website\",\"url\":\"https:\/\/www.morrodesaopaulobahiabrasil.com\/es\/\",\"name\":\"Morro de S\u00e3o Paulo\",\"description\":\"As melhores ofertas de Pousadas, Hot\u00e9is, Passeios e Transfer Salvador Morro de S\u00e3o Paulo.\",\"potentialAction\":[{\"@type\":\"SearchAction\",\"target\":{\"@type\":\"EntryPoint\",\"urlTemplate\":\"https:\/\/www.morrodesaopaulobahiabrasil.com\/es\/?s={search_term_string}\"},\"query-input\":{\"@type\":\"PropertyValueSpecification\",\"valueRequired\":true,\"valueName\":\"search_term_string\"}}],\"inLanguage\":\"es\"}]}<\/script>\n<!-- \/ Yoast SEO plugin. -->","yoast_head_json":{"title":"Morro de S\u00e3o Paulo","description":"Morro de Sao Paulo - Bahia - Brasil. Las mejores ofertas de Posada, Hotel e Transporte de Salvador para Morro de San Pablo.","robots":{"index":"index","follow":"follow","max-snippet":"max-snippet:-1","max-image-preview":"max-image-preview:large","max-video-preview":"max-video-preview:-1"},"canonical":"https:\/\/www.morrodesaopaulobahiabrasil.com\/es\/","og_locale":"es_ES","og_type":"article","og_title":"Morro de S\u00e3o Paulo","og_description":"Morro de Sao Paulo - Bahia - Brasil. Las mejores ofertas de Posada, Hotel e Transporte de Salvador para Morro de San Pablo.","og_url":"https:\/\/www.morrodesaopaulobahiabrasil.com\/es\/","og_site_name":"Morro de S\u00e3o Paulo","article_modified_time":"2020-12-23T21:50:17+00:00","og_image":[{"url":"http:\/\/www.morrodesaopaulobahiabrasil.com\/imagens\/morro-de-sao-paulo.jpg","type":"","width":"","height":""}],"twitter_card":"summary_large_image","twitter_misc":{"Tiempo de lectura":"6 minutos"},"schema":{"@context":"https:\/\/schema.org","@graph":[{"@type":"WebPage","@id":"https:\/\/www.morrodesaopaulobahiabrasil.com\/es\/","url":"https:\/\/www.morrodesaopaulobahiabrasil.com\/es\/","name":"Morro de S\u00e3o Paulo","isPartOf":{"@id":"https:\/\/www.morrodesaopaulobahiabrasil.com\/es\/#website"},"primaryImageOfPage":{"@id":"https:\/\/www.morrodesaopaulobahiabrasil.com\/es\/#primaryimage"},"image":{"@id":"https:\/\/www.morrodesaopaulobahiabrasil.com\/es\/#primaryimage"},"thumbnailUrl":"http:\/\/www.morrodesaopaulobahiabrasil.com\/imagens\/morro-de-sao-paulo.jpg","datePublished":"2016-09-09T08:54:35+00:00","dateModified":"2020-12-23T21:50:17+00:00","description":"Morro de Sao Paulo - Bahia - Brasil. Las mejores ofertas de Posada, Hotel e Transporte de Salvador para Morro de San Pablo.","breadcrumb":{"@id":"https:\/\/www.morrodesaopaulobahiabrasil.com\/es\/#breadcrumb"},"inLanguage":"es","potentialAction":[{"@type":"ReadAction","target":["https:\/\/www.morrodesaopaulobahiabrasil.com\/es\/"]}]},{"@type":"ImageObject","inLanguage":"es","@id":"https:\/\/www.morrodesaopaulobahiabrasil.com\/es\/#primaryimage","url":"http:\/\/www.morrodesaopaulobahiabrasil.com\/imagens\/morro-de-sao-paulo.jpg","contentUrl":"http:\/\/www.morrodesaopaulobahiabrasil.com\/imagens\/morro-de-sao-paulo.jpg"},{"@type":"BreadcrumbList","@id":"https:\/\/www.morrodesaopaulobahiabrasil.com\/es\/#breadcrumb","itemListElement":[{"@type":"ListItem","position":1,"name":"In\u00edcio","item":"https:\/\/www.morrodesaopaulobahiabrasil.com\/es\/"},{"@type":"ListItem","position":2,"name":"Morro de S\u00e3o Paulo"}]},{"@type":"WebSite","@id":"https:\/\/www.morrodesaopaulobahiabrasil.com\/es\/#website","url":"https:\/\/www.morrodesaopaulobahiabrasil.com\/es\/","name":"Morro de S\u00e3o Paulo","description":"As melhores ofertas de Pousadas, Hot\u00e9is, Passeios e Transfer Salvador Morro de S\u00e3o Paulo.","potentialAction":[{"@type":"SearchAction","target":{"@type":"EntryPoint","urlTemplate":"https:\/\/www.morrodesaopaulobahiabrasil.com\/es\/?s={search_term_string}"},"query-input":{"@type":"PropertyValueSpecification","valueRequired":true,"valueName":"search_term_string"}}],"inLanguage":"es"}]}},"_links":{"self":[{"href":"https:\/\/www.morrodesaopaulobahiabrasil.com\/es\/wp-json\/wp\/v2\/pages\/5622","targetHints":{"allow":["GET"]}}],"collection":[{"href":"https:\/\/www.morrodesaopaulobahiabrasil.com\/es\/wp-json\/wp\/v2\/pages"}],"about":[{"href":"https:\/\/www.morrodesaopaulobahiabrasil.com\/es\/wp-json\/wp\/v2\/types\/page"}],"author":[{"embeddable":true,"href":"https:\/\/www.morrodesaopaulobahiabrasil.com\/es\/wp-json\/wp\/v2\/users\/1"}],"replies":[{"embeddable":true,"href":"https:\/\/www.morrodesaopaulobahiabrasil.com\/es\/wp-json\/wp\/v2\/comments?post=5622"}],"version-history":[{"count":15,"href":"https:\/\/www.morrodesaopaulobahiabrasil.com\/es\/wp-json\/wp\/v2\/pages\/5622\/revisions"}],"predecessor-version":[{"id":8410,"href":"https:\/\/www.morrodesaopaulobahiabrasil.com\/es\/wp-json\/wp\/v2\/pages\/5622\/revisions\/8410"}],"wp:attachment":[{"href":"https:\/\/www.morrodesaopaulobahiabrasil.com\/es\/wp-json\/wp\/v2\/media?parent=5622"}],"curies":[{"name":"wp","href":"https:\/\/api.w.org\/{rel}","templated":true}]}}