{"id":6142,"date":"2020-11-05T11:19:56","date_gmt":"2020-11-05T14:19:56","guid":{"rendered":"http:\/\/www.morrodesaopaulobahiabrasil.com\/cms\/como-chegar-em-morro-de-sao-paulo\/transfer-maritimo\/"},"modified":"2024-07-03T16:59:08","modified_gmt":"2024-07-03T19:59:08","slug":"transporte-via-maritima","status":"publish","type":"page","link":"https:\/\/www.morrodesaopaulobahiabrasil.com\/es\/como-llegar-a-morro-de-sao-paulo\/transporte-via-maritima\/","title":{"rendered":"Transporte via mar\u00edtima"},"content":{"rendered":"<div class=\"wpb-content-wrapper\"><p>[vc_row][vc_column][vc_column_text]<\/p>\n<h2 align=\"center\">Transporte de Salvador a Morro de Sao Paulo via mar\u00edtima<\/h2>\n<h4 align=\"center\">2h y 30minutos de viaje aproximadamente<\/h4>\n<p align=\"center\">La embarcacion para la traves\u00eda mar\u00edtima son Catamar\u00e1n. Las reservas se realizan con antelaci\u00f3n, las plazas son limitadas.<\/p>\n<p align=\"center\">En caso de mal tiempo o probelmas mec\u00e1nicos, los barcos no van directamente a la alto mar (por razones de seguridad), y el viaje mediante la conexi\u00f3n semiterrestre (mar y tierra) y el viaje puede tomar 3:30 o m\u00e1s.<\/p>\n<p>[\/vc_column_text][\/vc_column][\/vc_row][vc_row][vc_column width=&#8221;1\/2&#8243;][vc_column_text]<\/p>\n<p class=\"style20-center\" style=\"text-align: center;\"><strong>Salvador a Morro de S\u00e3o Paulo<\/strong><\/p>\n<p><span class=\"style20-center\"><strong>&#8211; 08:30 &#8211; Catamar\u00e1n &#8211; R$ 151,81<\/strong><br \/>\n&#8211; (horario s\u00f3lo de enero a marzo) &#8211; capacidad de 24 ou 80 pasajeros <\/span><span class=\"style12\">&#8211;<br \/>\n<\/span><\/p>\n<p><span class=\"style20-center\"><strong>&#8211; 09:00 &#8211; Catamar\u00e1n &#8211; R$ 151,81<\/strong><br \/>\n&#8211; capacidad de 24 ou 100 pasajeros<\/span><\/p>\n<p><span class=\"style20-center\"><strong>&#8211; 10:30 &#8211; Catamar\u00e1n &#8211; R$ 151,81<\/strong><br \/>\n&#8211; capacidad de 30 pasajeros<br \/>\n<\/span><\/p>\n<p><span class=\"style20-center\"><strong>&#8211; 14:30 &#8211; Catamar\u00e1n &#8211; R$ 151,81<\/strong><br \/>\n&#8211; capacidad de 24 ou 100 pasajeros<\/span><\/p>\n<p>[\/vc_column_text][\/vc_column][vc_column width=&#8221;1\/2&#8243;][vc_column_text]<\/p>\n<p style=\"text-align: center;\"><span class=\"style13\"><span class=\"style20-center\"><strong>Morro de Sao Paulo a Salvador<\/strong><\/span><\/span><\/p>\n<p class=\"style20-center\"><strong>&#8211; 11:30 &#8211; Catamar\u00e1n &#8211; R$ 138,71<\/strong><br \/>\n&#8211; capacidad de 24 ou 100 pasajeros<\/p>\n<p class=\"style20-center\"><strong>&#8211; 14:00 &#8211; Catamar\u00e1n &#8211; R$ 138,71<\/strong><br \/>\n&#8211; capacidad de 24 ou 80 pasajeros<\/p>\n<p class=\"style20-center\"><strong>&#8211; 15:00 &#8211; Catamar\u00e1n &#8211; R$ 138,71<\/strong><br \/>\n&#8211; capacidad de 24 ou 100 pasajeros<\/p>\n<p>[\/vc_column_text][\/vc_column][\/vc_row][vc_row][vc_column][vc_column_text]<\/p>\n<p style=\"text-align: center;\">Reserve Ahora!<\/p>\n<p>[\/vc_column_text][\/vc_column][\/vc_row][vc_row][vc_column width=&#8221;1\/2&#8243;][vc_single_image image=&#8221;7538&#8243; img_size=&#8221;full&#8221; style=&#8221;vc_box_border&#8221; border_color=&#8221;orange&#8221;][\/vc_column][vc_column width=&#8221;1\/2&#8243;]\n<div class=\"wpcf7 no-js\" id=\"wpcf7-f7230-o1\" lang=\"pt-BR\" dir=\"ltr\" data-wpcf7-id=\"7230\">\n<div class=\"screen-reader-response\"><p role=\"status\" aria-live=\"polite\" aria-atomic=\"true\"><\/p> <ul><\/ul><\/div>\n<form action=\"\/es\/wp-json\/wp\/v2\/pages\/6142#wpcf7-f7230-o1\" method=\"post\" class=\"wpcf7-form init\" aria-label=\"Formul\u00e1rios de contato\" novalidate=\"novalidate\" data-status=\"init\">\n<fieldset class=\"hidden-fields-container\"><input type=\"hidden\" name=\"_wpcf7\" value=\"7230\" \/><input type=\"hidden\" name=\"_wpcf7_version\" value=\"6.1.5\" \/><input type=\"hidden\" name=\"_wpcf7_locale\" value=\"pt_BR\" \/><input type=\"hidden\" name=\"_wpcf7_unit_tag\" value=\"wpcf7-f7230-o1\" \/><input type=\"hidden\" name=\"_wpcf7_container_post\" value=\"0\" \/><input type=\"hidden\" name=\"_wpcf7_posted_data_hash\" value=\"\" \/>\n<\/fieldset>\n<div class=\"row form-group\">\n\t<div class=\"col-xs-6\">\n\t\t<p><label>Nombre<\/label><span class=\"wpcf7-form-control-wrap\" data-name=\"your-name\"><input size=\"40\" maxlength=\"400\" class=\"wpcf7-form-control wpcf7-text wpcf7-validates-as-required\" aria-required=\"true\" aria-invalid=\"false\" value=\"\" type=\"text\" name=\"your-name\" \/><\/span>\n\t\t<\/p>\n\t<\/div>\n\t<div class=\"col-xs-6\">\n\t\t<p><label>Email<\/label><span class=\"wpcf7-form-control-wrap\" data-name=\"your-email\"><input size=\"40\" maxlength=\"400\" class=\"wpcf7-form-control wpcf7-email wpcf7-validates-as-required wpcf7-text wpcf7-validates-as-email\" aria-required=\"true\" aria-invalid=\"false\" value=\"\" type=\"email\" name=\"your-email\" \/><\/span>\n\t\t<\/p>\n\t<\/div>\n<\/div>\n<div class=\"row form-group\">\n\t<div class=\"col-sm-4\">\n\t\t<p><label>Fecha<\/label><span class=\"wpcf7-form-control-wrap\" data-name=\"data\"><input size=\"40\" maxlength=\"400\" class=\"wpcf7-form-control wpcf7-text\" aria-invalid=\"false\" value=\"\" type=\"text\" name=\"data\" \/><\/span>\n\t\t<\/p>\n\t<\/div>\n\t<div class=\"col-sm-4\">\n\t\t<p><label>N\u00famero de Adultos<\/label><span class=\"wpcf7-form-control-wrap\" data-name=\"adultos\"><input size=\"40\" maxlength=\"400\" class=\"wpcf7-form-control wpcf7-text\" aria-invalid=\"false\" value=\"\" type=\"text\" name=\"adultos\" \/><\/span>\n\t\t<\/p>\n\t<\/div>\n\t<div class=\"col-sm-4\">\n\t\t<p><label>N\u00famero de ni\u00f1os<\/label><span class=\"wpcf7-form-control-wrap\" data-name=\"criancas\"><input size=\"40\" maxlength=\"400\" class=\"wpcf7-form-control wpcf7-text\" aria-invalid=\"false\" value=\"\" type=\"text\" name=\"criancas\" \/><\/span>\n\t\t<\/p>\n\t<\/div>\n<\/div>\n<div class=\"form-group\">\n\t<p><label>Mensaje<\/label><span class=\"wpcf7-form-control-wrap\" data-name=\"your-message\"><textarea cols=\"40\" rows=\"8\" maxlength=\"2000\" class=\"wpcf7-form-control wpcf7-textarea\" aria-invalid=\"false\" placeholder=\"Env\u00ede su mensaje y programe su transporte..\" name=\"your-message\"><\/textarea><\/span>\n\t<\/p>\n<\/div>\n<p><input class=\"wpcf7-form-control wpcf7-submit has-spinner\" type=\"submit\" value=\"ENVIAR\" \/>\n<\/p><p style=\"display: none !important;\" class=\"akismet-fields-container\" data-prefix=\"_wpcf7_ak_\"><label>&#916;<textarea name=\"_wpcf7_ak_hp_textarea\" cols=\"45\" rows=\"8\" maxlength=\"100\"><\/textarea><\/label><input type=\"hidden\" id=\"ak_js_1\" name=\"_wpcf7_ak_js\" value=\"174\"\/><script>document.getElementById( \"ak_js_1\" ).setAttribute( \"value\", ( new Date() ).getTime() );<\/script><\/p><div class=\"wpcf7-response-output\" aria-hidden=\"true\"><\/div>\n<\/form>\n<\/div>\n[\/vc_column][\/vc_row][vc_row][vc_column width=&#8221;1\/3&#8243;][vc_single_image image=&#8221;7555&#8243; img_size=&#8221;full&#8221; style=&#8221;vc_box_border&#8221; border_color=&#8221;orange&#8221;][\/vc_column][vc_column width=&#8221;1\/3&#8243;][vc_single_image image=&#8221;7563&#8243; img_size=&#8221;210&#215;150&#8243; style=&#8221;vc_box_border&#8221; border_color=&#8221;orange&#8221;][\/vc_column][vc_column width=&#8221;1\/3&#8243;][vc_single_image image=&#8221;7575&#8243; img_size=&#8221;full&#8221; style=&#8221;vc_box_border&#8221; border_color=&#8221;orange&#8221;][\/vc_column][\/vc_row]<\/p>\n<\/div>","protected":false},"excerpt":{"rendered":"<p>[vc_row][vc_column][vc_column_text]<br \/>\nTransporte de Salvador a Morro de Sao Paulo via mar\u00edtima<br \/>\n2h y 30minutos de viaje aproximadamente<br \/>\nLa embarcacion para la traves\u00eda mar\u00edtima son Catamar\u00e1n. Las reservas se realizan con <\/p>\n","protected":false},"author":5,"featured_media":0,"parent":5356,"menu_order":0,"comment_status":"closed","ping_status":"closed","template":"","meta":{"footnotes":""},"class_list":["post-6142","page","type-page","status-publish","hentry"],"yoast_head":"<!-- This site is optimized with the Yoast SEO plugin v26.9 - https:\/\/yoast.com\/product\/yoast-seo-wordpress\/ -->\n<title>Transporte via mar\u00edtima - Morro de S\u00e3o Paulo<\/title>\n<meta name=\"description\" content=\"Transporte de Salvador a Morro de Sao Paulo via mar\u00edtima. Morro de S\u00e3o Paulo - Bahia - Brasil.\" \/>\n<meta name=\"robots\" content=\"index, follow, max-snippet:-1, max-image-preview:large, max-video-preview:-1\" \/>\n<link rel=\"canonical\" href=\"https:\/\/www.morrodesaopaulobahiabrasil.com\/es\/como-llegar-a-morro-de-sao-paulo\/transporte-via-maritima\/\" \/>\n<meta property=\"og:locale\" content=\"es_ES\" \/>\n<meta property=\"og:type\" content=\"article\" \/>\n<meta property=\"og:title\" content=\"Transporte via mar\u00edtima - Morro de S\u00e3o Paulo\" \/>\n<meta property=\"og:description\" content=\"Transporte de Salvador a Morro de Sao Paulo via mar\u00edtima. Morro de S\u00e3o Paulo - Bahia - Brasil.\" \/>\n<meta property=\"og:url\" content=\"https:\/\/www.morrodesaopaulobahiabrasil.com\/es\/como-llegar-a-morro-de-sao-paulo\/transporte-via-maritima\/\" \/>\n<meta property=\"og:site_name\" content=\"Morro de S\u00e3o Paulo\" \/>\n<meta property=\"article:modified_time\" content=\"2024-07-03T19:59:08+00:00\" \/>\n<meta name=\"twitter:card\" content=\"summary_large_image\" \/>\n<meta name=\"twitter:label1\" content=\"Tiempo de lectura\" \/>\n\t<meta name=\"twitter:data1\" content=\"1 minuto\" \/>\n<script type=\"application\/ld+json\" class=\"yoast-schema-graph\">{\"@context\":\"https:\/\/schema.org\",\"@graph\":[{\"@type\":\"WebPage\",\"@id\":\"https:\/\/www.morrodesaopaulobahiabrasil.com\/es\/como-llegar-a-morro-de-sao-paulo\/transporte-via-maritima\/\",\"url\":\"https:\/\/www.morrodesaopaulobahiabrasil.com\/es\/como-llegar-a-morro-de-sao-paulo\/transporte-via-maritima\/\",\"name\":\"Transporte via mar\u00edtima - Morro de S\u00e3o Paulo\",\"isPartOf\":{\"@id\":\"https:\/\/www.morrodesaopaulobahiabrasil.com\/es\/#website\"},\"datePublished\":\"2020-11-05T14:19:56+00:00\",\"dateModified\":\"2024-07-03T19:59:08+00:00\",\"description\":\"Transporte de Salvador a Morro de Sao Paulo via mar\u00edtima. Morro de S\u00e3o Paulo - Bahia - Brasil.\",\"breadcrumb\":{\"@id\":\"https:\/\/www.morrodesaopaulobahiabrasil.com\/es\/como-llegar-a-morro-de-sao-paulo\/transporte-via-maritima\/#breadcrumb\"},\"inLanguage\":\"es\",\"potentialAction\":[{\"@type\":\"ReadAction\",\"target\":[\"https:\/\/www.morrodesaopaulobahiabrasil.com\/es\/como-llegar-a-morro-de-sao-paulo\/transporte-via-maritima\/\"]}]},{\"@type\":\"BreadcrumbList\",\"@id\":\"https:\/\/www.morrodesaopaulobahiabrasil.com\/es\/como-llegar-a-morro-de-sao-paulo\/transporte-via-maritima\/#breadcrumb\",\"itemListElement\":[{\"@type\":\"ListItem\",\"position\":1,\"name\":\"In\u00edcio\",\"item\":\"https:\/\/www.morrodesaopaulobahiabrasil.com\/es\/\"},{\"@type\":\"ListItem\",\"position\":2,\"name\":\"Como llegar a Morro de Sao Paulo\",\"item\":\"https:\/\/www.morrodesaopaulobahiabrasil.com\/es\/como-chegar-em-morro-de-sao-paulo\/\"},{\"@type\":\"ListItem\",\"position\":3,\"name\":\"Transporte via mar\u00edtima\"}]},{\"@type\":\"WebSite\",\"@id\":\"https:\/\/www.morrodesaopaulobahiabrasil.com\/es\/#website\",\"url\":\"https:\/\/www.morrodesaopaulobahiabrasil.com\/es\/\",\"name\":\"Morro de S\u00e3o Paulo\",\"description\":\"As melhores ofertas de Pousadas, Hot\u00e9is, Passeios e Transfer Salvador Morro de S\u00e3o Paulo.\",\"potentialAction\":[{\"@type\":\"SearchAction\",\"target\":{\"@type\":\"EntryPoint\",\"urlTemplate\":\"https:\/\/www.morrodesaopaulobahiabrasil.com\/es\/?s={search_term_string}\"},\"query-input\":{\"@type\":\"PropertyValueSpecification\",\"valueRequired\":true,\"valueName\":\"search_term_string\"}}],\"inLanguage\":\"es\"}]}<\/script>\n<!-- \/ Yoast SEO plugin. -->","yoast_head_json":{"title":"Transporte via mar\u00edtima - Morro de S\u00e3o Paulo","description":"Transporte de Salvador a Morro de Sao Paulo via mar\u00edtima. Morro de S\u00e3o Paulo - Bahia - Brasil.","robots":{"index":"index","follow":"follow","max-snippet":"max-snippet:-1","max-image-preview":"max-image-preview:large","max-video-preview":"max-video-preview:-1"},"canonical":"https:\/\/www.morrodesaopaulobahiabrasil.com\/es\/como-llegar-a-morro-de-sao-paulo\/transporte-via-maritima\/","og_locale":"es_ES","og_type":"article","og_title":"Transporte via mar\u00edtima - Morro de S\u00e3o Paulo","og_description":"Transporte de Salvador a Morro de Sao Paulo via mar\u00edtima. Morro de S\u00e3o Paulo - Bahia - Brasil.","og_url":"https:\/\/www.morrodesaopaulobahiabrasil.com\/es\/como-llegar-a-morro-de-sao-paulo\/transporte-via-maritima\/","og_site_name":"Morro de S\u00e3o Paulo","article_modified_time":"2024-07-03T19:59:08+00:00","twitter_card":"summary_large_image","twitter_misc":{"Tiempo de lectura":"1 minuto"},"schema":{"@context":"https:\/\/schema.org","@graph":[{"@type":"WebPage","@id":"https:\/\/www.morrodesaopaulobahiabrasil.com\/es\/como-llegar-a-morro-de-sao-paulo\/transporte-via-maritima\/","url":"https:\/\/www.morrodesaopaulobahiabrasil.com\/es\/como-llegar-a-morro-de-sao-paulo\/transporte-via-maritima\/","name":"Transporte via mar\u00edtima - Morro de S\u00e3o Paulo","isPartOf":{"@id":"https:\/\/www.morrodesaopaulobahiabrasil.com\/es\/#website"},"datePublished":"2020-11-05T14:19:56+00:00","dateModified":"2024-07-03T19:59:08+00:00","description":"Transporte de Salvador a Morro de Sao Paulo via mar\u00edtima. Morro de S\u00e3o Paulo - Bahia - Brasil.","breadcrumb":{"@id":"https:\/\/www.morrodesaopaulobahiabrasil.com\/es\/como-llegar-a-morro-de-sao-paulo\/transporte-via-maritima\/#breadcrumb"},"inLanguage":"es","potentialAction":[{"@type":"ReadAction","target":["https:\/\/www.morrodesaopaulobahiabrasil.com\/es\/como-llegar-a-morro-de-sao-paulo\/transporte-via-maritima\/"]}]},{"@type":"BreadcrumbList","@id":"https:\/\/www.morrodesaopaulobahiabrasil.com\/es\/como-llegar-a-morro-de-sao-paulo\/transporte-via-maritima\/#breadcrumb","itemListElement":[{"@type":"ListItem","position":1,"name":"In\u00edcio","item":"https:\/\/www.morrodesaopaulobahiabrasil.com\/es\/"},{"@type":"ListItem","position":2,"name":"Como llegar a Morro de Sao Paulo","item":"https:\/\/www.morrodesaopaulobahiabrasil.com\/es\/como-chegar-em-morro-de-sao-paulo\/"},{"@type":"ListItem","position":3,"name":"Transporte via mar\u00edtima"}]},{"@type":"WebSite","@id":"https:\/\/www.morrodesaopaulobahiabrasil.com\/es\/#website","url":"https:\/\/www.morrodesaopaulobahiabrasil.com\/es\/","name":"Morro de S\u00e3o Paulo","description":"As melhores ofertas de Pousadas, Hot\u00e9is, Passeios e Transfer Salvador Morro de S\u00e3o Paulo.","potentialAction":[{"@type":"SearchAction","target":{"@type":"EntryPoint","urlTemplate":"https:\/\/www.morrodesaopaulobahiabrasil.com\/es\/?s={search_term_string}"},"query-input":{"@type":"PropertyValueSpecification","valueRequired":true,"valueName":"search_term_string"}}],"inLanguage":"es"}]}},"_links":{"self":[{"href":"https:\/\/www.morrodesaopaulobahiabrasil.com\/es\/wp-json\/wp\/v2\/pages\/6142","targetHints":{"allow":["GET"]}}],"collection":[{"href":"https:\/\/www.morrodesaopaulobahiabrasil.com\/es\/wp-json\/wp\/v2\/pages"}],"about":[{"href":"https:\/\/www.morrodesaopaulobahiabrasil.com\/es\/wp-json\/wp\/v2\/types\/page"}],"author":[{"embeddable":true,"href":"https:\/\/www.morrodesaopaulobahiabrasil.com\/es\/wp-json\/wp\/v2\/users\/5"}],"replies":[{"embeddable":true,"href":"https:\/\/www.morrodesaopaulobahiabrasil.com\/es\/wp-json\/wp\/v2\/comments?post=6142"}],"version-history":[{"count":8,"href":"https:\/\/www.morrodesaopaulobahiabrasil.com\/es\/wp-json\/wp\/v2\/pages\/6142\/revisions"}],"predecessor-version":[{"id":8565,"href":"https:\/\/www.morrodesaopaulobahiabrasil.com\/es\/wp-json\/wp\/v2\/pages\/6142\/revisions\/8565"}],"up":[{"embeddable":true,"href":"https:\/\/www.morrodesaopaulobahiabrasil.com\/es\/wp-json\/wp\/v2\/pages\/5356"}],"wp:attachment":[{"href":"https:\/\/www.morrodesaopaulobahiabrasil.com\/es\/wp-json\/wp\/v2\/media?parent=6142"}],"curies":[{"name":"wp","href":"https:\/\/api.w.org\/{rel}","templated":true}]}}