{"id":6153,"date":"2020-11-05T11:21:17","date_gmt":"2020-11-05T14:21:17","guid":{"rendered":"http:\/\/www.morrodesaopaulobahiabrasil.com\/cms\/como-chegar-em-morro-de-sao-paulo\/transfer-terrestre\/"},"modified":"2024-07-03T15:14:14","modified_gmt":"2024-07-03T18:14:14","slug":"transporte-terrestre","status":"publish","type":"page","link":"https:\/\/www.morrodesaopaulobahiabrasil.com\/es\/como-llegar-a-morro-de-sao-paulo\/transporte-terrestre\/","title":{"rendered":"Transporte terrestre"},"content":{"rendered":"<div class=\"wpb-content-wrapper\"><p>[vc_row][vc_column][vc_column_text]<\/p>\n<h2 align=\"center\">Transporte Salvador &#8211; Morro de Sao Paulo Via Semiterrestre<br \/>\n(mar y tierra)<br \/>\nEmbarques y desembarques em Salvador:<br \/>\nTerminal Mar\u00edtimo &#8211; Hoteles en Salvador &#8211; Aeropuerto em Salvador<\/h2>\n<p align=\"center\"><strong>Promoci\u00f3n:<\/strong>\u00a0Para compras de pasajes ida y vuelta, ested gana 3% de descuento!!!<br \/>\n(promoci\u00f3n por tiempo indefinido, los pasajes pueden ser mar\u00edtimos o semiterrestres)<\/p>\n<p>[\/vc_column_text][\/vc_column][\/vc_row][vc_row][vc_column width=&#8221;1\/2&#8243;][vc_column_text]<\/p>\n<p class=\"style20-center\" style=\"text-align: center;\"><strong>Salvador a\u00a0Morro de Sao Paulo<\/strong><\/p>\n<p class=\"style20-center\"><strong>Ver las 3 opciones abajo<\/strong>:<\/p>\n<p class=\"style20-center\"><strong>&#8211; Embarque en la Terminal Maritima Salvador<\/strong><br \/>\n<strong>&#8211; Horario:<\/strong> 06:30, 09:30, 12:30, 15:30, 17:30<br \/>\n<strong>&#8211; Precio:<\/strong> R$ 123,00 por pasajero<br \/>\n<strong>&#8211; Duraci\u00f3n:<\/strong>\u00a03h acerca<\/p>\n<p>o<\/p>\n<p><strong>&#8211; Embarque en hoteles de Salvador<\/strong><br \/>\n<strong>&#8211; Horario:<\/strong> 06:30, 09:30, 12:30, 15:30, 17:30<br \/>\n<strong>&#8211; Precio:<\/strong> R$ 139,00 por pasajero<br \/>\n<strong>&#8211; Duraci\u00f3n:<\/strong>\u00a04h acerca<br \/>\n<em>(buscamos los pasajeros en hoteles a partir de 05h hasta el momento de la salida de Salvador, cuenta como tiempo de viaje)<\/em><\/p>\n<p>o<\/p>\n<p><strong>&#8211; Embarque en Aeropuerto Internacional de Salvador<\/strong><br \/>\n<strong>&#8211; Horario:<\/strong> 05:15, 08:15, 11:15, 14:15, 16:15<br \/>\n<strong>&#8211; Precio:<\/strong> R$ 159,00 por pasajero<br \/>\n<strong>&#8211; Duraci\u00f3n:<\/strong>\u00a04h a 6h acerca<\/p>\n<p>&nbsp;<\/p>\n<p>Comenzando el viaje de micro \u00f3mnibus -salidas a las 06:00 horas desde el barrio de Itapu\u00e3 pasando por Piat\u00e3, Costa\u00a0Azul, Arma\u00e7\u00e3o, Patamares, Jardim de Alah, Pituba, Amaralina, Itaigara, R\u00edo Vermelho, Campo Grande, Corredor da Vitoria y Barra. En los hoteles localizados en\u00a0estos barrios, tienen parada para el embarque de pasajeros y sigue para el Terminal Mar\u00edtimo de Salvador.<\/p>\n<p>Despu\u00e9s siguiendo de lancha -La traves\u00eda de\u00a0la Bah\u00eda de Todos os Santos lleva un tiempo aproximado de 35 minutos, el desembarque es en la isla\u00a0Itaparica.<\/p>\n<p>Sigue de \u00f3mnibus, el tramo entre la terminal\u00a0Mar\u00edtima en la isla\u00a0Itaparica y el atracadero de Bom Jardim, en Valen\u00e7a, es de 130 kil\u00f3metros y sin escalas o paradas.<\/p>\n<p>El \u00faltimo tramo es de barco -La traves\u00eda entre Bom Jardim y\u00a0Morro de S\u00e3o Paulo\u00a0es de aproximadamente 15 minutos y su llegada es prevista para las 10:30 horas.[\/vc_column_text][\/vc_column][vc_column width=&#8221;1\/2&#8243;][vc_column_text]<\/p>\n<p class=\"style20-center\"><strong>Morro de Sao Paulo a Salvador<\/strong><\/p>\n<p class=\"style20-center\"><strong>Ver las 3 opciones abajo<\/strong>:<\/p>\n<p class=\"style20-center\"><strong>&#8211; Desembarque en la Terminal Maritima de Salvador<\/strong><br \/>\n<strong>&#8211; Horario:<\/strong> 06:30, 09:30, 12:30, 15:30<br \/>\n<strong>&#8211; Precio:<\/strong> R$ 123,00 por pasajero<br \/>\n<strong>&#8211; Duraci\u00f3n:<\/strong>\u00a03h acerca<\/p>\n<p class=\"style20-center\">o<\/p>\n<p class=\"style20\"><span class=\"style20-center\"><strong>&#8211; Desembarque en hoteles de Salvador\u00a0<\/strong><br \/>\n<strong>&#8211; Horario:<\/strong> 06:30, 09:30, 12:30, 15:30<br \/>\n<strong>&#8211; Precio:<\/strong> R$ 139,00 por pasajero<br \/>\n<strong>&#8211; Duraci\u00f3n:<\/strong>\u00a04h acerca<\/span><span class=\"style20-center\"><em>(el tiempo de viaje informado hasta la llega en Salvador, incluye el tiempo hasta el hotel y puede variar dependiendo del hotel)<\/em><\/span><\/p>\n<p>o<\/p>\n<p class=\"style20\"><span class=\"style20-center\"><strong>&#8211; Desembarque en Aeropuerto Internacional de Salvador<\/strong><br \/>\n<strong>&#8211; Horario:<\/strong> 06:30, 09:30, 12:30, 15:30<br \/>\n<strong>&#8211; Precio:<\/strong> R$ 159,00 por pasajero<br \/>\n<strong>&#8211; Duraci\u00f3n:<\/strong>\u00a04h a 6h acerca<br \/>\n<em>(el tiempo de viaje informado hasta la llega en Aeropuerto de Salvador, el tiempo es acerca)<\/em><\/span><\/p>\n<p>&nbsp;<\/p>\n<p>Comenzamos el viaje de lancha -Salidas a las 15:30 horas. La traves\u00eda entre Morro de S\u00e3o Paulo y el atracadero de Bom Jardim, en Valen\u00e7a, es de 15 minutos aproximadamente.<\/p>\n<p>Despu\u00e9s seguimos de \u00f3mnibus -El tramo entre Bom Jardim y el Terminal Mar\u00edtimo en la isla Itaparica, es de 130 kil\u00f3metros y sin escalas o paradas.<\/p>\n<p>Sigue de barco la traves\u00eda de la Bah\u00eda de Todos os Santos, lleva un tiempo aproximado de 35 minutos y el desembarque es en\u00a0la Terminal Mar\u00edtima de Salvador con horario previsto para las 18:00 horas.<\/p>\n<p>El \u00faltimo trecho\u00a0se hace de micro \u00f3mnibus -Desde\u00a0la\u00a0Terminal Mar\u00edtima, siguiendo por los barrios: Barra, Corredor da Vitoria, Campo Grande, Rio Vermelho, Itaigara, Amaralina, Pituba, Jardim de Alah, Patamares, Arma\u00e7\u00e3o, Costa Azul, Piat\u00e3 e Itapu\u00e3. En los hoteles localizados en estos barrios hay paradas para desembarque de pasajeros.[\/vc_column_text][\/vc_column][\/vc_row][vc_row][vc_column width=&#8221;1\/2&#8243;][vc_single_image image=&#8221;7482&#8243; img_size=&#8221;full&#8221; style=&#8221;vc_box_border&#8221; border_color=&#8221;orange&#8221;][\/vc_column][vc_column width=&#8221;1\/2&#8243;]\n<div class=\"wpcf7 no-js\" id=\"wpcf7-f7224-o1\" lang=\"pt-BR\" dir=\"ltr\" data-wpcf7-id=\"7224\">\n<div class=\"screen-reader-response\"><p role=\"status\" aria-live=\"polite\" aria-atomic=\"true\"><\/p> <ul><\/ul><\/div>\n<form action=\"\/es\/wp-json\/wp\/v2\/pages\/6153#wpcf7-f7224-o1\" method=\"post\" class=\"wpcf7-form init\" aria-label=\"Formul\u00e1rios de contato\" novalidate=\"novalidate\" data-status=\"init\">\n<fieldset class=\"hidden-fields-container\"><input type=\"hidden\" name=\"_wpcf7\" value=\"7224\" \/><input type=\"hidden\" name=\"_wpcf7_version\" value=\"6.1.5\" \/><input type=\"hidden\" name=\"_wpcf7_locale\" value=\"pt_BR\" \/><input type=\"hidden\" name=\"_wpcf7_unit_tag\" value=\"wpcf7-f7224-o1\" \/><input type=\"hidden\" name=\"_wpcf7_container_post\" value=\"0\" \/><input type=\"hidden\" name=\"_wpcf7_posted_data_hash\" value=\"\" \/>\n<\/fieldset>\n<div class=\"row form-group\">\n\t<div class=\"col-xs-6\">\n\t\t<p><label>Nombre<\/label><span class=\"wpcf7-form-control-wrap\" data-name=\"your-name\"><input size=\"40\" maxlength=\"400\" class=\"wpcf7-form-control wpcf7-text wpcf7-validates-as-required\" aria-required=\"true\" aria-invalid=\"false\" value=\"\" type=\"text\" name=\"your-name\" \/><\/span>\n\t\t<\/p>\n\t<\/div>\n\t<div class=\"col-xs-6\">\n\t\t<p><label>Email<\/label><span class=\"wpcf7-form-control-wrap\" data-name=\"your-email\"><input size=\"40\" maxlength=\"400\" class=\"wpcf7-form-control wpcf7-email wpcf7-validates-as-required wpcf7-text wpcf7-validates-as-email\" aria-required=\"true\" aria-invalid=\"false\" value=\"\" type=\"email\" name=\"your-email\" \/><\/span>\n\t\t<\/p>\n\t<\/div>\n<\/div>\n<div class=\"row form-group\">\n\t<div class=\"col-sm-4\">\n\t\t<p><label>Fecha<\/label><span class=\"wpcf7-form-control-wrap\" data-name=\"data\"><input size=\"40\" maxlength=\"400\" class=\"wpcf7-form-control wpcf7-text\" aria-invalid=\"false\" value=\"\" type=\"text\" name=\"data\" \/><\/span>\n\t\t<\/p>\n\t<\/div>\n\t<div class=\"col-sm-4\">\n\t\t<p><label>N\u00famero de Adultos<\/label><span class=\"wpcf7-form-control-wrap\" data-name=\"adultos\"><input size=\"40\" maxlength=\"400\" class=\"wpcf7-form-control wpcf7-text\" aria-invalid=\"false\" value=\"\" type=\"text\" name=\"adultos\" \/><\/span>\n\t\t<\/p>\n\t<\/div>\n\t<div class=\"col-sm-4\">\n\t\t<p><label>N\u00famero de ni\u00f1os<\/label><span class=\"wpcf7-form-control-wrap\" data-name=\"criancas\"><input size=\"40\" maxlength=\"400\" class=\"wpcf7-form-control wpcf7-text\" aria-invalid=\"false\" value=\"\" type=\"text\" name=\"criancas\" \/><\/span>\n\t\t<\/p>\n\t<\/div>\n<\/div>\n<div class=\"form-group\">\n\t<p><label>Mensaje<\/label><span class=\"wpcf7-form-control-wrap\" data-name=\"your-message\"><textarea cols=\"40\" rows=\"8\" maxlength=\"2000\" class=\"wpcf7-form-control wpcf7-textarea\" aria-invalid=\"false\" placeholder=\"Env\u00ede su mensaje y programe su transporte..\" name=\"your-message\"><\/textarea><\/span>\n\t<\/p>\n<\/div>\n<p><input class=\"wpcf7-form-control wpcf7-submit has-spinner\" type=\"submit\" value=\"ENVIAR\" \/>\n<\/p><p style=\"display: none !important;\" class=\"akismet-fields-container\" data-prefix=\"_wpcf7_ak_\"><label>&#916;<textarea name=\"_wpcf7_ak_hp_textarea\" cols=\"45\" rows=\"8\" maxlength=\"100\"><\/textarea><\/label><input type=\"hidden\" id=\"ak_js_1\" name=\"_wpcf7_ak_js\" value=\"102\"\/><script>document.getElementById( \"ak_js_1\" ).setAttribute( \"value\", ( new Date() ).getTime() );<\/script><\/p><div class=\"wpcf7-response-output\" aria-hidden=\"true\"><\/div>\n<\/form>\n<\/div>\n[\/vc_column][\/vc_row][vc_row][vc_column][vc_column_text]<a href=\"http:\/\/www.morrodesaopaulobahiabrasil.com\/como-chegar-em-morro-de-sao-paulo\/transfer-terrestre\/transfer-terrestre-compra-online\/\" target=\"_blank\" rel=\"noopener noreferrer\"><img loading=\"lazy\" decoding=\"async\" class=\"alignnone\" src=\"http:\/\/www.morrodesaopaulobahiabrasil.com\/imagens\/pagseguro-compra-online-passagem-transfer-terrestre.png\" alt=\"\" width=\"309\" height=\"126\" \/><\/a>[\/vc_column_text][\/vc_column][\/vc_row][vc_row][vc_column width=&#8221;1\/3&#8243;][vc_single_image image=&#8221;7499&#8243; img_size=&#8221;medium&#8221; alignment=&#8221;center&#8221; style=&#8221;vc_box_border&#8221; border_color=&#8221;orange&#8221;][\/vc_column][vc_column width=&#8221;1\/3&#8243;][vc_single_image image=&#8221;7515&#8243; img_size=&#8221;full&#8221; style=&#8221;vc_box_border&#8221; border_color=&#8221;orange&#8221;][\/vc_column][vc_column width=&#8221;1\/3&#8243;][vc_single_image image=&#8221;7523&#8243; img_size=&#8221;full&#8221; style=&#8221;vc_box_border&#8221; border_color=&#8221;orange&#8221;][\/vc_column][\/vc_row]<\/p>\n<\/div>","protected":false},"excerpt":{"rendered":"<p>[vc_row][vc_column][vc_column_text]<br \/>\nTransporte Salvador &#8211; Morro de Sao Paulo Via Semiterrestre<br \/>\n(mar y tierra)<br \/>\nEmbarques y desembarques em Salvador:<br \/>\nTerminal Mar\u00edtimo &#8211; Hoteles en Salvador &#8211; Aeropuerto em Salvador<br \/>\nPromoci\u00f3n:\u00a0Para compras <\/p>\n","protected":false},"author":5,"featured_media":0,"parent":5356,"menu_order":0,"comment_status":"closed","ping_status":"closed","template":"","meta":{"footnotes":""},"class_list":["post-6153","page","type-page","status-publish","hentry"],"yoast_head":"<!-- This site is optimized with the Yoast SEO plugin v26.9 - https:\/\/yoast.com\/product\/yoast-seo-wordpress\/ -->\n<title>Transporte terrestre - Morro de S\u00e3o Paulo<\/title>\n<meta name=\"description\" content=\"Morro de S\u00e3o Paulo - Bahia - Brasil. Transporte terrestre de Salvador a Morro de San Pablo.\" \/>\n<meta name=\"robots\" content=\"index, follow, max-snippet:-1, max-image-preview:large, max-video-preview:-1\" \/>\n<link rel=\"canonical\" href=\"https:\/\/www.morrodesaopaulobahiabrasil.com\/es\/como-llegar-a-morro-de-sao-paulo\/transporte-terrestre\/\" \/>\n<meta property=\"og:locale\" content=\"es_ES\" \/>\n<meta property=\"og:type\" content=\"article\" \/>\n<meta property=\"og:title\" content=\"Transporte terrestre - Morro de S\u00e3o Paulo\" \/>\n<meta property=\"og:description\" content=\"Morro de S\u00e3o Paulo - Bahia - Brasil. Transporte terrestre de Salvador a Morro de San Pablo.\" \/>\n<meta property=\"og:url\" content=\"https:\/\/www.morrodesaopaulobahiabrasil.com\/es\/como-llegar-a-morro-de-sao-paulo\/transporte-terrestre\/\" \/>\n<meta property=\"og:site_name\" content=\"Morro de S\u00e3o Paulo\" \/>\n<meta property=\"article:modified_time\" content=\"2024-07-03T18:14:14+00:00\" \/>\n<meta property=\"og:image\" content=\"http:\/\/www.morrodesaopaulobahiabrasil.com\/imagens\/pagseguro-compra-online-passagem-transfer-terrestre.png\" \/>\n<meta name=\"twitter:card\" content=\"summary_large_image\" \/>\n<meta name=\"twitter:label1\" content=\"Tiempo de lectura\" \/>\n\t<meta name=\"twitter:data1\" content=\"3 minutos\" \/>\n<script type=\"application\/ld+json\" class=\"yoast-schema-graph\">{\"@context\":\"https:\/\/schema.org\",\"@graph\":[{\"@type\":\"WebPage\",\"@id\":\"https:\/\/www.morrodesaopaulobahiabrasil.com\/es\/como-llegar-a-morro-de-sao-paulo\/transporte-terrestre\/\",\"url\":\"https:\/\/www.morrodesaopaulobahiabrasil.com\/es\/como-llegar-a-morro-de-sao-paulo\/transporte-terrestre\/\",\"name\":\"Transporte terrestre - Morro de S\u00e3o Paulo\",\"isPartOf\":{\"@id\":\"https:\/\/www.morrodesaopaulobahiabrasil.com\/es\/#website\"},\"primaryImageOfPage\":{\"@id\":\"https:\/\/www.morrodesaopaulobahiabrasil.com\/es\/como-llegar-a-morro-de-sao-paulo\/transporte-terrestre\/#primaryimage\"},\"image\":{\"@id\":\"https:\/\/www.morrodesaopaulobahiabrasil.com\/es\/como-llegar-a-morro-de-sao-paulo\/transporte-terrestre\/#primaryimage\"},\"thumbnailUrl\":\"http:\/\/www.morrodesaopaulobahiabrasil.com\/imagens\/pagseguro-compra-online-passagem-transfer-terrestre.png\",\"datePublished\":\"2020-11-05T14:21:17+00:00\",\"dateModified\":\"2024-07-03T18:14:14+00:00\",\"description\":\"Morro de S\u00e3o Paulo - Bahia - Brasil. Transporte terrestre de Salvador a Morro de San Pablo.\",\"breadcrumb\":{\"@id\":\"https:\/\/www.morrodesaopaulobahiabrasil.com\/es\/como-llegar-a-morro-de-sao-paulo\/transporte-terrestre\/#breadcrumb\"},\"inLanguage\":\"es\",\"potentialAction\":[{\"@type\":\"ReadAction\",\"target\":[\"https:\/\/www.morrodesaopaulobahiabrasil.com\/es\/como-llegar-a-morro-de-sao-paulo\/transporte-terrestre\/\"]}]},{\"@type\":\"ImageObject\",\"inLanguage\":\"es\",\"@id\":\"https:\/\/www.morrodesaopaulobahiabrasil.com\/es\/como-llegar-a-morro-de-sao-paulo\/transporte-terrestre\/#primaryimage\",\"url\":\"http:\/\/www.morrodesaopaulobahiabrasil.com\/imagens\/pagseguro-compra-online-passagem-transfer-terrestre.png\",\"contentUrl\":\"http:\/\/www.morrodesaopaulobahiabrasil.com\/imagens\/pagseguro-compra-online-passagem-transfer-terrestre.png\"},{\"@type\":\"BreadcrumbList\",\"@id\":\"https:\/\/www.morrodesaopaulobahiabrasil.com\/es\/como-llegar-a-morro-de-sao-paulo\/transporte-terrestre\/#breadcrumb\",\"itemListElement\":[{\"@type\":\"ListItem\",\"position\":1,\"name\":\"In\u00edcio\",\"item\":\"https:\/\/www.morrodesaopaulobahiabrasil.com\/es\/\"},{\"@type\":\"ListItem\",\"position\":2,\"name\":\"Como llegar a Morro de Sao Paulo\",\"item\":\"https:\/\/www.morrodesaopaulobahiabrasil.com\/es\/como-chegar-em-morro-de-sao-paulo\/\"},{\"@type\":\"ListItem\",\"position\":3,\"name\":\"Transporte terrestre\"}]},{\"@type\":\"WebSite\",\"@id\":\"https:\/\/www.morrodesaopaulobahiabrasil.com\/es\/#website\",\"url\":\"https:\/\/www.morrodesaopaulobahiabrasil.com\/es\/\",\"name\":\"Morro de S\u00e3o Paulo\",\"description\":\"As melhores ofertas de Pousadas, Hot\u00e9is, Passeios e Transfer Salvador Morro de S\u00e3o Paulo.\",\"potentialAction\":[{\"@type\":\"SearchAction\",\"target\":{\"@type\":\"EntryPoint\",\"urlTemplate\":\"https:\/\/www.morrodesaopaulobahiabrasil.com\/es\/?s={search_term_string}\"},\"query-input\":{\"@type\":\"PropertyValueSpecification\",\"valueRequired\":true,\"valueName\":\"search_term_string\"}}],\"inLanguage\":\"es\"}]}<\/script>\n<!-- \/ Yoast SEO plugin. -->","yoast_head_json":{"title":"Transporte terrestre - Morro de S\u00e3o Paulo","description":"Morro de S\u00e3o Paulo - Bahia - Brasil. Transporte terrestre de Salvador a Morro de San Pablo.","robots":{"index":"index","follow":"follow","max-snippet":"max-snippet:-1","max-image-preview":"max-image-preview:large","max-video-preview":"max-video-preview:-1"},"canonical":"https:\/\/www.morrodesaopaulobahiabrasil.com\/es\/como-llegar-a-morro-de-sao-paulo\/transporte-terrestre\/","og_locale":"es_ES","og_type":"article","og_title":"Transporte terrestre - Morro de S\u00e3o Paulo","og_description":"Morro de S\u00e3o Paulo - Bahia - Brasil. Transporte terrestre de Salvador a Morro de San Pablo.","og_url":"https:\/\/www.morrodesaopaulobahiabrasil.com\/es\/como-llegar-a-morro-de-sao-paulo\/transporte-terrestre\/","og_site_name":"Morro de S\u00e3o Paulo","article_modified_time":"2024-07-03T18:14:14+00:00","og_image":[{"url":"http:\/\/www.morrodesaopaulobahiabrasil.com\/imagens\/pagseguro-compra-online-passagem-transfer-terrestre.png","type":"","width":"","height":""}],"twitter_card":"summary_large_image","twitter_misc":{"Tiempo de lectura":"3 minutos"},"schema":{"@context":"https:\/\/schema.org","@graph":[{"@type":"WebPage","@id":"https:\/\/www.morrodesaopaulobahiabrasil.com\/es\/como-llegar-a-morro-de-sao-paulo\/transporte-terrestre\/","url":"https:\/\/www.morrodesaopaulobahiabrasil.com\/es\/como-llegar-a-morro-de-sao-paulo\/transporte-terrestre\/","name":"Transporte terrestre - Morro de S\u00e3o Paulo","isPartOf":{"@id":"https:\/\/www.morrodesaopaulobahiabrasil.com\/es\/#website"},"primaryImageOfPage":{"@id":"https:\/\/www.morrodesaopaulobahiabrasil.com\/es\/como-llegar-a-morro-de-sao-paulo\/transporte-terrestre\/#primaryimage"},"image":{"@id":"https:\/\/www.morrodesaopaulobahiabrasil.com\/es\/como-llegar-a-morro-de-sao-paulo\/transporte-terrestre\/#primaryimage"},"thumbnailUrl":"http:\/\/www.morrodesaopaulobahiabrasil.com\/imagens\/pagseguro-compra-online-passagem-transfer-terrestre.png","datePublished":"2020-11-05T14:21:17+00:00","dateModified":"2024-07-03T18:14:14+00:00","description":"Morro de S\u00e3o Paulo - Bahia - Brasil. Transporte terrestre de Salvador a Morro de San Pablo.","breadcrumb":{"@id":"https:\/\/www.morrodesaopaulobahiabrasil.com\/es\/como-llegar-a-morro-de-sao-paulo\/transporte-terrestre\/#breadcrumb"},"inLanguage":"es","potentialAction":[{"@type":"ReadAction","target":["https:\/\/www.morrodesaopaulobahiabrasil.com\/es\/como-llegar-a-morro-de-sao-paulo\/transporte-terrestre\/"]}]},{"@type":"ImageObject","inLanguage":"es","@id":"https:\/\/www.morrodesaopaulobahiabrasil.com\/es\/como-llegar-a-morro-de-sao-paulo\/transporte-terrestre\/#primaryimage","url":"http:\/\/www.morrodesaopaulobahiabrasil.com\/imagens\/pagseguro-compra-online-passagem-transfer-terrestre.png","contentUrl":"http:\/\/www.morrodesaopaulobahiabrasil.com\/imagens\/pagseguro-compra-online-passagem-transfer-terrestre.png"},{"@type":"BreadcrumbList","@id":"https:\/\/www.morrodesaopaulobahiabrasil.com\/es\/como-llegar-a-morro-de-sao-paulo\/transporte-terrestre\/#breadcrumb","itemListElement":[{"@type":"ListItem","position":1,"name":"In\u00edcio","item":"https:\/\/www.morrodesaopaulobahiabrasil.com\/es\/"},{"@type":"ListItem","position":2,"name":"Como llegar a Morro de Sao Paulo","item":"https:\/\/www.morrodesaopaulobahiabrasil.com\/es\/como-chegar-em-morro-de-sao-paulo\/"},{"@type":"ListItem","position":3,"name":"Transporte terrestre"}]},{"@type":"WebSite","@id":"https:\/\/www.morrodesaopaulobahiabrasil.com\/es\/#website","url":"https:\/\/www.morrodesaopaulobahiabrasil.com\/es\/","name":"Morro de S\u00e3o Paulo","description":"As melhores ofertas de Pousadas, Hot\u00e9is, Passeios e Transfer Salvador Morro de S\u00e3o Paulo.","potentialAction":[{"@type":"SearchAction","target":{"@type":"EntryPoint","urlTemplate":"https:\/\/www.morrodesaopaulobahiabrasil.com\/es\/?s={search_term_string}"},"query-input":{"@type":"PropertyValueSpecification","valueRequired":true,"valueName":"search_term_string"}}],"inLanguage":"es"}]}},"_links":{"self":[{"href":"https:\/\/www.morrodesaopaulobahiabrasil.com\/es\/wp-json\/wp\/v2\/pages\/6153","targetHints":{"allow":["GET"]}}],"collection":[{"href":"https:\/\/www.morrodesaopaulobahiabrasil.com\/es\/wp-json\/wp\/v2\/pages"}],"about":[{"href":"https:\/\/www.morrodesaopaulobahiabrasil.com\/es\/wp-json\/wp\/v2\/types\/page"}],"author":[{"embeddable":true,"href":"https:\/\/www.morrodesaopaulobahiabrasil.com\/es\/wp-json\/wp\/v2\/users\/5"}],"replies":[{"embeddable":true,"href":"https:\/\/www.morrodesaopaulobahiabrasil.com\/es\/wp-json\/wp\/v2\/comments?post=6153"}],"version-history":[{"count":15,"href":"https:\/\/www.morrodesaopaulobahiabrasil.com\/es\/wp-json\/wp\/v2\/pages\/6153\/revisions"}],"predecessor-version":[{"id":8563,"href":"https:\/\/www.morrodesaopaulobahiabrasil.com\/es\/wp-json\/wp\/v2\/pages\/6153\/revisions\/8563"}],"up":[{"embeddable":true,"href":"https:\/\/www.morrodesaopaulobahiabrasil.com\/es\/wp-json\/wp\/v2\/pages\/5356"}],"wp:attachment":[{"href":"https:\/\/www.morrodesaopaulobahiabrasil.com\/es\/wp-json\/wp\/v2\/media?parent=6153"}],"curies":[{"name":"wp","href":"https:\/\/api.w.org\/{rel}","templated":true}]}}