{"id":6535,"date":"2020-02-18T19:43:33","date_gmt":"2020-02-18T22:43:33","guid":{"rendered":"http:\/\/www.morrodesaopaulobahiabrasil.com\/cms\/hospedagem-em-morro-de-sao-paulo\/pousadas-hoteis\/"},"modified":"2020-12-23T18:44:02","modified_gmt":"2020-12-23T21:44:02","slug":"posadas-y-hoteles","status":"publish","type":"page","link":"https:\/\/www.morrodesaopaulobahiabrasil.com\/es\/alojamiento-en-morro-de-sao-paulo\/posadas-y-hoteles\/","title":{"rendered":"Posadas y Hoteles"},"content":{"rendered":"<div class=\"wpb-content-wrapper\"><p>[vc_row][vc_column][vc_custom_heading text=&#8221;Posadas y Hoteles in Morro de Sao Paulo&#8221; font_container=&#8221;tag:h2|text_align:center&#8221; google_fonts=&#8221;font_family:Open%20Sans%3A300%2C300italic%2Cregular%2Citalic%2C600%2C600italic%2C700%2C700italic%2C800%2C800italic|font_style:400%20regular%3A400%3Anormal&#8221;][vc_empty_space][\/vc_column][\/vc_row][vc_row][vc_column][vc_custom_heading text=&#8221;Posadas Vila&#8221; font_container=&#8221;tag:h3|text_align:center&#8221; google_fonts=&#8221;font_family:Open%20Sans%3A300%2C300italic%2Cregular%2Citalic%2C600%2C600italic%2C700%2C700italic%2C800%2C800italic|font_style:400%20regular%3A400%3Anormal&#8221;][vc_empty_space][\/vc_column][\/vc_row][vc_row][vc_column width=&#8221;1\/3&#8243;][vc_single_image image=&#8221;4677&#8243; img_size=&#8221;medium&#8221; alignment=&#8221;center&#8221; style=&#8221;vc_box_border&#8221; border_color=&#8221;orange&#8221; onclick=&#8221;custom_link&#8221; link=&#8221;http:\/\/www.morrodesaopaulobahiabrasil.com\/hospedagem-em-morro-de-sao-paulo\/pousadas-hoteis\/bangalo-dos-sonhos\/&#8221;][vc_column_text]<\/p>\n<p style=\"text-align: center; font-size: 18px;\"><a href=\"http:\/\/www.morrodesaopaulobahiabrasil.com\/hospedagem-em-morro-de-sao-paulo\/pousadas-hoteis\/bangalo-dos-sonhos\/\">Bangal\u00f4 dos Sonhos<\/a><br \/>\nVila<\/p>\n<p>[\/vc_column_text][\/vc_column][vc_column width=&#8221;1\/3&#8243;][vc_single_image image=&#8221;7128&#8243; img_size=&#8221;medium&#8221; alignment=&#8221;center&#8221; style=&#8221;vc_box_border&#8221; border_color=&#8221;orange&#8221; onclick=&#8221;custom_link&#8221; link=&#8221;http:\/\/www.morrodesaopaulobahiabrasil.com\/hospedagem-em-morro-de-sao-paulo\/pousadas-hoteis\/flat-casinhas-do-morro\/&#8221;][vc_column_text]<\/p>\n<p style=\"text-align: center; font-size: 18px;\"><a href=\"http:\/\/www.morrodesaopaulobahiabrasil.com\/hospedagem-em-morro-de-sao-paulo\/pousadas-hoteis\/flat-casinhas-do-morro\/\">Flat Casinhas do Morro<\/a><br \/>\nVila<\/p>\n<p>[\/vc_column_text][\/vc_column][vc_column width=&#8221;1\/3&#8243;][vc_single_image image=&#8221;5151&#8243; img_size=&#8221;medium&#8221; style=&#8221;vc_box_border&#8221; border_color=&#8221;orange&#8221; onclick=&#8221;custom_link&#8221; link=&#8221;http:\/\/www.morrodesaopaulobahiabrasil.com\/hospedagem-em-morro-de-sao-paulo\/pousadas-hoteis\/pousada-charme\/&#8221;][vc_column_text]<\/p>\n<p style=\"text-align: center; font-size: 18px;\"><a href=\"http:\/\/www.morrodesaopaulobahiabrasil.com\/hospedagem-em-morro-de-sao-paulo\/pousadas-hoteis\/pousada-charme\/\">Pousada Charme<\/a><br \/>\nVila<\/p>\n<p>[\/vc_column_text][\/vc_column][\/vc_row][vc_row][vc_column width=&#8221;1\/3&#8243;][\/vc_column][vc_column width=&#8221;1\/3&#8243;][vc_single_image image=&#8221;4696&#8243; img_size=&#8221;medium&#8221; style=&#8221;vc_box_border&#8221; border_color=&#8221;orange&#8221; onclick=&#8221;custom_link&#8221; link=&#8221;http:\/\/www.morrodesaopaulobahiabrasil.com\/hospedagem-em-morro-de-sao-paulo\/pousadas-hoteis\/pousada-vila-do-sossego\/&#8221;][vc_column_text]<\/p>\n<p style=\"text-align: center; font-size: 18px;\"><a href=\"http:\/\/www.morrodesaopaulobahiabrasil.com\/hospedagem-em-morro-de-sao-paulo\/pousadas-hoteis\/pousada-vila-do-sossego\/\">Pousada Vila do Sossego<\/a><br \/>\nVila<\/p>\n<p>[\/vc_column_text][\/vc_column][vc_column width=&#8221;1\/3&#8243;][\/vc_column][\/vc_row][vc_row][vc_column][vc_separator color=&#8221;custom&#8221; style=&#8221;shadow&#8221; border_width=&#8221;4&#8243; accent_color=&#8221;#d6d6d6&#8243;][\/vc_column][\/vc_row][vc_row][vc_column][vc_custom_heading text=&#8221;Primera Praya&#8221; font_container=&#8221;tag:h3|text_align:center&#8221; google_fonts=&#8221;font_family:Open%20Sans%3A300%2C300italic%2Cregular%2Citalic%2C600%2C600italic%2C700%2C700italic%2C800%2C800italic|font_style:400%20regular%3A400%3Anormal&#8221;][vc_empty_space][\/vc_column][\/vc_row][vc_row][vc_column width=&#8221;1\/3&#8243;][\/vc_column][vc_column width=&#8221;1\/3&#8243;][vc_single_image image=&#8221;4796&#8243; img_size=&#8221;medium&#8221; style=&#8221;vc_box_border&#8221; border_color=&#8221;orange&#8221; onclick=&#8221;custom_link&#8221; link=&#8221;http:\/\/www.morrodesaopaulobahiabrasil.com\/hospedagem-em-morro-de-sao-paulo\/pousadas-hoteis\/pousada-via-brasil\/&#8221;][vc_column_text]<\/p>\n<p style=\"text-align: center; font-size: 18px;\"><a href=\"http:\/\/www.morrodesaopaulobahiabrasil.com\/hospedagem-em-morro-de-sao-paulo\/pousadas-hoteis\/pousada-via-brasil\/\">Pousada Via Brasil<\/a><br \/>\nPrimera Praya<\/p>\n<p>[\/vc_column_text][\/vc_column][vc_column width=&#8221;1\/3&#8243;][\/vc_column][\/vc_row][vc_row][vc_column][vc_separator color=&#8221;custom&#8221; style=&#8221;shadow&#8221; border_width=&#8221;4&#8243; accent_color=&#8221;#d6d6d6&#8243;][\/vc_column][\/vc_row][vc_row][vc_column][vc_custom_heading text=&#8221;Segunda Praya&#8221; font_container=&#8221;tag:h3|text_align:center&#8221; google_fonts=&#8221;font_family:Open%20Sans%3A300%2C300italic%2Cregular%2Citalic%2C600%2C600italic%2C700%2C700italic%2C800%2C800italic|font_style:400%20regular%3A400%3Anormal&#8221;][vc_empty_space][\/vc_column][\/vc_row][vc_row][vc_column width=&#8221;1\/3&#8243;][\/vc_column][vc_column width=&#8221;1\/3&#8243;][vc_single_image image=&#8221;4840&#8243; img_size=&#8221;medium&#8221; alignment=&#8221;center&#8221; style=&#8221;vc_box_border&#8221; border_color=&#8221;orange&#8221; onclick=&#8221;custom_link&#8221; link=&#8221;http:\/\/www.morrodesaopaulobahiabrasil.com\/hospedagem-em-morro-de-sao-paulo\/pousadas-hoteis\/le-terrace-beach-hotel\/&#8221;][vc_column_text]<\/p>\n<p style=\"text-align: center; font-size: 18px;\"><a href=\"http:\/\/www.morrodesaopaulobahiabrasil.com\/hospedagem-em-morro-de-sao-paulo\/pousadas-hoteis\/le-terrace-beach-hotel\/\">Le Terrace Beach Hotel<\/a><br \/>\nSegunda Praya<\/p>\n<p>[\/vc_column_text][\/vc_column][vc_column width=&#8221;1\/3&#8243;][\/vc_column][\/vc_row][vc_row][vc_column][vc_separator color=&#8221;custom&#8221; style=&#8221;shadow&#8221; border_width=&#8221;4&#8243; accent_color=&#8221;#d6d6d6&#8243;][\/vc_column][\/vc_row][vc_row][vc_column][vc_custom_heading text=&#8221;Quinta Praya&#8221; font_container=&#8221;tag:h3|text_align:center&#8221; google_fonts=&#8221;font_family:Open%20Sans%3A300%2C300italic%2Cregular%2Citalic%2C600%2C600italic%2C700%2C700italic%2C800%2C800italic|font_style:400%20regular%3A400%3Anormal&#8221;][vc_empty_space][\/vc_column][\/vc_row][vc_row][vc_column width=&#8221;1\/3&#8243;][\/vc_column][vc_column width=&#8221;1\/3&#8243;][vc_single_image image=&#8221;5274&#8243; img_size=&#8221;medium&#8221; alignment=&#8221;center&#8221; style=&#8221;vc_box_border&#8221; border_color=&#8221;orange&#8221; onclick=&#8221;custom_link&#8221; link=&#8221;http:\/\/www.morrodesaopaulobahiabrasil.com\/hospedagem-em-morro-de-sao-paulo\/pousadas-hoteis\/hotel-anima\/&#8221;][vc_column_text]<\/p>\n<p style=\"text-align: center; font-size: 18px;\"><a href=\"http:\/\/www.morrodesaopaulobahiabrasil.com\/hospedagem-em-morro-de-sao-paulo\/pousadas-hoteis\/hotel-anima\/\">Hotel Anima<\/a><br \/>\nQuinta Praya<\/p>\n<p>[\/vc_column_text][\/vc_column][vc_column width=&#8221;1\/3&#8243;][\/vc_column][\/vc_row][vc_row][vc_column][vc_separator color=&#8221;custom&#8221; style=&#8221;shadow&#8221; border_width=&#8221;4&#8243; accent_color=&#8221;#d6d6d6&#8243;][\/vc_column][\/vc_row][vc_row][vc_column][vc_custom_heading text=&#8221;Gamboa&#8221; font_container=&#8221;tag:h3|text_align:center&#8221; google_fonts=&#8221;font_family:Open%20Sans%3A300%2C300italic%2Cregular%2Citalic%2C600%2C600italic%2C700%2C700italic%2C800%2C800italic|font_style:400%20regular%3A400%3Anormal&#8221;][vc_empty_space][\/vc_column][\/vc_row][vc_row][vc_column width=&#8221;1\/3&#8243;][\/vc_column][vc_column width=&#8221;1\/3&#8243;][vc_single_image image=&#8221;5072&#8243; img_size=&#8221;medium&#8221; alignment=&#8221;center&#8221; style=&#8221;vc_box_border&#8221; border_color=&#8221;orange&#8221; onclick=&#8221;custom_link&#8221; link=&#8221;http:\/\/www.morrodesaopaulobahiabrasil.com\/hospedagem-em-morro-de-sao-paulo\/pousadas-hoteis\/pousada-bora-bora\/&#8221;][vc_column_text]<\/p>\n<p style=\"text-align: center; font-size: 18px;\"><a href=\"http:\/\/www.morrodesaopaulobahiabrasil.com\/hospedagem-em-morro-de-sao-paulo\/pousadas-hoteis\/pousada-bora-bora\/\">Pousada Bora Bora<\/a><br \/>\nGamboa<\/p>\n<p>[\/vc_column_text][\/vc_column][vc_column width=&#8221;1\/3&#8243;][\/vc_column][\/vc_row][vc_row][vc_column][vc_column_text]<\/p>\n<h3 align=\"center\">Ubicaci\u00f3n de Hoteles y Posadas en Morro de S\u00e3o Paulo<\/h3>\n<p><iframe loading=\"lazy\" src=\"https:\/\/mapsengine.google.com\/map\/embed?mid=z9i9PnfRG-nw.kyRIozdOrfbQ\" width=\"730\" height=\"820\" data-mce-fragment=\"1\"><\/iframe><\/p>\n<div class=\"style20\" align=\"justify\">\n<p><span title=\"Lembrando que os hot\u00e9is e pousadas listados est\u00e3o entre os melhores meios de hospedagem de Morro de S\u00e3o Paulo e oferecem alto padr\u00e3o de conforto e servi\u00e7os. \u00a0\"><br \/>\n<\/span><span title=\"Al\u00e9m de trabalhar com os mais conceituados hot\u00e9is e pousadas, nossos servi\u00e7os exclusivos que facilitam sua viagem a Morro de S\u00e3o Paulo como a aquisi\u00e7\u00e3o das taxas de embarque e turismo na ilha e ainda o transporte de sua bagagem.\">Adem\u00e1s de trabajar con los m\u00e1s prestigiosos hoteles, servicios exclusivos que hacen que su viaje a Morro de Sao Paulo como la adquisici\u00f3n de las tarifas de transporte y de turismo de la isla y tambi\u00e9n el transporte de su equipaje.\u00a0<\/span><span title=\"Tudo pensando em melhor atend\u00ea-lo para que seus dias em Morro de s\u00e3o Paulo sejam simplesmente inesquec\u00edveis!!\">Todos pensar un mejor servicio para que sus d\u00edas en Morro de Sao Paulo son simplemente inolvidable !!<\/span><\/p>\n<p>En la isla o en su hotel se encuentra el mapa de la isla de Morro de Sao Paulo. As\u00ed que ya sabes un poco m\u00e1s de este paraiso!!!<\/p>\n<\/div>\n<p>[\/vc_column_text][\/vc_column][\/vc_row]<\/p>\n<\/div>","protected":false},"excerpt":{"rendered":"<p>[vc_row][vc_column][vc_custom_heading text=&#8221;Posadas y Hoteles in Morro de Sao Paulo&#8221; font_container=&#8221;tag:h2|text_align:center&#8221; google_fonts=&#8221;font_family:Open%20Sans%3A300%2C300italic%2Cregular%2Citalic%2C600%2C600italic%2C700%2C700italic%2C800%2C800italic|font_style:400%20regular%3A400%3Anormal&#8221;][vc_empty_space][\/vc_column][\/vc_row][vc_row][vc_column][vc_custom_heading text=&#8221;Posadas Vila&#8221; font_container=&#8221;tag:h3|text_align:center&#8221; google_fonts=&#8221;font_family:Open%20Sans%3A300%2C300italic%2Cregular%2Citalic%2C600%2C600italic%2C700%2C700italic%2C800%2C800italic|font_style:400%20regular%3A400%3Anormal&#8221;][vc_empty_space][\/vc_column][\/vc_row][vc_row][vc_column width=&#8221;1\/3&#8243;][vc_single_image image=&#8221;4677&#8243; img_size=&#8221;medium&#8221; alignment=&#8221;center&#8221; style=&#8221;vc_box_border&#8221; border_color=&#8221;orange&#8221; onclick=&#8221;custom_link&#8221; link=&#8221;http:\/\/www.morrodesaopaulobahiabrasil.com\/hospedagem-em-morro-de-sao-paulo\/pousadas-hoteis\/bangalo-dos-sonhos\/&#8221;][vc_column_text]<br \/>\nBangal\u00f4 dos Sonhos<br \/>\nVila<br \/>\n[\/vc_column_text][\/vc_column][vc_column width=&#8221;1\/3&#8243;][vc_single_image image=&#8221;7128&#8243; <\/p>\n","protected":false},"author":1,"featured_media":0,"parent":5404,"menu_order":0,"comment_status":"closed","ping_status":"closed","template":"","meta":{"footnotes":""},"class_list":["post-6535","page","type-page","status-publish","hentry"],"yoast_head":"<!-- This site is optimized with the Yoast SEO plugin v26.9 - https:\/\/yoast.com\/product\/yoast-seo-wordpress\/ -->\n<title>Posadas y Hoteles - Morro de S\u00e3o Paulo<\/title>\n<meta name=\"description\" content=\"Posadas y Hoteles de Morro de San Pablo con mapa interactivo de ubicaci\u00f3n. Morro de S\u00e3o Paulo - Bahia - Brasil.\" \/>\n<meta name=\"robots\" content=\"index, follow, max-snippet:-1, max-image-preview:large, max-video-preview:-1\" \/>\n<link rel=\"canonical\" href=\"https:\/\/www.morrodesaopaulobahiabrasil.com\/es\/alojamiento-en-morro-de-sao-paulo\/posadas-y-hoteles\/\" \/>\n<meta property=\"og:locale\" content=\"es_ES\" \/>\n<meta property=\"og:type\" content=\"article\" \/>\n<meta property=\"og:title\" content=\"Posadas y Hoteles - Morro de S\u00e3o Paulo\" \/>\n<meta property=\"og:description\" content=\"Posadas y Hoteles de Morro de San Pablo con mapa interactivo de ubicaci\u00f3n. Morro de S\u00e3o Paulo - Bahia - Brasil.\" \/>\n<meta property=\"og:url\" content=\"https:\/\/www.morrodesaopaulobahiabrasil.com\/es\/alojamiento-en-morro-de-sao-paulo\/posadas-y-hoteles\/\" \/>\n<meta property=\"og:site_name\" content=\"Morro de S\u00e3o Paulo\" \/>\n<meta property=\"article:modified_time\" content=\"2020-12-23T21:44:02+00:00\" \/>\n<meta name=\"twitter:card\" content=\"summary_large_image\" \/>\n<meta name=\"twitter:label1\" content=\"Tiempo de lectura\" \/>\n\t<meta name=\"twitter:data1\" content=\"5 minutos\" \/>\n<script type=\"application\/ld+json\" class=\"yoast-schema-graph\">{\"@context\":\"https:\/\/schema.org\",\"@graph\":[{\"@type\":\"WebPage\",\"@id\":\"https:\/\/www.morrodesaopaulobahiabrasil.com\/es\/alojamiento-en-morro-de-sao-paulo\/posadas-y-hoteles\/\",\"url\":\"https:\/\/www.morrodesaopaulobahiabrasil.com\/es\/alojamiento-en-morro-de-sao-paulo\/posadas-y-hoteles\/\",\"name\":\"Posadas y Hoteles - Morro de S\u00e3o Paulo\",\"isPartOf\":{\"@id\":\"https:\/\/www.morrodesaopaulobahiabrasil.com\/es\/#website\"},\"datePublished\":\"2020-02-18T22:43:33+00:00\",\"dateModified\":\"2020-12-23T21:44:02+00:00\",\"description\":\"Posadas y Hoteles de Morro de San Pablo con mapa interactivo de ubicaci\u00f3n. Morro de S\u00e3o Paulo - Bahia - Brasil.\",\"breadcrumb\":{\"@id\":\"https:\/\/www.morrodesaopaulobahiabrasil.com\/es\/alojamiento-en-morro-de-sao-paulo\/posadas-y-hoteles\/#breadcrumb\"},\"inLanguage\":\"es\",\"potentialAction\":[{\"@type\":\"ReadAction\",\"target\":[\"https:\/\/www.morrodesaopaulobahiabrasil.com\/es\/alojamiento-en-morro-de-sao-paulo\/posadas-y-hoteles\/\"]}]},{\"@type\":\"BreadcrumbList\",\"@id\":\"https:\/\/www.morrodesaopaulobahiabrasil.com\/es\/alojamiento-en-morro-de-sao-paulo\/posadas-y-hoteles\/#breadcrumb\",\"itemListElement\":[{\"@type\":\"ListItem\",\"position\":1,\"name\":\"In\u00edcio\",\"item\":\"https:\/\/www.morrodesaopaulobahiabrasil.com\/es\/\"},{\"@type\":\"ListItem\",\"position\":2,\"name\":\"Alojamiento en Morro de Sao Paulo\",\"item\":\"https:\/\/www.morrodesaopaulobahiabrasil.com\/es\/hospedagem-em-morro-de-sao-paulo\/\"},{\"@type\":\"ListItem\",\"position\":3,\"name\":\"Posadas y Hoteles\"}]},{\"@type\":\"WebSite\",\"@id\":\"https:\/\/www.morrodesaopaulobahiabrasil.com\/es\/#website\",\"url\":\"https:\/\/www.morrodesaopaulobahiabrasil.com\/es\/\",\"name\":\"Morro de S\u00e3o Paulo\",\"description\":\"As melhores ofertas de Pousadas, Hot\u00e9is, Passeios e Transfer Salvador Morro de S\u00e3o Paulo.\",\"potentialAction\":[{\"@type\":\"SearchAction\",\"target\":{\"@type\":\"EntryPoint\",\"urlTemplate\":\"https:\/\/www.morrodesaopaulobahiabrasil.com\/es\/?s={search_term_string}\"},\"query-input\":{\"@type\":\"PropertyValueSpecification\",\"valueRequired\":true,\"valueName\":\"search_term_string\"}}],\"inLanguage\":\"es\"}]}<\/script>\n<!-- \/ Yoast SEO plugin. -->","yoast_head_json":{"title":"Posadas y Hoteles - Morro de S\u00e3o Paulo","description":"Posadas y Hoteles de Morro de San Pablo con mapa interactivo de ubicaci\u00f3n. Morro de S\u00e3o Paulo - Bahia - Brasil.","robots":{"index":"index","follow":"follow","max-snippet":"max-snippet:-1","max-image-preview":"max-image-preview:large","max-video-preview":"max-video-preview:-1"},"canonical":"https:\/\/www.morrodesaopaulobahiabrasil.com\/es\/alojamiento-en-morro-de-sao-paulo\/posadas-y-hoteles\/","og_locale":"es_ES","og_type":"article","og_title":"Posadas y Hoteles - Morro de S\u00e3o Paulo","og_description":"Posadas y Hoteles de Morro de San Pablo con mapa interactivo de ubicaci\u00f3n. Morro de S\u00e3o Paulo - Bahia - Brasil.","og_url":"https:\/\/www.morrodesaopaulobahiabrasil.com\/es\/alojamiento-en-morro-de-sao-paulo\/posadas-y-hoteles\/","og_site_name":"Morro de S\u00e3o Paulo","article_modified_time":"2020-12-23T21:44:02+00:00","twitter_card":"summary_large_image","twitter_misc":{"Tiempo de lectura":"5 minutos"},"schema":{"@context":"https:\/\/schema.org","@graph":[{"@type":"WebPage","@id":"https:\/\/www.morrodesaopaulobahiabrasil.com\/es\/alojamiento-en-morro-de-sao-paulo\/posadas-y-hoteles\/","url":"https:\/\/www.morrodesaopaulobahiabrasil.com\/es\/alojamiento-en-morro-de-sao-paulo\/posadas-y-hoteles\/","name":"Posadas y Hoteles - Morro de S\u00e3o Paulo","isPartOf":{"@id":"https:\/\/www.morrodesaopaulobahiabrasil.com\/es\/#website"},"datePublished":"2020-02-18T22:43:33+00:00","dateModified":"2020-12-23T21:44:02+00:00","description":"Posadas y Hoteles de Morro de San Pablo con mapa interactivo de ubicaci\u00f3n. Morro de S\u00e3o Paulo - Bahia - Brasil.","breadcrumb":{"@id":"https:\/\/www.morrodesaopaulobahiabrasil.com\/es\/alojamiento-en-morro-de-sao-paulo\/posadas-y-hoteles\/#breadcrumb"},"inLanguage":"es","potentialAction":[{"@type":"ReadAction","target":["https:\/\/www.morrodesaopaulobahiabrasil.com\/es\/alojamiento-en-morro-de-sao-paulo\/posadas-y-hoteles\/"]}]},{"@type":"BreadcrumbList","@id":"https:\/\/www.morrodesaopaulobahiabrasil.com\/es\/alojamiento-en-morro-de-sao-paulo\/posadas-y-hoteles\/#breadcrumb","itemListElement":[{"@type":"ListItem","position":1,"name":"In\u00edcio","item":"https:\/\/www.morrodesaopaulobahiabrasil.com\/es\/"},{"@type":"ListItem","position":2,"name":"Alojamiento en Morro de Sao Paulo","item":"https:\/\/www.morrodesaopaulobahiabrasil.com\/es\/hospedagem-em-morro-de-sao-paulo\/"},{"@type":"ListItem","position":3,"name":"Posadas y Hoteles"}]},{"@type":"WebSite","@id":"https:\/\/www.morrodesaopaulobahiabrasil.com\/es\/#website","url":"https:\/\/www.morrodesaopaulobahiabrasil.com\/es\/","name":"Morro de S\u00e3o Paulo","description":"As melhores ofertas de Pousadas, Hot\u00e9is, Passeios e Transfer Salvador Morro de S\u00e3o Paulo.","potentialAction":[{"@type":"SearchAction","target":{"@type":"EntryPoint","urlTemplate":"https:\/\/www.morrodesaopaulobahiabrasil.com\/es\/?s={search_term_string}"},"query-input":{"@type":"PropertyValueSpecification","valueRequired":true,"valueName":"search_term_string"}}],"inLanguage":"es"}]}},"_links":{"self":[{"href":"https:\/\/www.morrodesaopaulobahiabrasil.com\/es\/wp-json\/wp\/v2\/pages\/6535","targetHints":{"allow":["GET"]}}],"collection":[{"href":"https:\/\/www.morrodesaopaulobahiabrasil.com\/es\/wp-json\/wp\/v2\/pages"}],"about":[{"href":"https:\/\/www.morrodesaopaulobahiabrasil.com\/es\/wp-json\/wp\/v2\/types\/page"}],"author":[{"embeddable":true,"href":"https:\/\/www.morrodesaopaulobahiabrasil.com\/es\/wp-json\/wp\/v2\/users\/1"}],"replies":[{"embeddable":true,"href":"https:\/\/www.morrodesaopaulobahiabrasil.com\/es\/wp-json\/wp\/v2\/comments?post=6535"}],"version-history":[{"count":9,"href":"https:\/\/www.morrodesaopaulobahiabrasil.com\/es\/wp-json\/wp\/v2\/pages\/6535\/revisions"}],"predecessor-version":[{"id":8405,"href":"https:\/\/www.morrodesaopaulobahiabrasil.com\/es\/wp-json\/wp\/v2\/pages\/6535\/revisions\/8405"}],"up":[{"embeddable":true,"href":"https:\/\/www.morrodesaopaulobahiabrasil.com\/es\/wp-json\/wp\/v2\/pages\/5404"}],"wp:attachment":[{"href":"https:\/\/www.morrodesaopaulobahiabrasil.com\/es\/wp-json\/wp\/v2\/media?parent=6535"}],"curies":[{"name":"wp","href":"https:\/\/api.w.org\/{rel}","templated":true}]}}