{"id":6655,"date":"2020-11-04T11:30:08","date_gmt":"2020-11-04T14:30:08","guid":{"rendered":"http:\/\/www.morrodesaopaulobahiabrasil.com\/cms\/quem-somos\/"},"modified":"2020-12-02T14:38:56","modified_gmt":"2020-12-02T17:38:56","slug":"quienes-somos","status":"publish","type":"page","link":"https:\/\/www.morrodesaopaulobahiabrasil.com\/es\/quienes-somos\/","title":{"rendered":"Quienes somos"},"content":{"rendered":"<div class=\"wpb-content-wrapper\"><p>[vc_row][vc_column][vc_column_text]<\/p>\n<h2 style=\"text-align: center;\">QUIENES SOMOS<\/h2>\n<p>[\/vc_column_text][vc_empty_space][\/vc_column][\/vc_row][vc_row][vc_column][vc_column_text]<img loading=\"lazy\" decoding=\"async\" class=\" wp-image-6645 alignleft\" src=\"http:\/\/www.morrodesaopaulobahiabrasil.com\/cms\/wp-content\/uploads\/2020\/12\/slider-4-1024x1024-1-300x300.jpeg\" alt=\"\" width=\"332\" height=\"332\" srcset=\"https:\/\/www.morrodesaopaulobahiabrasil.com\/cms\/wp-content\/uploads\/2020\/12\/slider-4-1024x1024-1-300x300.jpeg 300w, https:\/\/www.morrodesaopaulobahiabrasil.com\/cms\/wp-content\/uploads\/2020\/12\/slider-4-1024x1024-1-150x150.jpeg 150w, https:\/\/www.morrodesaopaulobahiabrasil.com\/cms\/wp-content\/uploads\/2020\/12\/slider-4-1024x1024-1-768x768.jpeg 768w, https:\/\/www.morrodesaopaulobahiabrasil.com\/cms\/wp-content\/uploads\/2020\/12\/slider-4-1024x1024-1.jpeg 1024w\" sizes=\"auto, (max-width: 332px) 100vw, 332px\" \/><\/p>\n<p id=\"tw-target-text\" class=\"tw-data-text tw-text-large XcVN5d tw-ta\" dir=\"ltr\" data-placeholder=\"Tradu\u00e7\u00e3o\"><span lang=\"es\">Con m\u00e1s de 15 a\u00f1os de experiencia en la planificaci\u00f3n de viajes y hacer realidad los sue\u00f1os, nuestro objetivo es ofrecer a nuestros clientes a trav\u00e9s de nuestros servicios e informaci\u00f3n de viaje una aproximaci\u00f3n con el lugar de destino, creando una relaci\u00f3n de satisfacci\u00f3n y confianza. Con consejos sobre d\u00f3nde ir y qu\u00e9 hacer, complementados con el contenido de nuestro blog, su viaje a Morro de S\u00e3o Paulo ser\u00e1 completo y lleno de ocio. Desde restaurantes hasta recorridos tur\u00edsticos, queremos hacerle saber lo mejor que este maravilloso lugar tiene para ofrecer. Adem\u00e1s, informamos y garantizamos la comodidad a la hora de ofrecer paquetes de transfer para llegar con mayor seguridad a su destino final. Nuestros consultores tienen como objetivo brindar un servicio completo, diferenciado, r\u00e1pido y eficiente. Tenemos alianzas con los mejores resorts, posadas y hoteles en Morro de S\u00e3o Paulo, donde dentro de nuestro sitio web puede elegir el lugar m\u00e1s acogedor y el mejor precio para llevarlo a los mejores destinos tur\u00edsticos con la m\u00e1xima comodidad.<\/span><\/p>\n<p>[\/vc_column_text][\/vc_column][\/vc_row]<\/p>\n<\/div>","protected":false},"excerpt":{"rendered":"<p>[vc_row][vc_column][vc_column_text]<br \/>\nQUIENES SOMOS<br \/>\n[\/vc_column_text][vc_empty_space][\/vc_column][\/vc_row][vc_row][vc_column][vc_column_text]<br \/>\nCon m\u00e1s de 15 a\u00f1os de experiencia en la planificaci\u00f3n de viajes y hacer realidad los sue\u00f1os, nuestro objetivo es ofrecer a nuestros clientes a trav\u00e9s <\/p>\n","protected":false},"author":5,"featured_media":0,"parent":0,"menu_order":0,"comment_status":"closed","ping_status":"closed","template":"","meta":{"footnotes":""},"class_list":["post-6655","page","type-page","status-publish","hentry"],"yoast_head":"<!-- This site is optimized with the Yoast SEO plugin v26.9 - https:\/\/yoast.com\/product\/yoast-seo-wordpress\/ -->\n<title>Quienes somos - Morro de S\u00e3o Paulo<\/title>\n<meta name=\"description\" content=\"Morro de S\u00e3o Paulo - Bah\u00eda - Brasil. Las mejores ofertas de Posadas, Hoteles y Transfer Salvador Morro de S\u00e3o Paulo. La empresa Zulu Turismo en Morro de S\u00e3o Paulo.\" \/>\n<meta name=\"robots\" content=\"index, follow, max-snippet:-1, max-image-preview:large, max-video-preview:-1\" \/>\n<link rel=\"canonical\" href=\"https:\/\/www.morrodesaopaulobahiabrasil.com\/es\/quienes-somos\/\" \/>\n<meta property=\"og:locale\" content=\"es_ES\" \/>\n<meta property=\"og:type\" content=\"article\" \/>\n<meta property=\"og:title\" content=\"Quienes somos - Morro de S\u00e3o Paulo\" \/>\n<meta property=\"og:description\" content=\"Morro de S\u00e3o Paulo - Bah\u00eda - Brasil. Las mejores ofertas de Posadas, Hoteles y Transfer Salvador Morro de S\u00e3o Paulo. La empresa Zulu Turismo en Morro de S\u00e3o Paulo.\" \/>\n<meta property=\"og:url\" content=\"https:\/\/www.morrodesaopaulobahiabrasil.com\/es\/quienes-somos\/\" \/>\n<meta property=\"og:site_name\" content=\"Morro de S\u00e3o Paulo\" \/>\n<meta property=\"article:modified_time\" content=\"2020-12-02T17:38:56+00:00\" \/>\n<meta property=\"og:image\" content=\"http:\/\/www.morrodesaopaulobahiabrasil.com\/cms\/wp-content\/uploads\/2020\/12\/slider-4-1024x1024-1-300x300.jpeg\" \/>\n<meta name=\"twitter:card\" content=\"summary_large_image\" \/>\n<meta name=\"twitter:label1\" content=\"Tiempo de lectura\" \/>\n\t<meta name=\"twitter:data1\" content=\"1 minuto\" \/>\n<script type=\"application\/ld+json\" class=\"yoast-schema-graph\">{\"@context\":\"https:\/\/schema.org\",\"@graph\":[{\"@type\":\"WebPage\",\"@id\":\"https:\/\/www.morrodesaopaulobahiabrasil.com\/es\/quienes-somos\/\",\"url\":\"https:\/\/www.morrodesaopaulobahiabrasil.com\/es\/quienes-somos\/\",\"name\":\"Quienes somos - Morro de S\u00e3o Paulo\",\"isPartOf\":{\"@id\":\"https:\/\/www.morrodesaopaulobahiabrasil.com\/es\/#website\"},\"primaryImageOfPage\":{\"@id\":\"https:\/\/www.morrodesaopaulobahiabrasil.com\/es\/quienes-somos\/#primaryimage\"},\"image\":{\"@id\":\"https:\/\/www.morrodesaopaulobahiabrasil.com\/es\/quienes-somos\/#primaryimage\"},\"thumbnailUrl\":\"http:\/\/www.morrodesaopaulobahiabrasil.com\/cms\/wp-content\/uploads\/2020\/12\/slider-4-1024x1024-1-300x300.jpeg\",\"datePublished\":\"2020-11-04T14:30:08+00:00\",\"dateModified\":\"2020-12-02T17:38:56+00:00\",\"description\":\"Morro de S\u00e3o Paulo - Bah\u00eda - Brasil. Las mejores ofertas de Posadas, Hoteles y Transfer Salvador Morro de S\u00e3o Paulo. La empresa Zulu Turismo en Morro de S\u00e3o Paulo.\",\"breadcrumb\":{\"@id\":\"https:\/\/www.morrodesaopaulobahiabrasil.com\/es\/quienes-somos\/#breadcrumb\"},\"inLanguage\":\"es\",\"potentialAction\":[{\"@type\":\"ReadAction\",\"target\":[\"https:\/\/www.morrodesaopaulobahiabrasil.com\/es\/quienes-somos\/\"]}]},{\"@type\":\"ImageObject\",\"inLanguage\":\"es\",\"@id\":\"https:\/\/www.morrodesaopaulobahiabrasil.com\/es\/quienes-somos\/#primaryimage\",\"url\":\"http:\/\/www.morrodesaopaulobahiabrasil.com\/cms\/wp-content\/uploads\/2020\/12\/slider-4-1024x1024-1-300x300.jpeg\",\"contentUrl\":\"http:\/\/www.morrodesaopaulobahiabrasil.com\/cms\/wp-content\/uploads\/2020\/12\/slider-4-1024x1024-1-300x300.jpeg\"},{\"@type\":\"BreadcrumbList\",\"@id\":\"https:\/\/www.morrodesaopaulobahiabrasil.com\/es\/quienes-somos\/#breadcrumb\",\"itemListElement\":[{\"@type\":\"ListItem\",\"position\":1,\"name\":\"In\u00edcio\",\"item\":\"https:\/\/www.morrodesaopaulobahiabrasil.com\/es\/\"},{\"@type\":\"ListItem\",\"position\":2,\"name\":\"Quienes somos\"}]},{\"@type\":\"WebSite\",\"@id\":\"https:\/\/www.morrodesaopaulobahiabrasil.com\/es\/#website\",\"url\":\"https:\/\/www.morrodesaopaulobahiabrasil.com\/es\/\",\"name\":\"Morro de S\u00e3o Paulo\",\"description\":\"As melhores ofertas de Pousadas, Hot\u00e9is, Passeios e Transfer Salvador Morro de S\u00e3o Paulo.\",\"potentialAction\":[{\"@type\":\"SearchAction\",\"target\":{\"@type\":\"EntryPoint\",\"urlTemplate\":\"https:\/\/www.morrodesaopaulobahiabrasil.com\/es\/?s={search_term_string}\"},\"query-input\":{\"@type\":\"PropertyValueSpecification\",\"valueRequired\":true,\"valueName\":\"search_term_string\"}}],\"inLanguage\":\"es\"}]}<\/script>\n<!-- \/ Yoast SEO plugin. -->","yoast_head_json":{"title":"Quienes somos - Morro de S\u00e3o Paulo","description":"Morro de S\u00e3o Paulo - Bah\u00eda - Brasil. Las mejores ofertas de Posadas, Hoteles y Transfer Salvador Morro de S\u00e3o Paulo. La empresa Zulu Turismo en Morro de S\u00e3o Paulo.","robots":{"index":"index","follow":"follow","max-snippet":"max-snippet:-1","max-image-preview":"max-image-preview:large","max-video-preview":"max-video-preview:-1"},"canonical":"https:\/\/www.morrodesaopaulobahiabrasil.com\/es\/quienes-somos\/","og_locale":"es_ES","og_type":"article","og_title":"Quienes somos - Morro de S\u00e3o Paulo","og_description":"Morro de S\u00e3o Paulo - Bah\u00eda - Brasil. Las mejores ofertas de Posadas, Hoteles y Transfer Salvador Morro de S\u00e3o Paulo. La empresa Zulu Turismo en Morro de S\u00e3o Paulo.","og_url":"https:\/\/www.morrodesaopaulobahiabrasil.com\/es\/quienes-somos\/","og_site_name":"Morro de S\u00e3o Paulo","article_modified_time":"2020-12-02T17:38:56+00:00","og_image":[{"url":"http:\/\/www.morrodesaopaulobahiabrasil.com\/cms\/wp-content\/uploads\/2020\/12\/slider-4-1024x1024-1-300x300.jpeg","type":"","width":"","height":""}],"twitter_card":"summary_large_image","twitter_misc":{"Tiempo de lectura":"1 minuto"},"schema":{"@context":"https:\/\/schema.org","@graph":[{"@type":"WebPage","@id":"https:\/\/www.morrodesaopaulobahiabrasil.com\/es\/quienes-somos\/","url":"https:\/\/www.morrodesaopaulobahiabrasil.com\/es\/quienes-somos\/","name":"Quienes somos - Morro de S\u00e3o Paulo","isPartOf":{"@id":"https:\/\/www.morrodesaopaulobahiabrasil.com\/es\/#website"},"primaryImageOfPage":{"@id":"https:\/\/www.morrodesaopaulobahiabrasil.com\/es\/quienes-somos\/#primaryimage"},"image":{"@id":"https:\/\/www.morrodesaopaulobahiabrasil.com\/es\/quienes-somos\/#primaryimage"},"thumbnailUrl":"http:\/\/www.morrodesaopaulobahiabrasil.com\/cms\/wp-content\/uploads\/2020\/12\/slider-4-1024x1024-1-300x300.jpeg","datePublished":"2020-11-04T14:30:08+00:00","dateModified":"2020-12-02T17:38:56+00:00","description":"Morro de S\u00e3o Paulo - Bah\u00eda - Brasil. Las mejores ofertas de Posadas, Hoteles y Transfer Salvador Morro de S\u00e3o Paulo. La empresa Zulu Turismo en Morro de S\u00e3o Paulo.","breadcrumb":{"@id":"https:\/\/www.morrodesaopaulobahiabrasil.com\/es\/quienes-somos\/#breadcrumb"},"inLanguage":"es","potentialAction":[{"@type":"ReadAction","target":["https:\/\/www.morrodesaopaulobahiabrasil.com\/es\/quienes-somos\/"]}]},{"@type":"ImageObject","inLanguage":"es","@id":"https:\/\/www.morrodesaopaulobahiabrasil.com\/es\/quienes-somos\/#primaryimage","url":"http:\/\/www.morrodesaopaulobahiabrasil.com\/cms\/wp-content\/uploads\/2020\/12\/slider-4-1024x1024-1-300x300.jpeg","contentUrl":"http:\/\/www.morrodesaopaulobahiabrasil.com\/cms\/wp-content\/uploads\/2020\/12\/slider-4-1024x1024-1-300x300.jpeg"},{"@type":"BreadcrumbList","@id":"https:\/\/www.morrodesaopaulobahiabrasil.com\/es\/quienes-somos\/#breadcrumb","itemListElement":[{"@type":"ListItem","position":1,"name":"In\u00edcio","item":"https:\/\/www.morrodesaopaulobahiabrasil.com\/es\/"},{"@type":"ListItem","position":2,"name":"Quienes somos"}]},{"@type":"WebSite","@id":"https:\/\/www.morrodesaopaulobahiabrasil.com\/es\/#website","url":"https:\/\/www.morrodesaopaulobahiabrasil.com\/es\/","name":"Morro de S\u00e3o Paulo","description":"As melhores ofertas de Pousadas, Hot\u00e9is, Passeios e Transfer Salvador Morro de S\u00e3o Paulo.","potentialAction":[{"@type":"SearchAction","target":{"@type":"EntryPoint","urlTemplate":"https:\/\/www.morrodesaopaulobahiabrasil.com\/es\/?s={search_term_string}"},"query-input":{"@type":"PropertyValueSpecification","valueRequired":true,"valueName":"search_term_string"}}],"inLanguage":"es"}]}},"_links":{"self":[{"href":"https:\/\/www.morrodesaopaulobahiabrasil.com\/es\/wp-json\/wp\/v2\/pages\/6655","targetHints":{"allow":["GET"]}}],"collection":[{"href":"https:\/\/www.morrodesaopaulobahiabrasil.com\/es\/wp-json\/wp\/v2\/pages"}],"about":[{"href":"https:\/\/www.morrodesaopaulobahiabrasil.com\/es\/wp-json\/wp\/v2\/types\/page"}],"author":[{"embeddable":true,"href":"https:\/\/www.morrodesaopaulobahiabrasil.com\/es\/wp-json\/wp\/v2\/users\/5"}],"replies":[{"embeddable":true,"href":"https:\/\/www.morrodesaopaulobahiabrasil.com\/es\/wp-json\/wp\/v2\/comments?post=6655"}],"version-history":[{"count":2,"href":"https:\/\/www.morrodesaopaulobahiabrasil.com\/es\/wp-json\/wp\/v2\/pages\/6655\/revisions"}],"predecessor-version":[{"id":6657,"href":"https:\/\/www.morrodesaopaulobahiabrasil.com\/es\/wp-json\/wp\/v2\/pages\/6655\/revisions\/6657"}],"wp:attachment":[{"href":"https:\/\/www.morrodesaopaulobahiabrasil.com\/es\/wp-json\/wp\/v2\/media?parent=6655"}],"curies":[{"name":"wp","href":"https:\/\/api.w.org\/{rel}","templated":true}]}}